{"id":2225,"date":"2024-09-07T00:17:14","date_gmt":"2024-09-06T21:17:14","guid":{"rendered":"http:\/\/neoqi.com\/?page_id=2225"},"modified":"2024-09-07T13:06:41","modified_gmt":"2024-09-07T10:06:41","slug":"about-esti-marine-organic-cosmetics","status":"publish","type":"page","link":"https:\/\/neoqi.com\/it\/cosmetics\/about-esti-marine-organic-cosmetics\/","title":{"rendered":"Informazioni sui cosmetici biologici marini ESTi"},"content":{"rendered":"<p>I prodotti di EST\u00ed sono prodotti in Francia, sulla punta occidentale della Bretagna - classificata come riserva mondiale della Biosfera dall'UNESCO, offrono un'ampia gamma di cosmetici marini e di prodotti per la salute.\u00a0<a href=\"http:\/\/neoqi.com\/it\/cosmetics\/spa-treatments-with-esti\/\">trattamenti spa professionali con ESTi<\/a>, progettato esclusivamente per essere utilizzato con le apparecchiature NeoQi in centri benessere, centri sanitari, cliniche, centri di talassoterapia, centri SPA e saloni di bellezza.<\/p>\n<p>I cosmetici EST\u00ed seguono tecnologie uniche basate sull'uso di risorse marine nella produzione dell'intera gamma, progettata da professionisti nel campo della talassoterapia.<\/p>\n<p>L'uso di prodotti talassoterapici nelle apparecchiature NeoQi ci permette di ottenere risultati vividi e a lungo termine!<\/p>\n<p>Filosofia del marchio - principi fondamentali:<\/p>\n<ol>\n<li>Rispettoso dell'ambiente<\/li>\n<li>Efficienza<\/li>\n<li>Autenticit\u00e0<\/li>\n<li>Trattamenti personalizzati<\/li>\n<\/ol>\n<p>I cosmetici EST\u00ed hanno unito il potere dell'oceano, il valore nutrizionale delle alghe e dell'acqua di mare, che vengono utilizzati in una variet\u00e0 di programmi di trattamento, come ad esempio:<\/p>\n<ul>\n<li>Talassoterapia<\/li>\n<li>Algoterapia<\/li>\n<li>Balneoterapia<\/li>\n<li>Fangoterapia<\/li>\n<li>Programmi SPA<\/li>\n<\/ul>\n<p>La linea di prodotti EST\u00ed comprende programmi di trattamento professionale per viso e corpo: impacchi di alghe, balneoterapia con acqua di mare e alghe, elementi di fango, trattamenti locali per la correzione di aree problematiche, trattamenti SPA. Inoltre, i produttori hanno sviluppato prodotti speciali per uso domestico che prolungano l'effetto dei trattamenti professionali. Si tratta di trattamenti innovativi ed efficaci, che concentrano tutto il meglio del mare e delle alghe esclusivamente per interagire armoniosamente con il corpo.<\/p>\n<p>La variet\u00e0 di prodotti EST\u00ed offre opportunit\u00e0 illimitate di utilizzo dell'apparecchiatura NeoQi\u00ae.<\/p>\n<p>La composizione degli ingredienti di\u00a0<strong>cosmetici professionali SPA<\/strong>\u00a0<a href=\"http:\/\/neoqi.com\/it\/cosmetics\/for-body\/\">per il corpo<\/a>\u00a0e\u00a0<a href=\"http:\/\/neoqi.com\/it\/cosmetics\/for-face\/\">per il viso<\/a>\u00a0comprendono estratti puri e principi attivi come minerali, vitamine e antiossidanti. La loro sinergia aiuta a combattere con successo l'invecchiamento, a ripristinare l'equilibrio minerale, a eliminare le scorie e le tossine dall'organismo, a stimolare il metabolismo, a ripristinare la struttura e la giovinezza della pelle, a resistere agli effetti negativi dell'inquinamento ambientale.<\/p>\n<p>I cosmetici EST\u00ed sono privi di parabeni, senza profumi e coloranti sintetici o conservanti. Inoltre, molti prodotti sono certificati da Ecocert Greenlife, a conferma dell'origine e del processo di produzione dei cosmetici biologici ecologici.<\/p>\n<p>&nbsp;<\/p>\n<h2><a name=\"_Toc415651671\"><\/a>Effetti sul corpo<\/h2>\n<h2><\/h2>\n<p>Le nuove tendenze nei trattamenti SPA per il viso e il corpo non prevedono l'uso di tecniche aggressive, privilegiando l'efficacia e l'influenza delicata degli ingredienti naturali, la sicurezza e il comfort dei trattamenti.<\/p>\n<p>L'azione dei cosmetici EST\u00ed non \u00e8 rivolta solo all'estetica, ma anche al miglioramento del benessere generale dell'organismo, che si ottiene attraverso l'attivazione dei processi metabolici, l'accelerazione del ritiro delle tossine, la stimolazione della circolazione sanguigna<\/p>\n<p>Il miglioramento dello stato interiore del corpo ha un impatto diretto sul nostro aspetto. Salute e bellezza diventano sinonimi.<\/p>\n<ul>\n<li>I prodotti e i programmi con cosmetici EST\u00ed sono rivolti a:<\/li>\n<li>eliminare le conseguenze e la presenza di stanchezza cronica e stress<\/li>\n<li>rimineralizzazione del corpo<\/li>\n<li>rafforzare le aree atoniche del corpo<\/li>\n<li>formazione di una silhouette armoniosa<\/li>\n<li>perdita di peso e dimagrimento<\/li>\n<li>potente detox<\/li>\n<li>normalizzazione del metabolismo<\/li>\n<li>ripristinare forme e potere<\/li>\n<\/ul>\n<p>Grazie alla sua consistenza micronizzata e alla solubilit\u00e0 in acqua, la gamma di prodotti cosmetici EST\u00ed \u00e8 molto comoda e facile da usare in tutti i bozzoli energetici e i bagni NeoQi. L'aroma delicato ma intenso di ogni prodotto ha un impatto sulle cellule recettoriali degli odori, fornendo cos\u00ec il beneficio aggiuntivo dell'aromaterapia.<\/p>\n<p>Efficienza, risultati visibili, vividi e a lungo termine, assistenza a ogni cliente: queste sono le qualit\u00e0 che fanno di EST\u00ed una delle stelle pi\u00f9 brillanti della talassoterapia.<\/p>\n<p><strong>\u00a0<\/strong><\/p>\n<h2><a name=\"_Toc415651672\"><\/a>Talassoterapia<\/h2>\n<h2><\/h2>\n<p>Ad oggi, la Francia - paese produttore di cosmetici EST\u00ed - rimane il centro della talassoterapia.\u00a0<em>(dal greco \"thalassa\" - cio\u00e8 mare, \"therapia\" - cio\u00e8 cura)<\/em><\/p>\n<p>Il metodo della talassoterapia \u00e8 l'uso terapeutico dell'oceano, del suo clima e dei prodotti marini come alghe, fanghi, cristalli di sale marino. Pu\u00f2 essere utilizzato in combinazione con qualsiasi altro mezzo terapeutico, come il massaggio manuale classico o l'idroterapia.<\/p>\n<p>La natura e il clima marittimo, la vista panoramica sull'orizzonte, il mormorio del mare e l'aria salata del mare - tutto ci\u00f2 ha un effetto rilassante, equilibrante e salutare su una persona, permettendo di ripristinare l'armonia del corpo e della mente.<\/p>\n<p>Il potere vitale dell'acqua di mare era noto da tempo immemorabile per la guarigione e il ringiovanimento delle persone, ma solo nel XIX secolo in Francia \u00e8 stato nominato come forma di terapia.<\/p>\n<p>La talassoterapia moderna continua a basare i suoi trattamenti sulla combinazione di acqua di mare, alghe e calore, in combinazione con procedure scientifiche, criteri e tecnologie all'avanguardia.<\/p>\n<p>I componenti principali degli effetti talassoterapici sono:<\/p>\n<p>L'acqua di mare \u00e8 fonte di tracce essenziali di iodio, magnesio, calcio, zolfo, potassio, ferro, rame, fosforo, zinco, selenio, bromo, manganese e molti altri. \u00c8 scientificamente provato che la composizione minerale dell'acqua di mare \u00e8 quasi identica a quella del plasma sanguigno umano, e quindi quasi 100% dei principi attivi in essa contenuti vengono assorbiti dal corpo umano. Allo stesso tempo, grazie al fenomeno naturale dello scambio osmotico, l'organismo consuma esattamente la quantit\u00e0 di componenti utili di origine marina di cui ha bisogno in un determinato momento.<\/p>\n<p>Le alghe marine - un anello fondamentale della talassoterapia, hanno la capacit\u00e0 di compensare le sostanze bioattive mancanti nel corpo umano. Gli scienziati stimano che oltre 150 oligoelementi minerali siano utilizzati in diversi trattamenti di talassoterapia. Le alghe hanno anche la capacit\u00e0 di accumulare, durante la loro crescita e attivit\u00e0 vitale, diversi minerali e oligoelementi che sono coinvolti nella sintesi di enzimi, vitamine e ormoni, oltre che nel funzionamento delle cellule. Il processo di estrazione e di lavorazione delle alghe marine prevede tutte le regole necessarie per preservarne le propriet\u00e0 utili e le sostanze attive.<\/p>\n<p>Con l'aiuto della talassoterapia \u00e8 possibile ottenere risultati sia estetici che terapeutici. La talassoterapia pu\u00f2 alleviare una serie di problemi e malattie:<\/p>\n<ul>\n<li>ripristino e ringiovanimento della pelle, idratazione della pelle secca e sensibile<\/li>\n<li>migliorare la circolazione sanguigna locale e i processi metabolici dell'organismo<\/li>\n<li>trattamento della cellulite e dei problemi di sovrappeso (la combinazione di un trattamento completo con un'alimentazione corretta permette di perdere fino a 2 kg a settimana)<\/li>\n<li>un impatto positivo sul sistema nervoso e sulla gestione dello stress<\/li>\n<li>miglioramento del sistema respiratorio e della funzione della ghiandola tiroidea<\/li>\n<li>eliminazione delle tossine e del grasso in eccesso dall'organismo<\/li>\n<li>trattamento di reumatismi infiammatori, osteoartrite, conseguenze di lesioni, alleviamento di sindromi dolorose<\/li>\n<li>alleviare le condizioni dei pazienti oncologici<\/li>\n<li>ripristinare il corpo dopo il parto, le ferite, gli interventi chirurgici (compresi quelli plastici).<\/li>\n<\/ul>\n<p>&nbsp;<\/p>\n<h2><a name=\"_Toc415651673\"><\/a>Ingredienti<\/h2>\n<p>Gli ingredienti dei cosmetici, estratti dalle acque del Mar d'Iroise, sono come un elisir miracoloso, pieno di elementi essenziali necessari per la salute della pelle.<\/p>\n<p>Le alghe e l'acqua di mare, arricchite di sostanze nutritive, nonch\u00e9 l'esperienza e le capacit\u00e0 dello stabilimento per la produzione di cosmetici ESTI - leader nella raccolta, trasformazione e valorizzazione delle risorse marine - ci permettono di offrirvi una fonte unica di vitalit\u00e0, salute e bellezza.<\/p>\n<p>Esistono pi\u00f9 di 20 specie diverse di\u00a0<strong>alghe<\/strong>\u00a0utilizzati nei cosmetici EST\u00ed.  La composizione e l'effetto terapeutico di ogni tipo differiscono l'uno dall'altro e hanno caratteristiche uniche. I componenti pi\u00f9 brillanti dei prodotti EST\u00ed sono le alghe brune Laminaria Digitata e Fucus Vesiculosus, che grazie alle loro potenti propriet\u00e0 drenanti e lipolitiche sono leader in tutti i trattamenti anticellulite. L'alga rossa Lithotamnium Calcareum previene la perdita di calcio e preserva la struttura ossea, e l'Hondrus Crispus, come fonte di acido ialuronico naturale, comprende un pronunciato effetto di idratazione. L'alga verde Ulva Laktuka \u00e8 responsabile della sintesi del collagene, mantenendo il tono dei tessuti connettivi. La regina tra le alghe - l'esotica alga blu Spirulina - campione di contenuto proteico, ha un potente effetto rinforzante e liftante immediato. Le eccellenti propriet\u00e0 immunostimolanti, oncologiche e antiossidanti della Spirulina erano note e apprezzate dai medici gi\u00e0 da tempo. Il moderno metodo di lavorazione delle alghe in consistenza micronizzata consente agli ingredienti di penetrare facilmente e pi\u00f9 in profondit\u00e0 attraverso la pelle durante gli impacchi e i bagni, con effetti non solo locali ma sistemici sull'organismo.<\/p>\n<p>Inoltre le alghe marine sono 100% pure e il naturale\u00a0<strong>oli essenziali<\/strong>\u00a0sono utilizzati, raggruppati in quattro complessi unici con effetti di dimagrimento, rilassamento, circolazione e tonificazione. L'effetto sinergico e la dispersione di questo complesso nell'acqua ne garantiscono la distribuzione uniforme, ottimizzando cos\u00ec la diffusione delle molecole attive.<\/p>\n<p>\u00c8 dimostrato che la composizione di\u00a0<strong>acqua di mare<\/strong>\u00a0\u00e8 praticamente identico a quello del plasma sanguigno umano e quindi quasi 100% dei principi attivi in esso contenuti vengono assorbiti dall'organismo umano. Allo stesso tempo,\u00a0<strong>sale marino<\/strong>\u00a0\"include il fenomeno dello scambio osmotico. Grazie a questo fenomeno, il nostro organismo assume il numero esatto di principi attivi necessari in quel preciso momento, in base al principio dei vasi comunicanti.<\/p>\n<p>Ci sono anche due innovativi\u00a0<strong>complessi<\/strong>\u00a0nella composizione degli ingredienti dei prodotti Thali'source e Oligo`source.<\/p>\n<p>I cosmetici EST\u00ed sono privi di parabeni, senza profumi e coloranti sintetici o conservanti. Inoltre, molti prodotti sono certificati da Ecocert Greenlife, a conferma dell'origine e del processo di produzione dei cosmetici biologici ecologici.<\/p>","protected":false},"excerpt":{"rendered":"<p>Products of EST\u00ed are produced in France, at the western tip of Brittany \u2013 classed as a world Biosphere reserve by UNESCO, offer a wide range of marine cosmetics and\u00a0professional spa treatments with ESTi, exclusively designed to be used with NeoQi equipment in wellness centers, health centers, clinics, thalassotherapy centers, SPA-centers and beauty salons. EST\u00ed [&hellip;]<\/p>\n","protected":false},"author":1,"featured_media":0,"parent":2223,"menu_order":0,"comment_status":"closed","ping_status":"closed","template":"","meta":{"_acf_changed":false,"site-sidebar-layout":"default","site-content-layout":"","ast-site-content-layout":"default","site-content-style":"default","site-sidebar-style":"default","ast-global-header-display":"","ast-banner-title-visibility":"","ast-main-header-display":"","ast-hfb-above-header-display":"","ast-hfb-below-header-display":"","ast-hfb-mobile-header-display":"","site-post-title":"","ast-breadcrumbs-content":"","ast-featured-img":"","footer-sml-layout":"","ast-disable-related-posts":"","theme-transparent-header-meta":"default","adv-header-id-meta":"","stick-header-meta":"","header-above-stick-meta":"","header-main-stick-meta":"","header-below-stick-meta":"","astra-migrate-meta-layouts":"set","ast-page-background-enabled":"default","ast-page-background-meta":{"desktop":{"background-color":"var(--ast-global-color-4)","background-image":"","background-repeat":"repeat","background-position":"center center","background-size":"auto","background-attachment":"scroll","background-type":"","background-media":"","overlay-type":"","overlay-color":"","overlay-opacity":"","overlay-gradient":""},"tablet":{"background-color":"","background-image":"","background-repeat":"repeat","background-position":"center center","background-size":"auto","background-attachment":"scroll","background-type":"","background-media":"","overlay-type":"","overlay-color":"","overlay-opacity":"","overlay-gradient":""},"mobile":{"background-color":"","background-image":"","background-repeat":"repeat","background-position":"center center","background-size":"auto","background-attachment":"scroll","background-type":"","background-media":"","overlay-type":"","overlay-color":"","overlay-opacity":"","overlay-gradient":""}},"ast-content-background-meta":{"desktop":{"background-color":"var(--ast-global-color-5)","background-image":"","background-repeat":"repeat","background-position":"center center","background-size":"auto","background-attachment":"scroll","background-type":"","background-media":"","overlay-type":"","overlay-color":"","overlay-opacity":"","overlay-gradient":""},"tablet":{"background-color":"var(--ast-global-color-5)","background-image":"","background-repeat":"repeat","background-position":"center center","background-size":"auto","background-attachment":"scroll","background-type":"","background-media":"","overlay-type":"","overlay-color":"","overlay-opacity":"","overlay-gradient":""},"mobile":{"background-color":"var(--ast-global-color-5)","background-image":"","background-repeat":"repeat","background-position":"center center","background-size":"auto","background-attachment":"scroll","background-type":"","background-media":"","overlay-type":"","overlay-color":"","overlay-opacity":"","overlay-gradient":""}},"footnotes":""},"class_list":["post-2225","page","type-page","status-publish","hentry"],"acf":[],"yoast_head":"<!-- This site is optimized with the Yoast SEO plugin v27.4 - https:\/\/yoast.com\/product\/yoast-seo-wordpress\/ -->\n<title>About ESTi Marine Organic Cosmetics - NEOQI<\/title>\n<meta name=\"robots\" content=\"index, follow, max-snippet:-1, max-image-preview:large, max-video-preview:-1\" \/>\n<link rel=\"canonical\" href=\"https:\/\/neoqi.com\/it\/cosmetics\/about-esti-marine-organic-cosmetics\/\" \/>\n<meta property=\"og:locale\" content=\"it_IT\" \/>\n<meta property=\"og:type\" content=\"article\" \/>\n<meta property=\"og:title\" content=\"About ESTi Marine Organic Cosmetics - NEOQI\" \/>\n<meta property=\"og:description\" content=\"Products of EST\u00ed are produced in France, at the western tip of Brittany \u2013 classed as a world Biosphere reserve by UNESCO, offer a wide range of marine cosmetics and\u00a0professional spa treatments with ESTi, exclusively designed to be used with NeoQi equipment in wellness centers, health centers, clinics, thalassotherapy centers, SPA-centers and beauty salons. EST\u00ed [&hellip;]\" \/>\n<meta property=\"og:url\" content=\"https:\/\/neoqi.com\/it\/cosmetics\/about-esti-marine-organic-cosmetics\/\" \/>\n<meta property=\"og:site_name\" content=\"NEOQI\" \/>\n<meta property=\"article:publisher\" content=\"https:\/\/www.facebook.com\/neoqi\/\" \/>\n<meta property=\"article:modified_time\" content=\"2024-09-07T10:06:41+00:00\" \/>\n<meta name=\"twitter:card\" content=\"summary_large_image\" \/>\n<meta name=\"twitter:label1\" content=\"Tempo di lettura stimato\" \/>\n\t<meta name=\"twitter:data1\" content=\"7 minuti\" \/>\n<script type=\"application\/ld+json\" class=\"yoast-schema-graph\">{\"@context\":\"https:\\\/\\\/schema.org\",\"@graph\":[{\"@type\":\"WebPage\",\"@id\":\"https:\\\/\\\/neoqi.com\\\/cosmetics\\\/about-esti-marine-organic-cosmetics\\\/\",\"url\":\"https:\\\/\\\/neoqi.com\\\/cosmetics\\\/about-esti-marine-organic-cosmetics\\\/\",\"name\":\"About ESTi Marine Organic Cosmetics - NEOQI\",\"isPartOf\":{\"@id\":\"https:\\\/\\\/neoqi.com\\\/#website\"},\"datePublished\":\"2024-09-06T21:17:14+00:00\",\"dateModified\":\"2024-09-07T10:06:41+00:00\",\"breadcrumb\":{\"@id\":\"https:\\\/\\\/neoqi.com\\\/cosmetics\\\/about-esti-marine-organic-cosmetics\\\/#breadcrumb\"},\"inLanguage\":\"it-IT\",\"potentialAction\":[{\"@type\":\"ReadAction\",\"target\":[\"https:\\\/\\\/neoqi.com\\\/cosmetics\\\/about-esti-marine-organic-cosmetics\\\/\"]}]},{\"@type\":\"BreadcrumbList\",\"@id\":\"https:\\\/\\\/neoqi.com\\\/cosmetics\\\/about-esti-marine-organic-cosmetics\\\/#breadcrumb\",\"itemListElement\":[{\"@type\":\"ListItem\",\"position\":1,\"name\":\"Home\",\"item\":\"https:\\\/\\\/neoqi.com\\\/\"},{\"@type\":\"ListItem\",\"position\":2,\"name\":\"Cosmetics\",\"item\":\"https:\\\/\\\/neoqi.com\\\/cosmetics\\\/\"},{\"@type\":\"ListItem\",\"position\":3,\"name\":\"About ESTi Marine Organic Cosmetics\"}]},{\"@type\":\"WebSite\",\"@id\":\"https:\\\/\\\/neoqi.com\\\/#website\",\"url\":\"https:\\\/\\\/neoqi.com\\\/\",\"name\":\"NEOQI\",\"description\":\"Experience Ultimate Wellness and Relaxation with NeoQi Spa Capsule: Your Path to Rejuvenation\",\"publisher\":{\"@id\":\"https:\\\/\\\/neoqi.com\\\/#organization\"},\"potentialAction\":[{\"@type\":\"SearchAction\",\"target\":{\"@type\":\"EntryPoint\",\"urlTemplate\":\"https:\\\/\\\/neoqi.com\\\/?s={search_term_string}\"},\"query-input\":{\"@type\":\"PropertyValueSpecification\",\"valueRequired\":true,\"valueName\":\"search_term_string\"}}],\"inLanguage\":\"it-IT\"},{\"@type\":\"Organization\",\"@id\":\"https:\\\/\\\/neoqi.com\\\/#organization\",\"name\":\"NEOQI\",\"url\":\"https:\\\/\\\/neoqi.com\\\/\",\"logo\":{\"@type\":\"ImageObject\",\"inLanguage\":\"it-IT\",\"@id\":\"https:\\\/\\\/neoqi.com\\\/#\\\/schema\\\/logo\\\/image\\\/\",\"url\":\"https:\\\/\\\/neoqi.com\\\/wp-content\\\/uploads\\\/2024\\\/09\\\/logoneosvg.svg\",\"contentUrl\":\"https:\\\/\\\/neoqi.com\\\/wp-content\\\/uploads\\\/2024\\\/09\\\/logoneosvg.svg\",\"width\":1,\"height\":1,\"caption\":\"NEOQI\"},\"image\":{\"@id\":\"https:\\\/\\\/neoqi.com\\\/#\\\/schema\\\/logo\\\/image\\\/\"},\"sameAs\":[\"https:\\\/\\\/www.facebook.com\\\/neoqi\\\/\",\"https:\\\/\\\/www.instagram.com\\\/neoqi_com\\\/\"]}]}<\/script>\n<!-- \/ Yoast SEO plugin. -->","yoast_head_json":{"title":"About ESTi Marine Organic Cosmetics - NEOQI","robots":{"index":"index","follow":"follow","max-snippet":"max-snippet:-1","max-image-preview":"max-image-preview:large","max-video-preview":"max-video-preview:-1"},"canonical":"https:\/\/neoqi.com\/it\/cosmetics\/about-esti-marine-organic-cosmetics\/","og_locale":"it_IT","og_type":"article","og_title":"About ESTi Marine Organic Cosmetics - NEOQI","og_description":"Products of EST\u00ed are produced in France, at the western tip of Brittany \u2013 classed as a world Biosphere reserve by UNESCO, offer a wide range of marine cosmetics and\u00a0professional spa treatments with ESTi, exclusively designed to be used with NeoQi equipment in wellness centers, health centers, clinics, thalassotherapy centers, SPA-centers and beauty salons. EST\u00ed [&hellip;]","og_url":"https:\/\/neoqi.com\/it\/cosmetics\/about-esti-marine-organic-cosmetics\/","og_site_name":"NEOQI","article_publisher":"https:\/\/www.facebook.com\/neoqi\/","article_modified_time":"2024-09-07T10:06:41+00:00","twitter_card":"summary_large_image","twitter_misc":{"Tempo di lettura stimato":"7 minuti"},"schema":{"@context":"https:\/\/schema.org","@graph":[{"@type":"WebPage","@id":"https:\/\/neoqi.com\/cosmetics\/about-esti-marine-organic-cosmetics\/","url":"https:\/\/neoqi.com\/cosmetics\/about-esti-marine-organic-cosmetics\/","name":"About ESTi Marine Organic Cosmetics - NEOQI","isPartOf":{"@id":"https:\/\/neoqi.com\/#website"},"datePublished":"2024-09-06T21:17:14+00:00","dateModified":"2024-09-07T10:06:41+00:00","breadcrumb":{"@id":"https:\/\/neoqi.com\/cosmetics\/about-esti-marine-organic-cosmetics\/#breadcrumb"},"inLanguage":"it-IT","potentialAction":[{"@type":"ReadAction","target":["https:\/\/neoqi.com\/cosmetics\/about-esti-marine-organic-cosmetics\/"]}]},{"@type":"BreadcrumbList","@id":"https:\/\/neoqi.com\/cosmetics\/about-esti-marine-organic-cosmetics\/#breadcrumb","itemListElement":[{"@type":"ListItem","position":1,"name":"Home","item":"https:\/\/neoqi.com\/"},{"@type":"ListItem","position":2,"name":"Cosmetics","item":"https:\/\/neoqi.com\/cosmetics\/"},{"@type":"ListItem","position":3,"name":"About ESTi Marine Organic Cosmetics"}]},{"@type":"WebSite","@id":"https:\/\/neoqi.com\/#website","url":"https:\/\/neoqi.com\/","name":"NEOQI","description":"Sperimentate il massimo del benessere e del relax con NeoQi Spa Capsule: Il vostro percorso di ringiovanimento","publisher":{"@id":"https:\/\/neoqi.com\/#organization"},"potentialAction":[{"@type":"SearchAction","target":{"@type":"EntryPoint","urlTemplate":"https:\/\/neoqi.com\/?s={search_term_string}"},"query-input":{"@type":"PropertyValueSpecification","valueRequired":true,"valueName":"search_term_string"}}],"inLanguage":"it-IT"},{"@type":"Organization","@id":"https:\/\/neoqi.com\/#organization","name":"NEOQI","url":"https:\/\/neoqi.com\/","logo":{"@type":"ImageObject","inLanguage":"it-IT","@id":"https:\/\/neoqi.com\/#\/schema\/logo\/image\/","url":"https:\/\/neoqi.com\/wp-content\/uploads\/2024\/09\/logoneosvg.svg","contentUrl":"https:\/\/neoqi.com\/wp-content\/uploads\/2024\/09\/logoneosvg.svg","width":1,"height":1,"caption":"NEOQI"},"image":{"@id":"https:\/\/neoqi.com\/#\/schema\/logo\/image\/"},"sameAs":["https:\/\/www.facebook.com\/neoqi\/","https:\/\/www.instagram.com\/neoqi_com\/"]}]}},"_links":{"self":[{"href":"https:\/\/neoqi.com\/it\/wp-json\/wp\/v2\/pages\/2225","targetHints":{"allow":["GET"]}}],"collection":[{"href":"https:\/\/neoqi.com\/it\/wp-json\/wp\/v2\/pages"}],"about":[{"href":"https:\/\/neoqi.com\/it\/wp-json\/wp\/v2\/types\/page"}],"author":[{"embeddable":true,"href":"https:\/\/neoqi.com\/it\/wp-json\/wp\/v2\/users\/1"}],"replies":[{"embeddable":true,"href":"https:\/\/neoqi.com\/it\/wp-json\/wp\/v2\/comments?post=2225"}],"version-history":[{"count":1,"href":"https:\/\/neoqi.com\/it\/wp-json\/wp\/v2\/pages\/2225\/revisions"}],"predecessor-version":[{"id":2226,"href":"https:\/\/neoqi.com\/it\/wp-json\/wp\/v2\/pages\/2225\/revisions\/2226"}],"up":[{"embeddable":true,"href":"https:\/\/neoqi.com\/it\/wp-json\/wp\/v2\/pages\/2223"}],"wp:attachment":[{"href":"https:\/\/neoqi.com\/it\/wp-json\/wp\/v2\/media?parent=2225"}],"curies":[{"name":"wp","href":"https:\/\/api.w.org\/{rel}","templated":true}]}}