{"id":2025,"date":"2024-09-07T02:06:07","date_gmt":"2024-09-06T23:06:07","guid":{"rendered":"http:\/\/neoqi.com\/?post_type=product&#038;p=2025"},"modified":"2024-12-03T18:37:36","modified_gmt":"2024-12-03T15:37:36","slug":"flamingo","status":"publish","type":"product","link":"https:\/\/neoqi.com\/it\/prodotto\/flamingo\/","title":{"rendered":"Flamingo"},"content":{"rendered":"<p><strong>I principali trattamenti di NeoQi\u00ae Flamingo<\/strong><\/p>\n<p><strong>Trattamento termale (vapore e\/o sauna a infrarossi)<\/strong>. La capsula Flamingo SPA offre l'opportunit\u00e0 di godere delle propriet\u00e0 curative della termoterapia. Le saune a vapore e a infrarossi agiscono sul corpo con un calore delicato, accarezzando la pelle con una nebbia calda e riscaldando a fondo tutto il corpo. La sessione di vapore aiuta a ottenere i migliori risultati nella cura della pelle, grazie alla penetrazione di minerali e vitamine negli strati superiori del derma. Il calore infrarosso attiva il processo di disintossicazione, allevia il dolore e la tensione muscolare. Il corpo si rilassa profondamente grazie alla combinazione di temperatura e umidit\u00e0. La SPA-capsula Flamingo utilizza lampade a infrarossi di nuova generazione: il cliente percepisce il piacevole calore subito dopo aver attivato la funzione.<\/p>\n<p><strong>Doccia Vichy<\/strong>\/Doccia a mano per il corpo. Per ampliare lo spettro dei trattamenti possibili, abbiamo aumentato la capacit\u00e0 della doccia Vichy. Il bozzolo \u00e8 dotato di un interruttore per regolare la temperatura e la pressione della doccia Vichy. Lo speciale sistema doccia rinfresca, rinvigorisce e rilassa completamente il corpo. A seconda della modalit\u00e0 selezionata, \u00e8 possibile modellare i contorni del corpo, avviare il processo di ringiovanimento, trattare la cellulite e la depressione stagionale.<\/p>\n<p><strong>Massaggio con olio<\/strong>. Qualsiasi tipo di massaggio pu\u00f2 essere eseguito su un comodo ed ergonomico lettino per trattamenti del Flamingo cocoon.<\/p>\n<p><strong>Cromoterapia<\/strong>\u00a0- \u00e8 un ottimo mezzo, soprattutto per gli abitanti dei Paesi del Nord, per liberarsi dalla depressione stagionale. Il clima rigido e il tempo grigio e piovoso restano fuori dalla capsula della SPA. Con la cromoterapia ci si pu\u00f2 rilassare e lasciarsi trasportare dall'immaginazione in paesi esotici luminosi e caldi, dove tutto brilla di colori e dove il sole, che spesso ci manca tanto, splende sempre.<\/p>\n<p><strong>Aromaterapia<\/strong>. Profumi freschi e tonificanti di agrumi, sapori delicati o aromi calmanti: le forze curative della natura aiutano a combattere molte malattie del corpo e dell'anima, donando piacere, relax, pace e influenzando positivamente la salute generale.<\/p>\n<p><a href=\"https:\/\/neoqi.com\/it\/prodotto\/energy-cocoons\/flamingo\/#tab-description\">Descrizione<\/a><\/p>\n<p>Descrizione<br \/>\nSauna a infrarossi<br \/>\nSauna a vapore<br \/>\nAroma terapia<br \/>\nDoccia Vichy<br \/>\nTavolo di trattamento vibrante<br \/>\nSistema di luci a colori<br \/>\nSistema musicale (MP3)<br \/>\nVentola di raffreddamento frontale<br \/>\nDoccia a mano<\/p>\n<p>&nbsp;<\/p>","protected":false},"excerpt":{"rendered":"<p>Il nome del bozzolo energetico Flamingo deriva dalla sua esclusiva struttura a cappuccio, che permette di aprire separatamente le sue eleganti porte trasparenti, garantendo il massimo comfort durante il trattamento, sia per il cliente che per il terapeuta. Con le ali aperte, la capsula SPA ricorda il bellissimo e grazioso uccello fenicottero.<\/p>\n<p>I programmi scelti individualmente sono la chiave per ottenere risultati vividi e la completa soddisfazione del trattamento. La combinazione dei classici rituali SPA con le funzioni del bozzolo ci permette di offrire ai nostri clienti i programmi di trattamento pi\u00f9 popolari ed efficaci per la perdita di peso, la riduzione della cellulite, il modellamento dei contorni del corpo, il relax e il ringiovanimento.<\/p>\n<p>La capsula SPA Flamingo dispone di una serie di aggiornamenti tecnici in materia di cromoterapia, sauna a infrarossi e sistemi doccia Vichy, grazie ai quali \u00e8 possibile ampliare la gamma di trattamenti SPA, nonch\u00e9 massimizzarne l'efficacia. Nonostante la sua versatilit\u00e0, la capsula SPA Flamingo \u00e8 molto facile da usare.<\/p>","protected":false},"featured_media":2026,"comment_status":"open","ping_status":"closed","template":"","meta":{"_acf_changed":false,"site-sidebar-layout":"default","site-content-layout":"","ast-site-content-layout":"default","site-content-style":"default","site-sidebar-style":"default","ast-global-header-display":"","ast-banner-title-visibility":"","ast-main-header-display":"","ast-hfb-above-header-display":"","ast-hfb-below-header-display":"","ast-hfb-mobile-header-display":"","site-post-title":"","ast-breadcrumbs-content":"","ast-featured-img":"","footer-sml-layout":"","ast-disable-related-posts":"","theme-transparent-header-meta":"default","adv-header-id-meta":"","stick-header-meta":"","header-above-stick-meta":"","header-main-stick-meta":"","header-below-stick-meta":"","astra-migrate-meta-layouts":"set","ast-page-background-enabled":"default","ast-page-background-meta":{"desktop":{"background-color":"var(--ast-global-color-4)","background-image":"","background-repeat":"repeat","background-position":"center center","background-size":"auto","background-attachment":"scroll","background-type":"","background-media":"","overlay-type":"","overlay-color":"","overlay-opacity":"","overlay-gradient":""},"tablet":{"background-color":"","background-image":"","background-repeat":"repeat","background-position":"center center","background-size":"auto","background-attachment":"scroll","background-type":"","background-media":"","overlay-type":"","overlay-color":"","overlay-opacity":"","overlay-gradient":""},"mobile":{"background-color":"","background-image":"","background-repeat":"repeat","background-position":"center center","background-size":"auto","background-attachment":"scroll","background-type":"","background-media":"","overlay-type":"","overlay-color":"","overlay-opacity":"","overlay-gradient":""}},"ast-content-background-meta":{"desktop":{"background-color":"var(--ast-global-color-5)","background-image":"","background-repeat":"repeat","background-position":"center center","background-size":"auto","background-attachment":"scroll","background-type":"","background-media":"","overlay-type":"","overlay-color":"","overlay-opacity":"","overlay-gradient":""},"tablet":{"background-color":"var(--ast-global-color-5)","background-image":"","background-repeat":"repeat","background-position":"center center","background-size":"auto","background-attachment":"scroll","background-type":"","background-media":"","overlay-type":"","overlay-color":"","overlay-opacity":"","overlay-gradient":""},"mobile":{"background-color":"var(--ast-global-color-5)","background-image":"","background-repeat":"repeat","background-position":"center center","background-size":"auto","background-attachment":"scroll","background-type":"","background-media":"","overlay-type":"","overlay-color":"","overlay-opacity":"","overlay-gradient":""}}},"product_brand":[],"product_cat":[81,82],"product_tag":[],"class_list":{"0":"post-2025","1":"product","2":"type-product","3":"status-publish","4":"has-post-thumbnail","6":"product_cat-energy-cocoons","7":"product_cat-esthetical","8":"desktop-align-left","9":"tablet-align-left","10":"mobile-align-left","12":"first","13":"instock","14":"shipping-taxable","15":"product-type-simple"},"acf":[],"yoast_head":"<!-- This site is optimized with the Yoast SEO plugin v27.3 - https:\/\/yoast.com\/product\/yoast-seo-wordpress\/ -->\n<title>Flamingo - NEOQI<\/title>\n<meta name=\"robots\" content=\"index, follow, max-snippet:-1, max-image-preview:large, max-video-preview:-1\" \/>\n<link rel=\"canonical\" href=\"https:\/\/neoqi.com\/it\/prodotto\/flamingo\/\" \/>\n<meta property=\"og:locale\" content=\"it_IT\" \/>\n<meta property=\"og:type\" content=\"article\" \/>\n<meta property=\"og:title\" content=\"Flamingo - NEOQI\" \/>\n<meta property=\"og:description\" content=\"The name of the Flamingo energy cocoon derives from its unique hood construction, which allows to open its elegant clear doors separately, ensuring the maximum comfort during the treatment, both for the client and the therapist. With its wings opened, the SPA-capsule resembles the beautiful and graceful flamingo bird.  Individually chosen programs are key to vivid results and complete satisfaction of the treatment. The combination of classic SPA rituals with the functions of the cocoon enables us to offer our customers the most popular and effective treatment programs for weight loss, cellulite reduction, body contours shaping, relaxation and rejuvenation.  The Flamingo SPA capsule has a number of technical updates in chromotherapy, infrared sauna and Vichy shower systems, through which you can extend the range of SPA treatments, as well as to maximize their effectiveness. Despite its versatility, the SPA-capsule Flamingo is very easy to use.\" \/>\n<meta property=\"og:url\" content=\"https:\/\/neoqi.com\/it\/prodotto\/flamingo\/\" \/>\n<meta property=\"og:site_name\" content=\"NEOQI\" \/>\n<meta property=\"article:publisher\" content=\"https:\/\/www.facebook.com\/neoqi\/\" \/>\n<meta property=\"article:modified_time\" content=\"2024-12-03T15:37:36+00:00\" \/>\n<meta property=\"og:image\" content=\"https:\/\/neoqi.com\/wp-content\/uploads\/2024\/09\/wellness_neoqi_Flamingo_53.jpg\" \/>\n\t<meta property=\"og:image:width\" content=\"1200\" \/>\n\t<meta property=\"og:image:height\" content=\"800\" \/>\n\t<meta property=\"og:image:type\" content=\"image\/jpeg\" \/>\n<meta name=\"twitter:card\" content=\"summary_large_image\" \/>\n<meta name=\"twitter:label1\" content=\"Tempo di lettura stimato\" \/>\n\t<meta name=\"twitter:data1\" content=\"2 minuti\" \/>\n<script type=\"application\/ld+json\" class=\"yoast-schema-graph\">{\"@context\":\"https:\\\/\\\/schema.org\",\"@graph\":[{\"@type\":\"WebPage\",\"@id\":\"https:\\\/\\\/neoqi.com\\\/product\\\/flamingo\\\/\",\"url\":\"https:\\\/\\\/neoqi.com\\\/product\\\/flamingo\\\/\",\"name\":\"Flamingo - NEOQI\",\"isPartOf\":{\"@id\":\"https:\\\/\\\/neoqi.com\\\/#website\"},\"primaryImageOfPage\":{\"@id\":\"https:\\\/\\\/neoqi.com\\\/product\\\/flamingo\\\/#primaryimage\"},\"image\":{\"@id\":\"https:\\\/\\\/neoqi.com\\\/product\\\/flamingo\\\/#primaryimage\"},\"thumbnailUrl\":\"https:\\\/\\\/neoqi.com\\\/wp-content\\\/uploads\\\/2024\\\/09\\\/wellness_neoqi_Flamingo_53.jpg\",\"datePublished\":\"2024-09-06T23:06:07+00:00\",\"dateModified\":\"2024-12-03T15:37:36+00:00\",\"breadcrumb\":{\"@id\":\"https:\\\/\\\/neoqi.com\\\/product\\\/flamingo\\\/#breadcrumb\"},\"inLanguage\":\"it-IT\",\"potentialAction\":[{\"@type\":\"ReadAction\",\"target\":[\"https:\\\/\\\/neoqi.com\\\/product\\\/flamingo\\\/\"]}]},{\"@type\":\"ImageObject\",\"inLanguage\":\"it-IT\",\"@id\":\"https:\\\/\\\/neoqi.com\\\/product\\\/flamingo\\\/#primaryimage\",\"url\":\"https:\\\/\\\/neoqi.com\\\/wp-content\\\/uploads\\\/2024\\\/09\\\/wellness_neoqi_Flamingo_53.jpg\",\"contentUrl\":\"https:\\\/\\\/neoqi.com\\\/wp-content\\\/uploads\\\/2024\\\/09\\\/wellness_neoqi_Flamingo_53.jpg\",\"width\":1200,\"height\":800},{\"@type\":\"BreadcrumbList\",\"@id\":\"https:\\\/\\\/neoqi.com\\\/product\\\/flamingo\\\/#breadcrumb\",\"itemListElement\":[{\"@type\":\"ListItem\",\"position\":1,\"name\":\"Home\",\"item\":\"https:\\\/\\\/neoqi.com\\\/\"},{\"@type\":\"ListItem\",\"position\":2,\"name\":\"Catalog\",\"item\":\"https:\\\/\\\/neoqi.com\\\/it\\\/catalog\\\/\"},{\"@type\":\"ListItem\",\"position\":3,\"name\":\"Flamingo\"}]},{\"@type\":\"WebSite\",\"@id\":\"https:\\\/\\\/neoqi.com\\\/#website\",\"url\":\"https:\\\/\\\/neoqi.com\\\/\",\"name\":\"NEOQI\",\"description\":\"Experience Ultimate Wellness and Relaxation with NeoQi Spa Capsule: Your Path to Rejuvenation\",\"publisher\":{\"@id\":\"https:\\\/\\\/neoqi.com\\\/#organization\"},\"potentialAction\":[{\"@type\":\"SearchAction\",\"target\":{\"@type\":\"EntryPoint\",\"urlTemplate\":\"https:\\\/\\\/neoqi.com\\\/?s={search_term_string}\"},\"query-input\":{\"@type\":\"PropertyValueSpecification\",\"valueRequired\":true,\"valueName\":\"search_term_string\"}}],\"inLanguage\":\"it-IT\"},{\"@type\":\"Organization\",\"@id\":\"https:\\\/\\\/neoqi.com\\\/#organization\",\"name\":\"NEOQI\",\"url\":\"https:\\\/\\\/neoqi.com\\\/\",\"logo\":{\"@type\":\"ImageObject\",\"inLanguage\":\"it-IT\",\"@id\":\"https:\\\/\\\/neoqi.com\\\/#\\\/schema\\\/logo\\\/image\\\/\",\"url\":\"https:\\\/\\\/neoqi.com\\\/wp-content\\\/uploads\\\/2024\\\/09\\\/logoneosvg.svg\",\"contentUrl\":\"https:\\\/\\\/neoqi.com\\\/wp-content\\\/uploads\\\/2024\\\/09\\\/logoneosvg.svg\",\"width\":1,\"height\":1,\"caption\":\"NEOQI\"},\"image\":{\"@id\":\"https:\\\/\\\/neoqi.com\\\/#\\\/schema\\\/logo\\\/image\\\/\"},\"sameAs\":[\"https:\\\/\\\/www.facebook.com\\\/neoqi\\\/\",\"https:\\\/\\\/www.instagram.com\\\/neoqi_com\\\/\"]}]}<\/script>\n<!-- \/ Yoast SEO plugin. -->","yoast_head_json":{"title":"Flamingo - NEOQI","robots":{"index":"index","follow":"follow","max-snippet":"max-snippet:-1","max-image-preview":"max-image-preview:large","max-video-preview":"max-video-preview:-1"},"canonical":"https:\/\/neoqi.com\/it\/prodotto\/flamingo\/","og_locale":"it_IT","og_type":"article","og_title":"Flamingo - NEOQI","og_description":"The name of the Flamingo energy cocoon derives from its unique hood construction, which allows to open its elegant clear doors separately, ensuring the maximum comfort during the treatment, both for the client and the therapist. With its wings opened, the SPA-capsule resembles the beautiful and graceful flamingo bird.  Individually chosen programs are key to vivid results and complete satisfaction of the treatment. The combination of classic SPA rituals with the functions of the cocoon enables us to offer our customers the most popular and effective treatment programs for weight loss, cellulite reduction, body contours shaping, relaxation and rejuvenation.  The Flamingo SPA capsule has a number of technical updates in chromotherapy, infrared sauna and Vichy shower systems, through which you can extend the range of SPA treatments, as well as to maximize their effectiveness. Despite its versatility, the SPA-capsule Flamingo is very easy to use.","og_url":"https:\/\/neoqi.com\/it\/prodotto\/flamingo\/","og_site_name":"NEOQI","article_publisher":"https:\/\/www.facebook.com\/neoqi\/","article_modified_time":"2024-12-03T15:37:36+00:00","og_image":[{"width":1200,"height":800,"url":"https:\/\/neoqi.com\/wp-content\/uploads\/2024\/09\/wellness_neoqi_Flamingo_53.jpg","type":"image\/jpeg"}],"twitter_card":"summary_large_image","twitter_misc":{"Tempo di lettura stimato":"2 minuti"},"schema":{"@context":"https:\/\/schema.org","@graph":[{"@type":"WebPage","@id":"https:\/\/neoqi.com\/product\/flamingo\/","url":"https:\/\/neoqi.com\/product\/flamingo\/","name":"Flamingo - NEOQI","isPartOf":{"@id":"https:\/\/neoqi.com\/#website"},"primaryImageOfPage":{"@id":"https:\/\/neoqi.com\/product\/flamingo\/#primaryimage"},"image":{"@id":"https:\/\/neoqi.com\/product\/flamingo\/#primaryimage"},"thumbnailUrl":"https:\/\/neoqi.com\/wp-content\/uploads\/2024\/09\/wellness_neoqi_Flamingo_53.jpg","datePublished":"2024-09-06T23:06:07+00:00","dateModified":"2024-12-03T15:37:36+00:00","breadcrumb":{"@id":"https:\/\/neoqi.com\/product\/flamingo\/#breadcrumb"},"inLanguage":"it-IT","potentialAction":[{"@type":"ReadAction","target":["https:\/\/neoqi.com\/product\/flamingo\/"]}]},{"@type":"ImageObject","inLanguage":"it-IT","@id":"https:\/\/neoqi.com\/product\/flamingo\/#primaryimage","url":"https:\/\/neoqi.com\/wp-content\/uploads\/2024\/09\/wellness_neoqi_Flamingo_53.jpg","contentUrl":"https:\/\/neoqi.com\/wp-content\/uploads\/2024\/09\/wellness_neoqi_Flamingo_53.jpg","width":1200,"height":800},{"@type":"BreadcrumbList","@id":"https:\/\/neoqi.com\/product\/flamingo\/#breadcrumb","itemListElement":[{"@type":"ListItem","position":1,"name":"Home","item":"https:\/\/neoqi.com\/"},{"@type":"ListItem","position":2,"name":"Catalog","item":"https:\/\/neoqi.com\/it\/catalog\/"},{"@type":"ListItem","position":3,"name":"Flamingo"}]},{"@type":"WebSite","@id":"https:\/\/neoqi.com\/#website","url":"https:\/\/neoqi.com\/","name":"NEOQI","description":"Sperimentate il massimo del benessere e del relax con NeoQi Spa Capsule: Il vostro percorso di ringiovanimento","publisher":{"@id":"https:\/\/neoqi.com\/#organization"},"potentialAction":[{"@type":"SearchAction","target":{"@type":"EntryPoint","urlTemplate":"https:\/\/neoqi.com\/?s={search_term_string}"},"query-input":{"@type":"PropertyValueSpecification","valueRequired":true,"valueName":"search_term_string"}}],"inLanguage":"it-IT"},{"@type":"Organization","@id":"https:\/\/neoqi.com\/#organization","name":"NEOQI","url":"https:\/\/neoqi.com\/","logo":{"@type":"ImageObject","inLanguage":"it-IT","@id":"https:\/\/neoqi.com\/#\/schema\/logo\/image\/","url":"https:\/\/neoqi.com\/wp-content\/uploads\/2024\/09\/logoneosvg.svg","contentUrl":"https:\/\/neoqi.com\/wp-content\/uploads\/2024\/09\/logoneosvg.svg","width":1,"height":1,"caption":"NEOQI"},"image":{"@id":"https:\/\/neoqi.com\/#\/schema\/logo\/image\/"},"sameAs":["https:\/\/www.facebook.com\/neoqi\/","https:\/\/www.instagram.com\/neoqi_com\/"]}]}},"_links":{"self":[{"href":"https:\/\/neoqi.com\/it\/wp-json\/wp\/v2\/product\/2025","targetHints":{"allow":["GET"]}}],"collection":[{"href":"https:\/\/neoqi.com\/it\/wp-json\/wp\/v2\/product"}],"about":[{"href":"https:\/\/neoqi.com\/it\/wp-json\/wp\/v2\/types\/product"}],"replies":[{"embeddable":true,"href":"https:\/\/neoqi.com\/it\/wp-json\/wp\/v2\/comments?post=2025"}],"wp:featuredmedia":[{"embeddable":true,"href":"https:\/\/neoqi.com\/it\/wp-json\/wp\/v2\/media\/2026"}],"wp:attachment":[{"href":"https:\/\/neoqi.com\/it\/wp-json\/wp\/v2\/media?parent=2025"}],"wp:term":[{"taxonomy":"product_brand","embeddable":true,"href":"https:\/\/neoqi.com\/it\/wp-json\/wp\/v2\/product_brand?post=2025"},{"taxonomy":"product_cat","embeddable":true,"href":"https:\/\/neoqi.com\/it\/wp-json\/wp\/v2\/product_cat?post=2025"},{"taxonomy":"product_tag","embeddable":true,"href":"https:\/\/neoqi.com\/it\/wp-json\/wp\/v2\/product_tag?post=2025"}],"curies":[{"name":"wp","href":"https:\/\/api.w.org\/{rel}","templated":true}]}}