{"id":2065,"date":"2024-09-06T02:24:49","date_gmt":"2024-09-05T23:24:49","guid":{"rendered":"http:\/\/neoqi.com\/?post_type=product&#038;p=2065"},"modified":"2024-12-03T18:34:12","modified_gmt":"2024-12-03T15:34:12","slug":"atlantic","status":"publish","type":"product","link":"https:\/\/neoqi.com\/it\/prodotto\/atlantic\/","title":{"rendered":"Atlantic"},"content":{"rendered":"<p><strong>I principali trattamenti di NeoQi\u00ae Atlantic<\/strong><\/p>\n<p><strong>Trattamento termale (vapore e\/o sauna a infrarossi).<\/strong> La termoterapia con l'aiuto del vapore e del calore infrarosso \u00e8 l'incarnazione delle migliori tradizioni del bagno. La sauna a vapore e i raggi infrarossi provocano solo sensazioni piacevoli grazie a un impatto morbido sul corpo. La pelle, i muscoli e le articolazioni vengono riscaldati in profondit\u00e0, la circolazione sanguigna e il processo di scissione del tessuto adiposo vengono attivati, seguiti da una profonda pulizia dalle tossine e dalle sostanze di zavorra.<\/p>\n<p><strong>Balneoterapia.<\/strong> \u00c8 un metodo popolare ed efficace per curare e ringiovanire il corpo. Il bagno \u00e8 riempito di acqua calda con vari additivi: alghe marine, sale, fango, oli essenziali. Oltre ad avere propriet\u00e0 preventive contro diverse malattie, questi trattamenti hanno un potente effetto estetico. La balneoterapia \u00e8 utilizzata per perdere peso, alleviare lo stress, idratare e migliorare il tono della pelle.<\/p>\n<p><strong>Doccia Vichy\/doccia a mano.<\/strong> La doccia di Vichy \u00e8 un trattamento con acqua per il corpo, in cui il corpo viene massaggiato delicatamente da piccoli getti d'acqua. Il trattamento favorisce il dimagrimento e rafforza il sistema immunitario. La doccia Vichy ha un effetto rilassante massimo sul corpo, pulisce la pelle, elimina le tossine, aiuta a superare lo stress e migliora la resistenza generale.<br \/>\nEsfoliazione del corpo. Il peeling \u00e8 un metodo di recupero e riabilitazione della pelle sensibile, disidratata, rilassata e invecchiata. Il trattamento dona alla pelle una luminosit\u00e0 sana, elimina i segni di stanchezza e rassoda efficacemente il corpo. La pelle diventa morbida, vellutata ed elastica.<\/p>\n<p><strong>Massaggio con olio.<\/strong> Un trattamento necessario per alleviare le tensioni e i dolori muscolari, per correggere la figura e per ripristinare l'armonia spirituale. Un insieme di tecniche speciali in combinazione con una composizione di oli essenziali permette di accelerare il metabolismo, ripristinare l'elasticit\u00e0 e il tono della pelle, ridurre il volume del corpo e prevenire i processi di accumulo dei grassi.<br \/>\nImpacco completo del corpo con l'uso di maschere cosmetiche. Gli impacchi sono i rituali SPA pi\u00f9 popolari e coccolosi che hanno lo scopo di arricchire la pelle di vitamine e minerali benefici, bruciare il grasso corporeo, recuperare, nutrire e ringiovanire la pelle. Dopo il trattamento, la pelle diventa morbida, elastica e incredibilmente liscia.<\/p>\n<p><strong>Descrizione<\/strong><\/p>\n<p>Sauna a infrarossi<br \/>\nSauna a vapore<br \/>\nAroma terapia<br \/>\nDoccia Vichy<br \/>\nTavolo di trattamento vibrante<br \/>\nSistema di luci a colori<br \/>\nSistema musicale (MP3)<br \/>\nVentola di raffreddamento frontale<br \/>\nDoccia a mano<\/p>","protected":false},"excerpt":{"rendered":"<p>La SPA-capsula Atlantic \u00e8 stata progettata tenendo conto di tutti i vantaggi del modello Mediq e mira a combinare funzioni ricreative ed estetiche. Il bozzolo energetico Atlantic possiede un letto ergonomico ampio e allungato che garantisce il comfort del cliente all'interno della capsula, consentendo agli esperti di accedere liberamente a qualsiasi lato dell'unit\u00e0.<\/p>\n<p>Atlantic \u00e8 dotato di tutte le funzioni necessarie per la termoterapia e l'idroterapia: sauna a vapore e a infrarossi, nonch\u00e9 doccia Vichy, che offrono l'opportunit\u00e0 di effettuare un complesso di trattamenti tra i pi\u00f9 popolari ed efficaci nei saloni SPA. La cromoterapia e l'aromaterapia migliorano ulteriormente la piacevole esperienza all'interno del bozzolo.<\/p>\n<p>Questo sistema aggiornato \u00e8 stato appositamente studiato per ottenere i risultati migliori e pi\u00f9 visibili di tutti i rituali SPA. Dopo tutto, una figura perfetta \u00e8 soprattutto un corpo che si prende cura di s\u00e9.<\/p>","protected":false},"featured_media":2066,"comment_status":"open","ping_status":"closed","template":"","meta":{"_acf_changed":false,"site-sidebar-layout":"default","site-content-layout":"","ast-site-content-layout":"default","site-content-style":"default","site-sidebar-style":"default","ast-global-header-display":"","ast-banner-title-visibility":"","ast-main-header-display":"","ast-hfb-above-header-display":"","ast-hfb-below-header-display":"","ast-hfb-mobile-header-display":"","site-post-title":"","ast-breadcrumbs-content":"","ast-featured-img":"","footer-sml-layout":"","ast-disable-related-posts":"","theme-transparent-header-meta":"default","adv-header-id-meta":"","stick-header-meta":"","header-above-stick-meta":"","header-main-stick-meta":"","header-below-stick-meta":"","astra-migrate-meta-layouts":"set","ast-page-background-enabled":"default","ast-page-background-meta":{"desktop":{"background-color":"var(--ast-global-color-4)","background-image":"","background-repeat":"repeat","background-position":"center center","background-size":"auto","background-attachment":"scroll","background-type":"","background-media":"","overlay-type":"","overlay-color":"","overlay-opacity":"","overlay-gradient":""},"tablet":{"background-color":"","background-image":"","background-repeat":"repeat","background-position":"center center","background-size":"auto","background-attachment":"scroll","background-type":"","background-media":"","overlay-type":"","overlay-color":"","overlay-opacity":"","overlay-gradient":""},"mobile":{"background-color":"","background-image":"","background-repeat":"repeat","background-position":"center center","background-size":"auto","background-attachment":"scroll","background-type":"","background-media":"","overlay-type":"","overlay-color":"","overlay-opacity":"","overlay-gradient":""}},"ast-content-background-meta":{"desktop":{"background-color":"var(--ast-global-color-5)","background-image":"","background-repeat":"repeat","background-position":"center center","background-size":"auto","background-attachment":"scroll","background-type":"","background-media":"","overlay-type":"","overlay-color":"","overlay-opacity":"","overlay-gradient":""},"tablet":{"background-color":"var(--ast-global-color-5)","background-image":"","background-repeat":"repeat","background-position":"center center","background-size":"auto","background-attachment":"scroll","background-type":"","background-media":"","overlay-type":"","overlay-color":"","overlay-opacity":"","overlay-gradient":""},"mobile":{"background-color":"var(--ast-global-color-5)","background-image":"","background-repeat":"repeat","background-position":"center center","background-size":"auto","background-attachment":"scroll","background-type":"","background-media":"","overlay-type":"","overlay-color":"","overlay-opacity":"","overlay-gradient":""}}},"product_brand":[],"product_cat":[81,85],"product_tag":[],"class_list":{"0":"post-2065","1":"product","2":"type-product","3":"status-publish","4":"has-post-thumbnail","6":"product_cat-energy-cocoons","7":"product_cat-medical","8":"desktop-align-left","9":"tablet-align-left","10":"mobile-align-left","12":"first","13":"instock","14":"shipping-taxable","15":"product-type-simple"},"acf":[],"yoast_head":"<!-- This site is optimized with the Yoast SEO plugin v27.5 - https:\/\/yoast.com\/product\/yoast-seo-wordpress\/ -->\n<title>Atlantic - NEOQI<\/title>\n<meta name=\"robots\" content=\"index, follow, max-snippet:-1, max-image-preview:large, max-video-preview:-1\" \/>\n<link rel=\"canonical\" href=\"https:\/\/neoqi.com\/it\/prodotto\/atlantic\/\" \/>\n<meta property=\"og:locale\" content=\"it_IT\" \/>\n<meta property=\"og:type\" content=\"article\" \/>\n<meta property=\"og:title\" content=\"Atlantic - NEOQI\" \/>\n<meta property=\"og:description\" content=\"The SPA-capsule Atlantic was designed with all of the benefits of the Mediq model in mind, and is aimed at combining both recreational and aesthetic functions. The Atlantic energy cocoon possesses a wide and elongated ergonomic bed that ensures the customer\u2019s comfort within the capsule, providing experts free access to any side of the unit.  Atlantic is equipped with all of the necessary functions of thermo- and hydrotherapy: steam and infrared sauna, as well as Vichy shower, which provide an opportunity to carry out a complex of the most popular and effective treatments in SPA salons. Chromo- and aromatherapy further enhance the enjoyable experience within the cocoon.  This updated system was specifically designed to achieve the best and most visible results of all the SPA rituals. After all, a perfect figure is, above all, a body that is properly taken care of.\" \/>\n<meta property=\"og:url\" content=\"https:\/\/neoqi.com\/it\/prodotto\/atlantic\/\" \/>\n<meta property=\"og:site_name\" content=\"NEOQI\" \/>\n<meta property=\"article:publisher\" content=\"https:\/\/www.facebook.com\/neoqi\/\" \/>\n<meta property=\"article:modified_time\" content=\"2024-12-03T15:34:12+00:00\" \/>\n<meta property=\"og:image\" content=\"https:\/\/neoqi.com\/wp-content\/uploads\/2024\/09\/wellness_neoqi_Mediq_71-4.jpg\" \/>\n\t<meta property=\"og:image:width\" content=\"1200\" \/>\n\t<meta property=\"og:image:height\" content=\"800\" \/>\n\t<meta property=\"og:image:type\" content=\"image\/jpeg\" \/>\n<meta name=\"twitter:card\" content=\"summary_large_image\" \/>\n<meta name=\"twitter:label1\" content=\"Tempo di lettura stimato\" \/>\n\t<meta name=\"twitter:data1\" content=\"2 minuti\" \/>\n<script type=\"application\/ld+json\" class=\"yoast-schema-graph\">{\"@context\":\"https:\\\/\\\/schema.org\",\"@graph\":[{\"@type\":\"WebPage\",\"@id\":\"https:\\\/\\\/neoqi.com\\\/product\\\/atlantic\\\/\",\"url\":\"https:\\\/\\\/neoqi.com\\\/product\\\/atlantic\\\/\",\"name\":\"Atlantic - NEOQI\",\"isPartOf\":{\"@id\":\"https:\\\/\\\/neoqi.com\\\/#website\"},\"primaryImageOfPage\":{\"@id\":\"https:\\\/\\\/neoqi.com\\\/product\\\/atlantic\\\/#primaryimage\"},\"image\":{\"@id\":\"https:\\\/\\\/neoqi.com\\\/product\\\/atlantic\\\/#primaryimage\"},\"thumbnailUrl\":\"https:\\\/\\\/neoqi.com\\\/wp-content\\\/uploads\\\/2024\\\/09\\\/wellness_neoqi_Mediq_71-4.jpg\",\"datePublished\":\"2024-09-05T23:24:49+00:00\",\"dateModified\":\"2024-12-03T15:34:12+00:00\",\"breadcrumb\":{\"@id\":\"https:\\\/\\\/neoqi.com\\\/product\\\/atlantic\\\/#breadcrumb\"},\"inLanguage\":\"it-IT\",\"potentialAction\":[{\"@type\":\"ReadAction\",\"target\":[\"https:\\\/\\\/neoqi.com\\\/product\\\/atlantic\\\/\"]}]},{\"@type\":\"ImageObject\",\"inLanguage\":\"it-IT\",\"@id\":\"https:\\\/\\\/neoqi.com\\\/product\\\/atlantic\\\/#primaryimage\",\"url\":\"https:\\\/\\\/neoqi.com\\\/wp-content\\\/uploads\\\/2024\\\/09\\\/wellness_neoqi_Mediq_71-4.jpg\",\"contentUrl\":\"https:\\\/\\\/neoqi.com\\\/wp-content\\\/uploads\\\/2024\\\/09\\\/wellness_neoqi_Mediq_71-4.jpg\",\"width\":1200,\"height\":800},{\"@type\":\"BreadcrumbList\",\"@id\":\"https:\\\/\\\/neoqi.com\\\/product\\\/atlantic\\\/#breadcrumb\",\"itemListElement\":[{\"@type\":\"ListItem\",\"position\":1,\"name\":\"Home\",\"item\":\"https:\\\/\\\/neoqi.com\\\/\"},{\"@type\":\"ListItem\",\"position\":2,\"name\":\"Catalog\",\"item\":\"https:\\\/\\\/neoqi.com\\\/it\\\/catalog\\\/\"},{\"@type\":\"ListItem\",\"position\":3,\"name\":\"Atlantic\"}]},{\"@type\":\"WebSite\",\"@id\":\"https:\\\/\\\/neoqi.com\\\/#website\",\"url\":\"https:\\\/\\\/neoqi.com\\\/\",\"name\":\"NEOQI\",\"description\":\"Experience Ultimate Wellness and Relaxation with NeoQi Spa Capsule: Your Path to Rejuvenation\",\"publisher\":{\"@id\":\"https:\\\/\\\/neoqi.com\\\/#organization\"},\"potentialAction\":[{\"@type\":\"SearchAction\",\"target\":{\"@type\":\"EntryPoint\",\"urlTemplate\":\"https:\\\/\\\/neoqi.com\\\/?s={search_term_string}\"},\"query-input\":{\"@type\":\"PropertyValueSpecification\",\"valueRequired\":true,\"valueName\":\"search_term_string\"}}],\"inLanguage\":\"it-IT\"},{\"@type\":\"Organization\",\"@id\":\"https:\\\/\\\/neoqi.com\\\/#organization\",\"name\":\"NEOQI\",\"url\":\"https:\\\/\\\/neoqi.com\\\/\",\"logo\":{\"@type\":\"ImageObject\",\"inLanguage\":\"it-IT\",\"@id\":\"https:\\\/\\\/neoqi.com\\\/#\\\/schema\\\/logo\\\/image\\\/\",\"url\":\"https:\\\/\\\/neoqi.com\\\/wp-content\\\/uploads\\\/2024\\\/09\\\/logoneosvg.svg\",\"contentUrl\":\"https:\\\/\\\/neoqi.com\\\/wp-content\\\/uploads\\\/2024\\\/09\\\/logoneosvg.svg\",\"width\":1,\"height\":1,\"caption\":\"NEOQI\"},\"image\":{\"@id\":\"https:\\\/\\\/neoqi.com\\\/#\\\/schema\\\/logo\\\/image\\\/\"},\"sameAs\":[\"https:\\\/\\\/www.facebook.com\\\/neoqi\\\/\",\"https:\\\/\\\/www.instagram.com\\\/neoqi_com\\\/\"]}]}<\/script>\n<!-- \/ Yoast SEO plugin. -->","yoast_head_json":{"title":"Atlantic - NEOQI","robots":{"index":"index","follow":"follow","max-snippet":"max-snippet:-1","max-image-preview":"max-image-preview:large","max-video-preview":"max-video-preview:-1"},"canonical":"https:\/\/neoqi.com\/it\/prodotto\/atlantic\/","og_locale":"it_IT","og_type":"article","og_title":"Atlantic - NEOQI","og_description":"The SPA-capsule Atlantic was designed with all of the benefits of the Mediq model in mind, and is aimed at combining both recreational and aesthetic functions. The Atlantic energy cocoon possesses a wide and elongated ergonomic bed that ensures the customer\u2019s comfort within the capsule, providing experts free access to any side of the unit.  Atlantic is equipped with all of the necessary functions of thermo- and hydrotherapy: steam and infrared sauna, as well as Vichy shower, which provide an opportunity to carry out a complex of the most popular and effective treatments in SPA salons. Chromo- and aromatherapy further enhance the enjoyable experience within the cocoon.  This updated system was specifically designed to achieve the best and most visible results of all the SPA rituals. After all, a perfect figure is, above all, a body that is properly taken care of.","og_url":"https:\/\/neoqi.com\/it\/prodotto\/atlantic\/","og_site_name":"NEOQI","article_publisher":"https:\/\/www.facebook.com\/neoqi\/","article_modified_time":"2024-12-03T15:34:12+00:00","og_image":[{"width":1200,"height":800,"url":"https:\/\/neoqi.com\/wp-content\/uploads\/2024\/09\/wellness_neoqi_Mediq_71-4.jpg","type":"image\/jpeg"}],"twitter_card":"summary_large_image","twitter_misc":{"Tempo di lettura stimato":"2 minuti"},"schema":{"@context":"https:\/\/schema.org","@graph":[{"@type":"WebPage","@id":"https:\/\/neoqi.com\/product\/atlantic\/","url":"https:\/\/neoqi.com\/product\/atlantic\/","name":"Atlantic - NEOQI","isPartOf":{"@id":"https:\/\/neoqi.com\/#website"},"primaryImageOfPage":{"@id":"https:\/\/neoqi.com\/product\/atlantic\/#primaryimage"},"image":{"@id":"https:\/\/neoqi.com\/product\/atlantic\/#primaryimage"},"thumbnailUrl":"https:\/\/neoqi.com\/wp-content\/uploads\/2024\/09\/wellness_neoqi_Mediq_71-4.jpg","datePublished":"2024-09-05T23:24:49+00:00","dateModified":"2024-12-03T15:34:12+00:00","breadcrumb":{"@id":"https:\/\/neoqi.com\/product\/atlantic\/#breadcrumb"},"inLanguage":"it-IT","potentialAction":[{"@type":"ReadAction","target":["https:\/\/neoqi.com\/product\/atlantic\/"]}]},{"@type":"ImageObject","inLanguage":"it-IT","@id":"https:\/\/neoqi.com\/product\/atlantic\/#primaryimage","url":"https:\/\/neoqi.com\/wp-content\/uploads\/2024\/09\/wellness_neoqi_Mediq_71-4.jpg","contentUrl":"https:\/\/neoqi.com\/wp-content\/uploads\/2024\/09\/wellness_neoqi_Mediq_71-4.jpg","width":1200,"height":800},{"@type":"BreadcrumbList","@id":"https:\/\/neoqi.com\/product\/atlantic\/#breadcrumb","itemListElement":[{"@type":"ListItem","position":1,"name":"Home","item":"https:\/\/neoqi.com\/"},{"@type":"ListItem","position":2,"name":"Catalog","item":"https:\/\/neoqi.com\/it\/catalog\/"},{"@type":"ListItem","position":3,"name":"Atlantic"}]},{"@type":"WebSite","@id":"https:\/\/neoqi.com\/#website","url":"https:\/\/neoqi.com\/","name":"NEOQI","description":"Sperimentate il massimo del benessere e del relax con NeoQi Spa Capsule: Il vostro percorso di ringiovanimento","publisher":{"@id":"https:\/\/neoqi.com\/#organization"},"potentialAction":[{"@type":"SearchAction","target":{"@type":"EntryPoint","urlTemplate":"https:\/\/neoqi.com\/?s={search_term_string}"},"query-input":{"@type":"PropertyValueSpecification","valueRequired":true,"valueName":"search_term_string"}}],"inLanguage":"it-IT"},{"@type":"Organization","@id":"https:\/\/neoqi.com\/#organization","name":"NEOQI","url":"https:\/\/neoqi.com\/","logo":{"@type":"ImageObject","inLanguage":"it-IT","@id":"https:\/\/neoqi.com\/#\/schema\/logo\/image\/","url":"https:\/\/neoqi.com\/wp-content\/uploads\/2024\/09\/logoneosvg.svg","contentUrl":"https:\/\/neoqi.com\/wp-content\/uploads\/2024\/09\/logoneosvg.svg","width":1,"height":1,"caption":"NEOQI"},"image":{"@id":"https:\/\/neoqi.com\/#\/schema\/logo\/image\/"},"sameAs":["https:\/\/www.facebook.com\/neoqi\/","https:\/\/www.instagram.com\/neoqi_com\/"]}]}},"_links":{"self":[{"href":"https:\/\/neoqi.com\/it\/wp-json\/wp\/v2\/product\/2065","targetHints":{"allow":["GET"]}}],"collection":[{"href":"https:\/\/neoqi.com\/it\/wp-json\/wp\/v2\/product"}],"about":[{"href":"https:\/\/neoqi.com\/it\/wp-json\/wp\/v2\/types\/product"}],"replies":[{"embeddable":true,"href":"https:\/\/neoqi.com\/it\/wp-json\/wp\/v2\/comments?post=2065"}],"wp:featuredmedia":[{"embeddable":true,"href":"https:\/\/neoqi.com\/it\/wp-json\/wp\/v2\/media\/2066"}],"wp:attachment":[{"href":"https:\/\/neoqi.com\/it\/wp-json\/wp\/v2\/media?parent=2065"}],"wp:term":[{"taxonomy":"product_brand","embeddable":true,"href":"https:\/\/neoqi.com\/it\/wp-json\/wp\/v2\/product_brand?post=2065"},{"taxonomy":"product_cat","embeddable":true,"href":"https:\/\/neoqi.com\/it\/wp-json\/wp\/v2\/product_cat?post=2065"},{"taxonomy":"product_tag","embeddable":true,"href":"https:\/\/neoqi.com\/it\/wp-json\/wp\/v2\/product_tag?post=2065"}],"curies":[{"name":"wp","href":"https:\/\/api.w.org\/{rel}","templated":true}]}}