{"id":2075,"date":"2024-09-06T04:27:53","date_gmt":"2024-09-06T01:27:53","guid":{"rendered":"http:\/\/neoqi.com\/?post_type=product&#038;p=2075"},"modified":"2025-08-04T16:17:33","modified_gmt":"2025-08-04T13:17:33","slug":"saltarium","status":"publish","type":"product","link":"https:\/\/neoqi.com\/it\/prodotto\/saltarium\/","title":{"rendered":"Saltarium"},"content":{"rendered":"<div id=\"tab-description\" class=\"woocommerce-Tabs-panel woocommerce-Tabs-panel--description panel entry-content wc-tab\" role=\"tabpanel\" aria-labelledby=\"tab-title-description\">\n<p><strong>NeoQi\u00ae\u00a0<\/strong><strong>Saltarium<\/strong>\u00a0<strong>Vantaggi<\/strong><\/p>\n<ul>\n<li>Prevenzione e trattamento di raffreddore, influenza, infezioni batteriche, ecc.<\/li>\n<li>Pulisce le vie respiratorie dalle particelle inquinanti e dal fumo di tabacco<\/li>\n<li>Riduce le allergie con effetto su orecchio, naso, gola e seni paranasali (ad es. febbre da fieno).<\/li>\n<li>Alleviare i disturbi delle vie aeree come asma, broncopneumopatie croniche ostruttive, polmonite, bronchite, fibrosi cistica; anche le malattie otorinolaringoiatriche (rinite, sinusite, faringite, laringite)<\/li>\n<li>Attiva la circolazione sanguigna per una pelle migliore (applicabile in caso di acne, neurodermite, psoriasi, cellulite)<\/li>\n<li>Combattere la stanchezza, lo stress, la depressione e qualsiasi altra condizione mentale<\/li>\n<li>Contribuire alla cessazione della dipendenza<\/li>\n<li>Rafforzare il sistema immunitario<\/li>\n<\/ul>\n<p>I principali trattamenti di NeoQi\u00ae Saltarium<\/p>\n<ul>\n<li>\u00c8 uno dei modi migliori per migliorare la condizione della psoriasi, poich\u00e9 attiva molteplici processi fisiologici nell'organismo. Le particelle di sale di dimensioni comprese tra 1 um e 5 micron sono i mezzi ideali per il trattamento delle malattie della pelle; avranno effetti favorevoli sui capelli e sulla microcircolazione sanguigna della pelle, con il risultato di rendere la pelle pi\u00f9 bella e pi\u00f9 piacevole. Le particelle di sale uccidono anche batteri e funghi e possiedono propriet\u00e0 antinfiammatorie. Con il progredire del trattamento, la sensazione di prurito sulla pelle cessa e le piccole screpolature scompaiono. L'haloterapia riduce anche lo stress e rafforza il sistema di difesa (immunitario), in modo che la persona non cada facilmente preda di malattie. I farmaci di solito portano solo un sollievo temporaneo dalla psoriasi, ma hanno effetti collaterali dannosi. L'haloterapia presso la Stanza del Sale di Orlando \u00e8 un trattamento privo di farmaci che non solo offre un sollievo immediato, ma mantiene anche liberi da irritazioni cutanee per un lungo periodo di tempo. Inoltre, l'haloterapia regolare fa sentire una persona pi\u00f9 rilassata, migliora la qualit\u00e0 del sonno e quindi l'umore.<\/li>\n<li>La musicoterapia. Una delle forme pi\u00f9 antiche e naturali di correzione degli stati emotivi. Le componenti ritmiche della musica aiutano ad aumentare la vitalit\u00e0, contribuiscono a un flusso energetico costante, alleviano il dolore e la tensione nervosa. Si dice che il riposo con la musica sia pi\u00f9 efficace di quello senza musica.<\/li>\n<\/ul>\n<div id=\"tab-description\" class=\"woocommerce-Tabs-panel woocommerce-Tabs-panel--description panel entry-content wc-tab\" role=\"tabpanel\" aria-labelledby=\"tab-title-description\">\n<p><span class=\"sisutekst\"><strong>Caratteristiche:<\/strong><br \/>\n<\/span><\/p>\n<ul>\n<li>Concentrazione di sale regolabile<\/li>\n<li>Sistema musicale con cuffie (MP3)<\/li>\n<li>Spazio ermetico richiudibile per una persona<\/li>\n<\/ul>\n<p>Grazie alle sue dimensioni ridotte e alla facilit\u00e0 d'uso, la capsula si adatta a una superficie ridotta, trasformando lo spazio in una stanza per la terapia del sale. Saltarium non richiede la ricostruzione della stanza o l'installazione. La capsula si collega a una normale rete elettrica domestica a 230V.<\/p>\n<p>Il trattamento in Saltarium \u00e8 consigliato a tutti coloro che vogliono fare un passo in pi\u00f9 nella cura del proprio corpo. Mentre le persone tendono a concentrarsi sui trattamenti rivolti all'estetica, i trattamenti in Saltarium hanno risultati sull'aspetto, pur avendo un impatto curativo e salutare sull'organismo umano dall'interno.<\/p>\n<div class=\"ast-oembed-container\" style=\"height: 100%;\"><iframe title=\"Saltarium - salt capsule by NeoQi\" width=\"500\" height=\"281\" src=\"https:\/\/www.youtube.com\/embed\/WR8b3iMbmOg?feature=oembed\" frameborder=\"0\" allow=\"accelerometer; autoplay; clipboard-write; encrypted-media; gyroscope; picture-in-picture; web-share\" referrerpolicy=\"strict-origin-when-cross-origin\" allowfullscreen><\/iframe><\/div>\n<\/div>\n<\/div>","protected":false},"excerpt":{"rendered":"<p>Saltarium \u00e8 una camera del sale compatta progettata per le persone che apprezzano la privacy e il comfort. La sua forma ergonomica rende confortevole la permanenza all'interno in posizione seduta, per godere appieno delle propriet\u00e0 curative dell'haloterapia. Nella capsula Saltarium si crea un ambiente speciale, privo di allergeni e favorevole a un profondo rilassamento. Le sedute nella capsula di sale aiutano a recuperare rapidamente dopo una giornata intensa, rafforzando il sistema immunitario e purificando la pelle, i bronchi e i polmoni.<\/p>\n<p>Durante una seduta di haloterapia, una persona respira aria satura di aerosol di sale. L'haloterapia tratta efficacemente i disturbi delle vie respiratorie, come l'asma bronchiale, la rinite e le malattie della pelle, e ha un effetto benefico sullo stato psicologico generale.  Le sedute nella capsula di sale Saltarium aiutano a ripristinare le vie respiratorie di chi ha smesso di fumare, a rafforzare il sistema immunitario di tutti i membri della famiglia, a rilassarsi, a liberarsi dall'irritabilit\u00e0 e a migliorare il sonno. Un lettore MP3 integrato permette di ascoltare la propria musica preferita durante il trattamento. Le composizioni musicali sono in grado di guarire, attivare le funzioni cerebrali, avere effetti analgesici e rilassanti.<\/p>","protected":false},"featured_media":2076,"comment_status":"open","ping_status":"closed","template":"","meta":{"_acf_changed":false,"site-sidebar-layout":"default","site-content-layout":"","ast-site-content-layout":"default","site-content-style":"default","site-sidebar-style":"default","ast-global-header-display":"","ast-banner-title-visibility":"","ast-main-header-display":"","ast-hfb-above-header-display":"","ast-hfb-below-header-display":"","ast-hfb-mobile-header-display":"","site-post-title":"","ast-breadcrumbs-content":"","ast-featured-img":"","footer-sml-layout":"","ast-disable-related-posts":"","theme-transparent-header-meta":"default","adv-header-id-meta":"","stick-header-meta":"","header-above-stick-meta":"","header-main-stick-meta":"","header-below-stick-meta":"","astra-migrate-meta-layouts":"set","ast-page-background-enabled":"default","ast-page-background-meta":{"desktop":{"background-color":"var(--ast-global-color-4)","background-image":"","background-repeat":"repeat","background-position":"center center","background-size":"auto","background-attachment":"scroll","background-type":"","background-media":"","overlay-type":"","overlay-color":"","overlay-opacity":"","overlay-gradient":""},"tablet":{"background-color":"","background-image":"","background-repeat":"repeat","background-position":"center center","background-size":"auto","background-attachment":"scroll","background-type":"","background-media":"","overlay-type":"","overlay-color":"","overlay-opacity":"","overlay-gradient":""},"mobile":{"background-color":"","background-image":"","background-repeat":"repeat","background-position":"center center","background-size":"auto","background-attachment":"scroll","background-type":"","background-media":"","overlay-type":"","overlay-color":"","overlay-opacity":"","overlay-gradient":""}},"ast-content-background-meta":{"desktop":{"background-color":"var(--ast-global-color-5)","background-image":"","background-repeat":"repeat","background-position":"center center","background-size":"auto","background-attachment":"scroll","background-type":"","background-media":"","overlay-type":"","overlay-color":"","overlay-opacity":"","overlay-gradient":""},"tablet":{"background-color":"var(--ast-global-color-5)","background-image":"","background-repeat":"repeat","background-position":"center center","background-size":"auto","background-attachment":"scroll","background-type":"","background-media":"","overlay-type":"","overlay-color":"","overlay-opacity":"","overlay-gradient":""},"mobile":{"background-color":"var(--ast-global-color-5)","background-image":"","background-repeat":"repeat","background-position":"center center","background-size":"auto","background-attachment":"scroll","background-type":"","background-media":"","overlay-type":"","overlay-color":"","overlay-opacity":"","overlay-gradient":""}}},"product_brand":[],"product_cat":[81,85],"product_tag":[],"class_list":{"0":"post-2075","1":"product","2":"type-product","3":"status-publish","4":"has-post-thumbnail","6":"product_cat-energy-cocoons","7":"product_cat-medical","8":"desktop-align-left","9":"tablet-align-left","10":"mobile-align-left","12":"first","13":"instock","14":"shipping-taxable","15":"product-type-simple"},"acf":[],"yoast_head":"<!-- This site is optimized with the Yoast SEO plugin v27.3 - https:\/\/yoast.com\/product\/yoast-seo-wordpress\/ -->\n<title>Saltarium - NEOQI<\/title>\n<meta name=\"robots\" content=\"index, follow, max-snippet:-1, max-image-preview:large, max-video-preview:-1\" \/>\n<link rel=\"canonical\" href=\"https:\/\/neoqi.com\/it\/prodotto\/saltarium\/\" \/>\n<meta property=\"og:locale\" content=\"it_IT\" \/>\n<meta property=\"og:type\" content=\"article\" \/>\n<meta property=\"og:title\" content=\"Saltarium - NEOQI\" \/>\n<meta property=\"og:description\" content=\"Saltarium is a compact salt chamber designed for people who appreciate privacy and comfort. Its ergonomic shape makes it comfortable to stay inside in a sitting position, to fully enjoy the healing properties of halotherapy. In the Saltarium capsule, a special environment is created, free of allergens and conducive to deep relaxation. Sessions in the salt capsule help to quickly recover after a busy day, boosting the immune system and cleansing the skin, bronchi and lungs.  During a halotherapy session, a person breathes air that is saturated with salt aerosol. Halotherapy effectively treats airway disorders, such as bronchial asthma, rhinitis and skin diseases, has a beneficial effect on the overall psychological state.\u00a0 Sessions in the Saltarium salt capsule help to restore the respiratory system of those who have given up smoking, strengthen the immune system of all family members and help to relax, get rid of irritability and improve sleep. A Built-in MP3 player allows listening to your favorite music during the treatment. Musical compositions are able to heal, activate brain function, have analgesic and relaxing effects.\" \/>\n<meta property=\"og:url\" content=\"https:\/\/neoqi.com\/it\/prodotto\/saltarium\/\" \/>\n<meta property=\"og:site_name\" content=\"NEOQI\" \/>\n<meta property=\"article:publisher\" content=\"https:\/\/www.facebook.com\/neoqi\/\" \/>\n<meta property=\"article:modified_time\" content=\"2025-08-04T13:17:33+00:00\" \/>\n<meta property=\"og:image\" content=\"https:\/\/neoqi.com\/wp-content\/uploads\/2024\/09\/saltarium.png\" \/>\n\t<meta property=\"og:image:width\" content=\"1200\" \/>\n\t<meta property=\"og:image:height\" content=\"800\" \/>\n\t<meta property=\"og:image:type\" content=\"image\/png\" \/>\n<meta name=\"twitter:card\" content=\"summary_large_image\" \/>\n<meta name=\"twitter:label1\" content=\"Tempo di lettura stimato\" \/>\n\t<meta name=\"twitter:data1\" content=\"3 minuti\" \/>\n<script type=\"application\/ld+json\" class=\"yoast-schema-graph\">{\"@context\":\"https:\\\/\\\/schema.org\",\"@graph\":[{\"@type\":\"WebPage\",\"@id\":\"https:\\\/\\\/neoqi.com\\\/product\\\/saltarium\\\/\",\"url\":\"https:\\\/\\\/neoqi.com\\\/product\\\/saltarium\\\/\",\"name\":\"Saltarium - NEOQI\",\"isPartOf\":{\"@id\":\"https:\\\/\\\/neoqi.com\\\/#website\"},\"primaryImageOfPage\":{\"@id\":\"https:\\\/\\\/neoqi.com\\\/product\\\/saltarium\\\/#primaryimage\"},\"image\":{\"@id\":\"https:\\\/\\\/neoqi.com\\\/product\\\/saltarium\\\/#primaryimage\"},\"thumbnailUrl\":\"https:\\\/\\\/neoqi.com\\\/wp-content\\\/uploads\\\/2024\\\/09\\\/saltarium.png\",\"datePublished\":\"2024-09-06T01:27:53+00:00\",\"dateModified\":\"2025-08-04T13:17:33+00:00\",\"breadcrumb\":{\"@id\":\"https:\\\/\\\/neoqi.com\\\/product\\\/saltarium\\\/#breadcrumb\"},\"inLanguage\":\"it-IT\",\"potentialAction\":[{\"@type\":\"ReadAction\",\"target\":[\"https:\\\/\\\/neoqi.com\\\/product\\\/saltarium\\\/\"]}]},{\"@type\":\"ImageObject\",\"inLanguage\":\"it-IT\",\"@id\":\"https:\\\/\\\/neoqi.com\\\/product\\\/saltarium\\\/#primaryimage\",\"url\":\"https:\\\/\\\/neoqi.com\\\/wp-content\\\/uploads\\\/2024\\\/09\\\/saltarium.png\",\"contentUrl\":\"https:\\\/\\\/neoqi.com\\\/wp-content\\\/uploads\\\/2024\\\/09\\\/saltarium.png\",\"width\":1200,\"height\":800},{\"@type\":\"BreadcrumbList\",\"@id\":\"https:\\\/\\\/neoqi.com\\\/product\\\/saltarium\\\/#breadcrumb\",\"itemListElement\":[{\"@type\":\"ListItem\",\"position\":1,\"name\":\"Home\",\"item\":\"https:\\\/\\\/neoqi.com\\\/\"},{\"@type\":\"ListItem\",\"position\":2,\"name\":\"Catalog\",\"item\":\"https:\\\/\\\/neoqi.com\\\/it\\\/catalog\\\/\"},{\"@type\":\"ListItem\",\"position\":3,\"name\":\"Saltarium\"}]},{\"@type\":\"WebSite\",\"@id\":\"https:\\\/\\\/neoqi.com\\\/#website\",\"url\":\"https:\\\/\\\/neoqi.com\\\/\",\"name\":\"NEOQI\",\"description\":\"Experience Ultimate Wellness and Relaxation with NeoQi Spa Capsule: Your Path to Rejuvenation\",\"publisher\":{\"@id\":\"https:\\\/\\\/neoqi.com\\\/#organization\"},\"potentialAction\":[{\"@type\":\"SearchAction\",\"target\":{\"@type\":\"EntryPoint\",\"urlTemplate\":\"https:\\\/\\\/neoqi.com\\\/?s={search_term_string}\"},\"query-input\":{\"@type\":\"PropertyValueSpecification\",\"valueRequired\":true,\"valueName\":\"search_term_string\"}}],\"inLanguage\":\"it-IT\"},{\"@type\":\"Organization\",\"@id\":\"https:\\\/\\\/neoqi.com\\\/#organization\",\"name\":\"NEOQI\",\"url\":\"https:\\\/\\\/neoqi.com\\\/\",\"logo\":{\"@type\":\"ImageObject\",\"inLanguage\":\"it-IT\",\"@id\":\"https:\\\/\\\/neoqi.com\\\/#\\\/schema\\\/logo\\\/image\\\/\",\"url\":\"https:\\\/\\\/neoqi.com\\\/wp-content\\\/uploads\\\/2024\\\/09\\\/logoneosvg.svg\",\"contentUrl\":\"https:\\\/\\\/neoqi.com\\\/wp-content\\\/uploads\\\/2024\\\/09\\\/logoneosvg.svg\",\"width\":1,\"height\":1,\"caption\":\"NEOQI\"},\"image\":{\"@id\":\"https:\\\/\\\/neoqi.com\\\/#\\\/schema\\\/logo\\\/image\\\/\"},\"sameAs\":[\"https:\\\/\\\/www.facebook.com\\\/neoqi\\\/\",\"https:\\\/\\\/www.instagram.com\\\/neoqi_com\\\/\"]}]}<\/script>\n<!-- \/ Yoast SEO plugin. -->","yoast_head_json":{"title":"Saltarium - NEOQI","robots":{"index":"index","follow":"follow","max-snippet":"max-snippet:-1","max-image-preview":"max-image-preview:large","max-video-preview":"max-video-preview:-1"},"canonical":"https:\/\/neoqi.com\/it\/prodotto\/saltarium\/","og_locale":"it_IT","og_type":"article","og_title":"Saltarium - NEOQI","og_description":"Saltarium is a compact salt chamber designed for people who appreciate privacy and comfort. Its ergonomic shape makes it comfortable to stay inside in a sitting position, to fully enjoy the healing properties of halotherapy. In the Saltarium capsule, a special environment is created, free of allergens and conducive to deep relaxation. Sessions in the salt capsule help to quickly recover after a busy day, boosting the immune system and cleansing the skin, bronchi and lungs.  During a halotherapy session, a person breathes air that is saturated with salt aerosol. Halotherapy effectively treats airway disorders, such as bronchial asthma, rhinitis and skin diseases, has a beneficial effect on the overall psychological state.\u00a0 Sessions in the Saltarium salt capsule help to restore the respiratory system of those who have given up smoking, strengthen the immune system of all family members and help to relax, get rid of irritability and improve sleep. A Built-in MP3 player allows listening to your favorite music during the treatment. Musical compositions are able to heal, activate brain function, have analgesic and relaxing effects.","og_url":"https:\/\/neoqi.com\/it\/prodotto\/saltarium\/","og_site_name":"NEOQI","article_publisher":"https:\/\/www.facebook.com\/neoqi\/","article_modified_time":"2025-08-04T13:17:33+00:00","og_image":[{"width":1200,"height":800,"url":"https:\/\/neoqi.com\/wp-content\/uploads\/2024\/09\/saltarium.png","type":"image\/png"}],"twitter_card":"summary_large_image","twitter_misc":{"Tempo di lettura stimato":"3 minuti"},"schema":{"@context":"https:\/\/schema.org","@graph":[{"@type":"WebPage","@id":"https:\/\/neoqi.com\/product\/saltarium\/","url":"https:\/\/neoqi.com\/product\/saltarium\/","name":"Saltarium - NEOQI","isPartOf":{"@id":"https:\/\/neoqi.com\/#website"},"primaryImageOfPage":{"@id":"https:\/\/neoqi.com\/product\/saltarium\/#primaryimage"},"image":{"@id":"https:\/\/neoqi.com\/product\/saltarium\/#primaryimage"},"thumbnailUrl":"https:\/\/neoqi.com\/wp-content\/uploads\/2024\/09\/saltarium.png","datePublished":"2024-09-06T01:27:53+00:00","dateModified":"2025-08-04T13:17:33+00:00","breadcrumb":{"@id":"https:\/\/neoqi.com\/product\/saltarium\/#breadcrumb"},"inLanguage":"it-IT","potentialAction":[{"@type":"ReadAction","target":["https:\/\/neoqi.com\/product\/saltarium\/"]}]},{"@type":"ImageObject","inLanguage":"it-IT","@id":"https:\/\/neoqi.com\/product\/saltarium\/#primaryimage","url":"https:\/\/neoqi.com\/wp-content\/uploads\/2024\/09\/saltarium.png","contentUrl":"https:\/\/neoqi.com\/wp-content\/uploads\/2024\/09\/saltarium.png","width":1200,"height":800},{"@type":"BreadcrumbList","@id":"https:\/\/neoqi.com\/product\/saltarium\/#breadcrumb","itemListElement":[{"@type":"ListItem","position":1,"name":"Home","item":"https:\/\/neoqi.com\/"},{"@type":"ListItem","position":2,"name":"Catalog","item":"https:\/\/neoqi.com\/it\/catalog\/"},{"@type":"ListItem","position":3,"name":"Saltarium"}]},{"@type":"WebSite","@id":"https:\/\/neoqi.com\/#website","url":"https:\/\/neoqi.com\/","name":"NEOQI","description":"Sperimentate il massimo del benessere e del relax con NeoQi Spa Capsule: Il vostro percorso di ringiovanimento","publisher":{"@id":"https:\/\/neoqi.com\/#organization"},"potentialAction":[{"@type":"SearchAction","target":{"@type":"EntryPoint","urlTemplate":"https:\/\/neoqi.com\/?s={search_term_string}"},"query-input":{"@type":"PropertyValueSpecification","valueRequired":true,"valueName":"search_term_string"}}],"inLanguage":"it-IT"},{"@type":"Organization","@id":"https:\/\/neoqi.com\/#organization","name":"NEOQI","url":"https:\/\/neoqi.com\/","logo":{"@type":"ImageObject","inLanguage":"it-IT","@id":"https:\/\/neoqi.com\/#\/schema\/logo\/image\/","url":"https:\/\/neoqi.com\/wp-content\/uploads\/2024\/09\/logoneosvg.svg","contentUrl":"https:\/\/neoqi.com\/wp-content\/uploads\/2024\/09\/logoneosvg.svg","width":1,"height":1,"caption":"NEOQI"},"image":{"@id":"https:\/\/neoqi.com\/#\/schema\/logo\/image\/"},"sameAs":["https:\/\/www.facebook.com\/neoqi\/","https:\/\/www.instagram.com\/neoqi_com\/"]}]}},"_links":{"self":[{"href":"https:\/\/neoqi.com\/it\/wp-json\/wp\/v2\/product\/2075","targetHints":{"allow":["GET"]}}],"collection":[{"href":"https:\/\/neoqi.com\/it\/wp-json\/wp\/v2\/product"}],"about":[{"href":"https:\/\/neoqi.com\/it\/wp-json\/wp\/v2\/types\/product"}],"replies":[{"embeddable":true,"href":"https:\/\/neoqi.com\/it\/wp-json\/wp\/v2\/comments?post=2075"}],"wp:featuredmedia":[{"embeddable":true,"href":"https:\/\/neoqi.com\/it\/wp-json\/wp\/v2\/media\/2076"}],"wp:attachment":[{"href":"https:\/\/neoqi.com\/it\/wp-json\/wp\/v2\/media?parent=2075"}],"wp:term":[{"taxonomy":"product_brand","embeddable":true,"href":"https:\/\/neoqi.com\/it\/wp-json\/wp\/v2\/product_brand?post=2075"},{"taxonomy":"product_cat","embeddable":true,"href":"https:\/\/neoqi.com\/it\/wp-json\/wp\/v2\/product_cat?post=2075"},{"taxonomy":"product_tag","embeddable":true,"href":"https:\/\/neoqi.com\/it\/wp-json\/wp\/v2\/product_tag?post=2075"}],"curies":[{"name":"wp","href":"https:\/\/api.w.org\/{rel}","templated":true}]}}