{"id":2088,"date":"2024-09-06T05:31:04","date_gmt":"2024-09-06T02:31:04","guid":{"rendered":"http:\/\/neoqi.com\/?post_type=product&#038;p=2088"},"modified":"2024-12-03T18:34:42","modified_gmt":"2024-12-03T15:34:42","slug":"niagara","status":"publish","type":"product","link":"https:\/\/neoqi.com\/it\/prodotto\/niagara\/","title":{"rendered":"Niagara"},"content":{"rendered":"<div id=\"tab-description\" class=\"woocommerce-Tabs-panel woocommerce-Tabs-panel--description panel entry-content wc-tab\" role=\"tabpanel\" aria-labelledby=\"tab-title-description\">\n<p><strong>I principali trattamenti in NeoQi\u00ae Niagara<\/strong><\/p>\n<ul>\n<li><strong>Bolla d'aria e idromassaggio<\/strong>\u00a0rappresentano le funzioni automatiche della vasca. L'acqua calda, combinata con getti d'acqua o bolle d'aria, rilassa al massimo i muscoli dalla testa ai piedi. L'idromassaggio allevia in modo efficace gli spasmi muscolari, i problemi alla cintura scapolare e alla parte bassa della schiena ed \u00e8 un'ottima misura preventiva contro molte altre malattie. L'idromassaggio \u00e8 estremamente efficace in caso di fragilit\u00e0 dei vasi sanguigni, cos\u00ec come per il trattamento e la prevenzione delle vene varicose delle gambe, aiuta a combattere la cellulite, rafforza il sistema immunitario e cardiovascolare, riempiendo il corpo di energia. Il massaggio con bolle d'aria rilassa le tensioni nervose, aiutando ad affrontare stress, irritabilit\u00e0, insonnia e apatia.<\/li>\n<li><strong>Massaggio manuale subacqueo<\/strong>\u00a0consente di offrire un massaggio profondo dei tessuti pi\u00f9 personalizzato e indolore. Il tubo di massaggio incorporato \u00e8 dotato di diversi ugelli\/teste e la pressione dell'acqua pu\u00f2 essere regolata in base alle esigenze e allo stato del cliente. La pressione applicata pu\u00f2 essere osservata sul manometro situato nelle immediate vicinanze. La vasca spaziosa Niagara \u00e8 perfetta per eseguire massaggi fisioterapici.<\/li>\n<li><strong>Cromoterapia<\/strong>\u00a0si basa sull'impatto dei colori sulla condizione psico-emotiva di una persona. Guarire con l'aiuto della luce e dei colori \u00e8 una terapia efficace che compensa la mancanza di energia nel corpo umano. La cromoterapia agisce rapidamente, immergendo il cliente in uno stato di armonia e aiutandolo a ritrovare il benessere fisico ed emotivo. Un trattamento con la luce completa ed esalta perfettamente i risultati dei trattamenti idromassaggio.<\/li>\n<\/ul>\n<ul class=\"tabs wc-tabs\" role=\"tablist\">\n<li id=\"tab-title-description\" class=\"description_tab active\" role=\"tab\" aria-controls=\"tab-description\"><a href=\"https:\/\/neoqi.com\/it\/prodotto\/bathtubs\/niagara\/#tab-description\">Descrizione<\/a><\/li>\n<\/ul>\n<div id=\"tab-description\" class=\"woocommerce-Tabs-panel woocommerce-Tabs-panel--description panel entry-content wc-tab\" role=\"tabpanel\" aria-labelledby=\"tab-title-description\">\n<div>\n<ul>\n<li>Sistema idromassaggio a 3 pompe<\/li>\n<li>1 sistema di soffiaggio dell'aria<\/li>\n<li>8 getti per i piedi<\/li>\n<li>6 getti laterali<\/li>\n<li>14 getti per il massaggio della schiena<\/li>\n<li>16 getti d'aria inferiori<\/li>\n<li>Idromassaggio<\/li>\n<li>Massaggio a bolle d'aria<\/li>\n<li>Getto manuale per il massaggio subacqueo<\/li>\n<li>Doccia a mano<\/li>\n<li>Sistema di luce colorata (cromoterapia)<\/li>\n<li>Sistema di pulizia dell'ozonizzatore<\/li>\n<li>Riempimento e drenaggio rapido dell'acqua<\/li>\n<\/ul>\n<\/div>\n<\/div>\n<\/div>","protected":false},"excerpt":{"rendered":"<p>La vasca idroterapica Niagara \u00e8 progettata per l'esecuzione di massaggi subacquei fisioterapici. La vasca possiede tutte le caratteristiche necessarie per trattare e prevenire vari problemi dell'apparato muscolo-scheletrico e cardiovascolare. Nella vasca Niagara si possono effettuare massaggi manuali o automatici con getti d'acqua, massaggi con bolle d'aria e balneoterapia classica accompagnata da cromoterapia. Le propriet\u00e0 curative dell'acqua dolce, minerale e marina aiutano a superare lo stress, a dare alla pelle compattezza ed elasticit\u00e0, a normalizzare il funzionamento degli organi interni e ad alleviare i dolori muscolari.<\/p>\n<p>Niagara \u00e8 la vasca pi\u00f9 grande della produzione NeoQi, la sua forma ergonomica e il design anatomico all'interno assicurano il massimo comfort per il cliente, sia in posizione seduta che sdraiata. La compattezza, l'affidabilit\u00e0 e la facilit\u00e0 di funzionamento dell'apparecchio offrono le condizioni ideali per l'idroterapia.<\/p>","protected":false},"featured_media":2089,"comment_status":"open","ping_status":"closed","template":"","meta":{"_acf_changed":false,"site-sidebar-layout":"default","site-content-layout":"","ast-site-content-layout":"default","site-content-style":"default","site-sidebar-style":"default","ast-global-header-display":"","ast-banner-title-visibility":"","ast-main-header-display":"","ast-hfb-above-header-display":"","ast-hfb-below-header-display":"","ast-hfb-mobile-header-display":"","site-post-title":"","ast-breadcrumbs-content":"","ast-featured-img":"","footer-sml-layout":"","ast-disable-related-posts":"","theme-transparent-header-meta":"default","adv-header-id-meta":"","stick-header-meta":"","header-above-stick-meta":"","header-main-stick-meta":"","header-below-stick-meta":"","astra-migrate-meta-layouts":"set","ast-page-background-enabled":"default","ast-page-background-meta":{"desktop":{"background-color":"var(--ast-global-color-4)","background-image":"","background-repeat":"repeat","background-position":"center center","background-size":"auto","background-attachment":"scroll","background-type":"","background-media":"","overlay-type":"","overlay-color":"","overlay-opacity":"","overlay-gradient":""},"tablet":{"background-color":"","background-image":"","background-repeat":"repeat","background-position":"center center","background-size":"auto","background-attachment":"scroll","background-type":"","background-media":"","overlay-type":"","overlay-color":"","overlay-opacity":"","overlay-gradient":""},"mobile":{"background-color":"","background-image":"","background-repeat":"repeat","background-position":"center center","background-size":"auto","background-attachment":"scroll","background-type":"","background-media":"","overlay-type":"","overlay-color":"","overlay-opacity":"","overlay-gradient":""}},"ast-content-background-meta":{"desktop":{"background-color":"var(--ast-global-color-5)","background-image":"","background-repeat":"repeat","background-position":"center center","background-size":"auto","background-attachment":"scroll","background-type":"","background-media":"","overlay-type":"","overlay-color":"","overlay-opacity":"","overlay-gradient":""},"tablet":{"background-color":"var(--ast-global-color-5)","background-image":"","background-repeat":"repeat","background-position":"center center","background-size":"auto","background-attachment":"scroll","background-type":"","background-media":"","overlay-type":"","overlay-color":"","overlay-opacity":"","overlay-gradient":""},"mobile":{"background-color":"var(--ast-global-color-5)","background-image":"","background-repeat":"repeat","background-position":"center center","background-size":"auto","background-attachment":"scroll","background-type":"","background-media":"","overlay-type":"","overlay-color":"","overlay-opacity":"","overlay-gradient":""}}},"product_brand":[],"product_cat":[81,85],"product_tag":[],"class_list":{"0":"post-2088","1":"product","2":"type-product","3":"status-publish","4":"has-post-thumbnail","6":"product_cat-energy-cocoons","7":"product_cat-medical","8":"desktop-align-left","9":"tablet-align-left","10":"mobile-align-left","12":"first","13":"instock","14":"shipping-taxable","15":"product-type-simple"},"acf":[],"yoast_head":"<!-- This site is optimized with the Yoast SEO plugin v27.4 - https:\/\/yoast.com\/product\/yoast-seo-wordpress\/ -->\n<title>Niagara - NEOQI<\/title>\n<meta name=\"robots\" content=\"index, follow, max-snippet:-1, max-image-preview:large, max-video-preview:-1\" \/>\n<link rel=\"canonical\" href=\"https:\/\/neoqi.com\/it\/prodotto\/niagara\/\" \/>\n<meta property=\"og:locale\" content=\"it_IT\" \/>\n<meta property=\"og:type\" content=\"article\" \/>\n<meta property=\"og:title\" content=\"Niagara - NEOQI\" \/>\n<meta property=\"og:description\" content=\"The Niagara hydrotherapy bath is designed for preforming physiotherapeutical underwater massage. The bath has all the necessary features for treating and preventing various problems of musculoskeletal and cardiovascular systems. In the Niagara bath, one can carry out manual or automatic massage with water jets, air bubble massage as well as classical balneotherapy accompanied by chromotherapy. The curative properties of fresh, mineral and seawater help to cope with stress, give the skin firmness and elasticity, normalize the function of the internal organs, and relieve muscle aches.  Niagara is the largest baths of NeoQi production, its ergonomic shape and anatomical design on the inside\u00a0\u00a0 ensures the maximum comfort for the customer, both in sitting and lying position. The compactness, reliability and ease of operation of the device provides\/delivers ideal conditions for hydrotherapy.\" \/>\n<meta property=\"og:url\" content=\"https:\/\/neoqi.com\/it\/prodotto\/niagara\/\" \/>\n<meta property=\"og:site_name\" content=\"NEOQI\" \/>\n<meta property=\"article:publisher\" content=\"https:\/\/www.facebook.com\/neoqi\/\" \/>\n<meta property=\"article:modified_time\" content=\"2024-12-03T15:34:42+00:00\" \/>\n<meta property=\"og:image\" content=\"https:\/\/neoqi.com\/wp-content\/uploads\/2024\/09\/niagara_wellness.png\" \/>\n\t<meta property=\"og:image:width\" content=\"1200\" \/>\n\t<meta property=\"og:image:height\" content=\"800\" \/>\n\t<meta property=\"og:image:type\" content=\"image\/png\" \/>\n<meta name=\"twitter:card\" content=\"summary_large_image\" \/>\n<meta name=\"twitter:label1\" content=\"Tempo di lettura stimato\" \/>\n\t<meta name=\"twitter:data1\" content=\"1 minuto\" \/>\n<script type=\"application\/ld+json\" class=\"yoast-schema-graph\">{\"@context\":\"https:\\\/\\\/schema.org\",\"@graph\":[{\"@type\":\"WebPage\",\"@id\":\"https:\\\/\\\/neoqi.com\\\/product\\\/niagara\\\/\",\"url\":\"https:\\\/\\\/neoqi.com\\\/product\\\/niagara\\\/\",\"name\":\"Niagara - NEOQI\",\"isPartOf\":{\"@id\":\"https:\\\/\\\/neoqi.com\\\/#website\"},\"primaryImageOfPage\":{\"@id\":\"https:\\\/\\\/neoqi.com\\\/product\\\/niagara\\\/#primaryimage\"},\"image\":{\"@id\":\"https:\\\/\\\/neoqi.com\\\/product\\\/niagara\\\/#primaryimage\"},\"thumbnailUrl\":\"https:\\\/\\\/neoqi.com\\\/wp-content\\\/uploads\\\/2024\\\/09\\\/niagara_wellness.png\",\"datePublished\":\"2024-09-06T02:31:04+00:00\",\"dateModified\":\"2024-12-03T15:34:42+00:00\",\"breadcrumb\":{\"@id\":\"https:\\\/\\\/neoqi.com\\\/product\\\/niagara\\\/#breadcrumb\"},\"inLanguage\":\"it-IT\",\"potentialAction\":[{\"@type\":\"ReadAction\",\"target\":[\"https:\\\/\\\/neoqi.com\\\/product\\\/niagara\\\/\"]}]},{\"@type\":\"ImageObject\",\"inLanguage\":\"it-IT\",\"@id\":\"https:\\\/\\\/neoqi.com\\\/product\\\/niagara\\\/#primaryimage\",\"url\":\"https:\\\/\\\/neoqi.com\\\/wp-content\\\/uploads\\\/2024\\\/09\\\/niagara_wellness.png\",\"contentUrl\":\"https:\\\/\\\/neoqi.com\\\/wp-content\\\/uploads\\\/2024\\\/09\\\/niagara_wellness.png\",\"width\":1200,\"height\":800},{\"@type\":\"BreadcrumbList\",\"@id\":\"https:\\\/\\\/neoqi.com\\\/product\\\/niagara\\\/#breadcrumb\",\"itemListElement\":[{\"@type\":\"ListItem\",\"position\":1,\"name\":\"Home\",\"item\":\"https:\\\/\\\/neoqi.com\\\/\"},{\"@type\":\"ListItem\",\"position\":2,\"name\":\"Catalog\",\"item\":\"https:\\\/\\\/neoqi.com\\\/it\\\/catalog\\\/\"},{\"@type\":\"ListItem\",\"position\":3,\"name\":\"Niagara\"}]},{\"@type\":\"WebSite\",\"@id\":\"https:\\\/\\\/neoqi.com\\\/#website\",\"url\":\"https:\\\/\\\/neoqi.com\\\/\",\"name\":\"NEOQI\",\"description\":\"Experience Ultimate Wellness and Relaxation with NeoQi Spa Capsule: Your Path to Rejuvenation\",\"publisher\":{\"@id\":\"https:\\\/\\\/neoqi.com\\\/#organization\"},\"potentialAction\":[{\"@type\":\"SearchAction\",\"target\":{\"@type\":\"EntryPoint\",\"urlTemplate\":\"https:\\\/\\\/neoqi.com\\\/?s={search_term_string}\"},\"query-input\":{\"@type\":\"PropertyValueSpecification\",\"valueRequired\":true,\"valueName\":\"search_term_string\"}}],\"inLanguage\":\"it-IT\"},{\"@type\":\"Organization\",\"@id\":\"https:\\\/\\\/neoqi.com\\\/#organization\",\"name\":\"NEOQI\",\"url\":\"https:\\\/\\\/neoqi.com\\\/\",\"logo\":{\"@type\":\"ImageObject\",\"inLanguage\":\"it-IT\",\"@id\":\"https:\\\/\\\/neoqi.com\\\/#\\\/schema\\\/logo\\\/image\\\/\",\"url\":\"https:\\\/\\\/neoqi.com\\\/wp-content\\\/uploads\\\/2024\\\/09\\\/logoneosvg.svg\",\"contentUrl\":\"https:\\\/\\\/neoqi.com\\\/wp-content\\\/uploads\\\/2024\\\/09\\\/logoneosvg.svg\",\"width\":1,\"height\":1,\"caption\":\"NEOQI\"},\"image\":{\"@id\":\"https:\\\/\\\/neoqi.com\\\/#\\\/schema\\\/logo\\\/image\\\/\"},\"sameAs\":[\"https:\\\/\\\/www.facebook.com\\\/neoqi\\\/\",\"https:\\\/\\\/www.instagram.com\\\/neoqi_com\\\/\"]}]}<\/script>\n<!-- \/ Yoast SEO plugin. -->","yoast_head_json":{"title":"Niagara - NEOQI","robots":{"index":"index","follow":"follow","max-snippet":"max-snippet:-1","max-image-preview":"max-image-preview:large","max-video-preview":"max-video-preview:-1"},"canonical":"https:\/\/neoqi.com\/it\/prodotto\/niagara\/","og_locale":"it_IT","og_type":"article","og_title":"Niagara - NEOQI","og_description":"The Niagara hydrotherapy bath is designed for preforming physiotherapeutical underwater massage. The bath has all the necessary features for treating and preventing various problems of musculoskeletal and cardiovascular systems. In the Niagara bath, one can carry out manual or automatic massage with water jets, air bubble massage as well as classical balneotherapy accompanied by chromotherapy. The curative properties of fresh, mineral and seawater help to cope with stress, give the skin firmness and elasticity, normalize the function of the internal organs, and relieve muscle aches.  Niagara is the largest baths of NeoQi production, its ergonomic shape and anatomical design on the inside\u00a0\u00a0 ensures the maximum comfort for the customer, both in sitting and lying position. The compactness, reliability and ease of operation of the device provides\/delivers ideal conditions for hydrotherapy.","og_url":"https:\/\/neoqi.com\/it\/prodotto\/niagara\/","og_site_name":"NEOQI","article_publisher":"https:\/\/www.facebook.com\/neoqi\/","article_modified_time":"2024-12-03T15:34:42+00:00","og_image":[{"width":1200,"height":800,"url":"https:\/\/neoqi.com\/wp-content\/uploads\/2024\/09\/niagara_wellness.png","type":"image\/png"}],"twitter_card":"summary_large_image","twitter_misc":{"Tempo di lettura stimato":"1 minuto"},"schema":{"@context":"https:\/\/schema.org","@graph":[{"@type":"WebPage","@id":"https:\/\/neoqi.com\/product\/niagara\/","url":"https:\/\/neoqi.com\/product\/niagara\/","name":"Niagara - NEOQI","isPartOf":{"@id":"https:\/\/neoqi.com\/#website"},"primaryImageOfPage":{"@id":"https:\/\/neoqi.com\/product\/niagara\/#primaryimage"},"image":{"@id":"https:\/\/neoqi.com\/product\/niagara\/#primaryimage"},"thumbnailUrl":"https:\/\/neoqi.com\/wp-content\/uploads\/2024\/09\/niagara_wellness.png","datePublished":"2024-09-06T02:31:04+00:00","dateModified":"2024-12-03T15:34:42+00:00","breadcrumb":{"@id":"https:\/\/neoqi.com\/product\/niagara\/#breadcrumb"},"inLanguage":"it-IT","potentialAction":[{"@type":"ReadAction","target":["https:\/\/neoqi.com\/product\/niagara\/"]}]},{"@type":"ImageObject","inLanguage":"it-IT","@id":"https:\/\/neoqi.com\/product\/niagara\/#primaryimage","url":"https:\/\/neoqi.com\/wp-content\/uploads\/2024\/09\/niagara_wellness.png","contentUrl":"https:\/\/neoqi.com\/wp-content\/uploads\/2024\/09\/niagara_wellness.png","width":1200,"height":800},{"@type":"BreadcrumbList","@id":"https:\/\/neoqi.com\/product\/niagara\/#breadcrumb","itemListElement":[{"@type":"ListItem","position":1,"name":"Home","item":"https:\/\/neoqi.com\/"},{"@type":"ListItem","position":2,"name":"Catalog","item":"https:\/\/neoqi.com\/it\/catalog\/"},{"@type":"ListItem","position":3,"name":"Niagara"}]},{"@type":"WebSite","@id":"https:\/\/neoqi.com\/#website","url":"https:\/\/neoqi.com\/","name":"NEOQI","description":"Sperimentate il massimo del benessere e del relax con NeoQi Spa Capsule: Il vostro percorso di ringiovanimento","publisher":{"@id":"https:\/\/neoqi.com\/#organization"},"potentialAction":[{"@type":"SearchAction","target":{"@type":"EntryPoint","urlTemplate":"https:\/\/neoqi.com\/?s={search_term_string}"},"query-input":{"@type":"PropertyValueSpecification","valueRequired":true,"valueName":"search_term_string"}}],"inLanguage":"it-IT"},{"@type":"Organization","@id":"https:\/\/neoqi.com\/#organization","name":"NEOQI","url":"https:\/\/neoqi.com\/","logo":{"@type":"ImageObject","inLanguage":"it-IT","@id":"https:\/\/neoqi.com\/#\/schema\/logo\/image\/","url":"https:\/\/neoqi.com\/wp-content\/uploads\/2024\/09\/logoneosvg.svg","contentUrl":"https:\/\/neoqi.com\/wp-content\/uploads\/2024\/09\/logoneosvg.svg","width":1,"height":1,"caption":"NEOQI"},"image":{"@id":"https:\/\/neoqi.com\/#\/schema\/logo\/image\/"},"sameAs":["https:\/\/www.facebook.com\/neoqi\/","https:\/\/www.instagram.com\/neoqi_com\/"]}]}},"_links":{"self":[{"href":"https:\/\/neoqi.com\/it\/wp-json\/wp\/v2\/product\/2088","targetHints":{"allow":["GET"]}}],"collection":[{"href":"https:\/\/neoqi.com\/it\/wp-json\/wp\/v2\/product"}],"about":[{"href":"https:\/\/neoqi.com\/it\/wp-json\/wp\/v2\/types\/product"}],"replies":[{"embeddable":true,"href":"https:\/\/neoqi.com\/it\/wp-json\/wp\/v2\/comments?post=2088"}],"wp:featuredmedia":[{"embeddable":true,"href":"https:\/\/neoqi.com\/it\/wp-json\/wp\/v2\/media\/2089"}],"wp:attachment":[{"href":"https:\/\/neoqi.com\/it\/wp-json\/wp\/v2\/media?parent=2088"}],"wp:term":[{"taxonomy":"product_brand","embeddable":true,"href":"https:\/\/neoqi.com\/it\/wp-json\/wp\/v2\/product_brand?post=2088"},{"taxonomy":"product_cat","embeddable":true,"href":"https:\/\/neoqi.com\/it\/wp-json\/wp\/v2\/product_cat?post=2088"},{"taxonomy":"product_tag","embeddable":true,"href":"https:\/\/neoqi.com\/it\/wp-json\/wp\/v2\/product_tag?post=2088"}],"curies":[{"name":"wp","href":"https:\/\/api.w.org\/{rel}","templated":true}]}}