{"id":2107,"date":"2024-09-07T01:42:23","date_gmt":"2024-09-06T22:42:23","guid":{"rendered":"http:\/\/neoqi.com\/?post_type=product&#038;p=2107"},"modified":"2025-08-04T16:19:13","modified_gmt":"2025-08-04T13:19:13","slug":"pro","status":"publish","type":"product","link":"https:\/\/neoqi.com\/it\/prodotto\/pro\/","title":{"rendered":"Pro"},"content":{"rendered":"<p><strong>I principali trattamenti di NeoQi\u00ae Pro<\/strong><\/p>\n<p><strong>Idrofusione<\/strong>. Un effetto efficace e molto delicato della combinazione di vapore e calore infrarosso sul corpo umano. La pelle, i muscoli e le articolazioni vengono riscaldati in profondit\u00e0, attivando la circolazione sanguigna e il processo di lipolisi, eliminando le tossine e le scorie dal corpo. La funzione di idrofusione aumenta l'efficacia degli impacchi per il corpo: la delicata pellicola di vapore impedisce alla composizione cosmetica di seccarsi, mentre il calore a infrarossi favorisce una pi\u00f9 profonda penetrazione dei nutrienti nella pelle.<\/p>\n<p><strong>Doccia Vichy\/doccia a mano<\/strong>. La doccia curativa di Vichy normalizza la funzione degli organi interni, elimina i difetti di bellezza e offre un completo relax o una sferzata di vitalit\u00e0. A seconda del trattamento, \u00e8 possibile regolare la temperatura, la pressione e la direzione dell'acqua. I getti pi\u00f9 forti massaggiano rapidamente ed efficacemente la zona interessata, mentre le gocce morbide e delicate eliminano lo stress e aiutano a combattere l'insonnia. Grazie alla presenza di una doccetta, il terapeuta pu\u00f2 lavare i cosmetici rimasti direttamente nella capsula SPA.  Ci\u00f2 garantisce il massimo comfort e relax del cliente durante l'intero trattamento.<\/p>\n<p><strong>Sessione di idroterapia con idromassaggio e bolle d'aria<\/strong>. I trattamenti in acqua hanno propriet\u00e0 calmanti e rinfrescanti. Il massaggio indolore \u00e8 effettuato da getti d'acqua e il rilassamento del corpo \u00e8 ottenuto grazie alle carezzevoli bolle d'aria che salgono dal fondo della capsula SPA.<\/p>\n<p><strong>Aromaterapia<\/strong>. Le fragranze dei fiori di campo o esotici, delle erbe dei prati, degli alberi di latifoglie o di conifere aiutano a far fronte alla sindrome da stanchezza cronica, all'insonnia, allo stress, all'aumento dell'appetito e alle infiammazioni cutanee.<\/p>\n<p><strong>Impacco completo del corpo con l'uso di maschere cosmetiche<\/strong>. Uno dei trattamenti SPA pi\u00f9 efficaci, che offre una cura completa della pelle. Nella capsula SPA \u00e8 possibile effettuare trattamenti per la correzione della silhouette, per arricchire la pelle di vitamine e minerali, nonch\u00e9 impacchi parziali per il trattamento o la prevenzione di malattie.<\/p>\n<p><strong>Vibromassaggio<\/strong>. Il vibromassaggio pu\u00f2 essere a pulsazioni rapide o delicato e soffice. Durante la seduta vibrante, tutto il corpo viene massaggiato contemporaneamente, dal collo alle dita dei piedi. Il trattamento ha un impatto positivo sul sistema neuro-muscolare e possiede un forte effetto antistress. Il vibromassaggio \u00e8 anche un efficace mezzo di riabilitazione fisica dopo infortuni, migliora la postura e le forme del corpo.<\/p>\n<p><strong>Massaggio manuale subacqueo<\/strong>e. Il massaggio in acqua riempie il corpo di energia, ripristina l'elasticit\u00e0 della pelle ed \u00e8 efficace per la prevenzione di molte malattie.<\/p>\n<p><strong>Programmi complessi combinati<\/strong>. La capsula SPA Harmony Pro apre possibilit\u00e0 illimitate agli specialisti nel trattamento e nella prevenzione di malattie, nel rilassamento, nella lotta all'obesit\u00e0 e nei problemi estetici.<\/p>\n<p><strong>Sintesi:<\/strong><\/p>\n<div id=\"tab-description\" class=\"woocommerce-Tabs-panel woocommerce-Tabs-panel--description panel entry-content wc-tab\" role=\"tabpanel\" aria-labelledby=\"tab-title-description\">Sauna a infrarossi<br \/>\nSauna a vapore<br \/>\nAroma terapia<br \/>\nDoccia Vichy<br \/>\nTavolo di trattamento vibrante<br \/>\nSistema di luci a colori<br \/>\nIdromassaggio<br \/>\nMassaggio a bolle d'aria<br \/>\nGetto manuale<br \/>\nSistema musicale (MP3)<br \/>\nVentola di raffreddamento frontale<br \/>\nDoccia a mano<br \/>\n6 getti laterali<br \/>\n8 getti per il massaggio della schiena<br \/>\n4 getti per i piedi<br \/>\n10 getti d'aria inferiori<br \/>\nGetto manuale per l'idromassaggio<\/div>\n<div role=\"tabpanel\" aria-labelledby=\"tab-title-description\"><\/div>\n<div class=\"ast-oembed-container\" style=\"height: 100%;\"><iframe title=\"NeoQi Pro spa capsule key features\" width=\"500\" height=\"281\" src=\"https:\/\/www.youtube.com\/embed\/q9PWL0qAs-A?feature=oembed\" frameborder=\"0\" allow=\"accelerometer; autoplay; clipboard-write; encrypted-media; gyroscope; picture-in-picture; web-share\" referrerpolicy=\"strict-origin-when-cross-origin\" allowfullscreen><\/iframe><\/div>\n<p>&nbsp;<\/p>","protected":false},"excerpt":{"rendered":"<p>Harmony Pro \u00e8 una capsula SPA di nuova generazione, che offre un'ampia gamma di trattamenti necessari per rinvigorire il corpo e risolvere numerosi problemi estetici. Grazie ad Harmony Pro, \u00e8 possibile realizzare programmi completi su misura in un'unica cabina.<\/p>\n<p>La capsula SPA ha un effetto benefico su tutto il corpo. L'elegante e moderna custodia di Harmony Pro contiene tutte le conoscenze sulle propriet\u00e0 curative dell'acqua, della luce e del calore. Gli utenti hanno accesso a trattamenti di idrofusione e idroterapia, oltre alla possibilit\u00e0 di influenzare lo stato emotivo di una persona per mezzo di colori, luci, musica e una variet\u00e0 di sapori.<\/p>\n<p>Harmony Pro combina le pi\u00f9 recenti conquiste della medicina e della cosmetologia. Questo complesso fisioterapico \u00e8 stato progettato specificamente per le esigenze dei centri termali, di fitness e di riabilitazione.<\/p>","protected":false},"featured_media":3181,"comment_status":"open","ping_status":"closed","template":"","meta":{"_acf_changed":false,"site-sidebar-layout":"default","site-content-layout":"","ast-site-content-layout":"default","site-content-style":"default","site-sidebar-style":"default","ast-global-header-display":"","ast-banner-title-visibility":"","ast-main-header-display":"","ast-hfb-above-header-display":"","ast-hfb-below-header-display":"","ast-hfb-mobile-header-display":"","site-post-title":"","ast-breadcrumbs-content":"","ast-featured-img":"","footer-sml-layout":"","ast-disable-related-posts":"","theme-transparent-header-meta":"default","adv-header-id-meta":"","stick-header-meta":"","header-above-stick-meta":"","header-main-stick-meta":"","header-below-stick-meta":"","astra-migrate-meta-layouts":"set","ast-page-background-enabled":"default","ast-page-background-meta":{"desktop":{"background-color":"var(--ast-global-color-4)","background-image":"","background-repeat":"repeat","background-position":"center center","background-size":"auto","background-attachment":"scroll","background-type":"","background-media":"","overlay-type":"","overlay-color":"","overlay-opacity":"","overlay-gradient":""},"tablet":{"background-color":"","background-image":"","background-repeat":"repeat","background-position":"center center","background-size":"auto","background-attachment":"scroll","background-type":"","background-media":"","overlay-type":"","overlay-color":"","overlay-opacity":"","overlay-gradient":""},"mobile":{"background-color":"","background-image":"","background-repeat":"repeat","background-position":"center center","background-size":"auto","background-attachment":"scroll","background-type":"","background-media":"","overlay-type":"","overlay-color":"","overlay-opacity":"","overlay-gradient":""}},"ast-content-background-meta":{"desktop":{"background-color":"var(--ast-global-color-5)","background-image":"","background-repeat":"repeat","background-position":"center center","background-size":"auto","background-attachment":"scroll","background-type":"","background-media":"","overlay-type":"","overlay-color":"","overlay-opacity":"","overlay-gradient":""},"tablet":{"background-color":"var(--ast-global-color-5)","background-image":"","background-repeat":"repeat","background-position":"center center","background-size":"auto","background-attachment":"scroll","background-type":"","background-media":"","overlay-type":"","overlay-color":"","overlay-opacity":"","overlay-gradient":""},"mobile":{"background-color":"var(--ast-global-color-5)","background-image":"","background-repeat":"repeat","background-position":"center center","background-size":"auto","background-attachment":"scroll","background-type":"","background-media":"","overlay-type":"","overlay-color":"","overlay-opacity":"","overlay-gradient":""}}},"product_brand":[],"product_cat":[81,82],"product_tag":[],"class_list":{"0":"post-2107","1":"product","2":"type-product","3":"status-publish","4":"has-post-thumbnail","6":"product_cat-energy-cocoons","7":"product_cat-esthetical","8":"desktop-align-left","9":"tablet-align-left","10":"mobile-align-left","12":"first","13":"instock","14":"shipping-taxable","15":"product-type-simple"},"acf":[],"yoast_head":"<!-- This site is optimized with the Yoast SEO plugin v27.4 - https:\/\/yoast.com\/product\/yoast-seo-wordpress\/ -->\n<title>Pro - NEOQI<\/title>\n<meta name=\"robots\" content=\"index, follow, max-snippet:-1, max-image-preview:large, max-video-preview:-1\" \/>\n<link rel=\"canonical\" href=\"https:\/\/neoqi.com\/it\/prodotto\/pro\/\" \/>\n<meta property=\"og:locale\" content=\"it_IT\" \/>\n<meta property=\"og:type\" content=\"article\" \/>\n<meta property=\"og:title\" content=\"Pro - NEOQI\" \/>\n<meta property=\"og:description\" content=\"Harmony Pro is a SPA-capsule of a new generation, providing a wide range of treatments necessary for the invigoration of the body and solving number of aesthetic problems. Thanks to Harmony Pro, individually tailored complete programs may be carried out within just one cabinet.  SPA capsule has a beneficial effect on the body as a whole. The stylish and modern case of Harmony Pro contains all the knowledge about the healing properties of water, light and heat. Users have and access to treatments of hydro fusion and \u2013therapy, as well as the opportunity to affect the emotional state of a person by means of color, light, music and a variety of flavors.  Harmony Pro combines the latest achievements in medicine and cosmetology. This physiotherapy complex has been specifically designed for the needs of the spa, fitness and rehabilitation centers.\" \/>\n<meta property=\"og:url\" content=\"https:\/\/neoqi.com\/it\/prodotto\/pro\/\" \/>\n<meta property=\"og:site_name\" content=\"NEOQI\" \/>\n<meta property=\"article:publisher\" content=\"https:\/\/www.facebook.com\/neoqi\/\" \/>\n<meta property=\"article:modified_time\" content=\"2025-08-04T13:19:13+00:00\" \/>\n<meta property=\"og:image\" content=\"https:\/\/neoqi.com\/wp-content\/uploads\/2024\/09\/wellness_neoqi_Pro_2.jpg\" \/>\n\t<meta property=\"og:image:width\" content=\"750\" \/>\n\t<meta property=\"og:image:height\" content=\"500\" \/>\n\t<meta property=\"og:image:type\" content=\"image\/jpeg\" \/>\n<meta name=\"twitter:card\" content=\"summary_large_image\" \/>\n<meta name=\"twitter:label1\" content=\"Tempo di lettura stimato\" \/>\n\t<meta name=\"twitter:data1\" content=\"3 minuti\" \/>\n<script type=\"application\/ld+json\" class=\"yoast-schema-graph\">{\"@context\":\"https:\\\/\\\/schema.org\",\"@graph\":[{\"@type\":\"WebPage\",\"@id\":\"https:\\\/\\\/neoqi.com\\\/product\\\/pro\\\/\",\"url\":\"https:\\\/\\\/neoqi.com\\\/product\\\/pro\\\/\",\"name\":\"Pro - NEOQI\",\"isPartOf\":{\"@id\":\"https:\\\/\\\/neoqi.com\\\/#website\"},\"primaryImageOfPage\":{\"@id\":\"https:\\\/\\\/neoqi.com\\\/product\\\/pro\\\/#primaryimage\"},\"image\":{\"@id\":\"https:\\\/\\\/neoqi.com\\\/product\\\/pro\\\/#primaryimage\"},\"thumbnailUrl\":\"https:\\\/\\\/neoqi.com\\\/wp-content\\\/uploads\\\/2024\\\/09\\\/wellness_neoqi_Pro_2.jpg\",\"datePublished\":\"2024-09-06T22:42:23+00:00\",\"dateModified\":\"2025-08-04T13:19:13+00:00\",\"breadcrumb\":{\"@id\":\"https:\\\/\\\/neoqi.com\\\/product\\\/pro\\\/#breadcrumb\"},\"inLanguage\":\"it-IT\",\"potentialAction\":[{\"@type\":\"ReadAction\",\"target\":[\"https:\\\/\\\/neoqi.com\\\/product\\\/pro\\\/\"]}]},{\"@type\":\"ImageObject\",\"inLanguage\":\"it-IT\",\"@id\":\"https:\\\/\\\/neoqi.com\\\/product\\\/pro\\\/#primaryimage\",\"url\":\"https:\\\/\\\/neoqi.com\\\/wp-content\\\/uploads\\\/2024\\\/09\\\/wellness_neoqi_Pro_2.jpg\",\"contentUrl\":\"https:\\\/\\\/neoqi.com\\\/wp-content\\\/uploads\\\/2024\\\/09\\\/wellness_neoqi_Pro_2.jpg\",\"width\":750,\"height\":500},{\"@type\":\"BreadcrumbList\",\"@id\":\"https:\\\/\\\/neoqi.com\\\/product\\\/pro\\\/#breadcrumb\",\"itemListElement\":[{\"@type\":\"ListItem\",\"position\":1,\"name\":\"Home\",\"item\":\"https:\\\/\\\/neoqi.com\\\/\"},{\"@type\":\"ListItem\",\"position\":2,\"name\":\"Catalog\",\"item\":\"https:\\\/\\\/neoqi.com\\\/it\\\/catalog\\\/\"},{\"@type\":\"ListItem\",\"position\":3,\"name\":\"Pro\"}]},{\"@type\":\"WebSite\",\"@id\":\"https:\\\/\\\/neoqi.com\\\/#website\",\"url\":\"https:\\\/\\\/neoqi.com\\\/\",\"name\":\"NEOQI\",\"description\":\"Experience Ultimate Wellness and Relaxation with NeoQi Spa Capsule: Your Path to Rejuvenation\",\"publisher\":{\"@id\":\"https:\\\/\\\/neoqi.com\\\/#organization\"},\"potentialAction\":[{\"@type\":\"SearchAction\",\"target\":{\"@type\":\"EntryPoint\",\"urlTemplate\":\"https:\\\/\\\/neoqi.com\\\/?s={search_term_string}\"},\"query-input\":{\"@type\":\"PropertyValueSpecification\",\"valueRequired\":true,\"valueName\":\"search_term_string\"}}],\"inLanguage\":\"it-IT\"},{\"@type\":\"Organization\",\"@id\":\"https:\\\/\\\/neoqi.com\\\/#organization\",\"name\":\"NEOQI\",\"url\":\"https:\\\/\\\/neoqi.com\\\/\",\"logo\":{\"@type\":\"ImageObject\",\"inLanguage\":\"it-IT\",\"@id\":\"https:\\\/\\\/neoqi.com\\\/#\\\/schema\\\/logo\\\/image\\\/\",\"url\":\"https:\\\/\\\/neoqi.com\\\/wp-content\\\/uploads\\\/2024\\\/09\\\/logoneosvg.svg\",\"contentUrl\":\"https:\\\/\\\/neoqi.com\\\/wp-content\\\/uploads\\\/2024\\\/09\\\/logoneosvg.svg\",\"width\":1,\"height\":1,\"caption\":\"NEOQI\"},\"image\":{\"@id\":\"https:\\\/\\\/neoqi.com\\\/#\\\/schema\\\/logo\\\/image\\\/\"},\"sameAs\":[\"https:\\\/\\\/www.facebook.com\\\/neoqi\\\/\",\"https:\\\/\\\/www.instagram.com\\\/neoqi_com\\\/\"]}]}<\/script>\n<!-- \/ Yoast SEO plugin. -->","yoast_head_json":{"title":"Pro - NEOQI","robots":{"index":"index","follow":"follow","max-snippet":"max-snippet:-1","max-image-preview":"max-image-preview:large","max-video-preview":"max-video-preview:-1"},"canonical":"https:\/\/neoqi.com\/it\/prodotto\/pro\/","og_locale":"it_IT","og_type":"article","og_title":"Pro - NEOQI","og_description":"Harmony Pro is a SPA-capsule of a new generation, providing a wide range of treatments necessary for the invigoration of the body and solving number of aesthetic problems. Thanks to Harmony Pro, individually tailored complete programs may be carried out within just one cabinet.  SPA capsule has a beneficial effect on the body as a whole. The stylish and modern case of Harmony Pro contains all the knowledge about the healing properties of water, light and heat. Users have and access to treatments of hydro fusion and \u2013therapy, as well as the opportunity to affect the emotional state of a person by means of color, light, music and a variety of flavors.  Harmony Pro combines the latest achievements in medicine and cosmetology. This physiotherapy complex has been specifically designed for the needs of the spa, fitness and rehabilitation centers.","og_url":"https:\/\/neoqi.com\/it\/prodotto\/pro\/","og_site_name":"NEOQI","article_publisher":"https:\/\/www.facebook.com\/neoqi\/","article_modified_time":"2025-08-04T13:19:13+00:00","og_image":[{"width":750,"height":500,"url":"https:\/\/neoqi.com\/wp-content\/uploads\/2024\/09\/wellness_neoqi_Pro_2.jpg","type":"image\/jpeg"}],"twitter_card":"summary_large_image","twitter_misc":{"Tempo di lettura stimato":"3 minuti"},"schema":{"@context":"https:\/\/schema.org","@graph":[{"@type":"WebPage","@id":"https:\/\/neoqi.com\/product\/pro\/","url":"https:\/\/neoqi.com\/product\/pro\/","name":"Pro - NEOQI","isPartOf":{"@id":"https:\/\/neoqi.com\/#website"},"primaryImageOfPage":{"@id":"https:\/\/neoqi.com\/product\/pro\/#primaryimage"},"image":{"@id":"https:\/\/neoqi.com\/product\/pro\/#primaryimage"},"thumbnailUrl":"https:\/\/neoqi.com\/wp-content\/uploads\/2024\/09\/wellness_neoqi_Pro_2.jpg","datePublished":"2024-09-06T22:42:23+00:00","dateModified":"2025-08-04T13:19:13+00:00","breadcrumb":{"@id":"https:\/\/neoqi.com\/product\/pro\/#breadcrumb"},"inLanguage":"it-IT","potentialAction":[{"@type":"ReadAction","target":["https:\/\/neoqi.com\/product\/pro\/"]}]},{"@type":"ImageObject","inLanguage":"it-IT","@id":"https:\/\/neoqi.com\/product\/pro\/#primaryimage","url":"https:\/\/neoqi.com\/wp-content\/uploads\/2024\/09\/wellness_neoqi_Pro_2.jpg","contentUrl":"https:\/\/neoqi.com\/wp-content\/uploads\/2024\/09\/wellness_neoqi_Pro_2.jpg","width":750,"height":500},{"@type":"BreadcrumbList","@id":"https:\/\/neoqi.com\/product\/pro\/#breadcrumb","itemListElement":[{"@type":"ListItem","position":1,"name":"Home","item":"https:\/\/neoqi.com\/"},{"@type":"ListItem","position":2,"name":"Catalog","item":"https:\/\/neoqi.com\/it\/catalog\/"},{"@type":"ListItem","position":3,"name":"Pro"}]},{"@type":"WebSite","@id":"https:\/\/neoqi.com\/#website","url":"https:\/\/neoqi.com\/","name":"NEOQI","description":"Sperimentate il massimo del benessere e del relax con NeoQi Spa Capsule: Il vostro percorso di ringiovanimento","publisher":{"@id":"https:\/\/neoqi.com\/#organization"},"potentialAction":[{"@type":"SearchAction","target":{"@type":"EntryPoint","urlTemplate":"https:\/\/neoqi.com\/?s={search_term_string}"},"query-input":{"@type":"PropertyValueSpecification","valueRequired":true,"valueName":"search_term_string"}}],"inLanguage":"it-IT"},{"@type":"Organization","@id":"https:\/\/neoqi.com\/#organization","name":"NEOQI","url":"https:\/\/neoqi.com\/","logo":{"@type":"ImageObject","inLanguage":"it-IT","@id":"https:\/\/neoqi.com\/#\/schema\/logo\/image\/","url":"https:\/\/neoqi.com\/wp-content\/uploads\/2024\/09\/logoneosvg.svg","contentUrl":"https:\/\/neoqi.com\/wp-content\/uploads\/2024\/09\/logoneosvg.svg","width":1,"height":1,"caption":"NEOQI"},"image":{"@id":"https:\/\/neoqi.com\/#\/schema\/logo\/image\/"},"sameAs":["https:\/\/www.facebook.com\/neoqi\/","https:\/\/www.instagram.com\/neoqi_com\/"]}]}},"_links":{"self":[{"href":"https:\/\/neoqi.com\/it\/wp-json\/wp\/v2\/product\/2107","targetHints":{"allow":["GET"]}}],"collection":[{"href":"https:\/\/neoqi.com\/it\/wp-json\/wp\/v2\/product"}],"about":[{"href":"https:\/\/neoqi.com\/it\/wp-json\/wp\/v2\/types\/product"}],"replies":[{"embeddable":true,"href":"https:\/\/neoqi.com\/it\/wp-json\/wp\/v2\/comments?post=2107"}],"wp:featuredmedia":[{"embeddable":true,"href":"https:\/\/neoqi.com\/it\/wp-json\/wp\/v2\/media\/3181"}],"wp:attachment":[{"href":"https:\/\/neoqi.com\/it\/wp-json\/wp\/v2\/media?parent=2107"}],"wp:term":[{"taxonomy":"product_brand","embeddable":true,"href":"https:\/\/neoqi.com\/it\/wp-json\/wp\/v2\/product_brand?post=2107"},{"taxonomy":"product_cat","embeddable":true,"href":"https:\/\/neoqi.com\/it\/wp-json\/wp\/v2\/product_cat?post=2107"},{"taxonomy":"product_tag","embeddable":true,"href":"https:\/\/neoqi.com\/it\/wp-json\/wp\/v2\/product_tag?post=2107"}],"curies":[{"name":"wp","href":"https:\/\/api.w.org\/{rel}","templated":true}]}}