{"id":2147,"date":"2024-09-07T03:55:10","date_gmt":"2024-09-07T00:55:10","guid":{"rendered":"http:\/\/neoqi.com\/?post_type=product&#038;p=2147"},"modified":"2024-12-03T18:38:05","modified_gmt":"2024-12-03T15:38:05","slug":"relax","status":"publish","type":"product","link":"https:\/\/neoqi.com\/it\/prodotto\/relax\/","title":{"rendered":"Relax"},"content":{"rendered":"<p><strong>I principali trattamenti di NeoQi\u00ae Relax<\/strong><\/p>\n<p>Sauna a vapore. Un piacevole vapore caldo stimola la sudorazione, la pulizia profonda e la disintossicazione della pelle. Con visite regolari alla sauna a vapore, la pelle diventa pi\u00f9 morbida, liscia e acquisisce un tono uniforme, luminoso e sano. La sauna a vapore accelera anche il metabolismo, portando a una naturale e sana perdita di peso.<\/p>\n<p><strong>Sauna a infrarossi.<\/strong> Fin dai primi minuti del trattamento, il calore infrarosso inizia a esercitare la sua influenza benefica e dolce sul corpo. Un profondo riscaldamento dei tessuti degli organi interni allevia i dolori muscolari, rafforza il sistema immunitario ed elimina le tossine. L'IR aiuta a migliorare lo stato emotivo e combatte lo stress eliminando irritabilit\u00e0, nervosismo e insonnia.<\/p>\n<p><strong>Aromaterapia.<\/strong> Un metodo di trattamento piacevole con l'aiuto di odori che vi immergono nel misterioso mondo degli oli essenziali. Le essenze possono rilassare, cullare o eccitare il sistema nervoso. Mescolate una composizione di diversi aromi per assaporare l'atmosfera di un fresco giardino di agrumi, di una foresta tropicale o di un bazar orientale.<\/p>\n<p><strong>Cromoterapia.<\/strong> I colori hanno un impatto sullo stato psicofisico generale di una persona. Utilizzate le propriet\u00e0 di ciascun colore per ripristinare i modelli di sonno e le funzioni degli organi interni, eliminare il mal di testa, alleviare l'ansia e la depressione.<\/p>\n<p><strong>Sintesi<\/strong><\/p>\n<p>Sauna a infrarossi<br \/>\nSauna a vapore<br \/>\nAroma terapia<br \/>\nSistema di luci a colori<br \/>\nSistema musicale (MP3)<\/p>","protected":false},"excerpt":{"rendered":"<p>Il bozzolo Relax Energy \u00e8 un dispositivo funzionale di alta qualit\u00e0 che consente di usufruire di sauna a vapore e a infrarossi. La sua forma ergonomica offre una posizione di seduta comoda, in cui la testa rimane fuori e non \u00e8 esposta alle temperature pi\u00f9 elevate.<\/p>\n<p>Le funzioni di cromoterapia, aromaterapia e musicoterapia completano ogni seduta, garantendo un potente effetto terapeutico sullo stato psico-emotivo.  Scegliete un programma in base ai vostri desideri, sia che vogliate caricare il vostro corpo di energia sia che vogliate offrirgli il massimo relax a fine giornata.<\/p>\n<p>La capsula Relax SPA offre un'opportunit\u00e0 unica per dedicare del tempo a se stessi, effettuando trattamenti di bellezza e benessere. L'uso regolare della capsula Relax SPA vi riempir\u00e0 di energia, diventer\u00e0 un ottimo strumento nella lotta contro il peso in eccesso e vi far\u00e0 ritrovare vitalit\u00e0 e salute.<\/p>","protected":false},"featured_media":2148,"comment_status":"open","ping_status":"closed","template":"","meta":{"_acf_changed":false,"site-sidebar-layout":"default","site-content-layout":"","ast-site-content-layout":"default","site-content-style":"default","site-sidebar-style":"default","ast-global-header-display":"","ast-banner-title-visibility":"","ast-main-header-display":"","ast-hfb-above-header-display":"","ast-hfb-below-header-display":"","ast-hfb-mobile-header-display":"","site-post-title":"","ast-breadcrumbs-content":"","ast-featured-img":"","footer-sml-layout":"","ast-disable-related-posts":"","theme-transparent-header-meta":"default","adv-header-id-meta":"","stick-header-meta":"","header-above-stick-meta":"","header-main-stick-meta":"","header-below-stick-meta":"","astra-migrate-meta-layouts":"set","ast-page-background-enabled":"default","ast-page-background-meta":{"desktop":{"background-color":"var(--ast-global-color-4)","background-image":"","background-repeat":"repeat","background-position":"center center","background-size":"auto","background-attachment":"scroll","background-type":"","background-media":"","overlay-type":"","overlay-color":"","overlay-opacity":"","overlay-gradient":""},"tablet":{"background-color":"","background-image":"","background-repeat":"repeat","background-position":"center center","background-size":"auto","background-attachment":"scroll","background-type":"","background-media":"","overlay-type":"","overlay-color":"","overlay-opacity":"","overlay-gradient":""},"mobile":{"background-color":"","background-image":"","background-repeat":"repeat","background-position":"center center","background-size":"auto","background-attachment":"scroll","background-type":"","background-media":"","overlay-type":"","overlay-color":"","overlay-opacity":"","overlay-gradient":""}},"ast-content-background-meta":{"desktop":{"background-color":"var(--ast-global-color-5)","background-image":"","background-repeat":"repeat","background-position":"center center","background-size":"auto","background-attachment":"scroll","background-type":"","background-media":"","overlay-type":"","overlay-color":"","overlay-opacity":"","overlay-gradient":""},"tablet":{"background-color":"var(--ast-global-color-5)","background-image":"","background-repeat":"repeat","background-position":"center center","background-size":"auto","background-attachment":"scroll","background-type":"","background-media":"","overlay-type":"","overlay-color":"","overlay-opacity":"","overlay-gradient":""},"mobile":{"background-color":"var(--ast-global-color-5)","background-image":"","background-repeat":"repeat","background-position":"center center","background-size":"auto","background-attachment":"scroll","background-type":"","background-media":"","overlay-type":"","overlay-color":"","overlay-opacity":"","overlay-gradient":""}}},"product_brand":[],"product_cat":[81,82],"product_tag":[],"class_list":{"0":"post-2147","1":"product","2":"type-product","3":"status-publish","4":"has-post-thumbnail","6":"product_cat-energy-cocoons","7":"product_cat-esthetical","8":"desktop-align-left","9":"tablet-align-left","10":"mobile-align-left","12":"first","13":"instock","14":"shipping-taxable","15":"product-type-simple"},"acf":[],"yoast_head":"<!-- This site is optimized with the Yoast SEO plugin v27.3 - https:\/\/yoast.com\/product\/yoast-seo-wordpress\/ -->\n<title>Relax - NEOQI<\/title>\n<meta name=\"robots\" content=\"index, follow, max-snippet:-1, max-image-preview:large, max-video-preview:-1\" \/>\n<link rel=\"canonical\" href=\"https:\/\/neoqi.com\/it\/prodotto\/relax\/\" \/>\n<meta property=\"og:locale\" content=\"it_IT\" \/>\n<meta property=\"og:type\" content=\"article\" \/>\n<meta property=\"og:title\" content=\"Relax - NEOQI\" \/>\n<meta property=\"og:description\" content=\"The Relax Energy cocoon is a high quality functional device that allows you to enjoy both steam and infrared sauna. Its ergonomic shape provides a comfortable sitting position, wherein the head stays out side and is not exposed to higher temperatures.  Chromo-, aroma- and music therapy functions complement each session providing a powerful therapeutic effect on the psycho-emotional state.\u00a0 Choose a program according to your wishes, whether you want to charge your body with energy or offer it maximum relaxation at the end of the day.  The Relax SPA-capsule gives a unique opportunity to devote time to yourself by conducting both beauty and wellness treatments. Regular use of the Relax SPA-cocoon will fill you with energy, become an excellent tool in the fight with excess weight, and regain vitality and health.\" \/>\n<meta property=\"og:url\" content=\"https:\/\/neoqi.com\/it\/prodotto\/relax\/\" \/>\n<meta property=\"og:site_name\" content=\"NEOQI\" \/>\n<meta property=\"article:publisher\" content=\"https:\/\/www.facebook.com\/neoqi\/\" \/>\n<meta property=\"article:modified_time\" content=\"2024-12-03T15:38:05+00:00\" \/>\n<meta property=\"og:image\" content=\"https:\/\/neoqi.com\/wp-content\/uploads\/2024\/09\/relax.png\" \/>\n\t<meta property=\"og:image:width\" content=\"1200\" \/>\n\t<meta property=\"og:image:height\" content=\"800\" \/>\n\t<meta property=\"og:image:type\" content=\"image\/png\" \/>\n<meta name=\"twitter:card\" content=\"summary_large_image\" \/>\n<meta name=\"twitter:label1\" content=\"Tempo di lettura stimato\" \/>\n\t<meta name=\"twitter:data1\" content=\"1 minuto\" \/>\n<script type=\"application\/ld+json\" class=\"yoast-schema-graph\">{\"@context\":\"https:\\\/\\\/schema.org\",\"@graph\":[{\"@type\":\"WebPage\",\"@id\":\"https:\\\/\\\/neoqi.com\\\/product\\\/relax\\\/\",\"url\":\"https:\\\/\\\/neoqi.com\\\/product\\\/relax\\\/\",\"name\":\"Relax - NEOQI\",\"isPartOf\":{\"@id\":\"https:\\\/\\\/neoqi.com\\\/#website\"},\"primaryImageOfPage\":{\"@id\":\"https:\\\/\\\/neoqi.com\\\/product\\\/relax\\\/#primaryimage\"},\"image\":{\"@id\":\"https:\\\/\\\/neoqi.com\\\/product\\\/relax\\\/#primaryimage\"},\"thumbnailUrl\":\"https:\\\/\\\/neoqi.com\\\/wp-content\\\/uploads\\\/2024\\\/09\\\/relax.png\",\"datePublished\":\"2024-09-07T00:55:10+00:00\",\"dateModified\":\"2024-12-03T15:38:05+00:00\",\"breadcrumb\":{\"@id\":\"https:\\\/\\\/neoqi.com\\\/product\\\/relax\\\/#breadcrumb\"},\"inLanguage\":\"it-IT\",\"potentialAction\":[{\"@type\":\"ReadAction\",\"target\":[\"https:\\\/\\\/neoqi.com\\\/product\\\/relax\\\/\"]}]},{\"@type\":\"ImageObject\",\"inLanguage\":\"it-IT\",\"@id\":\"https:\\\/\\\/neoqi.com\\\/product\\\/relax\\\/#primaryimage\",\"url\":\"https:\\\/\\\/neoqi.com\\\/wp-content\\\/uploads\\\/2024\\\/09\\\/relax.png\",\"contentUrl\":\"https:\\\/\\\/neoqi.com\\\/wp-content\\\/uploads\\\/2024\\\/09\\\/relax.png\",\"width\":1200,\"height\":800},{\"@type\":\"BreadcrumbList\",\"@id\":\"https:\\\/\\\/neoqi.com\\\/product\\\/relax\\\/#breadcrumb\",\"itemListElement\":[{\"@type\":\"ListItem\",\"position\":1,\"name\":\"Home\",\"item\":\"https:\\\/\\\/neoqi.com\\\/\"},{\"@type\":\"ListItem\",\"position\":2,\"name\":\"Catalog\",\"item\":\"https:\\\/\\\/neoqi.com\\\/it\\\/catalog\\\/\"},{\"@type\":\"ListItem\",\"position\":3,\"name\":\"Relax\"}]},{\"@type\":\"WebSite\",\"@id\":\"https:\\\/\\\/neoqi.com\\\/#website\",\"url\":\"https:\\\/\\\/neoqi.com\\\/\",\"name\":\"NEOQI\",\"description\":\"Experience Ultimate Wellness and Relaxation with NeoQi Spa Capsule: Your Path to Rejuvenation\",\"publisher\":{\"@id\":\"https:\\\/\\\/neoqi.com\\\/#organization\"},\"potentialAction\":[{\"@type\":\"SearchAction\",\"target\":{\"@type\":\"EntryPoint\",\"urlTemplate\":\"https:\\\/\\\/neoqi.com\\\/?s={search_term_string}\"},\"query-input\":{\"@type\":\"PropertyValueSpecification\",\"valueRequired\":true,\"valueName\":\"search_term_string\"}}],\"inLanguage\":\"it-IT\"},{\"@type\":\"Organization\",\"@id\":\"https:\\\/\\\/neoqi.com\\\/#organization\",\"name\":\"NEOQI\",\"url\":\"https:\\\/\\\/neoqi.com\\\/\",\"logo\":{\"@type\":\"ImageObject\",\"inLanguage\":\"it-IT\",\"@id\":\"https:\\\/\\\/neoqi.com\\\/#\\\/schema\\\/logo\\\/image\\\/\",\"url\":\"https:\\\/\\\/neoqi.com\\\/wp-content\\\/uploads\\\/2024\\\/09\\\/logoneosvg.svg\",\"contentUrl\":\"https:\\\/\\\/neoqi.com\\\/wp-content\\\/uploads\\\/2024\\\/09\\\/logoneosvg.svg\",\"width\":1,\"height\":1,\"caption\":\"NEOQI\"},\"image\":{\"@id\":\"https:\\\/\\\/neoqi.com\\\/#\\\/schema\\\/logo\\\/image\\\/\"},\"sameAs\":[\"https:\\\/\\\/www.facebook.com\\\/neoqi\\\/\",\"https:\\\/\\\/www.instagram.com\\\/neoqi_com\\\/\"]}]}<\/script>\n<!-- \/ Yoast SEO plugin. -->","yoast_head_json":{"title":"Relax - NEOQI","robots":{"index":"index","follow":"follow","max-snippet":"max-snippet:-1","max-image-preview":"max-image-preview:large","max-video-preview":"max-video-preview:-1"},"canonical":"https:\/\/neoqi.com\/it\/prodotto\/relax\/","og_locale":"it_IT","og_type":"article","og_title":"Relax - NEOQI","og_description":"The Relax Energy cocoon is a high quality functional device that allows you to enjoy both steam and infrared sauna. Its ergonomic shape provides a comfortable sitting position, wherein the head stays out side and is not exposed to higher temperatures.  Chromo-, aroma- and music therapy functions complement each session providing a powerful therapeutic effect on the psycho-emotional state.\u00a0 Choose a program according to your wishes, whether you want to charge your body with energy or offer it maximum relaxation at the end of the day.  The Relax SPA-capsule gives a unique opportunity to devote time to yourself by conducting both beauty and wellness treatments. Regular use of the Relax SPA-cocoon will fill you with energy, become an excellent tool in the fight with excess weight, and regain vitality and health.","og_url":"https:\/\/neoqi.com\/it\/prodotto\/relax\/","og_site_name":"NEOQI","article_publisher":"https:\/\/www.facebook.com\/neoqi\/","article_modified_time":"2024-12-03T15:38:05+00:00","og_image":[{"width":1200,"height":800,"url":"https:\/\/neoqi.com\/wp-content\/uploads\/2024\/09\/relax.png","type":"image\/png"}],"twitter_card":"summary_large_image","twitter_misc":{"Tempo di lettura stimato":"1 minuto"},"schema":{"@context":"https:\/\/schema.org","@graph":[{"@type":"WebPage","@id":"https:\/\/neoqi.com\/product\/relax\/","url":"https:\/\/neoqi.com\/product\/relax\/","name":"Relax - NEOQI","isPartOf":{"@id":"https:\/\/neoqi.com\/#website"},"primaryImageOfPage":{"@id":"https:\/\/neoqi.com\/product\/relax\/#primaryimage"},"image":{"@id":"https:\/\/neoqi.com\/product\/relax\/#primaryimage"},"thumbnailUrl":"https:\/\/neoqi.com\/wp-content\/uploads\/2024\/09\/relax.png","datePublished":"2024-09-07T00:55:10+00:00","dateModified":"2024-12-03T15:38:05+00:00","breadcrumb":{"@id":"https:\/\/neoqi.com\/product\/relax\/#breadcrumb"},"inLanguage":"it-IT","potentialAction":[{"@type":"ReadAction","target":["https:\/\/neoqi.com\/product\/relax\/"]}]},{"@type":"ImageObject","inLanguage":"it-IT","@id":"https:\/\/neoqi.com\/product\/relax\/#primaryimage","url":"https:\/\/neoqi.com\/wp-content\/uploads\/2024\/09\/relax.png","contentUrl":"https:\/\/neoqi.com\/wp-content\/uploads\/2024\/09\/relax.png","width":1200,"height":800},{"@type":"BreadcrumbList","@id":"https:\/\/neoqi.com\/product\/relax\/#breadcrumb","itemListElement":[{"@type":"ListItem","position":1,"name":"Home","item":"https:\/\/neoqi.com\/"},{"@type":"ListItem","position":2,"name":"Catalog","item":"https:\/\/neoqi.com\/it\/catalog\/"},{"@type":"ListItem","position":3,"name":"Relax"}]},{"@type":"WebSite","@id":"https:\/\/neoqi.com\/#website","url":"https:\/\/neoqi.com\/","name":"NEOQI","description":"Sperimentate il massimo del benessere e del relax con NeoQi Spa Capsule: Il vostro percorso di ringiovanimento","publisher":{"@id":"https:\/\/neoqi.com\/#organization"},"potentialAction":[{"@type":"SearchAction","target":{"@type":"EntryPoint","urlTemplate":"https:\/\/neoqi.com\/?s={search_term_string}"},"query-input":{"@type":"PropertyValueSpecification","valueRequired":true,"valueName":"search_term_string"}}],"inLanguage":"it-IT"},{"@type":"Organization","@id":"https:\/\/neoqi.com\/#organization","name":"NEOQI","url":"https:\/\/neoqi.com\/","logo":{"@type":"ImageObject","inLanguage":"it-IT","@id":"https:\/\/neoqi.com\/#\/schema\/logo\/image\/","url":"https:\/\/neoqi.com\/wp-content\/uploads\/2024\/09\/logoneosvg.svg","contentUrl":"https:\/\/neoqi.com\/wp-content\/uploads\/2024\/09\/logoneosvg.svg","width":1,"height":1,"caption":"NEOQI"},"image":{"@id":"https:\/\/neoqi.com\/#\/schema\/logo\/image\/"},"sameAs":["https:\/\/www.facebook.com\/neoqi\/","https:\/\/www.instagram.com\/neoqi_com\/"]}]}},"_links":{"self":[{"href":"https:\/\/neoqi.com\/it\/wp-json\/wp\/v2\/product\/2147","targetHints":{"allow":["GET"]}}],"collection":[{"href":"https:\/\/neoqi.com\/it\/wp-json\/wp\/v2\/product"}],"about":[{"href":"https:\/\/neoqi.com\/it\/wp-json\/wp\/v2\/types\/product"}],"replies":[{"embeddable":true,"href":"https:\/\/neoqi.com\/it\/wp-json\/wp\/v2\/comments?post=2147"}],"wp:featuredmedia":[{"embeddable":true,"href":"https:\/\/neoqi.com\/it\/wp-json\/wp\/v2\/media\/2148"}],"wp:attachment":[{"href":"https:\/\/neoqi.com\/it\/wp-json\/wp\/v2\/media?parent=2147"}],"wp:term":[{"taxonomy":"product_brand","embeddable":true,"href":"https:\/\/neoqi.com\/it\/wp-json\/wp\/v2\/product_brand?post=2147"},{"taxonomy":"product_cat","embeddable":true,"href":"https:\/\/neoqi.com\/it\/wp-json\/wp\/v2\/product_cat?post=2147"},{"taxonomy":"product_tag","embeddable":true,"href":"https:\/\/neoqi.com\/it\/wp-json\/wp\/v2\/product_tag?post=2147"}],"curies":[{"name":"wp","href":"https:\/\/api.w.org\/{rel}","templated":true}]}}