{"id":2197,"date":"2024-09-07T01:11:40","date_gmt":"2024-09-06T22:11:40","guid":{"rendered":"http:\/\/neoqi.com\/?post_type=product&#038;p=2197"},"modified":"2024-12-04T08:27:54","modified_gmt":"2024-12-04T05:27:54","slug":"elegance","status":"publish","type":"product","link":"https:\/\/neoqi.com\/it\/prodotto\/elegance\/","title":{"rendered":"Elegance"},"content":{"rendered":"<p><strong>I principali trattamenti di NeoQi\u00ae Elegance<\/strong><\/p>\n<div id=\"tab-description\" class=\"woocommerce-Tabs-panel woocommerce-Tabs-panel--description panel entry-content wc-tab\" role=\"tabpanel\" aria-labelledby=\"tab-title-description\">\n<p><strong>Sauna a vapore<\/strong>. Una delicata nebbia calda avvolge leggermente il corpo di umidit\u00e0, favorendo il processo di rilassamento del corpo e della mente. Concedetevi un momento di relax e un'occasione di evasione dallo stress quotidiano, per affrontare il giorno successivo con una scorta di nuova forza, energia e buon umore. La sauna a vapore aumenta pi\u00f9 volte l'efficacia di maschere e impacchi. Grazie alla SPA-capsule Elegance i mezzi pi\u00f9 efficaci per la perdita di peso e la riduzione della cellulite sono ora possibili anche a casa.<\/p>\n<p><strong>Sauna a infrarossi<\/strong>\u00a0\u00e8 rilassamento, rinvigorimento e snellimento. L'IR allevia efficacemente i dolori muscolari e articolari, aumenta il tono energetico generale, riduce l'aspetto della cellulite, aiuta a rilassarsi profondamente e a perdere peso.<\/p>\n<p><strong>Idrofusione<\/strong>. Una combinazione di vapore e calore infrarosso: un metodo rivoluzionario di termoterapia. All'interno del bozzolo energetico si crea un ambiente unico, paragonabile a quello di un grembo materno.<\/p>\n<p><strong>Trattamento di idroterapia<\/strong>\u00a0nella vasca da bagno con idromassaggio e bolle d'aria. Le propriet\u00e0 terapeutiche dell'acqua, unite al massaggio indolore delle zone pi\u00f9 problematiche, rilassano i muscoli, ripristinando l'elasticit\u00e0, la morbidezza e la compattezza della pelle. Centinaia di piccole bolle d'aria accarezzano la pelle, calmando il sistema nervoso, eliminando lo stress cronico e le tensioni mentali. Il massaggio con bolle d'aria \u00e8 anche un mezzo efficace per combattere l'insonnia: dopo poche sedute sentirete che il sonno si \u00e8 ristabilito e normalizzato.<\/p>\n<p><strong>Aromaterapia<\/strong>\u00a0ha un effetto benefico sullo stato emotivo e possiede propriet\u00e0 uniche di rilassamento, aiutando ad alleviare completamente lo stress. Con l'aiuto dell'aromaterapia \u00e8 possibile affrontare l'insonnia, la depressione e persino ridurre l'appetito eccessivo.<\/p>\n<p><strong>Cromoterapia<\/strong>\u00a0o rinvigorimento attraverso la luce. Agendo positivamente sul sistema nervoso, ha un effetto particolarmente potente in combinazione con l'idromassaggio. I trattamenti di cromoterapia favoriscono il massimo relax prima di andare a letto o energizzano il corpo prima della giornata.<\/p>\n<p><a href=\"https:\/\/neoqi.com\/it\/prodotto\/energy-cocoons\/elegance\/#tab-description\">Descrizione<\/a><\/p>\n<p>Sauna a infrarossi<br \/>\nSauna a vapore<br \/>\nAroma terapia<br \/>\nSistema di luci a colori<br \/>\nSistema musicale (MP3)<br \/>\nIdromassaggio<br \/>\nMassaggio a bolle d'aria<br \/>\n6 getti laterali<br \/>\n6 getti per il massaggio della schiena<br \/>\n2 getti per i piedi<br \/>\n10 getti d'aria inferiori<br \/>\nDoccia a mano<\/p>\n<\/div>","protected":false},"excerpt":{"rendered":"<p>La capsula Elegance Energy \u00e8 una soluzione innovativa per il bagno. Grazie alla SPA-capsule Elegance potrete godervi un rilassante e rinvigorente SPA-ritual a casa vostra.<\/p>\n<p>Il bozzolo \u00e8 dotato delle migliori funzioni termo- e idroterapiche per ripristinare la forza e l'energia dopo una lunga giornata, diminuire i livelli di stress e rafforzare il sistema immunitario. La capsula ha un effetto benefico sugli organi sensoriali: udito, vista, olfatto e tatto. La combinazione di sauna a infrarossi e vapore umido, idroterapia, aromaterapia e cromoterapia ha un sorprendente impatto sulla salute, migliorando la circolazione sanguigna e le funzioni degli organi interni, rallentando i processi di invecchiamento, normalizzando il funzionamento del sistema nervoso, rendendo la pelle liscia e compatta.<\/p>\n<p>Con il bozzolo Elegance SPA, potete migliorare il vostro stato di benessere godendo di una serie di trattamenti SPA nella privacy di casa vostra.<\/p>\n<p>* Nel 2007 The Elegance ha ricevuto il premio ADEX dalla rivista Design Journal. Il premio per l'eccellenza del design viene assegnato ogni anno dalla rivista Design Journal per il design superiore di prodotti di arredamento commercializzati per il settore dell'architettura e del design. Il premio ADEX \u00e8 uno dei premi di design pi\u00f9 ambiti del settore.<\/p>","protected":false},"featured_media":2198,"comment_status":"open","ping_status":"closed","template":"","meta":{"_acf_changed":false,"site-sidebar-layout":"default","site-content-layout":"","ast-site-content-layout":"default","site-content-style":"default","site-sidebar-style":"default","ast-global-header-display":"","ast-banner-title-visibility":"","ast-main-header-display":"","ast-hfb-above-header-display":"","ast-hfb-below-header-display":"","ast-hfb-mobile-header-display":"","site-post-title":"","ast-breadcrumbs-content":"","ast-featured-img":"","footer-sml-layout":"","ast-disable-related-posts":"","theme-transparent-header-meta":"default","adv-header-id-meta":"","stick-header-meta":"","header-above-stick-meta":"","header-main-stick-meta":"","header-below-stick-meta":"","astra-migrate-meta-layouts":"set","ast-page-background-enabled":"default","ast-page-background-meta":{"desktop":{"background-color":"var(--ast-global-color-4)","background-image":"","background-repeat":"repeat","background-position":"center center","background-size":"auto","background-attachment":"scroll","background-type":"","background-media":"","overlay-type":"","overlay-color":"","overlay-opacity":"","overlay-gradient":""},"tablet":{"background-color":"","background-image":"","background-repeat":"repeat","background-position":"center center","background-size":"auto","background-attachment":"scroll","background-type":"","background-media":"","overlay-type":"","overlay-color":"","overlay-opacity":"","overlay-gradient":""},"mobile":{"background-color":"","background-image":"","background-repeat":"repeat","background-position":"center center","background-size":"auto","background-attachment":"scroll","background-type":"","background-media":"","overlay-type":"","overlay-color":"","overlay-opacity":"","overlay-gradient":""}},"ast-content-background-meta":{"desktop":{"background-color":"var(--ast-global-color-5)","background-image":"","background-repeat":"repeat","background-position":"center center","background-size":"auto","background-attachment":"scroll","background-type":"","background-media":"","overlay-type":"","overlay-color":"","overlay-opacity":"","overlay-gradient":""},"tablet":{"background-color":"var(--ast-global-color-5)","background-image":"","background-repeat":"repeat","background-position":"center center","background-size":"auto","background-attachment":"scroll","background-type":"","background-media":"","overlay-type":"","overlay-color":"","overlay-opacity":"","overlay-gradient":""},"mobile":{"background-color":"var(--ast-global-color-5)","background-image":"","background-repeat":"repeat","background-position":"center center","background-size":"auto","background-attachment":"scroll","background-type":"","background-media":"","overlay-type":"","overlay-color":"","overlay-opacity":"","overlay-gradient":""}}},"product_brand":[],"product_cat":[81,87],"product_tag":[],"class_list":{"0":"post-2197","1":"product","2":"type-product","3":"status-publish","4":"has-post-thumbnail","6":"product_cat-energy-cocoons","7":"product_cat-home-spa","8":"desktop-align-left","9":"tablet-align-left","10":"mobile-align-left","12":"first","13":"instock","14":"shipping-taxable","15":"product-type-simple"},"acf":[],"yoast_head":"<!-- This site is optimized with the Yoast SEO plugin v27.3 - https:\/\/yoast.com\/product\/yoast-seo-wordpress\/ -->\n<title>Elegance - NEOQI<\/title>\n<meta name=\"robots\" content=\"index, follow, max-snippet:-1, max-image-preview:large, max-video-preview:-1\" \/>\n<link rel=\"canonical\" href=\"https:\/\/neoqi.com\/it\/prodotto\/elegance\/\" \/>\n<meta property=\"og:locale\" content=\"it_IT\" \/>\n<meta property=\"og:type\" content=\"article\" \/>\n<meta property=\"og:title\" content=\"Elegance - NEOQI\" \/>\n<meta property=\"og:description\" content=\"The Elegance Energy cocoon is an innovative solution for the bathroom. Thanks to SPA-capsule Elegance you can enjoy relaxing and invigorating SPA-rituals at your home.  The cocoon is equipped with the best thermo- and hydrotherapy functions in order to restore power and energy after a long day, decrease stress levels and strengthen the immune system. The capsule has a beneficial effect on the sensory organs: hearing, sight, smell and touch. The combination of dry infrared and humid steam sauna, hydro-, aroma- and chromotherapy and has an astonishing heath impact, improving blood circulation and internal organs functions, slowing aging processes, normalizing the functioning of the nervous system, making the skin smooth and firm.  With the Elegance SPA cocoon, you can improve the state of your wellbeing by enjoying a variety of SPA treatments in the privacy of your own home.  * The Elegance received an ADEX Award from the Design Journal magazine in 2007. The Award for Design Excellence is given annually by the Design Journal magazine for superior product design of furnishings marketed to the architectural and design trade. The ADEX award is one of the most coveted design awards in the industry.\" \/>\n<meta property=\"og:url\" content=\"https:\/\/neoqi.com\/it\/prodotto\/elegance\/\" \/>\n<meta property=\"og:site_name\" content=\"NEOQI\" \/>\n<meta property=\"article:publisher\" content=\"https:\/\/www.facebook.com\/neoqi\/\" \/>\n<meta property=\"article:modified_time\" content=\"2024-12-04T05:27:54+00:00\" \/>\n<meta property=\"og:image\" content=\"https:\/\/neoqi.com\/wp-content\/uploads\/2024\/09\/elegance.png\" \/>\n\t<meta property=\"og:image:width\" content=\"1200\" \/>\n\t<meta property=\"og:image:height\" content=\"800\" \/>\n\t<meta property=\"og:image:type\" content=\"image\/png\" \/>\n<meta name=\"twitter:card\" content=\"summary_large_image\" \/>\n<meta name=\"twitter:label1\" content=\"Tempo di lettura stimato\" \/>\n\t<meta name=\"twitter:data1\" content=\"2 minuti\" \/>\n<script type=\"application\/ld+json\" class=\"yoast-schema-graph\">{\"@context\":\"https:\\\/\\\/schema.org\",\"@graph\":[{\"@type\":\"WebPage\",\"@id\":\"https:\\\/\\\/neoqi.com\\\/product\\\/elegance\\\/\",\"url\":\"https:\\\/\\\/neoqi.com\\\/product\\\/elegance\\\/\",\"name\":\"Elegance - NEOQI\",\"isPartOf\":{\"@id\":\"https:\\\/\\\/neoqi.com\\\/#website\"},\"primaryImageOfPage\":{\"@id\":\"https:\\\/\\\/neoqi.com\\\/product\\\/elegance\\\/#primaryimage\"},\"image\":{\"@id\":\"https:\\\/\\\/neoqi.com\\\/product\\\/elegance\\\/#primaryimage\"},\"thumbnailUrl\":\"https:\\\/\\\/neoqi.com\\\/wp-content\\\/uploads\\\/2024\\\/09\\\/elegance.png\",\"datePublished\":\"2024-09-06T22:11:40+00:00\",\"dateModified\":\"2024-12-04T05:27:54+00:00\",\"breadcrumb\":{\"@id\":\"https:\\\/\\\/neoqi.com\\\/product\\\/elegance\\\/#breadcrumb\"},\"inLanguage\":\"it-IT\",\"potentialAction\":[{\"@type\":\"ReadAction\",\"target\":[\"https:\\\/\\\/neoqi.com\\\/product\\\/elegance\\\/\"]}]},{\"@type\":\"ImageObject\",\"inLanguage\":\"it-IT\",\"@id\":\"https:\\\/\\\/neoqi.com\\\/product\\\/elegance\\\/#primaryimage\",\"url\":\"https:\\\/\\\/neoqi.com\\\/wp-content\\\/uploads\\\/2024\\\/09\\\/elegance.png\",\"contentUrl\":\"https:\\\/\\\/neoqi.com\\\/wp-content\\\/uploads\\\/2024\\\/09\\\/elegance.png\",\"width\":1200,\"height\":800},{\"@type\":\"BreadcrumbList\",\"@id\":\"https:\\\/\\\/neoqi.com\\\/product\\\/elegance\\\/#breadcrumb\",\"itemListElement\":[{\"@type\":\"ListItem\",\"position\":1,\"name\":\"Home\",\"item\":\"https:\\\/\\\/neoqi.com\\\/\"},{\"@type\":\"ListItem\",\"position\":2,\"name\":\"Catalog\",\"item\":\"https:\\\/\\\/neoqi.com\\\/it\\\/catalog\\\/\"},{\"@type\":\"ListItem\",\"position\":3,\"name\":\"Elegance\"}]},{\"@type\":\"WebSite\",\"@id\":\"https:\\\/\\\/neoqi.com\\\/#website\",\"url\":\"https:\\\/\\\/neoqi.com\\\/\",\"name\":\"NEOQI\",\"description\":\"Experience Ultimate Wellness and Relaxation with NeoQi Spa Capsule: Your Path to Rejuvenation\",\"publisher\":{\"@id\":\"https:\\\/\\\/neoqi.com\\\/#organization\"},\"potentialAction\":[{\"@type\":\"SearchAction\",\"target\":{\"@type\":\"EntryPoint\",\"urlTemplate\":\"https:\\\/\\\/neoqi.com\\\/?s={search_term_string}\"},\"query-input\":{\"@type\":\"PropertyValueSpecification\",\"valueRequired\":true,\"valueName\":\"search_term_string\"}}],\"inLanguage\":\"it-IT\"},{\"@type\":\"Organization\",\"@id\":\"https:\\\/\\\/neoqi.com\\\/#organization\",\"name\":\"NEOQI\",\"url\":\"https:\\\/\\\/neoqi.com\\\/\",\"logo\":{\"@type\":\"ImageObject\",\"inLanguage\":\"it-IT\",\"@id\":\"https:\\\/\\\/neoqi.com\\\/#\\\/schema\\\/logo\\\/image\\\/\",\"url\":\"https:\\\/\\\/neoqi.com\\\/wp-content\\\/uploads\\\/2024\\\/09\\\/logoneosvg.svg\",\"contentUrl\":\"https:\\\/\\\/neoqi.com\\\/wp-content\\\/uploads\\\/2024\\\/09\\\/logoneosvg.svg\",\"width\":1,\"height\":1,\"caption\":\"NEOQI\"},\"image\":{\"@id\":\"https:\\\/\\\/neoqi.com\\\/#\\\/schema\\\/logo\\\/image\\\/\"},\"sameAs\":[\"https:\\\/\\\/www.facebook.com\\\/neoqi\\\/\",\"https:\\\/\\\/www.instagram.com\\\/neoqi_com\\\/\"]}]}<\/script>\n<!-- \/ Yoast SEO plugin. -->","yoast_head_json":{"title":"Elegance - NEOQI","robots":{"index":"index","follow":"follow","max-snippet":"max-snippet:-1","max-image-preview":"max-image-preview:large","max-video-preview":"max-video-preview:-1"},"canonical":"https:\/\/neoqi.com\/it\/prodotto\/elegance\/","og_locale":"it_IT","og_type":"article","og_title":"Elegance - NEOQI","og_description":"The Elegance Energy cocoon is an innovative solution for the bathroom. Thanks to SPA-capsule Elegance you can enjoy relaxing and invigorating SPA-rituals at your home.  The cocoon is equipped with the best thermo- and hydrotherapy functions in order to restore power and energy after a long day, decrease stress levels and strengthen the immune system. The capsule has a beneficial effect on the sensory organs: hearing, sight, smell and touch. The combination of dry infrared and humid steam sauna, hydro-, aroma- and chromotherapy and has an astonishing heath impact, improving blood circulation and internal organs functions, slowing aging processes, normalizing the functioning of the nervous system, making the skin smooth and firm.  With the Elegance SPA cocoon, you can improve the state of your wellbeing by enjoying a variety of SPA treatments in the privacy of your own home.  * The Elegance received an ADEX Award from the Design Journal magazine in 2007. The Award for Design Excellence is given annually by the Design Journal magazine for superior product design of furnishings marketed to the architectural and design trade. The ADEX award is one of the most coveted design awards in the industry.","og_url":"https:\/\/neoqi.com\/it\/prodotto\/elegance\/","og_site_name":"NEOQI","article_publisher":"https:\/\/www.facebook.com\/neoqi\/","article_modified_time":"2024-12-04T05:27:54+00:00","og_image":[{"width":1200,"height":800,"url":"https:\/\/neoqi.com\/wp-content\/uploads\/2024\/09\/elegance.png","type":"image\/png"}],"twitter_card":"summary_large_image","twitter_misc":{"Tempo di lettura stimato":"2 minuti"},"schema":{"@context":"https:\/\/schema.org","@graph":[{"@type":"WebPage","@id":"https:\/\/neoqi.com\/product\/elegance\/","url":"https:\/\/neoqi.com\/product\/elegance\/","name":"Elegance - NEOQI","isPartOf":{"@id":"https:\/\/neoqi.com\/#website"},"primaryImageOfPage":{"@id":"https:\/\/neoqi.com\/product\/elegance\/#primaryimage"},"image":{"@id":"https:\/\/neoqi.com\/product\/elegance\/#primaryimage"},"thumbnailUrl":"https:\/\/neoqi.com\/wp-content\/uploads\/2024\/09\/elegance.png","datePublished":"2024-09-06T22:11:40+00:00","dateModified":"2024-12-04T05:27:54+00:00","breadcrumb":{"@id":"https:\/\/neoqi.com\/product\/elegance\/#breadcrumb"},"inLanguage":"it-IT","potentialAction":[{"@type":"ReadAction","target":["https:\/\/neoqi.com\/product\/elegance\/"]}]},{"@type":"ImageObject","inLanguage":"it-IT","@id":"https:\/\/neoqi.com\/product\/elegance\/#primaryimage","url":"https:\/\/neoqi.com\/wp-content\/uploads\/2024\/09\/elegance.png","contentUrl":"https:\/\/neoqi.com\/wp-content\/uploads\/2024\/09\/elegance.png","width":1200,"height":800},{"@type":"BreadcrumbList","@id":"https:\/\/neoqi.com\/product\/elegance\/#breadcrumb","itemListElement":[{"@type":"ListItem","position":1,"name":"Home","item":"https:\/\/neoqi.com\/"},{"@type":"ListItem","position":2,"name":"Catalog","item":"https:\/\/neoqi.com\/it\/catalog\/"},{"@type":"ListItem","position":3,"name":"Elegance"}]},{"@type":"WebSite","@id":"https:\/\/neoqi.com\/#website","url":"https:\/\/neoqi.com\/","name":"NEOQI","description":"Sperimentate il massimo del benessere e del relax con NeoQi Spa Capsule: Il vostro percorso di ringiovanimento","publisher":{"@id":"https:\/\/neoqi.com\/#organization"},"potentialAction":[{"@type":"SearchAction","target":{"@type":"EntryPoint","urlTemplate":"https:\/\/neoqi.com\/?s={search_term_string}"},"query-input":{"@type":"PropertyValueSpecification","valueRequired":true,"valueName":"search_term_string"}}],"inLanguage":"it-IT"},{"@type":"Organization","@id":"https:\/\/neoqi.com\/#organization","name":"NEOQI","url":"https:\/\/neoqi.com\/","logo":{"@type":"ImageObject","inLanguage":"it-IT","@id":"https:\/\/neoqi.com\/#\/schema\/logo\/image\/","url":"https:\/\/neoqi.com\/wp-content\/uploads\/2024\/09\/logoneosvg.svg","contentUrl":"https:\/\/neoqi.com\/wp-content\/uploads\/2024\/09\/logoneosvg.svg","width":1,"height":1,"caption":"NEOQI"},"image":{"@id":"https:\/\/neoqi.com\/#\/schema\/logo\/image\/"},"sameAs":["https:\/\/www.facebook.com\/neoqi\/","https:\/\/www.instagram.com\/neoqi_com\/"]}]}},"_links":{"self":[{"href":"https:\/\/neoqi.com\/it\/wp-json\/wp\/v2\/product\/2197","targetHints":{"allow":["GET"]}}],"collection":[{"href":"https:\/\/neoqi.com\/it\/wp-json\/wp\/v2\/product"}],"about":[{"href":"https:\/\/neoqi.com\/it\/wp-json\/wp\/v2\/types\/product"}],"replies":[{"embeddable":true,"href":"https:\/\/neoqi.com\/it\/wp-json\/wp\/v2\/comments?post=2197"}],"wp:featuredmedia":[{"embeddable":true,"href":"https:\/\/neoqi.com\/it\/wp-json\/wp\/v2\/media\/2198"}],"wp:attachment":[{"href":"https:\/\/neoqi.com\/it\/wp-json\/wp\/v2\/media?parent=2197"}],"wp:term":[{"taxonomy":"product_brand","embeddable":true,"href":"https:\/\/neoqi.com\/it\/wp-json\/wp\/v2\/product_brand?post=2197"},{"taxonomy":"product_cat","embeddable":true,"href":"https:\/\/neoqi.com\/it\/wp-json\/wp\/v2\/product_cat?post=2197"},{"taxonomy":"product_tag","embeddable":true,"href":"https:\/\/neoqi.com\/it\/wp-json\/wp\/v2\/product_tag?post=2197"}],"curies":[{"name":"wp","href":"https:\/\/api.w.org\/{rel}","templated":true}]}}