{"id":1953,"date":"2024-09-06T15:01:32","date_gmt":"2024-09-06T12:01:32","guid":{"rendered":"http:\/\/neoqi.com\/?page_id=1953"},"modified":"2024-11-09T20:29:39","modified_gmt":"2024-11-09T17:29:39","slug":"how-it-works","status":"publish","type":"page","link":"https:\/\/neoqi.com\/pl\/how-it-works\/","title":{"rendered":"Jak to dzia\u0142a"},"content":{"rendered":"<p>NeoQi produkuje wysokiej jako\u015bci sprz\u0119t SPA i wellness od 2001 roku dla o\u015brodk\u00f3w rehabilitacyjnych, SPA, centr\u00f3w fitness, hoteli, uzdrowisk termalnych, salon\u00f3w kosmetycznych i masa\u017cu.<\/p>\n<p>Zapewniamy zr\u00f3wnowa\u017cony rozw\u00f3j zasob\u00f3w ju\u017c od 14 lat, a po latach pracy wci\u0105\u017c nieustannie d\u0105\u017cymy do poprawy i doskonalenia naszej produkcji, a tym samym wytwarzania produkt\u00f3w, kt\u00f3re odpowiadaj\u0105 na nowe wymagania rynku.<\/p>\n<p>Na przestrzeni lat uda\u0142o nam si\u0119 stworzy\u0107 16 unikalnych modeli, z kt\u00f3rych ka\u017cdy oferuje szereg mo\u017cliwo\u015bci. <a href=\"http:\/\/neoqi.com\/pl\/how-it-works\/functions\/\">funkcje<\/a> kt\u00f3re przyczyniaj\u0105 si\u0119 do wielu korzy\u015bci zdrowotnych.<\/p>\n<p>Po zbadaniu potrzeb naszych klient\u00f3w, przyj\u0119ciu umiej\u0119tno\u015bci i know-how naszych pracownik\u00f3w - produkty NeoQi to po\u0142\u0105czenie tradycyjnych rytua\u0142\u00f3w SPA i najnowszych technologii. Kokony energetyczne NeoQi\u00ae promuj\u0105 odm\u0142odzenie, d\u0142ugowieczno\u015b\u0107 i dobre samopoczucie. Terapie s\u0105 odpowiednie dla m\u0119\u017cczyzn i kobiet, w ka\u017cdym wieku i na ka\u017cdym poziomie sprawno\u015bci.<\/p>\n<p>Przeczytaj wi\u0119cej o <a href=\"http:\/\/neoqi.com\/pl\/how-it-works\/health-benefits\/\">Korzy\u015bci zdrowotne NeoQi<\/a>.<\/p>","protected":false},"excerpt":{"rendered":"<p>NeoQi has been manufacturing high quality SPA and wellness equipment since 2001 for rehabilitation centers, SPAs, fitness centers, hotels, thermal spas, beauty and massage salons. We have been ensuring sustainability of resources already for 14 years and after the years of work, we are still constantly thriving towards improving and perfecting our production and thus, [&hellip;]<\/p>\n","protected":false},"author":1,"featured_media":2674,"parent":0,"menu_order":0,"comment_status":"closed","ping_status":"closed","template":"","meta":{"_acf_changed":false,"site-sidebar-layout":"default","site-content-layout":"","ast-site-content-layout":"default","site-content-style":"default","site-sidebar-style":"default","ast-global-header-display":"","ast-banner-title-visibility":"","ast-main-header-display":"","ast-hfb-above-header-display":"","ast-hfb-below-header-display":"","ast-hfb-mobile-header-display":"","site-post-title":"","ast-breadcrumbs-content":"","ast-featured-img":"","footer-sml-layout":"","ast-disable-related-posts":"","theme-transparent-header-meta":"default","adv-header-id-meta":"","stick-header-meta":"","header-above-stick-meta":"","header-main-stick-meta":"","header-below-stick-meta":"","astra-migrate-meta-layouts":"set","ast-page-background-enabled":"default","ast-page-background-meta":{"desktop":{"background-color":"var(--ast-global-color-4)","background-image":"","background-repeat":"repeat","background-position":"center center","background-size":"auto","background-attachment":"scroll","background-type":"","background-media":"","overlay-type":"","overlay-color":"","overlay-opacity":"","overlay-gradient":""},"tablet":{"background-color":"","background-image":"","background-repeat":"repeat","background-position":"center center","background-size":"auto","background-attachment":"scroll","background-type":"","background-media":"","overlay-type":"","overlay-color":"","overlay-opacity":"","overlay-gradient":""},"mobile":{"background-color":"","background-image":"","background-repeat":"repeat","background-position":"center center","background-size":"auto","background-attachment":"scroll","background-type":"","background-media":"","overlay-type":"","overlay-color":"","overlay-opacity":"","overlay-gradient":""}},"ast-content-background-meta":{"desktop":{"background-color":"var(--ast-global-color-5)","background-image":"","background-repeat":"repeat","background-position":"center center","background-size":"auto","background-attachment":"scroll","background-type":"","background-media":"","overlay-type":"","overlay-color":"","overlay-opacity":"","overlay-gradient":""},"tablet":{"background-color":"var(--ast-global-color-5)","background-image":"","background-repeat":"repeat","background-position":"center center","background-size":"auto","background-attachment":"scroll","background-type":"","background-media":"","overlay-type":"","overlay-color":"","overlay-opacity":"","overlay-gradient":""},"mobile":{"background-color":"var(--ast-global-color-5)","background-image":"","background-repeat":"repeat","background-position":"center center","background-size":"auto","background-attachment":"scroll","background-type":"","background-media":"","overlay-type":"","overlay-color":"","overlay-opacity":"","overlay-gradient":""}},"footnotes":""},"class_list":["post-1953","page","type-page","status-publish","has-post-thumbnail","hentry"],"acf":[],"yoast_head":"<!-- This site is optimized with the Yoast SEO plugin v27.4 - https:\/\/yoast.com\/product\/yoast-seo-wordpress\/ -->\n<title>How it Works - NEOQI<\/title>\n<meta name=\"robots\" content=\"index, follow, max-snippet:-1, max-image-preview:large, max-video-preview:-1\" \/>\n<link rel=\"canonical\" href=\"https:\/\/neoqi.com\/pl\/how-it-works\/\" \/>\n<meta property=\"og:locale\" content=\"pl_PL\" \/>\n<meta property=\"og:type\" content=\"article\" \/>\n<meta property=\"og:title\" content=\"How it Works - NEOQI\" \/>\n<meta property=\"og:description\" content=\"NeoQi has been manufacturing high quality SPA and wellness equipment since 2001 for rehabilitation centers, SPAs, fitness centers, hotels, thermal spas, beauty and massage salons. We have been ensuring sustainability of resources already for 14 years and after the years of work, we are still constantly thriving towards improving and perfecting our production and thus, [&hellip;]\" \/>\n<meta property=\"og:url\" content=\"https:\/\/neoqi.com\/pl\/how-it-works\/\" \/>\n<meta property=\"og:site_name\" content=\"NEOQI\" \/>\n<meta property=\"article:publisher\" content=\"https:\/\/www.facebook.com\/neoqi\/\" \/>\n<meta property=\"article:modified_time\" content=\"2024-11-09T17:29:39+00:00\" \/>\n<meta property=\"og:image\" content=\"https:\/\/neoqi.com\/wp-content\/uploads\/2024\/10\/a23c280f-0e44-46dd-879c-ff4384cb284f-1-scaled.jpg\" \/>\n\t<meta property=\"og:image:width\" content=\"2560\" \/>\n\t<meta property=\"og:image:height\" content=\"1814\" \/>\n\t<meta property=\"og:image:type\" content=\"image\/jpeg\" \/>\n<meta name=\"twitter:card\" content=\"summary_large_image\" \/>\n<meta name=\"twitter:label1\" content=\"Szacowany czas czytania\" \/>\n\t<meta name=\"twitter:data1\" content=\"1 minuta\" \/>\n<script type=\"application\/ld+json\" class=\"yoast-schema-graph\">{\"@context\":\"https:\\\/\\\/schema.org\",\"@graph\":[{\"@type\":\"WebPage\",\"@id\":\"https:\\\/\\\/neoqi.com\\\/ru\\\/how-it-works\\\/\",\"url\":\"https:\\\/\\\/neoqi.com\\\/ru\\\/how-it-works\\\/\",\"name\":\"How it Works - NEOQI\",\"isPartOf\":{\"@id\":\"https:\\\/\\\/neoqi.com\\\/#website\"},\"primaryImageOfPage\":{\"@id\":\"https:\\\/\\\/neoqi.com\\\/ru\\\/how-it-works\\\/#primaryimage\"},\"image\":{\"@id\":\"https:\\\/\\\/neoqi.com\\\/ru\\\/how-it-works\\\/#primaryimage\"},\"thumbnailUrl\":\"https:\\\/\\\/neoqi.com\\\/wp-content\\\/uploads\\\/2024\\\/10\\\/a23c280f-0e44-46dd-879c-ff4384cb284f-1-scaled.jpg\",\"datePublished\":\"2024-09-06T12:01:32+00:00\",\"dateModified\":\"2024-11-09T17:29:39+00:00\",\"breadcrumb\":{\"@id\":\"https:\\\/\\\/neoqi.com\\\/ru\\\/how-it-works\\\/#breadcrumb\"},\"inLanguage\":\"pl-PL\",\"potentialAction\":[{\"@type\":\"ReadAction\",\"target\":[\"https:\\\/\\\/neoqi.com\\\/ru\\\/how-it-works\\\/\"]}]},{\"@type\":\"ImageObject\",\"inLanguage\":\"pl-PL\",\"@id\":\"https:\\\/\\\/neoqi.com\\\/ru\\\/how-it-works\\\/#primaryimage\",\"url\":\"https:\\\/\\\/neoqi.com\\\/wp-content\\\/uploads\\\/2024\\\/10\\\/a23c280f-0e44-46dd-879c-ff4384cb284f-1-scaled.jpg\",\"contentUrl\":\"https:\\\/\\\/neoqi.com\\\/wp-content\\\/uploads\\\/2024\\\/10\\\/a23c280f-0e44-46dd-879c-ff4384cb284f-1-scaled.jpg\",\"width\":2560,\"height\":1814,\"caption\":\"Abstract minimal background with grey flowing lines design\"},{\"@type\":\"BreadcrumbList\",\"@id\":\"https:\\\/\\\/neoqi.com\\\/ru\\\/how-it-works\\\/#breadcrumb\",\"itemListElement\":[{\"@type\":\"ListItem\",\"position\":1,\"name\":\"Home\",\"item\":\"https:\\\/\\\/neoqi.com\\\/\"},{\"@type\":\"ListItem\",\"position\":2,\"name\":\"How it Works\"}]},{\"@type\":\"WebSite\",\"@id\":\"https:\\\/\\\/neoqi.com\\\/#website\",\"url\":\"https:\\\/\\\/neoqi.com\\\/\",\"name\":\"NEOQI\",\"description\":\"Experience Ultimate Wellness and Relaxation with NeoQi Spa Capsule: Your Path to Rejuvenation\",\"publisher\":{\"@id\":\"https:\\\/\\\/neoqi.com\\\/#organization\"},\"potentialAction\":[{\"@type\":\"SearchAction\",\"target\":{\"@type\":\"EntryPoint\",\"urlTemplate\":\"https:\\\/\\\/neoqi.com\\\/?s={search_term_string}\"},\"query-input\":{\"@type\":\"PropertyValueSpecification\",\"valueRequired\":true,\"valueName\":\"search_term_string\"}}],\"inLanguage\":\"pl-PL\"},{\"@type\":\"Organization\",\"@id\":\"https:\\\/\\\/neoqi.com\\\/#organization\",\"name\":\"NEOQI\",\"url\":\"https:\\\/\\\/neoqi.com\\\/\",\"logo\":{\"@type\":\"ImageObject\",\"inLanguage\":\"pl-PL\",\"@id\":\"https:\\\/\\\/neoqi.com\\\/#\\\/schema\\\/logo\\\/image\\\/\",\"url\":\"https:\\\/\\\/neoqi.com\\\/wp-content\\\/uploads\\\/2024\\\/09\\\/logoneosvg.svg\",\"contentUrl\":\"https:\\\/\\\/neoqi.com\\\/wp-content\\\/uploads\\\/2024\\\/09\\\/logoneosvg.svg\",\"width\":1,\"height\":1,\"caption\":\"NEOQI\"},\"image\":{\"@id\":\"https:\\\/\\\/neoqi.com\\\/#\\\/schema\\\/logo\\\/image\\\/\"},\"sameAs\":[\"https:\\\/\\\/www.facebook.com\\\/neoqi\\\/\",\"https:\\\/\\\/www.instagram.com\\\/neoqi_com\\\/\"]}]}<\/script>\n<!-- \/ Yoast SEO plugin. -->","yoast_head_json":{"title":"How it Works - NEOQI","robots":{"index":"index","follow":"follow","max-snippet":"max-snippet:-1","max-image-preview":"max-image-preview:large","max-video-preview":"max-video-preview:-1"},"canonical":"https:\/\/neoqi.com\/pl\/how-it-works\/","og_locale":"pl_PL","og_type":"article","og_title":"How it Works - NEOQI","og_description":"NeoQi has been manufacturing high quality SPA and wellness equipment since 2001 for rehabilitation centers, SPAs, fitness centers, hotels, thermal spas, beauty and massage salons. We have been ensuring sustainability of resources already for 14 years and after the years of work, we are still constantly thriving towards improving and perfecting our production and thus, [&hellip;]","og_url":"https:\/\/neoqi.com\/pl\/how-it-works\/","og_site_name":"NEOQI","article_publisher":"https:\/\/www.facebook.com\/neoqi\/","article_modified_time":"2024-11-09T17:29:39+00:00","og_image":[{"width":2560,"height":1814,"url":"https:\/\/neoqi.com\/wp-content\/uploads\/2024\/10\/a23c280f-0e44-46dd-879c-ff4384cb284f-1-scaled.jpg","type":"image\/jpeg"}],"twitter_card":"summary_large_image","twitter_misc":{"Szacowany czas czytania":"1 minuta"},"schema":{"@context":"https:\/\/schema.org","@graph":[{"@type":"WebPage","@id":"https:\/\/neoqi.com\/ru\/how-it-works\/","url":"https:\/\/neoqi.com\/ru\/how-it-works\/","name":"How it Works - NEOQI","isPartOf":{"@id":"https:\/\/neoqi.com\/#website"},"primaryImageOfPage":{"@id":"https:\/\/neoqi.com\/ru\/how-it-works\/#primaryimage"},"image":{"@id":"https:\/\/neoqi.com\/ru\/how-it-works\/#primaryimage"},"thumbnailUrl":"https:\/\/neoqi.com\/wp-content\/uploads\/2024\/10\/a23c280f-0e44-46dd-879c-ff4384cb284f-1-scaled.jpg","datePublished":"2024-09-06T12:01:32+00:00","dateModified":"2024-11-09T17:29:39+00:00","breadcrumb":{"@id":"https:\/\/neoqi.com\/ru\/how-it-works\/#breadcrumb"},"inLanguage":"pl-PL","potentialAction":[{"@type":"ReadAction","target":["https:\/\/neoqi.com\/ru\/how-it-works\/"]}]},{"@type":"ImageObject","inLanguage":"pl-PL","@id":"https:\/\/neoqi.com\/ru\/how-it-works\/#primaryimage","url":"https:\/\/neoqi.com\/wp-content\/uploads\/2024\/10\/a23c280f-0e44-46dd-879c-ff4384cb284f-1-scaled.jpg","contentUrl":"https:\/\/neoqi.com\/wp-content\/uploads\/2024\/10\/a23c280f-0e44-46dd-879c-ff4384cb284f-1-scaled.jpg","width":2560,"height":1814,"caption":"Abstract minimal background with grey flowing lines design"},{"@type":"BreadcrumbList","@id":"https:\/\/neoqi.com\/ru\/how-it-works\/#breadcrumb","itemListElement":[{"@type":"ListItem","position":1,"name":"Home","item":"https:\/\/neoqi.com\/"},{"@type":"ListItem","position":2,"name":"How it Works"}]},{"@type":"WebSite","@id":"https:\/\/neoqi.com\/#website","url":"https:\/\/neoqi.com\/","name":"NEOQI","description":"Do\u015bwiadcz doskona\u0142ego samopoczucia i relaksu z NeoQi Spa Capsule: Twoja droga do odm\u0142odzenia","publisher":{"@id":"https:\/\/neoqi.com\/#organization"},"potentialAction":[{"@type":"SearchAction","target":{"@type":"EntryPoint","urlTemplate":"https:\/\/neoqi.com\/?s={search_term_string}"},"query-input":{"@type":"PropertyValueSpecification","valueRequired":true,"valueName":"search_term_string"}}],"inLanguage":"pl-PL"},{"@type":"Organization","@id":"https:\/\/neoqi.com\/#organization","name":"NEOQI","url":"https:\/\/neoqi.com\/","logo":{"@type":"ImageObject","inLanguage":"pl-PL","@id":"https:\/\/neoqi.com\/#\/schema\/logo\/image\/","url":"https:\/\/neoqi.com\/wp-content\/uploads\/2024\/09\/logoneosvg.svg","contentUrl":"https:\/\/neoqi.com\/wp-content\/uploads\/2024\/09\/logoneosvg.svg","width":1,"height":1,"caption":"NEOQI"},"image":{"@id":"https:\/\/neoqi.com\/#\/schema\/logo\/image\/"},"sameAs":["https:\/\/www.facebook.com\/neoqi\/","https:\/\/www.instagram.com\/neoqi_com\/"]}]}},"_links":{"self":[{"href":"https:\/\/neoqi.com\/pl\/wp-json\/wp\/v2\/pages\/1953","targetHints":{"allow":["GET"]}}],"collection":[{"href":"https:\/\/neoqi.com\/pl\/wp-json\/wp\/v2\/pages"}],"about":[{"href":"https:\/\/neoqi.com\/pl\/wp-json\/wp\/v2\/types\/page"}],"author":[{"embeddable":true,"href":"https:\/\/neoqi.com\/pl\/wp-json\/wp\/v2\/users\/1"}],"replies":[{"embeddable":true,"href":"https:\/\/neoqi.com\/pl\/wp-json\/wp\/v2\/comments?post=1953"}],"version-history":[{"count":1,"href":"https:\/\/neoqi.com\/pl\/wp-json\/wp\/v2\/pages\/1953\/revisions"}],"predecessor-version":[{"id":1954,"href":"https:\/\/neoqi.com\/pl\/wp-json\/wp\/v2\/pages\/1953\/revisions\/1954"}],"wp:featuredmedia":[{"embeddable":true,"href":"https:\/\/neoqi.com\/pl\/wp-json\/wp\/v2\/media\/2674"}],"wp:attachment":[{"href":"https:\/\/neoqi.com\/pl\/wp-json\/wp\/v2\/media?parent=1953"}],"curies":[{"name":"wp","href":"https:\/\/api.w.org\/{rel}","templated":true}]}}