{"id":1957,"date":"2024-09-06T20:24:18","date_gmt":"2024-09-06T17:24:18","guid":{"rendered":"http:\/\/neoqi.com\/?page_id=1957"},"modified":"2024-12-04T11:27:56","modified_gmt":"2024-12-04T08:27:56","slug":"treatment-programs","status":"publish","type":"page","link":"https:\/\/neoqi.com\/pl\/how-it-works\/treatment-programs\/","title":{"rendered":"Programy leczenia"},"content":{"rendered":"<p>Zabiegi NeoQi\u00ae maj\u0105 na celu zapewnienie kompleksowego leczenia holistycznego. Metoda ta dotyczy nie tylko pi\u0119kna, ale tak\u017ce dobrego samopoczucia i pe\u0142nego relaksu cia\u0142a. Inspirowana jest zabiegami energetycznymi, kt\u00f3re eliminuj\u0105 napi\u0119cie mi\u0119\u015bniowe i naczyniowe oraz uwalniaj\u0105 energie \u017cyciowe.<\/p>\n<p>Funkcjonalno\u015b\u0107 kokon\u00f3w energetycznych NeoQi\u00ae pozwala nam oferowa\u0107 szerok\u0105 gam\u0119 zabieg\u00f3w terapeutycznych, kt\u00f3re s\u0105 odpowiednie dla r\u00f3\u017cnych osobistych potrzeb i s\u0105 dostosowane do rozwi\u0105zywania konkretnych problem\u00f3w napotykanych przez ka\u017cdego klienta. \u0141\u0105cz\u0105c zabiegi z kompleksowym podej\u015bciem do odnowy biologicznej, nasz sprz\u0119t odpowiada na najnowsze wymagania rynku.<\/p>\n<p>G\u0142\u00f3wne korzy\u015bci zdrowotne NeoQi:<\/p>\n<p>Detoksykacja organizmu<br \/>\nPoprawa tekstury sk\u00f3ry<br \/>\nPrzyspieszenie metabolizmu, utrata masy cia\u0142a i odchudzanie<br \/>\nZmniejszenie stresu i zm\u0119czenia poprzez przywr\u00f3cenie r\u00f3wnowagi psycho-emocjonalnej<br \/>\nZapobieganie i leczenie niekt\u00f3rych chor\u00f3b (normalizacja funkcji uk\u0142adu sercowo-naczyniowego, pokarmowego, oddechowego, wydalniczego i hormonalnego).<br \/>\nDobry nastr\u00f3j i przywr\u00f3cona energia witalna<br \/>\nLepsza jako\u015b\u0107 snu<br \/>\nWk\u0142ad w og\u00f3lne samopoczucie<\/p>\n<p><strong>NeoQi<\/strong><strong>\u00ae<\/strong><strong>\u00a0programy leczenia<\/strong><\/p>\n<ul>\n<li><strong><a href=\"http:\/\/neoqi.com\/pl\/how-it-works\/treatment-programs\/steam-session\/\">Aromaterapia<\/a>\u00a0<\/strong>(sesja parowa)<strong>\u00a0<\/strong>45 minut<strong><em>\u00a0<\/em><\/strong><\/li>\n<li><strong><a href=\"http:\/\/neoqi.com\/pl\/how-it-works\/treatment-programs\/hydrotherapy-session\/\">Balneoterapia<\/a>\u00a0<\/strong>(sesja hydroterapii)<em>\u00a0<\/em>50 minut<em>\u00a0<\/em><\/li>\n<li><strong><a href=\"http:\/\/neoqi.com\/pl\/how-it-works\/treatment-programs\/steam-hydrotherapy-session\/\">Kompleksowa termoterapia<\/a>\u00a0<\/strong>(sesja pary i hydroterapii) 70 minut<\/li>\n<li><strong><a href=\"http:\/\/neoqi.com\/pl\/how-it-works\/treatment-programs\/body-wrap\/\">Body Wrap<\/a><\/strong>\u00a090 minut<strong><em>\u00a0<\/em>\u00a0<\/strong><\/li>\n<li><strong><a href=\"http:\/\/neoqi.com\/pl\/how-it-works\/treatment-programs\/hydrotherapy-with-wrap\/\">Hydroterapia z owijaniem cia\u0142a<\/a>\u00a0<\/strong>90 minut<em>\u00a0<\/em><\/li>\n<li><strong><a href=\"http:\/\/neoqi.com\/pl\/how-it-works\/treatment-programs\/express-pampering\/\">Ekspresowa piel\u0119gnacja cia\u0142a<\/a><\/strong>\u00a060 minut<\/li>\n<li><strong><a href=\"http:\/\/neoqi.com\/pl\/how-it-works\/treatment-programs\/facials\/\">Mini Facial<\/a><\/strong>\u00a012-20 minut<\/li>\n<\/ul>","protected":false},"excerpt":{"rendered":"<p>NeoQi\u00ae treatments are aimed at providing all around holistic treatment. This method does not only address beauty, but also well-being and complete body relaxation. It is inspired by energy treatments that eliminate muscular and vascular tension and release vital energies. The functionality of NeoQi\u00ae energy cocoons allows us to offer a wide variety of therapeutic [&hellip;]<\/p>\n","protected":false},"author":3,"featured_media":0,"parent":1953,"menu_order":0,"comment_status":"closed","ping_status":"closed","template":"","meta":{"_acf_changed":false,"site-sidebar-layout":"default","site-content-layout":"","ast-site-content-layout":"default","site-content-style":"default","site-sidebar-style":"default","ast-global-header-display":"","ast-banner-title-visibility":"","ast-main-header-display":"","ast-hfb-above-header-display":"","ast-hfb-below-header-display":"","ast-hfb-mobile-header-display":"","site-post-title":"","ast-breadcrumbs-content":"","ast-featured-img":"","footer-sml-layout":"","ast-disable-related-posts":"","theme-transparent-header-meta":"default","adv-header-id-meta":"","stick-header-meta":"","header-above-stick-meta":"","header-main-stick-meta":"","header-below-stick-meta":"","astra-migrate-meta-layouts":"set","ast-page-background-enabled":"default","ast-page-background-meta":{"desktop":{"background-color":"var(--ast-global-color-4)","background-image":"","background-repeat":"repeat","background-position":"center center","background-size":"auto","background-attachment":"scroll","background-type":"","background-media":"","overlay-type":"","overlay-color":"","overlay-opacity":"","overlay-gradient":""},"tablet":{"background-color":"","background-image":"","background-repeat":"repeat","background-position":"center center","background-size":"auto","background-attachment":"scroll","background-type":"","background-media":"","overlay-type":"","overlay-color":"","overlay-opacity":"","overlay-gradient":""},"mobile":{"background-color":"","background-image":"","background-repeat":"repeat","background-position":"center center","background-size":"auto","background-attachment":"scroll","background-type":"","background-media":"","overlay-type":"","overlay-color":"","overlay-opacity":"","overlay-gradient":""}},"ast-content-background-meta":{"desktop":{"background-color":"var(--ast-global-color-5)","background-image":"","background-repeat":"repeat","background-position":"center center","background-size":"auto","background-attachment":"scroll","background-type":"","background-media":"","overlay-type":"","overlay-color":"","overlay-opacity":"","overlay-gradient":""},"tablet":{"background-color":"var(--ast-global-color-5)","background-image":"","background-repeat":"repeat","background-position":"center center","background-size":"auto","background-attachment":"scroll","background-type":"","background-media":"","overlay-type":"","overlay-color":"","overlay-opacity":"","overlay-gradient":""},"mobile":{"background-color":"var(--ast-global-color-5)","background-image":"","background-repeat":"repeat","background-position":"center center","background-size":"auto","background-attachment":"scroll","background-type":"","background-media":"","overlay-type":"","overlay-color":"","overlay-opacity":"","overlay-gradient":""}},"footnotes":""},"class_list":["post-1957","page","type-page","status-publish","hentry"],"acf":[],"yoast_head":"<!-- This site is optimized with the Yoast SEO plugin v27.4 - https:\/\/yoast.com\/product\/yoast-seo-wordpress\/ -->\n<title>Treatment Programs - NEOQI<\/title>\n<meta name=\"robots\" content=\"index, follow, max-snippet:-1, max-image-preview:large, max-video-preview:-1\" \/>\n<link rel=\"canonical\" href=\"https:\/\/neoqi.com\/pl\/how-it-works\/treatment-programs\/\" \/>\n<meta property=\"og:locale\" content=\"pl_PL\" \/>\n<meta property=\"og:type\" content=\"article\" \/>\n<meta property=\"og:title\" content=\"Treatment Programs - NEOQI\" \/>\n<meta property=\"og:description\" content=\"NeoQi\u00ae treatments are aimed at providing all around holistic treatment. This method does not only address beauty, but also well-being and complete body relaxation. It is inspired by energy treatments that eliminate muscular and vascular tension and release vital energies. The functionality of NeoQi\u00ae energy cocoons allows us to offer a wide variety of therapeutic [&hellip;]\" \/>\n<meta property=\"og:url\" content=\"https:\/\/neoqi.com\/pl\/how-it-works\/treatment-programs\/\" \/>\n<meta property=\"og:site_name\" content=\"NEOQI\" \/>\n<meta property=\"article:publisher\" content=\"https:\/\/www.facebook.com\/neoqi\/\" \/>\n<meta property=\"article:modified_time\" content=\"2024-12-04T08:27:56+00:00\" \/>\n<meta name=\"twitter:card\" content=\"summary_large_image\" \/>\n<meta name=\"twitter:label1\" content=\"Szacowany czas czytania\" \/>\n\t<meta name=\"twitter:data1\" content=\"1 minuta\" \/>\n<script type=\"application\/ld+json\" class=\"yoast-schema-graph\">{\"@context\":\"https:\\\/\\\/schema.org\",\"@graph\":[{\"@type\":\"WebPage\",\"@id\":\"https:\\\/\\\/neoqi.com\\\/how-it-works\\\/treatment-programs\\\/\",\"url\":\"https:\\\/\\\/neoqi.com\\\/how-it-works\\\/treatment-programs\\\/\",\"name\":\"Treatment Programs - NEOQI\",\"isPartOf\":{\"@id\":\"https:\\\/\\\/neoqi.com\\\/#website\"},\"datePublished\":\"2024-09-06T17:24:18+00:00\",\"dateModified\":\"2024-12-04T08:27:56+00:00\",\"breadcrumb\":{\"@id\":\"https:\\\/\\\/neoqi.com\\\/how-it-works\\\/treatment-programs\\\/#breadcrumb\"},\"inLanguage\":\"pl-PL\",\"potentialAction\":[{\"@type\":\"ReadAction\",\"target\":[\"https:\\\/\\\/neoqi.com\\\/how-it-works\\\/treatment-programs\\\/\"]}]},{\"@type\":\"BreadcrumbList\",\"@id\":\"https:\\\/\\\/neoqi.com\\\/how-it-works\\\/treatment-programs\\\/#breadcrumb\",\"itemListElement\":[{\"@type\":\"ListItem\",\"position\":1,\"name\":\"Home\",\"item\":\"https:\\\/\\\/neoqi.com\\\/\"},{\"@type\":\"ListItem\",\"position\":2,\"name\":\"How it Works\",\"item\":\"https:\\\/\\\/neoqi.com\\\/ru\\\/how-it-works\\\/\"},{\"@type\":\"ListItem\",\"position\":3,\"name\":\"Treatment Programs\"}]},{\"@type\":\"WebSite\",\"@id\":\"https:\\\/\\\/neoqi.com\\\/#website\",\"url\":\"https:\\\/\\\/neoqi.com\\\/\",\"name\":\"NEOQI\",\"description\":\"Experience Ultimate Wellness and Relaxation with NeoQi Spa Capsule: Your Path to Rejuvenation\",\"publisher\":{\"@id\":\"https:\\\/\\\/neoqi.com\\\/#organization\"},\"potentialAction\":[{\"@type\":\"SearchAction\",\"target\":{\"@type\":\"EntryPoint\",\"urlTemplate\":\"https:\\\/\\\/neoqi.com\\\/?s={search_term_string}\"},\"query-input\":{\"@type\":\"PropertyValueSpecification\",\"valueRequired\":true,\"valueName\":\"search_term_string\"}}],\"inLanguage\":\"pl-PL\"},{\"@type\":\"Organization\",\"@id\":\"https:\\\/\\\/neoqi.com\\\/#organization\",\"name\":\"NEOQI\",\"url\":\"https:\\\/\\\/neoqi.com\\\/\",\"logo\":{\"@type\":\"ImageObject\",\"inLanguage\":\"pl-PL\",\"@id\":\"https:\\\/\\\/neoqi.com\\\/#\\\/schema\\\/logo\\\/image\\\/\",\"url\":\"https:\\\/\\\/neoqi.com\\\/wp-content\\\/uploads\\\/2024\\\/09\\\/logoneosvg.svg\",\"contentUrl\":\"https:\\\/\\\/neoqi.com\\\/wp-content\\\/uploads\\\/2024\\\/09\\\/logoneosvg.svg\",\"width\":1,\"height\":1,\"caption\":\"NEOQI\"},\"image\":{\"@id\":\"https:\\\/\\\/neoqi.com\\\/#\\\/schema\\\/logo\\\/image\\\/\"},\"sameAs\":[\"https:\\\/\\\/www.facebook.com\\\/neoqi\\\/\",\"https:\\\/\\\/www.instagram.com\\\/neoqi_com\\\/\"]}]}<\/script>\n<!-- \/ Yoast SEO plugin. -->","yoast_head_json":{"title":"Treatment Programs - NEOQI","robots":{"index":"index","follow":"follow","max-snippet":"max-snippet:-1","max-image-preview":"max-image-preview:large","max-video-preview":"max-video-preview:-1"},"canonical":"https:\/\/neoqi.com\/pl\/how-it-works\/treatment-programs\/","og_locale":"pl_PL","og_type":"article","og_title":"Treatment Programs - NEOQI","og_description":"NeoQi\u00ae treatments are aimed at providing all around holistic treatment. This method does not only address beauty, but also well-being and complete body relaxation. It is inspired by energy treatments that eliminate muscular and vascular tension and release vital energies. The functionality of NeoQi\u00ae energy cocoons allows us to offer a wide variety of therapeutic [&hellip;]","og_url":"https:\/\/neoqi.com\/pl\/how-it-works\/treatment-programs\/","og_site_name":"NEOQI","article_publisher":"https:\/\/www.facebook.com\/neoqi\/","article_modified_time":"2024-12-04T08:27:56+00:00","twitter_card":"summary_large_image","twitter_misc":{"Szacowany czas czytania":"1 minuta"},"schema":{"@context":"https:\/\/schema.org","@graph":[{"@type":"WebPage","@id":"https:\/\/neoqi.com\/how-it-works\/treatment-programs\/","url":"https:\/\/neoqi.com\/how-it-works\/treatment-programs\/","name":"Treatment Programs - NEOQI","isPartOf":{"@id":"https:\/\/neoqi.com\/#website"},"datePublished":"2024-09-06T17:24:18+00:00","dateModified":"2024-12-04T08:27:56+00:00","breadcrumb":{"@id":"https:\/\/neoqi.com\/how-it-works\/treatment-programs\/#breadcrumb"},"inLanguage":"pl-PL","potentialAction":[{"@type":"ReadAction","target":["https:\/\/neoqi.com\/how-it-works\/treatment-programs\/"]}]},{"@type":"BreadcrumbList","@id":"https:\/\/neoqi.com\/how-it-works\/treatment-programs\/#breadcrumb","itemListElement":[{"@type":"ListItem","position":1,"name":"Home","item":"https:\/\/neoqi.com\/"},{"@type":"ListItem","position":2,"name":"How it Works","item":"https:\/\/neoqi.com\/ru\/how-it-works\/"},{"@type":"ListItem","position":3,"name":"Treatment Programs"}]},{"@type":"WebSite","@id":"https:\/\/neoqi.com\/#website","url":"https:\/\/neoqi.com\/","name":"NEOQI","description":"Do\u015bwiadcz doskona\u0142ego samopoczucia i relaksu z NeoQi Spa Capsule: Twoja droga do odm\u0142odzenia","publisher":{"@id":"https:\/\/neoqi.com\/#organization"},"potentialAction":[{"@type":"SearchAction","target":{"@type":"EntryPoint","urlTemplate":"https:\/\/neoqi.com\/?s={search_term_string}"},"query-input":{"@type":"PropertyValueSpecification","valueRequired":true,"valueName":"search_term_string"}}],"inLanguage":"pl-PL"},{"@type":"Organization","@id":"https:\/\/neoqi.com\/#organization","name":"NEOQI","url":"https:\/\/neoqi.com\/","logo":{"@type":"ImageObject","inLanguage":"pl-PL","@id":"https:\/\/neoqi.com\/#\/schema\/logo\/image\/","url":"https:\/\/neoqi.com\/wp-content\/uploads\/2024\/09\/logoneosvg.svg","contentUrl":"https:\/\/neoqi.com\/wp-content\/uploads\/2024\/09\/logoneosvg.svg","width":1,"height":1,"caption":"NEOQI"},"image":{"@id":"https:\/\/neoqi.com\/#\/schema\/logo\/image\/"},"sameAs":["https:\/\/www.facebook.com\/neoqi\/","https:\/\/www.instagram.com\/neoqi_com\/"]}]}},"_links":{"self":[{"href":"https:\/\/neoqi.com\/pl\/wp-json\/wp\/v2\/pages\/1957","targetHints":{"allow":["GET"]}}],"collection":[{"href":"https:\/\/neoqi.com\/pl\/wp-json\/wp\/v2\/pages"}],"about":[{"href":"https:\/\/neoqi.com\/pl\/wp-json\/wp\/v2\/types\/page"}],"author":[{"embeddable":true,"href":"https:\/\/neoqi.com\/pl\/wp-json\/wp\/v2\/users\/3"}],"replies":[{"embeddable":true,"href":"https:\/\/neoqi.com\/pl\/wp-json\/wp\/v2\/comments?post=1957"}],"version-history":[{"count":2,"href":"https:\/\/neoqi.com\/pl\/wp-json\/wp\/v2\/pages\/1957\/revisions"}],"predecessor-version":[{"id":3128,"href":"https:\/\/neoqi.com\/pl\/wp-json\/wp\/v2\/pages\/1957\/revisions\/3128"}],"up":[{"embeddable":true,"href":"https:\/\/neoqi.com\/pl\/wp-json\/wp\/v2\/pages\/1953"}],"wp:attachment":[{"href":"https:\/\/neoqi.com\/pl\/wp-json\/wp\/v2\/media?parent=1957"}],"curies":[{"name":"wp","href":"https:\/\/api.w.org\/{rel}","templated":true}]}}