{"id":1963,"date":"2024-09-06T20:36:28","date_gmt":"2024-09-06T17:36:28","guid":{"rendered":"http:\/\/neoqi.com\/?page_id=1963"},"modified":"2024-09-06T20:36:28","modified_gmt":"2024-09-06T17:36:28","slug":"technical-data","status":"publish","type":"page","link":"https:\/\/neoqi.com\/pl\/how-it-works\/technical-data\/","title":{"rendered":"Dane techniczne"},"content":{"rendered":"<p><strong>Pok\u00f3j<\/strong><\/p>\n<p>Sprz\u0119t NeoQi jest przeznaczony do u\u017cytku w warunkach wewn\u0119trznych i nie mo\u017ce by\u0107 transportowany ani przechowywany w temperaturze poni\u017cej 0 stopni C. Sprz\u0119t powinien by\u0107 u\u017cywany w pomieszczeniu zabezpieczonym przed wilgoci\u0105, zalecana jest wentylacja, poniewa\u017c w trybie pracy urz\u0105dzenie wytwarza wilgo\u0107.<\/p>\n<p>Zaleca si\u0119, aby na pod\u0142odze znajdowa\u0142 si\u0119 og\u00f3lny odp\u0142yw.<\/p>\n<p>Drzwi musz\u0105 mie\u0107 szeroko\u015b\u0107 co najmniej 80 cm.<\/p>\n<p>Urz\u0105dzenia NeoQi\u00ae nie mo\u017cna u\u017cywa\u0107, je\u015bli powietrze zawiera \u0141ATWOPALN\u0104 MIESZANK\u0118 ANAESTETYCZN\u0104 Z POWIETRZEM, TLENEM LUB TLENKIEM AZOTU.<\/p>\n<p><strong>Moc<\/strong><\/p>\n<p>Instalacje elektryczne urz\u0105dze\u0144 NeoQi\u00ae powinny by\u0107 wykonywane przez wykwalifikowanych specjalist\u00f3w lub oficjalnych przedstawicieli NeoQi\u00ae AS.<\/p>\n<p>Sprz\u0119t NeoQi wykorzystuje miedziany przew\u00f3d zasilaj\u0105cy o przekroju 3 x 2,5 mm\u00b2. Przew\u00f3d zasilaj\u0105cy nale\u017cy pod\u0142\u0105czy\u0107 do odpornej na wilgo\u0107 puszki przy\u0142\u0105czeniowej, kt\u00f3ra znajduje si\u0119 na ramie urz\u0105dzenia.<\/p>\n<p>Maksymalny pob\u00f3r mocy r\u00f3\u017cni si\u0119 w zale\u017cno\u015bci od modelu i wynosi od 0,3 do 4,6 kW.<\/p>\n<p>Pr\u0105d urz\u0105dzenia zabezpieczaj\u0105cego przed podajnikiem sprz\u0119tu nie powinien by\u0107 mniejszy ni\u017c 20A.<\/p>\n<p>Warto\u015b\u0107 znamionowa bezpiecznika stosowanego w g\u0142\u00f3wnym obwodzie zasilania zewn\u0119trznego zainstalowanego sprz\u0119tu stacjonarnego: wy\u0142\u0105czniki 20A.<\/p>\n<p><strong>Woda<\/strong><\/p>\n<p>Instalacja wlot\u00f3w ciep\u0142ej i zimnej wody oraz przy\u0142\u0105czy odp\u0142ywowych urz\u0105dze\u0144 NeoQi\u00ae Harmony powinna by\u0107 wykonana przez wykwalifikowanego specjalist\u0119 lub oficjalnego przedstawiciela NeoQi\u00ae AS.<\/p>\n<p>Wymagane s\u0105 dwa w\u0119\u017ce ci\u015bnieniowe - jeden do ciep\u0142ej, a drugi do zimnej wody. W zale\u017cno\u015bci od modelu, ko\u0144c\u00f3wki powinny by\u0107 gwintowane \u00bd lub 3\u20444. D\u0142ugo\u015b\u0107 w\u0119\u017cy zale\u017cy od odleg\u0142o\u015bci od wlot\u00f3w wody.<\/p>\n<p>Urz\u0105dzenia NeoQi wykorzystuj\u0105 przy\u0142\u0105cza \u00d8 32 lub 50 mm do odprowadzania wody z pod\u0142ogi i w\u0119\u017ca odprowadzaj\u0105cego wod\u0119, w zale\u017cno\u015bci od instalowanego modelu. D\u0142ugo\u015b\u0107 w\u0119\u017ca odp\u0142ywowego zale\u017cy od odleg\u0142o\u015bci od otworu odp\u0142ywowego na ziemi.<\/p>\n<p>Do prawid\u0142owego dzia\u0142ania urz\u0105dzenia nale\u017cy u\u017cywa\u0107 wy\u0142\u0105cznie czystej wody z kranu. W przypadku, gdy woda z kranu zawiera wysoki procent substancji \u015bciernych lub rdzy, zaleca si\u0119 zainstalowanie filtra wody<a name=\"_Toc243812516\"><\/a><a name=\"_Toc55370922\"><\/a><a name=\"_Toc35756076\"><\/a>.<\/p>\n<p>Minimalny wymagany poziom wody do obs\u0142ugi wanny do hydroterapii powinien wynosi\u0107 ~ 1 cm powy\u017cej tylnych dysz.<\/p>\n<p>Maksymalne dopuszczalne obci\u0105\u017cenie \u0142\u00f3\u017cka wibracyjnego wynosi 175 kg.<\/p>","protected":false},"excerpt":{"rendered":"<p>Room NeoQi equipment is designed for use in indoor conditions and cannot be transported or stored below 0 degrees C. The equipment should be used in a moisture proof room, ventilation is recommended, as in the working regime, the machine creates humidity. It is recommended to have a general drain on the floor. Doors must [&hellip;]<\/p>\n","protected":false},"author":3,"featured_media":0,"parent":1953,"menu_order":0,"comment_status":"closed","ping_status":"closed","template":"","meta":{"_acf_changed":false,"site-sidebar-layout":"default","site-content-layout":"","ast-site-content-layout":"default","site-content-style":"default","site-sidebar-style":"default","ast-global-header-display":"","ast-banner-title-visibility":"","ast-main-header-display":"","ast-hfb-above-header-display":"","ast-hfb-below-header-display":"","ast-hfb-mobile-header-display":"","site-post-title":"","ast-breadcrumbs-content":"","ast-featured-img":"","footer-sml-layout":"","ast-disable-related-posts":"","theme-transparent-header-meta":"default","adv-header-id-meta":"","stick-header-meta":"","header-above-stick-meta":"","header-main-stick-meta":"","header-below-stick-meta":"","astra-migrate-meta-layouts":"set","ast-page-background-enabled":"default","ast-page-background-meta":{"desktop":{"background-color":"var(--ast-global-color-4)","background-image":"","background-repeat":"repeat","background-position":"center center","background-size":"auto","background-attachment":"scroll","background-type":"","background-media":"","overlay-type":"","overlay-color":"","overlay-opacity":"","overlay-gradient":""},"tablet":{"background-color":"","background-image":"","background-repeat":"repeat","background-position":"center center","background-size":"auto","background-attachment":"scroll","background-type":"","background-media":"","overlay-type":"","overlay-color":"","overlay-opacity":"","overlay-gradient":""},"mobile":{"background-color":"","background-image":"","background-repeat":"repeat","background-position":"center center","background-size":"auto","background-attachment":"scroll","background-type":"","background-media":"","overlay-type":"","overlay-color":"","overlay-opacity":"","overlay-gradient":""}},"ast-content-background-meta":{"desktop":{"background-color":"var(--ast-global-color-5)","background-image":"","background-repeat":"repeat","background-position":"center center","background-size":"auto","background-attachment":"scroll","background-type":"","background-media":"","overlay-type":"","overlay-color":"","overlay-opacity":"","overlay-gradient":""},"tablet":{"background-color":"var(--ast-global-color-5)","background-image":"","background-repeat":"repeat","background-position":"center center","background-size":"auto","background-attachment":"scroll","background-type":"","background-media":"","overlay-type":"","overlay-color":"","overlay-opacity":"","overlay-gradient":""},"mobile":{"background-color":"var(--ast-global-color-5)","background-image":"","background-repeat":"repeat","background-position":"center center","background-size":"auto","background-attachment":"scroll","background-type":"","background-media":"","overlay-type":"","overlay-color":"","overlay-opacity":"","overlay-gradient":""}},"footnotes":""},"class_list":["post-1963","page","type-page","status-publish","hentry"],"acf":[],"yoast_head":"<!-- This site is optimized with the Yoast SEO plugin v27.4 - https:\/\/yoast.com\/product\/yoast-seo-wordpress\/ -->\n<title>Technical data - NEOQI<\/title>\n<meta name=\"robots\" content=\"index, follow, max-snippet:-1, max-image-preview:large, max-video-preview:-1\" \/>\n<link rel=\"canonical\" href=\"https:\/\/neoqi.com\/pl\/how-it-works\/technical-data\/\" \/>\n<meta property=\"og:locale\" content=\"pl_PL\" \/>\n<meta property=\"og:type\" content=\"article\" \/>\n<meta property=\"og:title\" content=\"Technical data - NEOQI\" \/>\n<meta property=\"og:description\" content=\"Room NeoQi equipment is designed for use in indoor conditions and cannot be transported or stored below 0 degrees C. The equipment should be used in a moisture proof room, ventilation is recommended, as in the working regime, the machine creates humidity. It is recommended to have a general drain on the floor. Doors must [&hellip;]\" \/>\n<meta property=\"og:url\" content=\"https:\/\/neoqi.com\/pl\/how-it-works\/technical-data\/\" \/>\n<meta property=\"og:site_name\" content=\"NEOQI\" \/>\n<meta property=\"article:publisher\" content=\"https:\/\/www.facebook.com\/neoqi\/\" \/>\n<meta name=\"twitter:card\" content=\"summary_large_image\" \/>\n<meta name=\"twitter:label1\" content=\"Szacowany czas czytania\" \/>\n\t<meta name=\"twitter:data1\" content=\"2 minuty\" \/>\n<script type=\"application\/ld+json\" class=\"yoast-schema-graph\">{\"@context\":\"https:\\\/\\\/schema.org\",\"@graph\":[{\"@type\":\"WebPage\",\"@id\":\"https:\\\/\\\/neoqi.com\\\/how-it-works\\\/technical-data\\\/\",\"url\":\"https:\\\/\\\/neoqi.com\\\/how-it-works\\\/technical-data\\\/\",\"name\":\"Technical data - NEOQI\",\"isPartOf\":{\"@id\":\"https:\\\/\\\/neoqi.com\\\/#website\"},\"datePublished\":\"2024-09-06T17:36:28+00:00\",\"breadcrumb\":{\"@id\":\"https:\\\/\\\/neoqi.com\\\/how-it-works\\\/technical-data\\\/#breadcrumb\"},\"inLanguage\":\"pl-PL\",\"potentialAction\":[{\"@type\":\"ReadAction\",\"target\":[\"https:\\\/\\\/neoqi.com\\\/how-it-works\\\/technical-data\\\/\"]}]},{\"@type\":\"BreadcrumbList\",\"@id\":\"https:\\\/\\\/neoqi.com\\\/how-it-works\\\/technical-data\\\/#breadcrumb\",\"itemListElement\":[{\"@type\":\"ListItem\",\"position\":1,\"name\":\"Home\",\"item\":\"https:\\\/\\\/neoqi.com\\\/\"},{\"@type\":\"ListItem\",\"position\":2,\"name\":\"How it Works\",\"item\":\"https:\\\/\\\/neoqi.com\\\/ru\\\/how-it-works\\\/\"},{\"@type\":\"ListItem\",\"position\":3,\"name\":\"Technical data\"}]},{\"@type\":\"WebSite\",\"@id\":\"https:\\\/\\\/neoqi.com\\\/#website\",\"url\":\"https:\\\/\\\/neoqi.com\\\/\",\"name\":\"NEOQI\",\"description\":\"Experience Ultimate Wellness and Relaxation with NeoQi Spa Capsule: Your Path to Rejuvenation\",\"publisher\":{\"@id\":\"https:\\\/\\\/neoqi.com\\\/#organization\"},\"potentialAction\":[{\"@type\":\"SearchAction\",\"target\":{\"@type\":\"EntryPoint\",\"urlTemplate\":\"https:\\\/\\\/neoqi.com\\\/?s={search_term_string}\"},\"query-input\":{\"@type\":\"PropertyValueSpecification\",\"valueRequired\":true,\"valueName\":\"search_term_string\"}}],\"inLanguage\":\"pl-PL\"},{\"@type\":\"Organization\",\"@id\":\"https:\\\/\\\/neoqi.com\\\/#organization\",\"name\":\"NEOQI\",\"url\":\"https:\\\/\\\/neoqi.com\\\/\",\"logo\":{\"@type\":\"ImageObject\",\"inLanguage\":\"pl-PL\",\"@id\":\"https:\\\/\\\/neoqi.com\\\/#\\\/schema\\\/logo\\\/image\\\/\",\"url\":\"https:\\\/\\\/neoqi.com\\\/wp-content\\\/uploads\\\/2024\\\/09\\\/logoneosvg.svg\",\"contentUrl\":\"https:\\\/\\\/neoqi.com\\\/wp-content\\\/uploads\\\/2024\\\/09\\\/logoneosvg.svg\",\"width\":1,\"height\":1,\"caption\":\"NEOQI\"},\"image\":{\"@id\":\"https:\\\/\\\/neoqi.com\\\/#\\\/schema\\\/logo\\\/image\\\/\"},\"sameAs\":[\"https:\\\/\\\/www.facebook.com\\\/neoqi\\\/\",\"https:\\\/\\\/www.instagram.com\\\/neoqi_com\\\/\"]}]}<\/script>\n<!-- \/ Yoast SEO plugin. -->","yoast_head_json":{"title":"Technical data - NEOQI","robots":{"index":"index","follow":"follow","max-snippet":"max-snippet:-1","max-image-preview":"max-image-preview:large","max-video-preview":"max-video-preview:-1"},"canonical":"https:\/\/neoqi.com\/pl\/how-it-works\/technical-data\/","og_locale":"pl_PL","og_type":"article","og_title":"Technical data - NEOQI","og_description":"Room NeoQi equipment is designed for use in indoor conditions and cannot be transported or stored below 0 degrees C. The equipment should be used in a moisture proof room, ventilation is recommended, as in the working regime, the machine creates humidity. It is recommended to have a general drain on the floor. Doors must [&hellip;]","og_url":"https:\/\/neoqi.com\/pl\/how-it-works\/technical-data\/","og_site_name":"NEOQI","article_publisher":"https:\/\/www.facebook.com\/neoqi\/","twitter_card":"summary_large_image","twitter_misc":{"Szacowany czas czytania":"2 minuty"},"schema":{"@context":"https:\/\/schema.org","@graph":[{"@type":"WebPage","@id":"https:\/\/neoqi.com\/how-it-works\/technical-data\/","url":"https:\/\/neoqi.com\/how-it-works\/technical-data\/","name":"Technical data - NEOQI","isPartOf":{"@id":"https:\/\/neoqi.com\/#website"},"datePublished":"2024-09-06T17:36:28+00:00","breadcrumb":{"@id":"https:\/\/neoqi.com\/how-it-works\/technical-data\/#breadcrumb"},"inLanguage":"pl-PL","potentialAction":[{"@type":"ReadAction","target":["https:\/\/neoqi.com\/how-it-works\/technical-data\/"]}]},{"@type":"BreadcrumbList","@id":"https:\/\/neoqi.com\/how-it-works\/technical-data\/#breadcrumb","itemListElement":[{"@type":"ListItem","position":1,"name":"Home","item":"https:\/\/neoqi.com\/"},{"@type":"ListItem","position":2,"name":"How it Works","item":"https:\/\/neoqi.com\/ru\/how-it-works\/"},{"@type":"ListItem","position":3,"name":"Technical data"}]},{"@type":"WebSite","@id":"https:\/\/neoqi.com\/#website","url":"https:\/\/neoqi.com\/","name":"NEOQI","description":"Do\u015bwiadcz doskona\u0142ego samopoczucia i relaksu z NeoQi Spa Capsule: Twoja droga do odm\u0142odzenia","publisher":{"@id":"https:\/\/neoqi.com\/#organization"},"potentialAction":[{"@type":"SearchAction","target":{"@type":"EntryPoint","urlTemplate":"https:\/\/neoqi.com\/?s={search_term_string}"},"query-input":{"@type":"PropertyValueSpecification","valueRequired":true,"valueName":"search_term_string"}}],"inLanguage":"pl-PL"},{"@type":"Organization","@id":"https:\/\/neoqi.com\/#organization","name":"NEOQI","url":"https:\/\/neoqi.com\/","logo":{"@type":"ImageObject","inLanguage":"pl-PL","@id":"https:\/\/neoqi.com\/#\/schema\/logo\/image\/","url":"https:\/\/neoqi.com\/wp-content\/uploads\/2024\/09\/logoneosvg.svg","contentUrl":"https:\/\/neoqi.com\/wp-content\/uploads\/2024\/09\/logoneosvg.svg","width":1,"height":1,"caption":"NEOQI"},"image":{"@id":"https:\/\/neoqi.com\/#\/schema\/logo\/image\/"},"sameAs":["https:\/\/www.facebook.com\/neoqi\/","https:\/\/www.instagram.com\/neoqi_com\/"]}]}},"_links":{"self":[{"href":"https:\/\/neoqi.com\/pl\/wp-json\/wp\/v2\/pages\/1963","targetHints":{"allow":["GET"]}}],"collection":[{"href":"https:\/\/neoqi.com\/pl\/wp-json\/wp\/v2\/pages"}],"about":[{"href":"https:\/\/neoqi.com\/pl\/wp-json\/wp\/v2\/types\/page"}],"author":[{"embeddable":true,"href":"https:\/\/neoqi.com\/pl\/wp-json\/wp\/v2\/users\/3"}],"replies":[{"embeddable":true,"href":"https:\/\/neoqi.com\/pl\/wp-json\/wp\/v2\/comments?post=1963"}],"version-history":[{"count":1,"href":"https:\/\/neoqi.com\/pl\/wp-json\/wp\/v2\/pages\/1963\/revisions"}],"predecessor-version":[{"id":1964,"href":"https:\/\/neoqi.com\/pl\/wp-json\/wp\/v2\/pages\/1963\/revisions\/1964"}],"up":[{"embeddable":true,"href":"https:\/\/neoqi.com\/pl\/wp-json\/wp\/v2\/pages\/1953"}],"wp:attachment":[{"href":"https:\/\/neoqi.com\/pl\/wp-json\/wp\/v2\/media?parent=1963"}],"curies":[{"name":"wp","href":"https:\/\/api.w.org\/{rel}","templated":true}]}}