{"id":1965,"date":"2024-09-06T20:38:58","date_gmt":"2024-09-06T17:38:58","guid":{"rendered":"http:\/\/neoqi.com\/?page_id=1965"},"modified":"2024-09-07T13:06:41","modified_gmt":"2024-09-07T10:06:41","slug":"functions","status":"publish","type":"page","link":"https:\/\/neoqi.com\/pl\/how-it-works\/functions\/","title":{"rendered":"Funkcje"},"content":{"rendered":"<table width=\"804\">\n<tbody>\n<tr>\n<td width=\"113\"><img decoding=\"async\" class=\"wp-image-1352  aligncenter\" src=\"http:\/\/neoqi.com\/wp-content\/uploads\/2015\/03\/Steam.png\" alt=\"Steam\" width=\"65\" height=\"78\" \/><\/td>\n<td width=\"690\"><strong>Steam\u00a0<\/strong>Zapewnia skuteczny detoks (wydalanie produkt\u00f3w odpadowych, toksyn i substancji balastowych z organizmu), zwi\u0119ksza procesy biochemiczne w tkankach, usuwa zanieczyszczenia, a jednocze\u015bnie poprawia struktur\u0119, elastyczno\u015b\u0107 i koloryt sk\u00f3ry, zwi\u0119ksza podatno\u015b\u0107 na terapie remineralizuj\u0105ce i dzia\u0142anie produkt\u00f3w aktywnych. Wi\u0119cej informacji na temat\u00a0<a href=\"http:\/\/neoqi.com\/pl\/how-it-works\/functions\/steam-sauna\/\">sauna parowa<\/a>.<\/td>\n<\/tr>\n<tr>\n<td width=\"113\"><img decoding=\"async\" class=\"wp-image-1350 aligncenter\" src=\"http:\/\/neoqi.com\/wp-content\/uploads\/2015\/03\/Infrared.png\" alt=\"Infrared\" width=\"65\" height=\"77\" \/><\/td>\n<td width=\"690\"><strong>Podczerwie\u0144\u00a0<\/strong>Skuteczniejsze i g\u0142\u0119bsze ogrzewanie tkanek (podsk\u00f3rnej tkanki t\u0142uszczowej, mi\u0119\u015bni, staw\u00f3w, \u015bci\u0119gien), co powoduje zmniejszenie obj\u0119to\u015bci cia\u0142a, leczenie artrozy \/ zapalenia staw\u00f3w \/ zapalenia mi\u0119\u015bni i skr\u0119ce\u0144; trenuje uk\u0142ad sercowo-naczyniowy, zwi\u0119ksza og\u00f3lne napi\u0119cie cia\u0142a, przyspiesza regeneracj\u0119 i odm\u0142odzenie, wzmacnia uk\u0142ad odporno\u015bciowy. Przeczytaj wi\u0119cej o\u00a0<a href=\"http:\/\/neoqi.com\/pl\/how-it-works\/functions\/infrared-sauna\/\">sauna na podczerwie\u0144<\/a>.<\/td>\n<\/tr>\n<tr>\n<td width=\"113\"><img decoding=\"async\" class=\"wp-image-1354 aligncenter\" src=\"http:\/\/neoqi.com\/wp-content\/uploads\/2015\/03\/Vichy-Shower.png\" alt=\"Vichy Shower\" width=\"66\" height=\"73\" \/><\/td>\n<td width=\"690\"><strong>Prysznic Vichy\u00a0<\/strong>Wytwarza strumie\u0144 przypominaj\u0105cy ulewny deszcz, zapewniaj\u0105c masa\u017c poza \u015brodowiskiem wodnym. Krople wody spadaj\u0105ce na cia\u0142o sprawiaj\u0105, \u017ce pocz\u0105tkowo jeste\u015b czujny, a nast\u0119pnie zrelaksowany. Przeczytaj wi\u0119cej o\u00a0<a href=\"http:\/\/neoqi.com\/pl\/how-it-works\/functions\/vichy-shower\/\">Prysznic Vichy<\/a>.<\/td>\n<\/tr>\n<tr>\n<td width=\"113\"><img loading=\"lazy\" decoding=\"async\" class=\"wp-image-1353 aligncenter\" src=\"http:\/\/neoqi.com\/wp-content\/uploads\/2015\/03\/Vibromassage.png\" alt=\"Vibromassage\" width=\"65\" height=\"70\" \/><\/td>\n<td width=\"690\"><strong>\u0141\u00f3\u017cko wibracyjne\u00a0<\/strong>Przyspiesza napraw\u0119 tkanek, pomaga wyeliminowa\u0107 toksyny, ma pozytywny wp\u0142yw na uk\u0142ad nerwowo-mi\u0119\u015bniowy, poprawia wydajno\u015b\u0107 mi\u0119\u015bni i procesy redoks w ich tkankach, pomaga z\u0142agodzi\u0107 stres, napi\u0119cie, b\u00f3l, eliminuje stagnacj\u0119. Przeczytaj wi\u0119cej o\u00a0<a href=\"http:\/\/neoqi.com\/pl\/how-it-works\/functions\/vibromassage\/\">st\u00f3\u0142 wibracyjny do obr\u00f3bki<\/a>.<\/td>\n<\/tr>\n<tr>\n<td width=\"113\"><a href=\"http:\/\/neoqi.com\/wp-content\/uploads\/2015\/03\/HYDROMASSAGE.jpg\"><img loading=\"lazy\" decoding=\"async\" class=\"wp-image-1433 aligncenter\" src=\"http:\/\/neoqi.com\/wp-content\/uploads\/2015\/03\/HYDROMASSAGE.jpg\" alt=\"HYDROMASSAGE\" width=\"89\" height=\"87\" \/><\/a><\/td>\n<td width=\"690\"><strong>Masa\u017c wodny (hydro)\u00a0<\/strong>Zapewnia natychmiastowy efekt relaksacyjny dzi\u0119ki dzia\u0142aniu strumieni ciep\u0142ej wody o r\u00f3\u017cnym ci\u015bnieniu; zwi\u0119ksza kr\u0105\u017cenie krwi i limfy, stymuluje procesy metaboliczne i biochemiczne w narz\u0105dach i tkankach. Korzy\u015bci terapeutyczne wynikaj\u0105 z relaksuj\u0105cego dzia\u0142ania ciep\u0142ej wody, stosowanej ze zmienn\u0105 si\u0142\u0105 na mi\u0119\u015bnie. Przeczytaj wi\u0119cej o<a href=\"http:\/\/neoqi.com\/pl\/how-it-works\/functions\/hydromassage\/\">\u00a0hydromasa\u017c<\/a>.<\/td>\n<\/tr>\n<tr>\n<td width=\"113\"><img loading=\"lazy\" decoding=\"async\" class=\"wp-image-1432 aligncenter\" src=\"http:\/\/neoqi.com\/wp-content\/uploads\/2015\/03\/Bottom-Air.png\" alt=\"Bottom Air\" width=\"65\" height=\"78\" \/><\/td>\n<td width=\"690\"><strong>Masa\u017c b\u0105belkami powietrza\u00a0<\/strong>Idealny do zmniejszenia zwi\u0119kszonego uwalniania hormon\u00f3w stresu, tworz\u0105c element komfortu psychicznego i fizycznego; zmniejsza nasilenie nieprzyjemnych i bolesnych uczu\u0107 o r\u00f3\u017cnym charakterze, \u0142agodzi stres ko\u015bci i staw\u00f3w, \u0142agodzi bezsenno\u015b\u0107. Przeczytaj wi\u0119cej o\u00a0<a href=\"http:\/\/neoqi.com\/pl\/how-it-works\/functions\/air-bubble-massage\/\">masa\u017c ba\u0144k\u0105 powietrzn\u0105<\/a>.<\/td>\n<\/tr>\n<tr>\n<td width=\"113\"><img loading=\"lazy\" decoding=\"async\" class=\"wp-image-1434 aligncenter\" src=\"http:\/\/neoqi.com\/wp-content\/uploads\/2015\/03\/Chromotherapy.png\" alt=\"Chromotherapy\" width=\"79\" height=\"73\" \/><\/td>\n<td width=\"690\"><strong>O\u015bwietlenie LED\u00a0<\/strong>Reprezentuje aktywn\u0105 energi\u0119 \u015bwiat\u0142a, kt\u00f3ra ma ogromny wp\u0142yw na nasz umys\u0142 i dusz\u0119 - aktywuje procesy fizjologiczne reguluj\u0105ce biorytmy dobowe, poprawia odporno\u015b\u0107, skuteczna w leczeniu zm\u0119czenia, depresji, zaburze\u0144 snu, nerwicy i przem\u0119czenia. Przeczytaj wi\u0119cej o\u00a0<a href=\"http:\/\/neoqi.com\/pl\/how-it-works\/functions\/chromotherapy\/\">chromoterapia<\/a>.<\/td>\n<\/tr>\n<tr>\n<td width=\"113\"><img loading=\"lazy\" decoding=\"async\" class=\"wp-image-1351 aligncenter\" src=\"http:\/\/neoqi.com\/wp-content\/uploads\/2015\/03\/Musictherapy.png\" alt=\"Musictherapy\" width=\"64\" height=\"71\" \/><\/td>\n<td width=\"690\"><strong>Muzykoterapia\u00a0<\/strong>Jedna z najstarszych i naturalnych form korekcji stan\u00f3w emocjonalnych. Rytmiczne elementy muzyki pomagaj\u0105 zwi\u0119kszy\u0107 witalno\u015b\u0107, przyczyniaj\u0105 si\u0119 do sta\u0142ego przep\u0142ywu energii, \u0142agodz\u0105 b\u00f3l i napi\u0119cie nerwowe. M\u00f3wi si\u0119, \u017ce odpoczynek przy muzyce jest bardziej efektywny ni\u017c bez niej. Przeczytaj wi\u0119cej o\u00a0<a href=\"http:\/\/neoqi.com\/pl\/how-it-works\/functions\/music-therapy\/\">muzykoterapia<\/a>.\u00a0<em>\u00a0<\/em><em>\u00a0<\/em><em>\u00a0<\/em><\/td>\n<\/tr>\n<\/tbody>\n<\/table>","protected":false},"excerpt":{"rendered":"<p>Steam\u00a0Ensures an effective detox (excretion of waste products, toxicants and ballast substances from the body), increases biochemical processes in tissues, removes impurities and at the same time promotes skin texture, elasticity and tone, increases receptiveness to remineralizing therapies and the effects of active products. Read more about\u00a0steam sauna. Infrared\u00a0More efficient and deeper heating of tissues [&hellip;]<\/p>\n","protected":false},"author":1,"featured_media":0,"parent":1953,"menu_order":0,"comment_status":"closed","ping_status":"closed","template":"","meta":{"_acf_changed":false,"site-sidebar-layout":"default","site-content-layout":"","ast-site-content-layout":"default","site-content-style":"default","site-sidebar-style":"default","ast-global-header-display":"","ast-banner-title-visibility":"","ast-main-header-display":"","ast-hfb-above-header-display":"","ast-hfb-below-header-display":"","ast-hfb-mobile-header-display":"","site-post-title":"","ast-breadcrumbs-content":"","ast-featured-img":"","footer-sml-layout":"","ast-disable-related-posts":"","theme-transparent-header-meta":"default","adv-header-id-meta":"","stick-header-meta":"","header-above-stick-meta":"","header-main-stick-meta":"","header-below-stick-meta":"","astra-migrate-meta-layouts":"set","ast-page-background-enabled":"default","ast-page-background-meta":{"desktop":{"background-color":"var(--ast-global-color-4)","background-image":"","background-repeat":"repeat","background-position":"center center","background-size":"auto","background-attachment":"scroll","background-type":"","background-media":"","overlay-type":"","overlay-color":"","overlay-opacity":"","overlay-gradient":""},"tablet":{"background-color":"","background-image":"","background-repeat":"repeat","background-position":"center center","background-size":"auto","background-attachment":"scroll","background-type":"","background-media":"","overlay-type":"","overlay-color":"","overlay-opacity":"","overlay-gradient":""},"mobile":{"background-color":"","background-image":"","background-repeat":"repeat","background-position":"center center","background-size":"auto","background-attachment":"scroll","background-type":"","background-media":"","overlay-type":"","overlay-color":"","overlay-opacity":"","overlay-gradient":""}},"ast-content-background-meta":{"desktop":{"background-color":"var(--ast-global-color-5)","background-image":"","background-repeat":"repeat","background-position":"center center","background-size":"auto","background-attachment":"scroll","background-type":"","background-media":"","overlay-type":"","overlay-color":"","overlay-opacity":"","overlay-gradient":""},"tablet":{"background-color":"var(--ast-global-color-5)","background-image":"","background-repeat":"repeat","background-position":"center center","background-size":"auto","background-attachment":"scroll","background-type":"","background-media":"","overlay-type":"","overlay-color":"","overlay-opacity":"","overlay-gradient":""},"mobile":{"background-color":"var(--ast-global-color-5)","background-image":"","background-repeat":"repeat","background-position":"center center","background-size":"auto","background-attachment":"scroll","background-type":"","background-media":"","overlay-type":"","overlay-color":"","overlay-opacity":"","overlay-gradient":""}},"footnotes":""},"class_list":["post-1965","page","type-page","status-publish","hentry"],"acf":[],"yoast_head":"<!-- This site is optimized with the Yoast SEO plugin v27.4 - https:\/\/yoast.com\/product\/yoast-seo-wordpress\/ -->\n<title>Functions - NEOQI<\/title>\n<meta name=\"robots\" content=\"index, follow, max-snippet:-1, max-image-preview:large, max-video-preview:-1\" \/>\n<link rel=\"canonical\" href=\"https:\/\/neoqi.com\/pl\/how-it-works\/functions\/\" \/>\n<meta property=\"og:locale\" content=\"pl_PL\" \/>\n<meta property=\"og:type\" content=\"article\" \/>\n<meta property=\"og:title\" content=\"Functions - NEOQI\" \/>\n<meta property=\"og:description\" content=\"Steam\u00a0Ensures an effective detox (excretion of waste products, toxicants and ballast substances from the body), increases biochemical processes in tissues, removes impurities and at the same time promotes skin texture, elasticity and tone, increases receptiveness to remineralizing therapies and the effects of active products. Read more about\u00a0steam sauna. Infrared\u00a0More efficient and deeper heating of tissues [&hellip;]\" \/>\n<meta property=\"og:url\" content=\"https:\/\/neoqi.com\/pl\/how-it-works\/functions\/\" \/>\n<meta property=\"og:site_name\" content=\"NEOQI\" \/>\n<meta property=\"article:publisher\" content=\"https:\/\/www.facebook.com\/neoqi\/\" \/>\n<meta property=\"article:modified_time\" content=\"2024-09-07T10:06:41+00:00\" \/>\n<meta property=\"og:image\" content=\"http:\/\/neoqi.com\/wp-content\/uploads\/2015\/03\/Steam.png\" \/>\n<meta name=\"twitter:card\" content=\"summary_large_image\" \/>\n<meta name=\"twitter:label1\" content=\"Szacowany czas czytania\" \/>\n\t<meta name=\"twitter:data1\" content=\"2 minuty\" \/>\n<script type=\"application\/ld+json\" class=\"yoast-schema-graph\">{\"@context\":\"https:\\\/\\\/schema.org\",\"@graph\":[{\"@type\":\"WebPage\",\"@id\":\"https:\\\/\\\/neoqi.com\\\/ru\\\/how-it-works\\\/functions\\\/\",\"url\":\"https:\\\/\\\/neoqi.com\\\/ru\\\/how-it-works\\\/functions\\\/\",\"name\":\"Functions - NEOQI\",\"isPartOf\":{\"@id\":\"https:\\\/\\\/neoqi.com\\\/#website\"},\"primaryImageOfPage\":{\"@id\":\"https:\\\/\\\/neoqi.com\\\/ru\\\/how-it-works\\\/functions\\\/#primaryimage\"},\"image\":{\"@id\":\"https:\\\/\\\/neoqi.com\\\/ru\\\/how-it-works\\\/functions\\\/#primaryimage\"},\"thumbnailUrl\":\"http:\\\/\\\/neoqi.com\\\/wp-content\\\/uploads\\\/2015\\\/03\\\/Steam.png\",\"datePublished\":\"2024-09-06T17:38:58+00:00\",\"dateModified\":\"2024-09-07T10:06:41+00:00\",\"breadcrumb\":{\"@id\":\"https:\\\/\\\/neoqi.com\\\/ru\\\/how-it-works\\\/functions\\\/#breadcrumb\"},\"inLanguage\":\"pl-PL\",\"potentialAction\":[{\"@type\":\"ReadAction\",\"target\":[\"https:\\\/\\\/neoqi.com\\\/ru\\\/how-it-works\\\/functions\\\/\"]}]},{\"@type\":\"ImageObject\",\"inLanguage\":\"pl-PL\",\"@id\":\"https:\\\/\\\/neoqi.com\\\/ru\\\/how-it-works\\\/functions\\\/#primaryimage\",\"url\":\"http:\\\/\\\/neoqi.com\\\/wp-content\\\/uploads\\\/2015\\\/03\\\/Steam.png\",\"contentUrl\":\"http:\\\/\\\/neoqi.com\\\/wp-content\\\/uploads\\\/2015\\\/03\\\/Steam.png\"},{\"@type\":\"BreadcrumbList\",\"@id\":\"https:\\\/\\\/neoqi.com\\\/ru\\\/how-it-works\\\/functions\\\/#breadcrumb\",\"itemListElement\":[{\"@type\":\"ListItem\",\"position\":1,\"name\":\"Home\",\"item\":\"https:\\\/\\\/neoqi.com\\\/\"},{\"@type\":\"ListItem\",\"position\":2,\"name\":\"How it Works\",\"item\":\"https:\\\/\\\/neoqi.com\\\/ru\\\/how-it-works\\\/\"},{\"@type\":\"ListItem\",\"position\":3,\"name\":\"Functions\"}]},{\"@type\":\"WebSite\",\"@id\":\"https:\\\/\\\/neoqi.com\\\/#website\",\"url\":\"https:\\\/\\\/neoqi.com\\\/\",\"name\":\"NEOQI\",\"description\":\"Experience Ultimate Wellness and Relaxation with NeoQi Spa Capsule: Your Path to Rejuvenation\",\"publisher\":{\"@id\":\"https:\\\/\\\/neoqi.com\\\/#organization\"},\"potentialAction\":[{\"@type\":\"SearchAction\",\"target\":{\"@type\":\"EntryPoint\",\"urlTemplate\":\"https:\\\/\\\/neoqi.com\\\/?s={search_term_string}\"},\"query-input\":{\"@type\":\"PropertyValueSpecification\",\"valueRequired\":true,\"valueName\":\"search_term_string\"}}],\"inLanguage\":\"pl-PL\"},{\"@type\":\"Organization\",\"@id\":\"https:\\\/\\\/neoqi.com\\\/#organization\",\"name\":\"NEOQI\",\"url\":\"https:\\\/\\\/neoqi.com\\\/\",\"logo\":{\"@type\":\"ImageObject\",\"inLanguage\":\"pl-PL\",\"@id\":\"https:\\\/\\\/neoqi.com\\\/#\\\/schema\\\/logo\\\/image\\\/\",\"url\":\"https:\\\/\\\/neoqi.com\\\/wp-content\\\/uploads\\\/2024\\\/09\\\/logoneosvg.svg\",\"contentUrl\":\"https:\\\/\\\/neoqi.com\\\/wp-content\\\/uploads\\\/2024\\\/09\\\/logoneosvg.svg\",\"width\":1,\"height\":1,\"caption\":\"NEOQI\"},\"image\":{\"@id\":\"https:\\\/\\\/neoqi.com\\\/#\\\/schema\\\/logo\\\/image\\\/\"},\"sameAs\":[\"https:\\\/\\\/www.facebook.com\\\/neoqi\\\/\",\"https:\\\/\\\/www.instagram.com\\\/neoqi_com\\\/\"]}]}<\/script>\n<!-- \/ Yoast SEO plugin. -->","yoast_head_json":{"title":"Functions - NEOQI","robots":{"index":"index","follow":"follow","max-snippet":"max-snippet:-1","max-image-preview":"max-image-preview:large","max-video-preview":"max-video-preview:-1"},"canonical":"https:\/\/neoqi.com\/pl\/how-it-works\/functions\/","og_locale":"pl_PL","og_type":"article","og_title":"Functions - NEOQI","og_description":"Steam\u00a0Ensures an effective detox (excretion of waste products, toxicants and ballast substances from the body), increases biochemical processes in tissues, removes impurities and at the same time promotes skin texture, elasticity and tone, increases receptiveness to remineralizing therapies and the effects of active products. Read more about\u00a0steam sauna. Infrared\u00a0More efficient and deeper heating of tissues [&hellip;]","og_url":"https:\/\/neoqi.com\/pl\/how-it-works\/functions\/","og_site_name":"NEOQI","article_publisher":"https:\/\/www.facebook.com\/neoqi\/","article_modified_time":"2024-09-07T10:06:41+00:00","og_image":[{"url":"http:\/\/neoqi.com\/wp-content\/uploads\/2015\/03\/Steam.png","type":"","width":"","height":""}],"twitter_card":"summary_large_image","twitter_misc":{"Szacowany czas czytania":"2 minuty"},"schema":{"@context":"https:\/\/schema.org","@graph":[{"@type":"WebPage","@id":"https:\/\/neoqi.com\/ru\/how-it-works\/functions\/","url":"https:\/\/neoqi.com\/ru\/how-it-works\/functions\/","name":"Functions - NEOQI","isPartOf":{"@id":"https:\/\/neoqi.com\/#website"},"primaryImageOfPage":{"@id":"https:\/\/neoqi.com\/ru\/how-it-works\/functions\/#primaryimage"},"image":{"@id":"https:\/\/neoqi.com\/ru\/how-it-works\/functions\/#primaryimage"},"thumbnailUrl":"http:\/\/neoqi.com\/wp-content\/uploads\/2015\/03\/Steam.png","datePublished":"2024-09-06T17:38:58+00:00","dateModified":"2024-09-07T10:06:41+00:00","breadcrumb":{"@id":"https:\/\/neoqi.com\/ru\/how-it-works\/functions\/#breadcrumb"},"inLanguage":"pl-PL","potentialAction":[{"@type":"ReadAction","target":["https:\/\/neoqi.com\/ru\/how-it-works\/functions\/"]}]},{"@type":"ImageObject","inLanguage":"pl-PL","@id":"https:\/\/neoqi.com\/ru\/how-it-works\/functions\/#primaryimage","url":"http:\/\/neoqi.com\/wp-content\/uploads\/2015\/03\/Steam.png","contentUrl":"http:\/\/neoqi.com\/wp-content\/uploads\/2015\/03\/Steam.png"},{"@type":"BreadcrumbList","@id":"https:\/\/neoqi.com\/ru\/how-it-works\/functions\/#breadcrumb","itemListElement":[{"@type":"ListItem","position":1,"name":"Home","item":"https:\/\/neoqi.com\/"},{"@type":"ListItem","position":2,"name":"How it Works","item":"https:\/\/neoqi.com\/ru\/how-it-works\/"},{"@type":"ListItem","position":3,"name":"Functions"}]},{"@type":"WebSite","@id":"https:\/\/neoqi.com\/#website","url":"https:\/\/neoqi.com\/","name":"NEOQI","description":"Do\u015bwiadcz doskona\u0142ego samopoczucia i relaksu z NeoQi Spa Capsule: Twoja droga do odm\u0142odzenia","publisher":{"@id":"https:\/\/neoqi.com\/#organization"},"potentialAction":[{"@type":"SearchAction","target":{"@type":"EntryPoint","urlTemplate":"https:\/\/neoqi.com\/?s={search_term_string}"},"query-input":{"@type":"PropertyValueSpecification","valueRequired":true,"valueName":"search_term_string"}}],"inLanguage":"pl-PL"},{"@type":"Organization","@id":"https:\/\/neoqi.com\/#organization","name":"NEOQI","url":"https:\/\/neoqi.com\/","logo":{"@type":"ImageObject","inLanguage":"pl-PL","@id":"https:\/\/neoqi.com\/#\/schema\/logo\/image\/","url":"https:\/\/neoqi.com\/wp-content\/uploads\/2024\/09\/logoneosvg.svg","contentUrl":"https:\/\/neoqi.com\/wp-content\/uploads\/2024\/09\/logoneosvg.svg","width":1,"height":1,"caption":"NEOQI"},"image":{"@id":"https:\/\/neoqi.com\/#\/schema\/logo\/image\/"},"sameAs":["https:\/\/www.facebook.com\/neoqi\/","https:\/\/www.instagram.com\/neoqi_com\/"]}]}},"_links":{"self":[{"href":"https:\/\/neoqi.com\/pl\/wp-json\/wp\/v2\/pages\/1965","targetHints":{"allow":["GET"]}}],"collection":[{"href":"https:\/\/neoqi.com\/pl\/wp-json\/wp\/v2\/pages"}],"about":[{"href":"https:\/\/neoqi.com\/pl\/wp-json\/wp\/v2\/types\/page"}],"author":[{"embeddable":true,"href":"https:\/\/neoqi.com\/pl\/wp-json\/wp\/v2\/users\/1"}],"replies":[{"embeddable":true,"href":"https:\/\/neoqi.com\/pl\/wp-json\/wp\/v2\/comments?post=1965"}],"version-history":[{"count":1,"href":"https:\/\/neoqi.com\/pl\/wp-json\/wp\/v2\/pages\/1965\/revisions"}],"predecessor-version":[{"id":1966,"href":"https:\/\/neoqi.com\/pl\/wp-json\/wp\/v2\/pages\/1965\/revisions\/1966"}],"up":[{"embeddable":true,"href":"https:\/\/neoqi.com\/pl\/wp-json\/wp\/v2\/pages\/1953"}],"wp:attachment":[{"href":"https:\/\/neoqi.com\/pl\/wp-json\/wp\/v2\/media?parent=1965"}],"curies":[{"name":"wp","href":"https:\/\/api.w.org\/{rel}","templated":true}]}}