{"id":1969,"date":"2024-09-06T20:49:40","date_gmt":"2024-09-06T17:49:40","guid":{"rendered":"http:\/\/neoqi.com\/?page_id=1969"},"modified":"2024-09-07T13:06:41","modified_gmt":"2024-09-07T10:06:41","slug":"air-bubble-massage","status":"publish","type":"page","link":"https:\/\/neoqi.com\/pl\/how-it-works\/functions\/air-bubble-massage\/","title":{"rendered":"Masa\u017c b\u0105belkami powietrza"},"content":{"rendered":"<p>System aeromasa\u017cu oddzia\u0142uje na cia\u0142o w bardzo delikatny spos\u00f3b, pomimo du\u017cej mocy pompy powietrza. Podczas zabiegu osoba do\u015bwiadcza szeregu wyj\u0105tkowych dozna\u0144, jakby cia\u0142o by\u0142o owini\u0119te ciep\u0142\u0105, mi\u0119kk\u0105 chmur\u0105 b\u0105belk\u00f3w.<\/p>\n<p>Masa\u017c powietrzny to nie tylko masa\u017c mi\u0119\u015bni i tkanek cia\u0142a. Dzi\u0119ki temu, \u017ce p\u0119cherzyki powietrza oddzia\u0142uj\u0105 jednocze\u015bnie na wiele zako\u0144cze\u0144 nerwowych i receptor\u00f3w, dochodzi do zwi\u0119kszenia przep\u0142ywu krwi, poprawy kr\u0105\u017cenia obwodowego, nasycenia tkanek i narz\u0105d\u00f3w tlenem. Zmniejszaj\u0105 si\u0119 obrz\u0119ki, sk\u00f3ra jest dog\u0142\u0119bnie nawil\u017cona i odzyskuje witalno\u015b\u0107. Ponadto regularne zabiegi masa\u017cu ba\u0144kami powietrznymi pozytywnie wp\u0142ywaj\u0105 na walk\u0119 z cellulitem.<\/p>\n<p>Ponadto masa\u017c ba\u0144k\u0105 powietrzn\u0105 jest wskazany dla tych, kt\u00f3rzy cierpi\u0105 na funkcjonalne zaburzenia psychiczne, ale tak\u017ce do\u015bwiadczaj\u0105 cz\u0119stego stresu i napi\u0119cia psychicznego. Masa\u017c powietrzny pomo\u017ce z\u0142agodzi\u0107 niekt\u00f3re bolesne odczucia, stan nerwicowy, rozlu\u017ani mi\u0119\u015bnie i stanie si\u0119 aktywnym narz\u0119dziem w walce z bezsenno\u015bci\u0105, normalizuj\u0105c kr\u0105\u017cenie krwi.<\/p>","protected":false},"excerpt":{"rendered":"<p>The aeromassage system affects the body in a very gentle way, despite the ample power of the air pump. During the treatment, a person experiences a range of unique sensations as if the body was being wrapped in a warm soft cloud of bubbles. Air massage is not just a massage of the muscles and [&hellip;]<\/p>\n","protected":false},"author":1,"featured_media":0,"parent":1965,"menu_order":0,"comment_status":"closed","ping_status":"closed","template":"","meta":{"_acf_changed":false,"site-sidebar-layout":"default","site-content-layout":"","ast-site-content-layout":"default","site-content-style":"default","site-sidebar-style":"default","ast-global-header-display":"","ast-banner-title-visibility":"","ast-main-header-display":"","ast-hfb-above-header-display":"","ast-hfb-below-header-display":"","ast-hfb-mobile-header-display":"","site-post-title":"","ast-breadcrumbs-content":"","ast-featured-img":"","footer-sml-layout":"","ast-disable-related-posts":"","theme-transparent-header-meta":"default","adv-header-id-meta":"","stick-header-meta":"","header-above-stick-meta":"","header-main-stick-meta":"","header-below-stick-meta":"","astra-migrate-meta-layouts":"set","ast-page-background-enabled":"default","ast-page-background-meta":{"desktop":{"background-color":"var(--ast-global-color-4)","background-image":"","background-repeat":"repeat","background-position":"center center","background-size":"auto","background-attachment":"scroll","background-type":"","background-media":"","overlay-type":"","overlay-color":"","overlay-opacity":"","overlay-gradient":""},"tablet":{"background-color":"","background-image":"","background-repeat":"repeat","background-position":"center center","background-size":"auto","background-attachment":"scroll","background-type":"","background-media":"","overlay-type":"","overlay-color":"","overlay-opacity":"","overlay-gradient":""},"mobile":{"background-color":"","background-image":"","background-repeat":"repeat","background-position":"center center","background-size":"auto","background-attachment":"scroll","background-type":"","background-media":"","overlay-type":"","overlay-color":"","overlay-opacity":"","overlay-gradient":""}},"ast-content-background-meta":{"desktop":{"background-color":"var(--ast-global-color-5)","background-image":"","background-repeat":"repeat","background-position":"center center","background-size":"auto","background-attachment":"scroll","background-type":"","background-media":"","overlay-type":"","overlay-color":"","overlay-opacity":"","overlay-gradient":""},"tablet":{"background-color":"var(--ast-global-color-5)","background-image":"","background-repeat":"repeat","background-position":"center center","background-size":"auto","background-attachment":"scroll","background-type":"","background-media":"","overlay-type":"","overlay-color":"","overlay-opacity":"","overlay-gradient":""},"mobile":{"background-color":"var(--ast-global-color-5)","background-image":"","background-repeat":"repeat","background-position":"center center","background-size":"auto","background-attachment":"scroll","background-type":"","background-media":"","overlay-type":"","overlay-color":"","overlay-opacity":"","overlay-gradient":""}},"footnotes":""},"class_list":["post-1969","page","type-page","status-publish","hentry"],"acf":[],"yoast_head":"<!-- This site is optimized with the Yoast SEO plugin v27.4 - https:\/\/yoast.com\/product\/yoast-seo-wordpress\/ -->\n<title>Air Bubble Massage - NEOQI<\/title>\n<meta name=\"robots\" content=\"index, follow, max-snippet:-1, max-image-preview:large, max-video-preview:-1\" \/>\n<link rel=\"canonical\" href=\"https:\/\/neoqi.com\/pl\/how-it-works\/functions\/air-bubble-massage\/\" \/>\n<meta property=\"og:locale\" content=\"pl_PL\" \/>\n<meta property=\"og:type\" content=\"article\" \/>\n<meta property=\"og:title\" content=\"Air Bubble Massage - NEOQI\" \/>\n<meta property=\"og:description\" content=\"The aeromassage system affects the body in a very gentle way, despite the ample power of the air pump. During the treatment, a person experiences a range of unique sensations as if the body was being wrapped in a warm soft cloud of bubbles. Air massage is not just a massage of the muscles and [&hellip;]\" \/>\n<meta property=\"og:url\" content=\"https:\/\/neoqi.com\/pl\/how-it-works\/functions\/air-bubble-massage\/\" \/>\n<meta property=\"og:site_name\" content=\"NEOQI\" \/>\n<meta property=\"article:publisher\" content=\"https:\/\/www.facebook.com\/neoqi\/\" \/>\n<meta property=\"article:modified_time\" content=\"2024-09-07T10:06:41+00:00\" \/>\n<meta name=\"twitter:card\" content=\"summary_large_image\" \/>\n<meta name=\"twitter:label1\" content=\"Szacowany czas czytania\" \/>\n\t<meta name=\"twitter:data1\" content=\"1 minuta\" \/>\n<script type=\"application\/ld+json\" class=\"yoast-schema-graph\">{\"@context\":\"https:\\\/\\\/schema.org\",\"@graph\":[{\"@type\":\"WebPage\",\"@id\":\"https:\\\/\\\/neoqi.com\\\/how-it-works\\\/functions\\\/air-bubble-massage\\\/\",\"url\":\"https:\\\/\\\/neoqi.com\\\/how-it-works\\\/functions\\\/air-bubble-massage\\\/\",\"name\":\"Air Bubble Massage - NEOQI\",\"isPartOf\":{\"@id\":\"https:\\\/\\\/neoqi.com\\\/#website\"},\"datePublished\":\"2024-09-06T17:49:40+00:00\",\"dateModified\":\"2024-09-07T10:06:41+00:00\",\"breadcrumb\":{\"@id\":\"https:\\\/\\\/neoqi.com\\\/how-it-works\\\/functions\\\/air-bubble-massage\\\/#breadcrumb\"},\"inLanguage\":\"pl-PL\",\"potentialAction\":[{\"@type\":\"ReadAction\",\"target\":[\"https:\\\/\\\/neoqi.com\\\/how-it-works\\\/functions\\\/air-bubble-massage\\\/\"]}]},{\"@type\":\"BreadcrumbList\",\"@id\":\"https:\\\/\\\/neoqi.com\\\/how-it-works\\\/functions\\\/air-bubble-massage\\\/#breadcrumb\",\"itemListElement\":[{\"@type\":\"ListItem\",\"position\":1,\"name\":\"Home\",\"item\":\"https:\\\/\\\/neoqi.com\\\/\"},{\"@type\":\"ListItem\",\"position\":2,\"name\":\"How it Works\",\"item\":\"https:\\\/\\\/neoqi.com\\\/ru\\\/how-it-works\\\/\"},{\"@type\":\"ListItem\",\"position\":3,\"name\":\"Functions\",\"item\":\"https:\\\/\\\/neoqi.com\\\/ru\\\/how-it-works\\\/functions\\\/\"},{\"@type\":\"ListItem\",\"position\":4,\"name\":\"Air Bubble Massage\"}]},{\"@type\":\"WebSite\",\"@id\":\"https:\\\/\\\/neoqi.com\\\/#website\",\"url\":\"https:\\\/\\\/neoqi.com\\\/\",\"name\":\"NEOQI\",\"description\":\"Experience Ultimate Wellness and Relaxation with NeoQi Spa Capsule: Your Path to Rejuvenation\",\"publisher\":{\"@id\":\"https:\\\/\\\/neoqi.com\\\/#organization\"},\"potentialAction\":[{\"@type\":\"SearchAction\",\"target\":{\"@type\":\"EntryPoint\",\"urlTemplate\":\"https:\\\/\\\/neoqi.com\\\/?s={search_term_string}\"},\"query-input\":{\"@type\":\"PropertyValueSpecification\",\"valueRequired\":true,\"valueName\":\"search_term_string\"}}],\"inLanguage\":\"pl-PL\"},{\"@type\":\"Organization\",\"@id\":\"https:\\\/\\\/neoqi.com\\\/#organization\",\"name\":\"NEOQI\",\"url\":\"https:\\\/\\\/neoqi.com\\\/\",\"logo\":{\"@type\":\"ImageObject\",\"inLanguage\":\"pl-PL\",\"@id\":\"https:\\\/\\\/neoqi.com\\\/#\\\/schema\\\/logo\\\/image\\\/\",\"url\":\"https:\\\/\\\/neoqi.com\\\/wp-content\\\/uploads\\\/2024\\\/09\\\/logoneosvg.svg\",\"contentUrl\":\"https:\\\/\\\/neoqi.com\\\/wp-content\\\/uploads\\\/2024\\\/09\\\/logoneosvg.svg\",\"width\":1,\"height\":1,\"caption\":\"NEOQI\"},\"image\":{\"@id\":\"https:\\\/\\\/neoqi.com\\\/#\\\/schema\\\/logo\\\/image\\\/\"},\"sameAs\":[\"https:\\\/\\\/www.facebook.com\\\/neoqi\\\/\",\"https:\\\/\\\/www.instagram.com\\\/neoqi_com\\\/\"]}]}<\/script>\n<!-- \/ Yoast SEO plugin. -->","yoast_head_json":{"title":"Air Bubble Massage - NEOQI","robots":{"index":"index","follow":"follow","max-snippet":"max-snippet:-1","max-image-preview":"max-image-preview:large","max-video-preview":"max-video-preview:-1"},"canonical":"https:\/\/neoqi.com\/pl\/how-it-works\/functions\/air-bubble-massage\/","og_locale":"pl_PL","og_type":"article","og_title":"Air Bubble Massage - NEOQI","og_description":"The aeromassage system affects the body in a very gentle way, despite the ample power of the air pump. During the treatment, a person experiences a range of unique sensations as if the body was being wrapped in a warm soft cloud of bubbles. Air massage is not just a massage of the muscles and [&hellip;]","og_url":"https:\/\/neoqi.com\/pl\/how-it-works\/functions\/air-bubble-massage\/","og_site_name":"NEOQI","article_publisher":"https:\/\/www.facebook.com\/neoqi\/","article_modified_time":"2024-09-07T10:06:41+00:00","twitter_card":"summary_large_image","twitter_misc":{"Szacowany czas czytania":"1 minuta"},"schema":{"@context":"https:\/\/schema.org","@graph":[{"@type":"WebPage","@id":"https:\/\/neoqi.com\/how-it-works\/functions\/air-bubble-massage\/","url":"https:\/\/neoqi.com\/how-it-works\/functions\/air-bubble-massage\/","name":"Air Bubble Massage - NEOQI","isPartOf":{"@id":"https:\/\/neoqi.com\/#website"},"datePublished":"2024-09-06T17:49:40+00:00","dateModified":"2024-09-07T10:06:41+00:00","breadcrumb":{"@id":"https:\/\/neoqi.com\/how-it-works\/functions\/air-bubble-massage\/#breadcrumb"},"inLanguage":"pl-PL","potentialAction":[{"@type":"ReadAction","target":["https:\/\/neoqi.com\/how-it-works\/functions\/air-bubble-massage\/"]}]},{"@type":"BreadcrumbList","@id":"https:\/\/neoqi.com\/how-it-works\/functions\/air-bubble-massage\/#breadcrumb","itemListElement":[{"@type":"ListItem","position":1,"name":"Home","item":"https:\/\/neoqi.com\/"},{"@type":"ListItem","position":2,"name":"How it Works","item":"https:\/\/neoqi.com\/ru\/how-it-works\/"},{"@type":"ListItem","position":3,"name":"Functions","item":"https:\/\/neoqi.com\/ru\/how-it-works\/functions\/"},{"@type":"ListItem","position":4,"name":"Air Bubble Massage"}]},{"@type":"WebSite","@id":"https:\/\/neoqi.com\/#website","url":"https:\/\/neoqi.com\/","name":"NEOQI","description":"Do\u015bwiadcz doskona\u0142ego samopoczucia i relaksu z NeoQi Spa Capsule: Twoja droga do odm\u0142odzenia","publisher":{"@id":"https:\/\/neoqi.com\/#organization"},"potentialAction":[{"@type":"SearchAction","target":{"@type":"EntryPoint","urlTemplate":"https:\/\/neoqi.com\/?s={search_term_string}"},"query-input":{"@type":"PropertyValueSpecification","valueRequired":true,"valueName":"search_term_string"}}],"inLanguage":"pl-PL"},{"@type":"Organization","@id":"https:\/\/neoqi.com\/#organization","name":"NEOQI","url":"https:\/\/neoqi.com\/","logo":{"@type":"ImageObject","inLanguage":"pl-PL","@id":"https:\/\/neoqi.com\/#\/schema\/logo\/image\/","url":"https:\/\/neoqi.com\/wp-content\/uploads\/2024\/09\/logoneosvg.svg","contentUrl":"https:\/\/neoqi.com\/wp-content\/uploads\/2024\/09\/logoneosvg.svg","width":1,"height":1,"caption":"NEOQI"},"image":{"@id":"https:\/\/neoqi.com\/#\/schema\/logo\/image\/"},"sameAs":["https:\/\/www.facebook.com\/neoqi\/","https:\/\/www.instagram.com\/neoqi_com\/"]}]}},"_links":{"self":[{"href":"https:\/\/neoqi.com\/pl\/wp-json\/wp\/v2\/pages\/1969","targetHints":{"allow":["GET"]}}],"collection":[{"href":"https:\/\/neoqi.com\/pl\/wp-json\/wp\/v2\/pages"}],"about":[{"href":"https:\/\/neoqi.com\/pl\/wp-json\/wp\/v2\/types\/page"}],"author":[{"embeddable":true,"href":"https:\/\/neoqi.com\/pl\/wp-json\/wp\/v2\/users\/1"}],"replies":[{"embeddable":true,"href":"https:\/\/neoqi.com\/pl\/wp-json\/wp\/v2\/comments?post=1969"}],"version-history":[{"count":1,"href":"https:\/\/neoqi.com\/pl\/wp-json\/wp\/v2\/pages\/1969\/revisions"}],"predecessor-version":[{"id":1970,"href":"https:\/\/neoqi.com\/pl\/wp-json\/wp\/v2\/pages\/1969\/revisions\/1970"}],"up":[{"embeddable":true,"href":"https:\/\/neoqi.com\/pl\/wp-json\/wp\/v2\/pages\/1965"}],"wp:attachment":[{"href":"https:\/\/neoqi.com\/pl\/wp-json\/wp\/v2\/media?parent=1969"}],"curies":[{"name":"wp","href":"https:\/\/api.w.org\/{rel}","templated":true}]}}