{"id":1971,"date":"2024-09-06T20:50:08","date_gmt":"2024-09-06T17:50:08","guid":{"rendered":"http:\/\/neoqi.com\/?page_id=1971"},"modified":"2024-09-06T20:50:08","modified_gmt":"2024-09-06T17:50:08","slug":"music-therapy","status":"publish","type":"page","link":"https:\/\/neoqi.com\/pl\/how-it-works\/functions\/music-therapy\/","title":{"rendered":"Muzykoterapia"},"content":{"rendered":"<p>Muzykoterapia, jedna z najstarszych i naturalnych form korygowania stan\u00f3w emocjonalnych, jest szeroko definiowana jako wykorzystanie muzyki w leczeniu os\u00f3b, kt\u00f3re maj\u0105 problemy natury psychicznej, fizycznej i\/lub emocjonalnej. Muzykoterapia zosta\u0142a oficjalnie uznana w Europie w XIX wieku przez czo\u0142owych lekarzy i do dzi\u015b jest niezwykle rozwijaj\u0105c\u0105 si\u0119 dziedzin\u0105 opieki zdrowotnej.<\/p>\n<p>Muzyka wp\u0142ywa na cia\u0142o i umys\u0142 na wiele pot\u0119\u017cnych sposob\u00f3w. Ma g\u0142\u0119boki wp\u0142yw na nasze cia\u0142o i psychik\u0119, niemniej jednak terapia ta jest odpowiednia dla ka\u017cdego, niezale\u017cnie od wieku, stanu zdrowia czy zdolno\u015bci muzycznych. Pomaga osobom z niepe\u0142nosprawno\u015bci\u0105 umys\u0142ow\u0105 lub fizyczn\u0105, problemami neurologicznymi, pomaga osobom starszym radzi\u0107 sobie z ostrymi i przewlek\u0142ymi chorobami. Ponadto \u0142agodzi b\u00f3l i zmniejsza napi\u0119cie nerwowe.<\/p>\n<p>Kilka bada\u0144 wykaza\u0142o przeciwb\u00f3lowe i relaksuj\u0105ce w\u0142a\u015bciwo\u015bci muzykoterapii, kt\u00f3ra by\u0142a stosowana w leczeniu przewlek\u0142ych zespo\u0142\u00f3w b\u00f3lowych o r\u00f3\u017cnej etiologii. Odnotowano popraw\u0119 w procesie rehabilitacji: popraw\u0119 stanu funkcjonalnego i zmniejszenie objaw\u00f3w patologicznych. Muzyka ma wp\u0142yw na funkcje neuroendokrynne, w szczeg\u00f3lno\u015bci na poziom hormon\u00f3w we krwi, kt\u00f3re odgrywaj\u0105 kluczow\u0105 rol\u0119 we wszystkich reakcjach emocjonalnych.<\/p>\n<p>W dzisiejszych czasach \u017cycie jest bardzo intensywne i pe\u0142ne stresu, przeciwko kt\u00f3remu muzykoterapia jest dobrym \u015brodkiem zapobiegawczym, a tak\u017ce wspieraj\u0105cym codzienne dzia\u0142ania. Muzyka ma emocjonalne i tw\u00f3rcze w\u0142a\u015bciwo\u015bci organizacyjne, kt\u00f3re s\u0105 wykorzystywane w komunikacji medycznej w celu u\u0142atwienia kontaktu, interakcji, wyra\u017cania siebie i samorozwoju.<\/p>\n<p>Istniej\u0105 dwie formy muzykoterapii - pasywna i aktywna. Podczas pasywnej muzykoterapii pacjent s\u0142ucha r\u00f3\u017cnych rodzaj\u00f3w muzyki, w zale\u017cno\u015bci od stanu jego zdrowia psychicznego i przebiegu leczenia. Podczas aktywnych sesji muzycznych pacjenci s\u0105 zaanga\u017cowani w tworzenie i wykonywanie muzyki.<\/p>\n<p>Cztery utwory muzyczne zosta\u0142y skomponowane specjalnie do zabieg\u00f3w wykonywanych za pomoc\u0105 urz\u0105dze\u0144 NeoQi przez esto\u0144skiego muzykoterapeut\u0119 Dali Kask, jednego z najbardziej uznanych ekspert\u00f3w w tej dziedzinie. Ten akompaniament muzyczny ma pozytywny i wzmacniaj\u0105cy wp\u0142yw na postrzeganie zabiegu i mo\u017ce by\u0107 \u0142\u0105czony z aromaterapi\u0105 lub \u0107wiczeniami oddechowymi.<\/p>\n<p>Rytmiczne elementy muzyki pomagaj\u0105 zwi\u0119kszy\u0107 witalno\u015b\u0107. Podczas muzykoterapii w naszym ciele zachodzi ci\u0105g\u0142y przep\u0142yw energii, a\u017c do osi\u0105gni\u0119cia harmonii. Muzykoterapia prowadzi osob\u0119 do zrozumienia i wykorzystania mocy tej harmonii, kt\u00f3ra p\u0142ynnie kieruje procesem jej osi\u0105gania.<\/p>","protected":false},"excerpt":{"rendered":"<p>Music therapy, one of the oldest and natural forms of correction of emotional states, is defined broadly as the use of music in the treatment of people who have problems of a mental, physical, and\/or emotional nature. Music therapy was officially recognized in Europe in 19th century by leading doctors and is still nowadays a [&hellip;]<\/p>\n","protected":false},"author":3,"featured_media":0,"parent":1965,"menu_order":0,"comment_status":"closed","ping_status":"closed","template":"","meta":{"_acf_changed":false,"site-sidebar-layout":"default","site-content-layout":"","ast-site-content-layout":"default","site-content-style":"default","site-sidebar-style":"default","ast-global-header-display":"","ast-banner-title-visibility":"","ast-main-header-display":"","ast-hfb-above-header-display":"","ast-hfb-below-header-display":"","ast-hfb-mobile-header-display":"","site-post-title":"","ast-breadcrumbs-content":"","ast-featured-img":"","footer-sml-layout":"","ast-disable-related-posts":"","theme-transparent-header-meta":"default","adv-header-id-meta":"","stick-header-meta":"","header-above-stick-meta":"","header-main-stick-meta":"","header-below-stick-meta":"","astra-migrate-meta-layouts":"set","ast-page-background-enabled":"default","ast-page-background-meta":{"desktop":{"background-color":"var(--ast-global-color-4)","background-image":"","background-repeat":"repeat","background-position":"center center","background-size":"auto","background-attachment":"scroll","background-type":"","background-media":"","overlay-type":"","overlay-color":"","overlay-opacity":"","overlay-gradient":""},"tablet":{"background-color":"","background-image":"","background-repeat":"repeat","background-position":"center center","background-size":"auto","background-attachment":"scroll","background-type":"","background-media":"","overlay-type":"","overlay-color":"","overlay-opacity":"","overlay-gradient":""},"mobile":{"background-color":"","background-image":"","background-repeat":"repeat","background-position":"center center","background-size":"auto","background-attachment":"scroll","background-type":"","background-media":"","overlay-type":"","overlay-color":"","overlay-opacity":"","overlay-gradient":""}},"ast-content-background-meta":{"desktop":{"background-color":"var(--ast-global-color-5)","background-image":"","background-repeat":"repeat","background-position":"center center","background-size":"auto","background-attachment":"scroll","background-type":"","background-media":"","overlay-type":"","overlay-color":"","overlay-opacity":"","overlay-gradient":""},"tablet":{"background-color":"var(--ast-global-color-5)","background-image":"","background-repeat":"repeat","background-position":"center center","background-size":"auto","background-attachment":"scroll","background-type":"","background-media":"","overlay-type":"","overlay-color":"","overlay-opacity":"","overlay-gradient":""},"mobile":{"background-color":"var(--ast-global-color-5)","background-image":"","background-repeat":"repeat","background-position":"center center","background-size":"auto","background-attachment":"scroll","background-type":"","background-media":"","overlay-type":"","overlay-color":"","overlay-opacity":"","overlay-gradient":""}},"footnotes":""},"class_list":["post-1971","page","type-page","status-publish","hentry"],"acf":[],"yoast_head":"<!-- This site is optimized with the Yoast SEO plugin v27.4 - https:\/\/yoast.com\/product\/yoast-seo-wordpress\/ -->\n<title>Music therapy - NEOQI<\/title>\n<meta name=\"robots\" content=\"index, follow, max-snippet:-1, max-image-preview:large, max-video-preview:-1\" \/>\n<link rel=\"canonical\" href=\"https:\/\/neoqi.com\/pl\/how-it-works\/functions\/music-therapy\/\" \/>\n<meta property=\"og:locale\" content=\"pl_PL\" \/>\n<meta property=\"og:type\" content=\"article\" \/>\n<meta property=\"og:title\" content=\"Music therapy - NEOQI\" \/>\n<meta property=\"og:description\" content=\"Music therapy, one of the oldest and natural forms of correction of emotional states, is defined broadly as the use of music in the treatment of people who have problems of a mental, physical, and\/or emotional nature. Music therapy was officially recognized in Europe in 19th century by leading doctors and is still nowadays a [&hellip;]\" \/>\n<meta property=\"og:url\" content=\"https:\/\/neoqi.com\/pl\/how-it-works\/functions\/music-therapy\/\" \/>\n<meta property=\"og:site_name\" content=\"NEOQI\" \/>\n<meta property=\"article:publisher\" content=\"https:\/\/www.facebook.com\/neoqi\/\" \/>\n<meta name=\"twitter:card\" content=\"summary_large_image\" \/>\n<meta name=\"twitter:label1\" content=\"Szacowany czas czytania\" \/>\n\t<meta name=\"twitter:data1\" content=\"2 minuty\" \/>\n<script type=\"application\/ld+json\" class=\"yoast-schema-graph\">{\"@context\":\"https:\\\/\\\/schema.org\",\"@graph\":[{\"@type\":\"WebPage\",\"@id\":\"https:\\\/\\\/neoqi.com\\\/ru\\\/how-it-works\\\/functions\\\/music-therapy\\\/\",\"url\":\"https:\\\/\\\/neoqi.com\\\/ru\\\/how-it-works\\\/functions\\\/music-therapy\\\/\",\"name\":\"Music therapy - NEOQI\",\"isPartOf\":{\"@id\":\"https:\\\/\\\/neoqi.com\\\/#website\"},\"datePublished\":\"2024-09-06T17:50:08+00:00\",\"breadcrumb\":{\"@id\":\"https:\\\/\\\/neoqi.com\\\/ru\\\/how-it-works\\\/functions\\\/music-therapy\\\/#breadcrumb\"},\"inLanguage\":\"pl-PL\",\"potentialAction\":[{\"@type\":\"ReadAction\",\"target\":[\"https:\\\/\\\/neoqi.com\\\/ru\\\/how-it-works\\\/functions\\\/music-therapy\\\/\"]}]},{\"@type\":\"BreadcrumbList\",\"@id\":\"https:\\\/\\\/neoqi.com\\\/ru\\\/how-it-works\\\/functions\\\/music-therapy\\\/#breadcrumb\",\"itemListElement\":[{\"@type\":\"ListItem\",\"position\":1,\"name\":\"Home\",\"item\":\"https:\\\/\\\/neoqi.com\\\/\"},{\"@type\":\"ListItem\",\"position\":2,\"name\":\"How it Works\",\"item\":\"https:\\\/\\\/neoqi.com\\\/ru\\\/how-it-works\\\/\"},{\"@type\":\"ListItem\",\"position\":3,\"name\":\"Functions\",\"item\":\"https:\\\/\\\/neoqi.com\\\/ru\\\/how-it-works\\\/functions\\\/\"},{\"@type\":\"ListItem\",\"position\":4,\"name\":\"Music therapy\"}]},{\"@type\":\"WebSite\",\"@id\":\"https:\\\/\\\/neoqi.com\\\/#website\",\"url\":\"https:\\\/\\\/neoqi.com\\\/\",\"name\":\"NEOQI\",\"description\":\"Experience Ultimate Wellness and Relaxation with NeoQi Spa Capsule: Your Path to Rejuvenation\",\"publisher\":{\"@id\":\"https:\\\/\\\/neoqi.com\\\/#organization\"},\"potentialAction\":[{\"@type\":\"SearchAction\",\"target\":{\"@type\":\"EntryPoint\",\"urlTemplate\":\"https:\\\/\\\/neoqi.com\\\/?s={search_term_string}\"},\"query-input\":{\"@type\":\"PropertyValueSpecification\",\"valueRequired\":true,\"valueName\":\"search_term_string\"}}],\"inLanguage\":\"pl-PL\"},{\"@type\":\"Organization\",\"@id\":\"https:\\\/\\\/neoqi.com\\\/#organization\",\"name\":\"NEOQI\",\"url\":\"https:\\\/\\\/neoqi.com\\\/\",\"logo\":{\"@type\":\"ImageObject\",\"inLanguage\":\"pl-PL\",\"@id\":\"https:\\\/\\\/neoqi.com\\\/#\\\/schema\\\/logo\\\/image\\\/\",\"url\":\"https:\\\/\\\/neoqi.com\\\/wp-content\\\/uploads\\\/2024\\\/09\\\/logoneosvg.svg\",\"contentUrl\":\"https:\\\/\\\/neoqi.com\\\/wp-content\\\/uploads\\\/2024\\\/09\\\/logoneosvg.svg\",\"width\":1,\"height\":1,\"caption\":\"NEOQI\"},\"image\":{\"@id\":\"https:\\\/\\\/neoqi.com\\\/#\\\/schema\\\/logo\\\/image\\\/\"},\"sameAs\":[\"https:\\\/\\\/www.facebook.com\\\/neoqi\\\/\",\"https:\\\/\\\/www.instagram.com\\\/neoqi_com\\\/\"]}]}<\/script>\n<!-- \/ Yoast SEO plugin. -->","yoast_head_json":{"title":"Music therapy - NEOQI","robots":{"index":"index","follow":"follow","max-snippet":"max-snippet:-1","max-image-preview":"max-image-preview:large","max-video-preview":"max-video-preview:-1"},"canonical":"https:\/\/neoqi.com\/pl\/how-it-works\/functions\/music-therapy\/","og_locale":"pl_PL","og_type":"article","og_title":"Music therapy - NEOQI","og_description":"Music therapy, one of the oldest and natural forms of correction of emotional states, is defined broadly as the use of music in the treatment of people who have problems of a mental, physical, and\/or emotional nature. Music therapy was officially recognized in Europe in 19th century by leading doctors and is still nowadays a [&hellip;]","og_url":"https:\/\/neoqi.com\/pl\/how-it-works\/functions\/music-therapy\/","og_site_name":"NEOQI","article_publisher":"https:\/\/www.facebook.com\/neoqi\/","twitter_card":"summary_large_image","twitter_misc":{"Szacowany czas czytania":"2 minuty"},"schema":{"@context":"https:\/\/schema.org","@graph":[{"@type":"WebPage","@id":"https:\/\/neoqi.com\/ru\/how-it-works\/functions\/music-therapy\/","url":"https:\/\/neoqi.com\/ru\/how-it-works\/functions\/music-therapy\/","name":"Music therapy - NEOQI","isPartOf":{"@id":"https:\/\/neoqi.com\/#website"},"datePublished":"2024-09-06T17:50:08+00:00","breadcrumb":{"@id":"https:\/\/neoqi.com\/ru\/how-it-works\/functions\/music-therapy\/#breadcrumb"},"inLanguage":"pl-PL","potentialAction":[{"@type":"ReadAction","target":["https:\/\/neoqi.com\/ru\/how-it-works\/functions\/music-therapy\/"]}]},{"@type":"BreadcrumbList","@id":"https:\/\/neoqi.com\/ru\/how-it-works\/functions\/music-therapy\/#breadcrumb","itemListElement":[{"@type":"ListItem","position":1,"name":"Home","item":"https:\/\/neoqi.com\/"},{"@type":"ListItem","position":2,"name":"How it Works","item":"https:\/\/neoqi.com\/ru\/how-it-works\/"},{"@type":"ListItem","position":3,"name":"Functions","item":"https:\/\/neoqi.com\/ru\/how-it-works\/functions\/"},{"@type":"ListItem","position":4,"name":"Music therapy"}]},{"@type":"WebSite","@id":"https:\/\/neoqi.com\/#website","url":"https:\/\/neoqi.com\/","name":"NEOQI","description":"Do\u015bwiadcz doskona\u0142ego samopoczucia i relaksu z NeoQi Spa Capsule: Twoja droga do odm\u0142odzenia","publisher":{"@id":"https:\/\/neoqi.com\/#organization"},"potentialAction":[{"@type":"SearchAction","target":{"@type":"EntryPoint","urlTemplate":"https:\/\/neoqi.com\/?s={search_term_string}"},"query-input":{"@type":"PropertyValueSpecification","valueRequired":true,"valueName":"search_term_string"}}],"inLanguage":"pl-PL"},{"@type":"Organization","@id":"https:\/\/neoqi.com\/#organization","name":"NEOQI","url":"https:\/\/neoqi.com\/","logo":{"@type":"ImageObject","inLanguage":"pl-PL","@id":"https:\/\/neoqi.com\/#\/schema\/logo\/image\/","url":"https:\/\/neoqi.com\/wp-content\/uploads\/2024\/09\/logoneosvg.svg","contentUrl":"https:\/\/neoqi.com\/wp-content\/uploads\/2024\/09\/logoneosvg.svg","width":1,"height":1,"caption":"NEOQI"},"image":{"@id":"https:\/\/neoqi.com\/#\/schema\/logo\/image\/"},"sameAs":["https:\/\/www.facebook.com\/neoqi\/","https:\/\/www.instagram.com\/neoqi_com\/"]}]}},"_links":{"self":[{"href":"https:\/\/neoqi.com\/pl\/wp-json\/wp\/v2\/pages\/1971","targetHints":{"allow":["GET"]}}],"collection":[{"href":"https:\/\/neoqi.com\/pl\/wp-json\/wp\/v2\/pages"}],"about":[{"href":"https:\/\/neoqi.com\/pl\/wp-json\/wp\/v2\/types\/page"}],"author":[{"embeddable":true,"href":"https:\/\/neoqi.com\/pl\/wp-json\/wp\/v2\/users\/3"}],"replies":[{"embeddable":true,"href":"https:\/\/neoqi.com\/pl\/wp-json\/wp\/v2\/comments?post=1971"}],"version-history":[{"count":1,"href":"https:\/\/neoqi.com\/pl\/wp-json\/wp\/v2\/pages\/1971\/revisions"}],"predecessor-version":[{"id":1972,"href":"https:\/\/neoqi.com\/pl\/wp-json\/wp\/v2\/pages\/1971\/revisions\/1972"}],"up":[{"embeddable":true,"href":"https:\/\/neoqi.com\/pl\/wp-json\/wp\/v2\/pages\/1965"}],"wp:attachment":[{"href":"https:\/\/neoqi.com\/pl\/wp-json\/wp\/v2\/media?parent=1971"}],"curies":[{"name":"wp","href":"https:\/\/api.w.org\/{rel}","templated":true}]}}