{"id":1979,"date":"2024-09-06T20:52:37","date_gmt":"2024-09-06T17:52:37","guid":{"rendered":"http:\/\/neoqi.com\/?page_id=1979"},"modified":"2024-09-06T20:52:37","modified_gmt":"2024-09-06T17:52:37","slug":"infrared-sauna","status":"publish","type":"page","link":"https:\/\/neoqi.com\/pl\/how-it-works\/functions\/infrared-sauna\/","title":{"rendered":"Sauna na podczerwie\u0144"},"content":{"rendered":"<p>Promieniowanie podczerwone (IR) odnosi si\u0119 do energii w obszarze widma promieniowania elektromagnetycznego o d\u0142ugo\u015bciach fal d\u0142u\u017cszych ni\u017c fale \u015bwiat\u0142a widzialnego, ale kr\u00f3tszych ni\u017c fale radiowe. Niewidoczne dla ludzkiego oka promieniowanie podczerwone ma bardzo siln\u0105 energi\u0119 ciepln\u0105, kt\u00f3ra przenika tkanki na g\u0142\u0119boko\u015b\u0107 3-7 centymetr\u00f3w. Wzrost temperatury w wyniku absorpcji promieni podczerwonych przez tkanki powoduje reakcje o charakterze miejscowym (hipertermia, zwi\u0119kszona przepuszczalno\u015b\u0107 naczy\u0144 krwiono\u015bnych) i og\u00f3lnym (intensyfikacja metabolizmu, termoregulacja itp.).<\/p>\n<p>Nowoczesne badania biotechnologiczne wykaza\u0142y, \u017ce promieniowanie podczerwone ma ogromne znaczenie w rozwoju wszystkich form \u017cycia na Ziemi, dlatego te\u017c nazywane jest promieniami biogenetycznymi lub promieniami \u017cycia.<\/p>\n<p>Promieniowanie podczerwone ma dzia\u0142anie przeciwb\u00f3lowe, przyspiesza proces leczenia pacjent\u00f3w z gryp\u0105 i mo\u017ce s\u0142u\u017cy\u0107 jako \u015brodek zapobiegawczy przeciwko przezi\u0119bieniom. Promienie podczerwone maj\u0105 dzia\u0142anie terapeutyczne w leczeniu chor\u00f3b uk\u0142adu mi\u0119\u015bniowo-szkieletowego (dzia\u0142anie przeciwzapalne i przeciwb\u00f3lowe na mi\u0119\u015bnie, stawy, wi\u0119zad\u0142a i \u015bci\u0119gna), zapewniaj\u0105 g\u0142\u0119bok\u0105, bezpieczn\u0105 i ciep\u0142\u0105 rewitalizacj\u0119 wszystkich narz\u0105d\u00f3w i tkanek, poprawiaj\u0105 metabolizm i stymuluj\u0105 gruczo\u0142y dokrewne, wspomagaj\u0105 gojenie i pomagaj\u0105 w walce z oty\u0142o\u015bci\u0105.<\/p>","protected":false},"excerpt":{"rendered":"<p>Infrared radiation (IR) refers to energy in the region of the electromagnetic radiation spectrum at wavelengths longer than those of visible light, but shorter than those of radio waves. Invisible to the human eye, infrared radiation has a very strong thermal energy that penetrates the tissues to a depth of 3-7 centimeters. An increase in [&hellip;]<\/p>\n","protected":false},"author":3,"featured_media":0,"parent":1965,"menu_order":0,"comment_status":"closed","ping_status":"closed","template":"","meta":{"_acf_changed":false,"site-sidebar-layout":"default","site-content-layout":"","ast-site-content-layout":"default","site-content-style":"default","site-sidebar-style":"default","ast-global-header-display":"","ast-banner-title-visibility":"","ast-main-header-display":"","ast-hfb-above-header-display":"","ast-hfb-below-header-display":"","ast-hfb-mobile-header-display":"","site-post-title":"","ast-breadcrumbs-content":"","ast-featured-img":"","footer-sml-layout":"","ast-disable-related-posts":"","theme-transparent-header-meta":"default","adv-header-id-meta":"","stick-header-meta":"","header-above-stick-meta":"","header-main-stick-meta":"","header-below-stick-meta":"","astra-migrate-meta-layouts":"set","ast-page-background-enabled":"default","ast-page-background-meta":{"desktop":{"background-color":"var(--ast-global-color-4)","background-image":"","background-repeat":"repeat","background-position":"center center","background-size":"auto","background-attachment":"scroll","background-type":"","background-media":"","overlay-type":"","overlay-color":"","overlay-opacity":"","overlay-gradient":""},"tablet":{"background-color":"","background-image":"","background-repeat":"repeat","background-position":"center center","background-size":"auto","background-attachment":"scroll","background-type":"","background-media":"","overlay-type":"","overlay-color":"","overlay-opacity":"","overlay-gradient":""},"mobile":{"background-color":"","background-image":"","background-repeat":"repeat","background-position":"center center","background-size":"auto","background-attachment":"scroll","background-type":"","background-media":"","overlay-type":"","overlay-color":"","overlay-opacity":"","overlay-gradient":""}},"ast-content-background-meta":{"desktop":{"background-color":"var(--ast-global-color-5)","background-image":"","background-repeat":"repeat","background-position":"center center","background-size":"auto","background-attachment":"scroll","background-type":"","background-media":"","overlay-type":"","overlay-color":"","overlay-opacity":"","overlay-gradient":""},"tablet":{"background-color":"var(--ast-global-color-5)","background-image":"","background-repeat":"repeat","background-position":"center center","background-size":"auto","background-attachment":"scroll","background-type":"","background-media":"","overlay-type":"","overlay-color":"","overlay-opacity":"","overlay-gradient":""},"mobile":{"background-color":"var(--ast-global-color-5)","background-image":"","background-repeat":"repeat","background-position":"center center","background-size":"auto","background-attachment":"scroll","background-type":"","background-media":"","overlay-type":"","overlay-color":"","overlay-opacity":"","overlay-gradient":""}},"footnotes":""},"class_list":["post-1979","page","type-page","status-publish","hentry"],"acf":[],"yoast_head":"<!-- This site is optimized with the Yoast SEO plugin v27.4 - https:\/\/yoast.com\/product\/yoast-seo-wordpress\/ -->\n<title>Infrared Sauna - NEOQI<\/title>\n<meta name=\"robots\" content=\"index, follow, max-snippet:-1, max-image-preview:large, max-video-preview:-1\" \/>\n<link rel=\"canonical\" href=\"https:\/\/neoqi.com\/pl\/how-it-works\/functions\/infrared-sauna\/\" \/>\n<meta property=\"og:locale\" content=\"pl_PL\" \/>\n<meta property=\"og:type\" content=\"article\" \/>\n<meta property=\"og:title\" content=\"Infrared Sauna - NEOQI\" \/>\n<meta property=\"og:description\" content=\"Infrared radiation (IR) refers to energy in the region of the electromagnetic radiation spectrum at wavelengths longer than those of visible light, but shorter than those of radio waves. Invisible to the human eye, infrared radiation has a very strong thermal energy that penetrates the tissues to a depth of 3-7 centimeters. An increase in [&hellip;]\" \/>\n<meta property=\"og:url\" content=\"https:\/\/neoqi.com\/pl\/how-it-works\/functions\/infrared-sauna\/\" \/>\n<meta property=\"og:site_name\" content=\"NEOQI\" \/>\n<meta property=\"article:publisher\" content=\"https:\/\/www.facebook.com\/neoqi\/\" \/>\n<meta name=\"twitter:card\" content=\"summary_large_image\" \/>\n<meta name=\"twitter:label1\" content=\"Szacowany czas czytania\" \/>\n\t<meta name=\"twitter:data1\" content=\"1 minuta\" \/>\n<script type=\"application\/ld+json\" class=\"yoast-schema-graph\">{\"@context\":\"https:\\\/\\\/schema.org\",\"@graph\":[{\"@type\":\"WebPage\",\"@id\":\"https:\\\/\\\/neoqi.com\\\/how-it-works\\\/functions\\\/infrared-sauna\\\/\",\"url\":\"https:\\\/\\\/neoqi.com\\\/how-it-works\\\/functions\\\/infrared-sauna\\\/\",\"name\":\"Infrared Sauna - NEOQI\",\"isPartOf\":{\"@id\":\"https:\\\/\\\/neoqi.com\\\/#website\"},\"datePublished\":\"2024-09-06T17:52:37+00:00\",\"breadcrumb\":{\"@id\":\"https:\\\/\\\/neoqi.com\\\/how-it-works\\\/functions\\\/infrared-sauna\\\/#breadcrumb\"},\"inLanguage\":\"pl-PL\",\"potentialAction\":[{\"@type\":\"ReadAction\",\"target\":[\"https:\\\/\\\/neoqi.com\\\/how-it-works\\\/functions\\\/infrared-sauna\\\/\"]}]},{\"@type\":\"BreadcrumbList\",\"@id\":\"https:\\\/\\\/neoqi.com\\\/how-it-works\\\/functions\\\/infrared-sauna\\\/#breadcrumb\",\"itemListElement\":[{\"@type\":\"ListItem\",\"position\":1,\"name\":\"Home\",\"item\":\"https:\\\/\\\/neoqi.com\\\/\"},{\"@type\":\"ListItem\",\"position\":2,\"name\":\"How it Works\",\"item\":\"https:\\\/\\\/neoqi.com\\\/ru\\\/how-it-works\\\/\"},{\"@type\":\"ListItem\",\"position\":3,\"name\":\"Functions\",\"item\":\"https:\\\/\\\/neoqi.com\\\/ru\\\/how-it-works\\\/functions\\\/\"},{\"@type\":\"ListItem\",\"position\":4,\"name\":\"Infrared Sauna\"}]},{\"@type\":\"WebSite\",\"@id\":\"https:\\\/\\\/neoqi.com\\\/#website\",\"url\":\"https:\\\/\\\/neoqi.com\\\/\",\"name\":\"NEOQI\",\"description\":\"Experience Ultimate Wellness and Relaxation with NeoQi Spa Capsule: Your Path to Rejuvenation\",\"publisher\":{\"@id\":\"https:\\\/\\\/neoqi.com\\\/#organization\"},\"potentialAction\":[{\"@type\":\"SearchAction\",\"target\":{\"@type\":\"EntryPoint\",\"urlTemplate\":\"https:\\\/\\\/neoqi.com\\\/?s={search_term_string}\"},\"query-input\":{\"@type\":\"PropertyValueSpecification\",\"valueRequired\":true,\"valueName\":\"search_term_string\"}}],\"inLanguage\":\"pl-PL\"},{\"@type\":\"Organization\",\"@id\":\"https:\\\/\\\/neoqi.com\\\/#organization\",\"name\":\"NEOQI\",\"url\":\"https:\\\/\\\/neoqi.com\\\/\",\"logo\":{\"@type\":\"ImageObject\",\"inLanguage\":\"pl-PL\",\"@id\":\"https:\\\/\\\/neoqi.com\\\/#\\\/schema\\\/logo\\\/image\\\/\",\"url\":\"https:\\\/\\\/neoqi.com\\\/wp-content\\\/uploads\\\/2024\\\/09\\\/logoneosvg.svg\",\"contentUrl\":\"https:\\\/\\\/neoqi.com\\\/wp-content\\\/uploads\\\/2024\\\/09\\\/logoneosvg.svg\",\"width\":1,\"height\":1,\"caption\":\"NEOQI\"},\"image\":{\"@id\":\"https:\\\/\\\/neoqi.com\\\/#\\\/schema\\\/logo\\\/image\\\/\"},\"sameAs\":[\"https:\\\/\\\/www.facebook.com\\\/neoqi\\\/\",\"https:\\\/\\\/www.instagram.com\\\/neoqi_com\\\/\"]}]}<\/script>\n<!-- \/ Yoast SEO plugin. -->","yoast_head_json":{"title":"Infrared Sauna - NEOQI","robots":{"index":"index","follow":"follow","max-snippet":"max-snippet:-1","max-image-preview":"max-image-preview:large","max-video-preview":"max-video-preview:-1"},"canonical":"https:\/\/neoqi.com\/pl\/how-it-works\/functions\/infrared-sauna\/","og_locale":"pl_PL","og_type":"article","og_title":"Infrared Sauna - NEOQI","og_description":"Infrared radiation (IR) refers to energy in the region of the electromagnetic radiation spectrum at wavelengths longer than those of visible light, but shorter than those of radio waves. Invisible to the human eye, infrared radiation has a very strong thermal energy that penetrates the tissues to a depth of 3-7 centimeters. An increase in [&hellip;]","og_url":"https:\/\/neoqi.com\/pl\/how-it-works\/functions\/infrared-sauna\/","og_site_name":"NEOQI","article_publisher":"https:\/\/www.facebook.com\/neoqi\/","twitter_card":"summary_large_image","twitter_misc":{"Szacowany czas czytania":"1 minuta"},"schema":{"@context":"https:\/\/schema.org","@graph":[{"@type":"WebPage","@id":"https:\/\/neoqi.com\/how-it-works\/functions\/infrared-sauna\/","url":"https:\/\/neoqi.com\/how-it-works\/functions\/infrared-sauna\/","name":"Infrared Sauna - NEOQI","isPartOf":{"@id":"https:\/\/neoqi.com\/#website"},"datePublished":"2024-09-06T17:52:37+00:00","breadcrumb":{"@id":"https:\/\/neoqi.com\/how-it-works\/functions\/infrared-sauna\/#breadcrumb"},"inLanguage":"pl-PL","potentialAction":[{"@type":"ReadAction","target":["https:\/\/neoqi.com\/how-it-works\/functions\/infrared-sauna\/"]}]},{"@type":"BreadcrumbList","@id":"https:\/\/neoqi.com\/how-it-works\/functions\/infrared-sauna\/#breadcrumb","itemListElement":[{"@type":"ListItem","position":1,"name":"Home","item":"https:\/\/neoqi.com\/"},{"@type":"ListItem","position":2,"name":"How it Works","item":"https:\/\/neoqi.com\/ru\/how-it-works\/"},{"@type":"ListItem","position":3,"name":"Functions","item":"https:\/\/neoqi.com\/ru\/how-it-works\/functions\/"},{"@type":"ListItem","position":4,"name":"Infrared Sauna"}]},{"@type":"WebSite","@id":"https:\/\/neoqi.com\/#website","url":"https:\/\/neoqi.com\/","name":"NEOQI","description":"Do\u015bwiadcz doskona\u0142ego samopoczucia i relaksu z NeoQi Spa Capsule: Twoja droga do odm\u0142odzenia","publisher":{"@id":"https:\/\/neoqi.com\/#organization"},"potentialAction":[{"@type":"SearchAction","target":{"@type":"EntryPoint","urlTemplate":"https:\/\/neoqi.com\/?s={search_term_string}"},"query-input":{"@type":"PropertyValueSpecification","valueRequired":true,"valueName":"search_term_string"}}],"inLanguage":"pl-PL"},{"@type":"Organization","@id":"https:\/\/neoqi.com\/#organization","name":"NEOQI","url":"https:\/\/neoqi.com\/","logo":{"@type":"ImageObject","inLanguage":"pl-PL","@id":"https:\/\/neoqi.com\/#\/schema\/logo\/image\/","url":"https:\/\/neoqi.com\/wp-content\/uploads\/2024\/09\/logoneosvg.svg","contentUrl":"https:\/\/neoqi.com\/wp-content\/uploads\/2024\/09\/logoneosvg.svg","width":1,"height":1,"caption":"NEOQI"},"image":{"@id":"https:\/\/neoqi.com\/#\/schema\/logo\/image\/"},"sameAs":["https:\/\/www.facebook.com\/neoqi\/","https:\/\/www.instagram.com\/neoqi_com\/"]}]}},"_links":{"self":[{"href":"https:\/\/neoqi.com\/pl\/wp-json\/wp\/v2\/pages\/1979","targetHints":{"allow":["GET"]}}],"collection":[{"href":"https:\/\/neoqi.com\/pl\/wp-json\/wp\/v2\/pages"}],"about":[{"href":"https:\/\/neoqi.com\/pl\/wp-json\/wp\/v2\/types\/page"}],"author":[{"embeddable":true,"href":"https:\/\/neoqi.com\/pl\/wp-json\/wp\/v2\/users\/3"}],"replies":[{"embeddable":true,"href":"https:\/\/neoqi.com\/pl\/wp-json\/wp\/v2\/comments?post=1979"}],"version-history":[{"count":1,"href":"https:\/\/neoqi.com\/pl\/wp-json\/wp\/v2\/pages\/1979\/revisions"}],"predecessor-version":[{"id":1980,"href":"https:\/\/neoqi.com\/pl\/wp-json\/wp\/v2\/pages\/1979\/revisions\/1980"}],"up":[{"embeddable":true,"href":"https:\/\/neoqi.com\/pl\/wp-json\/wp\/v2\/pages\/1965"}],"wp:attachment":[{"href":"https:\/\/neoqi.com\/pl\/wp-json\/wp\/v2\/media?parent=1979"}],"curies":[{"name":"wp","href":"https:\/\/api.w.org\/{rel}","templated":true}]}}