{"id":1987,"date":"2024-09-06T20:55:35","date_gmt":"2024-09-06T17:55:35","guid":{"rendered":"http:\/\/neoqi.com\/?page_id=1987"},"modified":"2024-10-09T16:57:01","modified_gmt":"2024-10-09T13:57:01","slug":"steam-session","status":"publish","type":"page","link":"https:\/\/neoqi.com\/pl\/how-it-works\/treatment-programs\/steam-session\/","title":{"rendered":"Sesja Steam"},"content":{"rendered":"<p>Sesja parowa - 25 min*<\/p>\n<p>*Nie obejmuje czasu po\u015bwi\u0119conego na przygotowanie kokonu do zabiegu i sprz\u0105tanie po zabiegu.<\/p>\n<p>Korzy\u015bci: relaks dla cia\u0142a i umys\u0142u, poprawa kolorytu sk\u00f3ry i zr\u00f3wnowa\u017cenie metabolizmu, energetyzacja cia\u0142a i umys\u0142u, otwarcie dr\u00f3g oddechowych i u\u0142atwienie oddychania.<\/p>\n<p>Przygotowanie do zabiegu:<\/p>\n<p>Rozgrzej kokon, w\u0142\u0105czaj\u0105c funkcj\u0119 sauny parowej i IR na 10 minut przed rozpocz\u0119ciem zabiegu.<br \/>\nPrzygotuj dozownik aromatu, dodaj\u0105c wymagan\u0105 ilo\u015b\u0107 kropli olejku eterycznego.<br \/>\nW\u0142\u0105cz muzyk\u0119 i \u015bwiat\u0142a LED, kt\u00f3re sprzyjaj\u0105 relaksowi.<\/p>\n<p>Kolory chromoterapii<\/p>\n<p>Stymuluj\u0105ce: Czerwony, Pomara\u0144czowy, \u017b\u00f3\u0142ty, Bia\u0142y.<\/p>\n<p>Relaksuj\u0105cy: Zielony, Niebieski, Fioletowy, Bia\u0142y.<\/p>\n<p>Wibracje<\/p>\n<p>Stymuluj\u0105cy: \u015brednio szybki.<\/p>\n<p>Relaks: powolna fala.<\/p>\n<p>Potrzebne produkty:<\/p>\n<p>Niezb\u0119dny olejek aromatyczny.<\/p>\n<p>Przed leczeniem:<\/p>\n<p>sprawdzi\u0107 potrzeby i \u017cyczenia klienta;<br \/>\nwyja\u015bni\u0107 przebieg leczenia;<br \/>\npoinformowa\u0107 klienta o przeciwwskazaniach do zabiegu (patrz osobna strona).<\/p>\n<p>Kolejno\u015b\u0107 leczenia:<\/p>\n<p>Popro\u015b klienta, aby po\u0142o\u017cy\u0142 si\u0119 na stole wibracyjnym. Zamknij os\u0142on\u0119 i w\u0142\u0105cz urz\u0105dzenie:<br \/>\n- sauna parowa + sauna na podczerwie\u0144 (wyb\u00f3r temperatury jest indywidualny);<\/p>\n<p>- wibracje;<\/p>\n<p>- chromoterapia;<\/p>\n<p>- wentylator twarzy.<\/p>\n<p>Czas trwania - 18-20 minut.<\/p>\n<p>Po sesji parowej w\u0142\u0105cz funkcj\u0119 prysznica Vichy - 2-3 minuty;<br \/>\nPod koniec zabiegu zaoferuj klientowi mo\u017cliwo\u015b\u0107 zrelaksowania si\u0119.<\/p>\n<p>Zaleca si\u0119 wykonywanie 2-3 zabieg\u00f3w tygodniowo, kurs 8-15 zabieg\u00f3w.<\/p>\n<p>Zalecamy \u0142\u0105czenie zabieg\u00f3w w NeoQi\u00ae z profesjonalnymi kosmetykami morskimi EST\u00ed.<\/p>","protected":false},"excerpt":{"rendered":"<p>Steam session \u2013 25 min* *does not include the time spent on preparing the cocoon for the treatment and cleaning after the treatment. Benefits: relaxation for the body and mind, improvement of skin tone and balancing of metabolism, energizing the body and mind, opening respiratory tract and easing breathing Preparation for the treatment: Warm up [&hellip;]<\/p>\n","protected":false},"author":3,"featured_media":2370,"parent":1957,"menu_order":0,"comment_status":"closed","ping_status":"closed","template":"","meta":{"_acf_changed":false,"site-sidebar-layout":"default","site-content-layout":"","ast-site-content-layout":"default","site-content-style":"default","site-sidebar-style":"default","ast-global-header-display":"","ast-banner-title-visibility":"","ast-main-header-display":"","ast-hfb-above-header-display":"","ast-hfb-below-header-display":"","ast-hfb-mobile-header-display":"","site-post-title":"","ast-breadcrumbs-content":"","ast-featured-img":"","footer-sml-layout":"","ast-disable-related-posts":"","theme-transparent-header-meta":"default","adv-header-id-meta":"","stick-header-meta":"","header-above-stick-meta":"","header-main-stick-meta":"","header-below-stick-meta":"","astra-migrate-meta-layouts":"set","ast-page-background-enabled":"default","ast-page-background-meta":{"desktop":{"background-color":"var(--ast-global-color-4)","background-image":"","background-repeat":"repeat","background-position":"center center","background-size":"auto","background-attachment":"scroll","background-type":"","background-media":"","overlay-type":"","overlay-color":"","overlay-opacity":"","overlay-gradient":""},"tablet":{"background-color":"","background-image":"","background-repeat":"repeat","background-position":"center center","background-size":"auto","background-attachment":"scroll","background-type":"","background-media":"","overlay-type":"","overlay-color":"","overlay-opacity":"","overlay-gradient":""},"mobile":{"background-color":"","background-image":"","background-repeat":"repeat","background-position":"center center","background-size":"auto","background-attachment":"scroll","background-type":"","background-media":"","overlay-type":"","overlay-color":"","overlay-opacity":"","overlay-gradient":""}},"ast-content-background-meta":{"desktop":{"background-color":"var(--ast-global-color-5)","background-image":"","background-repeat":"repeat","background-position":"center center","background-size":"auto","background-attachment":"scroll","background-type":"","background-media":"","overlay-type":"","overlay-color":"","overlay-opacity":"","overlay-gradient":""},"tablet":{"background-color":"var(--ast-global-color-5)","background-image":"","background-repeat":"repeat","background-position":"center center","background-size":"auto","background-attachment":"scroll","background-type":"","background-media":"","overlay-type":"","overlay-color":"","overlay-opacity":"","overlay-gradient":""},"mobile":{"background-color":"var(--ast-global-color-5)","background-image":"","background-repeat":"repeat","background-position":"center center","background-size":"auto","background-attachment":"scroll","background-type":"","background-media":"","overlay-type":"","overlay-color":"","overlay-opacity":"","overlay-gradient":""}},"footnotes":""},"class_list":["post-1987","page","type-page","status-publish","has-post-thumbnail","hentry"],"acf":[],"yoast_head":"<!-- This site is optimized with the Yoast SEO plugin v27.4 - https:\/\/yoast.com\/product\/yoast-seo-wordpress\/ -->\n<title>Steam Session - NEOQI<\/title>\n<meta name=\"robots\" content=\"index, follow, max-snippet:-1, max-image-preview:large, max-video-preview:-1\" \/>\n<link rel=\"canonical\" href=\"https:\/\/neoqi.com\/pl\/how-it-works\/treatment-programs\/steam-session\/\" \/>\n<meta property=\"og:locale\" content=\"pl_PL\" \/>\n<meta property=\"og:type\" content=\"article\" \/>\n<meta property=\"og:title\" content=\"Steam Session - NEOQI\" \/>\n<meta property=\"og:description\" content=\"Steam session \u2013 25 min* *does not include the time spent on preparing the cocoon for the treatment and cleaning after the treatment. Benefits: relaxation for the body and mind, improvement of skin tone and balancing of metabolism, energizing the body and mind, opening respiratory tract and easing breathing Preparation for the treatment: Warm up [&hellip;]\" \/>\n<meta property=\"og:url\" content=\"https:\/\/neoqi.com\/pl\/how-it-works\/treatment-programs\/steam-session\/\" \/>\n<meta property=\"og:site_name\" content=\"NEOQI\" \/>\n<meta property=\"article:publisher\" content=\"https:\/\/www.facebook.com\/neoqi\/\" \/>\n<meta property=\"article:modified_time\" content=\"2024-10-09T13:57:01+00:00\" \/>\n<meta property=\"og:image\" content=\"https:\/\/neoqi.com\/wp-content\/uploads\/2024\/10\/top3.jpg\" \/>\n\t<meta property=\"og:image:width\" content=\"800\" \/>\n\t<meta property=\"og:image:height\" content=\"500\" \/>\n\t<meta property=\"og:image:type\" content=\"image\/jpeg\" \/>\n<meta name=\"twitter:card\" content=\"summary_large_image\" \/>\n<meta name=\"twitter:label1\" content=\"Szacowany czas czytania\" \/>\n\t<meta name=\"twitter:data1\" content=\"1 minuta\" \/>\n<script type=\"application\/ld+json\" class=\"yoast-schema-graph\">{\"@context\":\"https:\\\/\\\/schema.org\",\"@graph\":[{\"@type\":\"WebPage\",\"@id\":\"https:\\\/\\\/neoqi.com\\\/how-it-works\\\/treatment-programs\\\/steam-session\\\/\",\"url\":\"https:\\\/\\\/neoqi.com\\\/how-it-works\\\/treatment-programs\\\/steam-session\\\/\",\"name\":\"Steam Session - NEOQI\",\"isPartOf\":{\"@id\":\"https:\\\/\\\/neoqi.com\\\/#website\"},\"primaryImageOfPage\":{\"@id\":\"https:\\\/\\\/neoqi.com\\\/how-it-works\\\/treatment-programs\\\/steam-session\\\/#primaryimage\"},\"image\":{\"@id\":\"https:\\\/\\\/neoqi.com\\\/how-it-works\\\/treatment-programs\\\/steam-session\\\/#primaryimage\"},\"thumbnailUrl\":\"https:\\\/\\\/neoqi.com\\\/wp-content\\\/uploads\\\/2024\\\/10\\\/top3.jpg\",\"datePublished\":\"2024-09-06T17:55:35+00:00\",\"dateModified\":\"2024-10-09T13:57:01+00:00\",\"breadcrumb\":{\"@id\":\"https:\\\/\\\/neoqi.com\\\/how-it-works\\\/treatment-programs\\\/steam-session\\\/#breadcrumb\"},\"inLanguage\":\"pl-PL\",\"potentialAction\":[{\"@type\":\"ReadAction\",\"target\":[\"https:\\\/\\\/neoqi.com\\\/how-it-works\\\/treatment-programs\\\/steam-session\\\/\"]}]},{\"@type\":\"ImageObject\",\"inLanguage\":\"pl-PL\",\"@id\":\"https:\\\/\\\/neoqi.com\\\/how-it-works\\\/treatment-programs\\\/steam-session\\\/#primaryimage\",\"url\":\"https:\\\/\\\/neoqi.com\\\/wp-content\\\/uploads\\\/2024\\\/10\\\/top3.jpg\",\"contentUrl\":\"https:\\\/\\\/neoqi.com\\\/wp-content\\\/uploads\\\/2024\\\/10\\\/top3.jpg\",\"width\":800,\"height\":500},{\"@type\":\"BreadcrumbList\",\"@id\":\"https:\\\/\\\/neoqi.com\\\/how-it-works\\\/treatment-programs\\\/steam-session\\\/#breadcrumb\",\"itemListElement\":[{\"@type\":\"ListItem\",\"position\":1,\"name\":\"Home\",\"item\":\"https:\\\/\\\/neoqi.com\\\/\"},{\"@type\":\"ListItem\",\"position\":2,\"name\":\"How it Works\",\"item\":\"https:\\\/\\\/neoqi.com\\\/ru\\\/how-it-works\\\/\"},{\"@type\":\"ListItem\",\"position\":3,\"name\":\"Treatment Programs\",\"item\":\"https:\\\/\\\/neoqi.com\\\/how-it-works\\\/treatment-programs\\\/\"},{\"@type\":\"ListItem\",\"position\":4,\"name\":\"Steam Session\"}]},{\"@type\":\"WebSite\",\"@id\":\"https:\\\/\\\/neoqi.com\\\/#website\",\"url\":\"https:\\\/\\\/neoqi.com\\\/\",\"name\":\"NEOQI\",\"description\":\"Experience Ultimate Wellness and Relaxation with NeoQi Spa Capsule: Your Path to Rejuvenation\",\"publisher\":{\"@id\":\"https:\\\/\\\/neoqi.com\\\/#organization\"},\"potentialAction\":[{\"@type\":\"SearchAction\",\"target\":{\"@type\":\"EntryPoint\",\"urlTemplate\":\"https:\\\/\\\/neoqi.com\\\/?s={search_term_string}\"},\"query-input\":{\"@type\":\"PropertyValueSpecification\",\"valueRequired\":true,\"valueName\":\"search_term_string\"}}],\"inLanguage\":\"pl-PL\"},{\"@type\":\"Organization\",\"@id\":\"https:\\\/\\\/neoqi.com\\\/#organization\",\"name\":\"NEOQI\",\"url\":\"https:\\\/\\\/neoqi.com\\\/\",\"logo\":{\"@type\":\"ImageObject\",\"inLanguage\":\"pl-PL\",\"@id\":\"https:\\\/\\\/neoqi.com\\\/#\\\/schema\\\/logo\\\/image\\\/\",\"url\":\"https:\\\/\\\/neoqi.com\\\/wp-content\\\/uploads\\\/2024\\\/09\\\/logoneosvg.svg\",\"contentUrl\":\"https:\\\/\\\/neoqi.com\\\/wp-content\\\/uploads\\\/2024\\\/09\\\/logoneosvg.svg\",\"width\":1,\"height\":1,\"caption\":\"NEOQI\"},\"image\":{\"@id\":\"https:\\\/\\\/neoqi.com\\\/#\\\/schema\\\/logo\\\/image\\\/\"},\"sameAs\":[\"https:\\\/\\\/www.facebook.com\\\/neoqi\\\/\",\"https:\\\/\\\/www.instagram.com\\\/neoqi_com\\\/\"]}]}<\/script>\n<!-- \/ Yoast SEO plugin. -->","yoast_head_json":{"title":"Steam Session - NEOQI","robots":{"index":"index","follow":"follow","max-snippet":"max-snippet:-1","max-image-preview":"max-image-preview:large","max-video-preview":"max-video-preview:-1"},"canonical":"https:\/\/neoqi.com\/pl\/how-it-works\/treatment-programs\/steam-session\/","og_locale":"pl_PL","og_type":"article","og_title":"Steam Session - NEOQI","og_description":"Steam session \u2013 25 min* *does not include the time spent on preparing the cocoon for the treatment and cleaning after the treatment. Benefits: relaxation for the body and mind, improvement of skin tone and balancing of metabolism, energizing the body and mind, opening respiratory tract and easing breathing Preparation for the treatment: Warm up [&hellip;]","og_url":"https:\/\/neoqi.com\/pl\/how-it-works\/treatment-programs\/steam-session\/","og_site_name":"NEOQI","article_publisher":"https:\/\/www.facebook.com\/neoqi\/","article_modified_time":"2024-10-09T13:57:01+00:00","og_image":[{"width":800,"height":500,"url":"https:\/\/neoqi.com\/wp-content\/uploads\/2024\/10\/top3.jpg","type":"image\/jpeg"}],"twitter_card":"summary_large_image","twitter_misc":{"Szacowany czas czytania":"1 minuta"},"schema":{"@context":"https:\/\/schema.org","@graph":[{"@type":"WebPage","@id":"https:\/\/neoqi.com\/how-it-works\/treatment-programs\/steam-session\/","url":"https:\/\/neoqi.com\/how-it-works\/treatment-programs\/steam-session\/","name":"Steam Session - NEOQI","isPartOf":{"@id":"https:\/\/neoqi.com\/#website"},"primaryImageOfPage":{"@id":"https:\/\/neoqi.com\/how-it-works\/treatment-programs\/steam-session\/#primaryimage"},"image":{"@id":"https:\/\/neoqi.com\/how-it-works\/treatment-programs\/steam-session\/#primaryimage"},"thumbnailUrl":"https:\/\/neoqi.com\/wp-content\/uploads\/2024\/10\/top3.jpg","datePublished":"2024-09-06T17:55:35+00:00","dateModified":"2024-10-09T13:57:01+00:00","breadcrumb":{"@id":"https:\/\/neoqi.com\/how-it-works\/treatment-programs\/steam-session\/#breadcrumb"},"inLanguage":"pl-PL","potentialAction":[{"@type":"ReadAction","target":["https:\/\/neoqi.com\/how-it-works\/treatment-programs\/steam-session\/"]}]},{"@type":"ImageObject","inLanguage":"pl-PL","@id":"https:\/\/neoqi.com\/how-it-works\/treatment-programs\/steam-session\/#primaryimage","url":"https:\/\/neoqi.com\/wp-content\/uploads\/2024\/10\/top3.jpg","contentUrl":"https:\/\/neoqi.com\/wp-content\/uploads\/2024\/10\/top3.jpg","width":800,"height":500},{"@type":"BreadcrumbList","@id":"https:\/\/neoqi.com\/how-it-works\/treatment-programs\/steam-session\/#breadcrumb","itemListElement":[{"@type":"ListItem","position":1,"name":"Home","item":"https:\/\/neoqi.com\/"},{"@type":"ListItem","position":2,"name":"How it Works","item":"https:\/\/neoqi.com\/ru\/how-it-works\/"},{"@type":"ListItem","position":3,"name":"Treatment Programs","item":"https:\/\/neoqi.com\/how-it-works\/treatment-programs\/"},{"@type":"ListItem","position":4,"name":"Steam Session"}]},{"@type":"WebSite","@id":"https:\/\/neoqi.com\/#website","url":"https:\/\/neoqi.com\/","name":"NEOQI","description":"Do\u015bwiadcz doskona\u0142ego samopoczucia i relaksu z NeoQi Spa Capsule: Twoja droga do odm\u0142odzenia","publisher":{"@id":"https:\/\/neoqi.com\/#organization"},"potentialAction":[{"@type":"SearchAction","target":{"@type":"EntryPoint","urlTemplate":"https:\/\/neoqi.com\/?s={search_term_string}"},"query-input":{"@type":"PropertyValueSpecification","valueRequired":true,"valueName":"search_term_string"}}],"inLanguage":"pl-PL"},{"@type":"Organization","@id":"https:\/\/neoqi.com\/#organization","name":"NEOQI","url":"https:\/\/neoqi.com\/","logo":{"@type":"ImageObject","inLanguage":"pl-PL","@id":"https:\/\/neoqi.com\/#\/schema\/logo\/image\/","url":"https:\/\/neoqi.com\/wp-content\/uploads\/2024\/09\/logoneosvg.svg","contentUrl":"https:\/\/neoqi.com\/wp-content\/uploads\/2024\/09\/logoneosvg.svg","width":1,"height":1,"caption":"NEOQI"},"image":{"@id":"https:\/\/neoqi.com\/#\/schema\/logo\/image\/"},"sameAs":["https:\/\/www.facebook.com\/neoqi\/","https:\/\/www.instagram.com\/neoqi_com\/"]}]}},"_links":{"self":[{"href":"https:\/\/neoqi.com\/pl\/wp-json\/wp\/v2\/pages\/1987","targetHints":{"allow":["GET"]}}],"collection":[{"href":"https:\/\/neoqi.com\/pl\/wp-json\/wp\/v2\/pages"}],"about":[{"href":"https:\/\/neoqi.com\/pl\/wp-json\/wp\/v2\/types\/page"}],"author":[{"embeddable":true,"href":"https:\/\/neoqi.com\/pl\/wp-json\/wp\/v2\/users\/3"}],"replies":[{"embeddable":true,"href":"https:\/\/neoqi.com\/pl\/wp-json\/wp\/v2\/comments?post=1987"}],"version-history":[{"count":1,"href":"https:\/\/neoqi.com\/pl\/wp-json\/wp\/v2\/pages\/1987\/revisions"}],"predecessor-version":[{"id":1988,"href":"https:\/\/neoqi.com\/pl\/wp-json\/wp\/v2\/pages\/1987\/revisions\/1988"}],"up":[{"embeddable":true,"href":"https:\/\/neoqi.com\/pl\/wp-json\/wp\/v2\/pages\/1957"}],"wp:featuredmedia":[{"embeddable":true,"href":"https:\/\/neoqi.com\/pl\/wp-json\/wp\/v2\/media\/2370"}],"wp:attachment":[{"href":"https:\/\/neoqi.com\/pl\/wp-json\/wp\/v2\/media?parent=1987"}],"curies":[{"name":"wp","href":"https:\/\/api.w.org\/{rel}","templated":true}]}}