{"id":1997,"date":"2024-09-06T21:00:28","date_gmt":"2024-09-06T18:00:28","guid":{"rendered":"http:\/\/neoqi.com\/?page_id=1997"},"modified":"2024-09-06T21:00:28","modified_gmt":"2024-09-06T18:00:28","slug":"facials","status":"publish","type":"page","link":"https:\/\/neoqi.com\/pl\/how-it-works\/treatment-programs\/facials\/","title":{"rendered":"Makija\u017c twarzy"},"content":{"rendered":"<p>Mini Facial - 12-20 min* podczas zabiegu piel\u0119gnacji cia\u0142a w kokonie energetycznym NeoQi\u00ae<\/p>\n<p>* Kr\u00f3tkie zabiegi na twarz mog\u0105 by\u0107 wykonywane bez fazy Mask.<\/p>\n<p>Korzy\u015bci: piel\u0119gnacja twarzy, kt\u00f3r\u0105 nale\u017cy \u0142\u0105czy\u0107 z zabiegami na cia\u0142o, w kr\u00f3tkim czasie oczyszcza i nawil\u017ca nask\u00f3rek, od\u017cywia i odm\u0142adza, tworzy efekt liftingu, tonizuje sk\u00f3r\u0119, wspomaga regeneracj\u0119 kom\u00f3rek, zapewnia efekt anti-age.<\/p>\n<p>Przygotowanie do zabiegu:<\/p>\n<p>Przygotuj misk\u0119 z ciep\u0142\u0105 lub gor\u0105c\u0105 wod\u0105, dodaj 1-2 krople relaksuj\u0105cego olejku eterycznego;<br \/>\nnamocz 2 ma\u0142e r\u0119czniki w misce.<\/p>\n<p>Potrzebne produkty:<\/p>\n<p>Niezb\u0119dny olejek aromatyczny.<br \/>\nP\u0142yn do demakija\u017cu (mleczko, \u017cel).<br \/>\nPeeling\/scrub.<br \/>\nBalsam tonizuj\u0105cy.<br \/>\nMaska na twarz*.<br \/>\nProdukt ko\u0144cowy (krem, balsam, mleczko, olejek).<\/p>\n<p>Przed leczeniem:<\/p>\n<p>sprawdzi\u0107 potrzeby i \u017cyczenia klienta;<br \/>\nwyja\u015bni\u0107 przebieg leczenia;<br \/>\npoinformowa\u0107 klienta o przeciwwskazaniach do zabiegu (patrz osobna strona).<\/p>\n<p>Kolejno\u015b\u0107 leczenia:<\/p>\n<p>CZYSZCZENIE - 2-3 minuty:<\/p>\n<p>Na\u0142\u00f3\u017c mleczko oczyszczaj\u0105ce lekkimi okr\u0119\u017cnymi ruchami na twarz i szyj\u0119;<br \/>\nUsun\u0105\u0107 ciep\u0142ym r\u0119cznikiem. Powt\u00f3rzy\u0107 2 razy.<\/p>\n<p>OBIERANIE 3-4 minuty:<\/p>\n<p>Na\u0142o\u017cy\u0107 cienk\u0105 warstw\u0119 peelingu na twarz i szyj\u0119. Delikatnie z\u0142uszczaj, wykonuj\u0105c lekkie okr\u0119\u017cne ruchy masuj\u0105ce, omijaj\u0105c okolice oczu;<br \/>\nUsun\u0105\u0107 ciep\u0142ym r\u0119cznikiem 2 razy. Osuszy\u0107 twarz z nadmiaru wody chusteczk\u0105;<br \/>\nNalej balsam na wacik i na\u0142\u00f3\u017c na twarz i szyj\u0119.<\/p>\n<p>MASKA 10-12 minut *:<\/p>\n<p>Na\u0142o\u017cy\u0107 cienk\u0105 warstw\u0119 maseczki na twarz i szyj\u0119. Na\u0142o\u017cy\u0107 p\u0142atki kosmetyczne zwil\u017cone tonikiem na oczy. Pozostawi\u0107 na 10 minut;<br \/>\nW zale\u017cno\u015bci od maseczki, je\u015bli to mo\u017cliwe, wykonaj lekki masa\u017c twarzy;<br \/>\nUsun\u0105\u0107 ciep\u0142ym r\u0119cznikiem 2 razy. Osuszy\u0107 twarz z nadmiaru wody chusteczk\u0105;<br \/>\nNalej balsam na wacik i na\u0142\u00f3\u017c na twarz i szyj\u0119.<\/p>\n<p>FINALIZUJ 1-2 minuty:<\/p>\n<p>Lekkimi ruchami masuj\u0105cymi na\u0142\u00f3\u017c krem nawil\u017caj\u0105cy na twarz i szyj\u0119.<\/p>\n<p>Zaleca si\u0119 wykonywanie zabiegu na twarz podczas ka\u017cdego zabiegu piel\u0119gnacji cia\u0142a.<\/p>\n<p>Zalecamy \u0142\u0105czenie zabieg\u00f3w w NeoQi\u00ae z profesjonalnymi kosmetykami morskimi EST\u00ed.<\/p>","protected":false},"excerpt":{"rendered":"<p>Mini Facial \u2013 12-20 min* during body care treatment in NeoQi\u00ae energy cocoon * Short facial treatments can be carried out without Mask phase. Benefits: face care that should be combined with body care treatments, in a short period of time cleanses and hydrates epidermis, nourishes and rejuvenates, creates effect of lifting, tones skin, promotes [&hellip;]<\/p>\n","protected":false},"author":3,"featured_media":0,"parent":1957,"menu_order":0,"comment_status":"closed","ping_status":"closed","template":"","meta":{"_acf_changed":false,"site-sidebar-layout":"default","site-content-layout":"","ast-site-content-layout":"default","site-content-style":"default","site-sidebar-style":"default","ast-global-header-display":"","ast-banner-title-visibility":"","ast-main-header-display":"","ast-hfb-above-header-display":"","ast-hfb-below-header-display":"","ast-hfb-mobile-header-display":"","site-post-title":"","ast-breadcrumbs-content":"","ast-featured-img":"","footer-sml-layout":"","ast-disable-related-posts":"","theme-transparent-header-meta":"default","adv-header-id-meta":"","stick-header-meta":"","header-above-stick-meta":"","header-main-stick-meta":"","header-below-stick-meta":"","astra-migrate-meta-layouts":"set","ast-page-background-enabled":"default","ast-page-background-meta":{"desktop":{"background-color":"var(--ast-global-color-4)","background-image":"","background-repeat":"repeat","background-position":"center center","background-size":"auto","background-attachment":"scroll","background-type":"","background-media":"","overlay-type":"","overlay-color":"","overlay-opacity":"","overlay-gradient":""},"tablet":{"background-color":"","background-image":"","background-repeat":"repeat","background-position":"center center","background-size":"auto","background-attachment":"scroll","background-type":"","background-media":"","overlay-type":"","overlay-color":"","overlay-opacity":"","overlay-gradient":""},"mobile":{"background-color":"","background-image":"","background-repeat":"repeat","background-position":"center center","background-size":"auto","background-attachment":"scroll","background-type":"","background-media":"","overlay-type":"","overlay-color":"","overlay-opacity":"","overlay-gradient":""}},"ast-content-background-meta":{"desktop":{"background-color":"var(--ast-global-color-5)","background-image":"","background-repeat":"repeat","background-position":"center center","background-size":"auto","background-attachment":"scroll","background-type":"","background-media":"","overlay-type":"","overlay-color":"","overlay-opacity":"","overlay-gradient":""},"tablet":{"background-color":"var(--ast-global-color-5)","background-image":"","background-repeat":"repeat","background-position":"center center","background-size":"auto","background-attachment":"scroll","background-type":"","background-media":"","overlay-type":"","overlay-color":"","overlay-opacity":"","overlay-gradient":""},"mobile":{"background-color":"var(--ast-global-color-5)","background-image":"","background-repeat":"repeat","background-position":"center center","background-size":"auto","background-attachment":"scroll","background-type":"","background-media":"","overlay-type":"","overlay-color":"","overlay-opacity":"","overlay-gradient":""}},"footnotes":""},"class_list":["post-1997","page","type-page","status-publish","hentry"],"acf":[],"yoast_head":"<!-- This site is optimized with the Yoast SEO plugin v27.3 - https:\/\/yoast.com\/product\/yoast-seo-wordpress\/ -->\n<title>Facials - NEOQI<\/title>\n<meta name=\"robots\" content=\"index, follow, max-snippet:-1, max-image-preview:large, max-video-preview:-1\" \/>\n<link rel=\"canonical\" href=\"https:\/\/neoqi.com\/pl\/how-it-works\/treatment-programs\/facials\/\" \/>\n<meta property=\"og:locale\" content=\"pl_PL\" \/>\n<meta property=\"og:type\" content=\"article\" \/>\n<meta property=\"og:title\" content=\"Facials - NEOQI\" \/>\n<meta property=\"og:description\" content=\"Mini Facial \u2013 12-20 min* during body care treatment in NeoQi\u00ae energy cocoon * Short facial treatments can be carried out without Mask phase. Benefits: face care that should be combined with body care treatments, in a short period of time cleanses and hydrates epidermis, nourishes and rejuvenates, creates effect of lifting, tones skin, promotes [&hellip;]\" \/>\n<meta property=\"og:url\" content=\"https:\/\/neoqi.com\/pl\/how-it-works\/treatment-programs\/facials\/\" \/>\n<meta property=\"og:site_name\" content=\"NEOQI\" \/>\n<meta property=\"article:publisher\" content=\"https:\/\/www.facebook.com\/neoqi\/\" \/>\n<meta name=\"twitter:card\" content=\"summary_large_image\" \/>\n<meta name=\"twitter:label1\" content=\"Szacowany czas czytania\" \/>\n\t<meta name=\"twitter:data1\" content=\"2 minuty\" \/>\n<script type=\"application\/ld+json\" class=\"yoast-schema-graph\">{\"@context\":\"https:\\\/\\\/schema.org\",\"@graph\":[{\"@type\":\"WebPage\",\"@id\":\"https:\\\/\\\/neoqi.com\\\/how-it-works\\\/treatment-programs\\\/facials\\\/\",\"url\":\"https:\\\/\\\/neoqi.com\\\/how-it-works\\\/treatment-programs\\\/facials\\\/\",\"name\":\"Facials - NEOQI\",\"isPartOf\":{\"@id\":\"https:\\\/\\\/neoqi.com\\\/#website\"},\"datePublished\":\"2024-09-06T18:00:28+00:00\",\"breadcrumb\":{\"@id\":\"https:\\\/\\\/neoqi.com\\\/how-it-works\\\/treatment-programs\\\/facials\\\/#breadcrumb\"},\"inLanguage\":\"pl-PL\",\"potentialAction\":[{\"@type\":\"ReadAction\",\"target\":[\"https:\\\/\\\/neoqi.com\\\/how-it-works\\\/treatment-programs\\\/facials\\\/\"]}]},{\"@type\":\"BreadcrumbList\",\"@id\":\"https:\\\/\\\/neoqi.com\\\/how-it-works\\\/treatment-programs\\\/facials\\\/#breadcrumb\",\"itemListElement\":[{\"@type\":\"ListItem\",\"position\":1,\"name\":\"Home\",\"item\":\"https:\\\/\\\/neoqi.com\\\/\"},{\"@type\":\"ListItem\",\"position\":2,\"name\":\"How it Works\",\"item\":\"https:\\\/\\\/neoqi.com\\\/ru\\\/how-it-works\\\/\"},{\"@type\":\"ListItem\",\"position\":3,\"name\":\"Treatment Programs\",\"item\":\"https:\\\/\\\/neoqi.com\\\/how-it-works\\\/treatment-programs\\\/\"},{\"@type\":\"ListItem\",\"position\":4,\"name\":\"Facials\"}]},{\"@type\":\"WebSite\",\"@id\":\"https:\\\/\\\/neoqi.com\\\/#website\",\"url\":\"https:\\\/\\\/neoqi.com\\\/\",\"name\":\"NEOQI\",\"description\":\"Experience Ultimate Wellness and Relaxation with NeoQi Spa Capsule: Your Path to Rejuvenation\",\"publisher\":{\"@id\":\"https:\\\/\\\/neoqi.com\\\/#organization\"},\"potentialAction\":[{\"@type\":\"SearchAction\",\"target\":{\"@type\":\"EntryPoint\",\"urlTemplate\":\"https:\\\/\\\/neoqi.com\\\/?s={search_term_string}\"},\"query-input\":{\"@type\":\"PropertyValueSpecification\",\"valueRequired\":true,\"valueName\":\"search_term_string\"}}],\"inLanguage\":\"pl-PL\"},{\"@type\":\"Organization\",\"@id\":\"https:\\\/\\\/neoqi.com\\\/#organization\",\"name\":\"NEOQI\",\"url\":\"https:\\\/\\\/neoqi.com\\\/\",\"logo\":{\"@type\":\"ImageObject\",\"inLanguage\":\"pl-PL\",\"@id\":\"https:\\\/\\\/neoqi.com\\\/#\\\/schema\\\/logo\\\/image\\\/\",\"url\":\"https:\\\/\\\/neoqi.com\\\/wp-content\\\/uploads\\\/2024\\\/09\\\/logoneosvg.svg\",\"contentUrl\":\"https:\\\/\\\/neoqi.com\\\/wp-content\\\/uploads\\\/2024\\\/09\\\/logoneosvg.svg\",\"width\":1,\"height\":1,\"caption\":\"NEOQI\"},\"image\":{\"@id\":\"https:\\\/\\\/neoqi.com\\\/#\\\/schema\\\/logo\\\/image\\\/\"},\"sameAs\":[\"https:\\\/\\\/www.facebook.com\\\/neoqi\\\/\",\"https:\\\/\\\/www.instagram.com\\\/neoqi_com\\\/\"]}]}<\/script>\n<!-- \/ Yoast SEO plugin. -->","yoast_head_json":{"title":"Facials - NEOQI","robots":{"index":"index","follow":"follow","max-snippet":"max-snippet:-1","max-image-preview":"max-image-preview:large","max-video-preview":"max-video-preview:-1"},"canonical":"https:\/\/neoqi.com\/pl\/how-it-works\/treatment-programs\/facials\/","og_locale":"pl_PL","og_type":"article","og_title":"Facials - NEOQI","og_description":"Mini Facial \u2013 12-20 min* during body care treatment in NeoQi\u00ae energy cocoon * Short facial treatments can be carried out without Mask phase. Benefits: face care that should be combined with body care treatments, in a short period of time cleanses and hydrates epidermis, nourishes and rejuvenates, creates effect of lifting, tones skin, promotes [&hellip;]","og_url":"https:\/\/neoqi.com\/pl\/how-it-works\/treatment-programs\/facials\/","og_site_name":"NEOQI","article_publisher":"https:\/\/www.facebook.com\/neoqi\/","twitter_card":"summary_large_image","twitter_misc":{"Szacowany czas czytania":"2 minuty"},"schema":{"@context":"https:\/\/schema.org","@graph":[{"@type":"WebPage","@id":"https:\/\/neoqi.com\/how-it-works\/treatment-programs\/facials\/","url":"https:\/\/neoqi.com\/how-it-works\/treatment-programs\/facials\/","name":"Facials - NEOQI","isPartOf":{"@id":"https:\/\/neoqi.com\/#website"},"datePublished":"2024-09-06T18:00:28+00:00","breadcrumb":{"@id":"https:\/\/neoqi.com\/how-it-works\/treatment-programs\/facials\/#breadcrumb"},"inLanguage":"pl-PL","potentialAction":[{"@type":"ReadAction","target":["https:\/\/neoqi.com\/how-it-works\/treatment-programs\/facials\/"]}]},{"@type":"BreadcrumbList","@id":"https:\/\/neoqi.com\/how-it-works\/treatment-programs\/facials\/#breadcrumb","itemListElement":[{"@type":"ListItem","position":1,"name":"Home","item":"https:\/\/neoqi.com\/"},{"@type":"ListItem","position":2,"name":"How it Works","item":"https:\/\/neoqi.com\/ru\/how-it-works\/"},{"@type":"ListItem","position":3,"name":"Treatment Programs","item":"https:\/\/neoqi.com\/how-it-works\/treatment-programs\/"},{"@type":"ListItem","position":4,"name":"Facials"}]},{"@type":"WebSite","@id":"https:\/\/neoqi.com\/#website","url":"https:\/\/neoqi.com\/","name":"NEOQI","description":"Do\u015bwiadcz doskona\u0142ego samopoczucia i relaksu z NeoQi Spa Capsule: Twoja droga do odm\u0142odzenia","publisher":{"@id":"https:\/\/neoqi.com\/#organization"},"potentialAction":[{"@type":"SearchAction","target":{"@type":"EntryPoint","urlTemplate":"https:\/\/neoqi.com\/?s={search_term_string}"},"query-input":{"@type":"PropertyValueSpecification","valueRequired":true,"valueName":"search_term_string"}}],"inLanguage":"pl-PL"},{"@type":"Organization","@id":"https:\/\/neoqi.com\/#organization","name":"NEOQI","url":"https:\/\/neoqi.com\/","logo":{"@type":"ImageObject","inLanguage":"pl-PL","@id":"https:\/\/neoqi.com\/#\/schema\/logo\/image\/","url":"https:\/\/neoqi.com\/wp-content\/uploads\/2024\/09\/logoneosvg.svg","contentUrl":"https:\/\/neoqi.com\/wp-content\/uploads\/2024\/09\/logoneosvg.svg","width":1,"height":1,"caption":"NEOQI"},"image":{"@id":"https:\/\/neoqi.com\/#\/schema\/logo\/image\/"},"sameAs":["https:\/\/www.facebook.com\/neoqi\/","https:\/\/www.instagram.com\/neoqi_com\/"]}]}},"_links":{"self":[{"href":"https:\/\/neoqi.com\/pl\/wp-json\/wp\/v2\/pages\/1997","targetHints":{"allow":["GET"]}}],"collection":[{"href":"https:\/\/neoqi.com\/pl\/wp-json\/wp\/v2\/pages"}],"about":[{"href":"https:\/\/neoqi.com\/pl\/wp-json\/wp\/v2\/types\/page"}],"author":[{"embeddable":true,"href":"https:\/\/neoqi.com\/pl\/wp-json\/wp\/v2\/users\/3"}],"replies":[{"embeddable":true,"href":"https:\/\/neoqi.com\/pl\/wp-json\/wp\/v2\/comments?post=1997"}],"version-history":[{"count":1,"href":"https:\/\/neoqi.com\/pl\/wp-json\/wp\/v2\/pages\/1997\/revisions"}],"predecessor-version":[{"id":1998,"href":"https:\/\/neoqi.com\/pl\/wp-json\/wp\/v2\/pages\/1997\/revisions\/1998"}],"up":[{"embeddable":true,"href":"https:\/\/neoqi.com\/pl\/wp-json\/wp\/v2\/pages\/1957"}],"wp:attachment":[{"href":"https:\/\/neoqi.com\/pl\/wp-json\/wp\/v2\/media?parent=1997"}],"curies":[{"name":"wp","href":"https:\/\/api.w.org\/{rel}","templated":true}]}}