{"id":1999,"date":"2024-09-06T21:01:09","date_gmt":"2024-09-06T18:01:09","guid":{"rendered":"http:\/\/neoqi.com\/?page_id=1999"},"modified":"2024-09-06T21:01:09","modified_gmt":"2024-09-06T18:01:09","slug":"hydrotherapy-with-wrap","status":"publish","type":"page","link":"https:\/\/neoqi.com\/pl\/how-it-works\/treatment-programs\/hydrotherapy-with-wrap\/","title":{"rendered":"Hydroterapia z ok\u0142adem"},"content":{"rendered":"<p>Hydroterapia z owijaniem cia\u0142a - 60-80 min*<\/p>\n<p>* nie obejmuje czasu po\u015bwi\u0119conego na przygotowanie kokonu do zabiegu i sprz\u0105tanie po zabiegu.<\/p>\n<p>Korzy\u015bci: Skuteczny program do odchudzania i korekcji sylwetki, stymuluje metabolizm, dlatego w du\u017cej mierze poprawia proces lipolizy (proces spalania nadmiaru t\u0142uszczu) i eliminuje toksyny, nadmiar p\u0142yn\u00f3w; stymuluje uk\u0142ad sercowo-naczyniowy, zwi\u0119ksza j\u0119drno\u015b\u0107 sk\u00f3ry i zmniejsza apetyt.<\/p>\n<p>Przygotowanie do zabiegu:<\/p>\n<p>Nape\u0142ni\u0107 wann\u0119 wod\u0105 (temperatura - 36-38\u00b0\u0421).<br \/>\nDodaj wymagan\u0105 ilo\u015b\u0107 kropli olejku eterycznego do wody.<br \/>\nPrzygotuj dozownik aromatu, dodaj\u0105c wymagan\u0105 ilo\u015b\u0107 kropli olejku eterycznego.<br \/>\nW\u0142\u0105cz muzyk\u0119 i \u015bwiat\u0142a LED, kt\u00f3re sprzyjaj\u0105 relaksowi.<\/p>\n<p>Kolory chromoterapii<\/p>\n<p>Stymuluj\u0105ce: Czerwony, Pomara\u0144czowy, \u017b\u00f3\u0142ty, Bia\u0142y.<\/p>\n<p>Relaksuj\u0105cy: Zielony, Niebieski, Fioletowy, Bia\u0142y.<\/p>\n<p>Wibracje<\/p>\n<p>Stymuluj\u0105cy: \u015brednio szybki.<\/p>\n<p>Relaks: powolna fala.<\/p>\n<p>Potrzebne produkty: eteryczny olejek aromatyczny, peeling\/peeling, ok\u0142ad na cia\u0142o, produkt ko\u0144cowy (krem, balsam, mleczko, olejek).<\/p>\n<p>Przed leczeniem:<\/p>\n<p>sprawdzi\u0107 potrzeby i \u017cyczenia klienta;<br \/>\nwyja\u015bni\u0107 przebieg leczenia;<br \/>\npoinformowa\u0107 klienta o przeciwwskazaniach do zabiegu (patrz osobna strona).<\/p>\n<p>Kolejno\u015b\u0107 leczenia:<\/p>\n<p>K\u0104PIEL NAWIL\u017bAJ\u0104CA - 10-15 minut:<\/p>\n<p>Popro\u015b klienta o zanurzenie si\u0119 w wodzie. W\u0142\u0105cz:<br \/>\n- chromoterapia;<\/p>\n<p>- hydromasa\u017c;<\/p>\n<p>- masa\u017c b\u0105belkami powietrza.<\/p>\n<p>Mo\u017cliwe jest r\u00f3wnie\u017c wykonanie kr\u00f3tkotrwa\u0142ego masa\u017cu podwodnego.<\/p>\n<p>Na koniec pom\u00f3\u017c klientowi wyj\u015b\u0107 z wanny. Umie\u015b\u0107 na wannie st\u00f3\u0142 do zabieg\u00f3w wibracyjnych i popro\u015b klienta, aby si\u0119 na nim po\u0142o\u017cy\u0142.<\/p>\n<p>PEELING - 10-15 minut:<\/p>\n<p>Osuszy\u0107 sk\u00f3r\u0119 z nadmiaru wody; dok\u0142adnie z\u0142uszczy\u0107 ca\u0142e cia\u0142o. Zamknij pokryw\u0119 i w\u0142\u0105cz urz\u0105dzenie:<br \/>\n- sauna parowa + sauna na podczerwie\u0144 (wyb\u00f3r temperatury jest indywidualny);<\/p>\n<p>- wibracji (wybrany jest tryb powolnych, p\u0142ynnych wibracji);<\/p>\n<p>- chromoterapia;<\/p>\n<p>- wentylator twarzy.<\/p>\n<p>Przygotuj ok\u0142ad na cia\u0142o - rozgrzej go do komfortowej temperatury.<\/p>\n<p>VICHY SHOWER - 3-5 minut:<\/p>\n<p>Wy\u0142\u0105cz podczerwie\u0144 i saun\u0119 parow\u0105, funkcje masa\u017cu wibracyjnego.<br \/>\nU\u017cyj prysznica Vichy, aby sp\u0142uka\u0107 peeling;<br \/>\nOtworzy\u0107 kaptur i osuszy\u0107 sk\u00f3r\u0119 z nadmiaru wody.<\/p>\n<p>BODY WRAP - 15-25 minut:<\/p>\n<p>U\u017cywaj\u0105c r\u0105k lub p\u0119dzla, natychmiast na\u0142\u00f3\u017c r\u00f3wnomiern\u0105 warstw\u0119 maski na ca\u0142e cia\u0142o, zamknij pokryw\u0119 i w\u0142\u0105cz:<br \/>\n- sauna parowa + sauna na podczerwie\u0144 (wyb\u00f3r temperatury jest indywidualny);<\/p>\n<p>- wibracji (wybrany jest tryb powolnych, p\u0142ynnych wibracji);<\/p>\n<p>- chromoterapia;<\/p>\n<p>- wentylator twarzy.<\/p>\n<p>VICHY SHOWER - 3-5 minut:<\/p>\n<p>Pod koniec czasu wy\u0142\u0105cz funkcj\u0119 podczerwieni i sauny parowej; sp\u0142ucz si\u0119 prysznicem Vichy lub prysznicem r\u0119cznym (w razie potrzeby u\u017cyj r\u00f3wnie\u017c prysznica r\u0119cznego do zmycia);<br \/>\nOtworzy\u0107 kaptur i osuszy\u0107 sk\u00f3r\u0119 z nadmiaru wody.<\/p>\n<p>Pom\u00f3\u017c klientowi wsta\u0107, aby osuszy\u0107 sk\u00f3r\u0119, zaoferuj mu szlafrok i mo\u017cliwo\u015b\u0107 odpoczynku. W mi\u0119dzyczasie przygotuj st\u00f3\u0142 do masa\u017cu.<\/p>\n<p>ZASTOSOWANIE MASA\u017bU - 15-20 minut:<\/p>\n<p>Popro\u015b klienta, aby po\u0142o\u017cy\u0142 si\u0119 na stole. Na\u0142\u00f3\u017c produkt wyko\u0144czeniowy lekkimi ruchami masuj\u0105cymi, z poszanowaniem w\u0142\u00f3kien mi\u0119\u015bniowych.<br \/>\nNa\u0142o\u017cy\u0107 kapcie na stopy klienta i pom\u00f3c mu wsta\u0107.<\/p>\n<p>Pod koniec zabiegu zaoferuj klientowi mo\u017cliwo\u015b\u0107 zrelaksowania si\u0119.<\/p>\n<p>Zaleca si\u0119 wykonywanie 1-2 zabieg\u00f3w tygodniowo, kurs 8-15 zabieg\u00f3w.<\/p>\n<p>Zaleca si\u0119 wykonywanie podczas ka\u017cdego zabiegu piel\u0119gnacji cia\u0142a r\u00f3wnie\u017c zabiegu na twarz.<\/p>\n<p>Zalecamy \u0142\u0105czenie zabieg\u00f3w w NeoQi\u00ae z profesjonalnymi kosmetykami morskimi EST\u00ed.<\/p>","protected":false},"excerpt":{"rendered":"<p>Hydrotherapy with Body Wrap \u2013 60-80 min* * does not include the time spent on preparing the cocoon for the treatment and cleaning after the treatment. Benefits: Effective program for weight loss and silhouette correction, stimulates metabolism, therefore largely improves lipolysis process (process of burning excess fat) and eliminates toxins, excessive fluid; stimulates cardio-vascular system, [&hellip;]<\/p>\n","protected":false},"author":3,"featured_media":0,"parent":1957,"menu_order":0,"comment_status":"closed","ping_status":"closed","template":"","meta":{"_acf_changed":false,"site-sidebar-layout":"default","site-content-layout":"","ast-site-content-layout":"default","site-content-style":"default","site-sidebar-style":"default","ast-global-header-display":"","ast-banner-title-visibility":"","ast-main-header-display":"","ast-hfb-above-header-display":"","ast-hfb-below-header-display":"","ast-hfb-mobile-header-display":"","site-post-title":"","ast-breadcrumbs-content":"","ast-featured-img":"","footer-sml-layout":"","ast-disable-related-posts":"","theme-transparent-header-meta":"default","adv-header-id-meta":"","stick-header-meta":"","header-above-stick-meta":"","header-main-stick-meta":"","header-below-stick-meta":"","astra-migrate-meta-layouts":"set","ast-page-background-enabled":"default","ast-page-background-meta":{"desktop":{"background-color":"var(--ast-global-color-4)","background-image":"","background-repeat":"repeat","background-position":"center center","background-size":"auto","background-attachment":"scroll","background-type":"","background-media":"","overlay-type":"","overlay-color":"","overlay-opacity":"","overlay-gradient":""},"tablet":{"background-color":"","background-image":"","background-repeat":"repeat","background-position":"center center","background-size":"auto","background-attachment":"scroll","background-type":"","background-media":"","overlay-type":"","overlay-color":"","overlay-opacity":"","overlay-gradient":""},"mobile":{"background-color":"","background-image":"","background-repeat":"repeat","background-position":"center center","background-size":"auto","background-attachment":"scroll","background-type":"","background-media":"","overlay-type":"","overlay-color":"","overlay-opacity":"","overlay-gradient":""}},"ast-content-background-meta":{"desktop":{"background-color":"var(--ast-global-color-5)","background-image":"","background-repeat":"repeat","background-position":"center center","background-size":"auto","background-attachment":"scroll","background-type":"","background-media":"","overlay-type":"","overlay-color":"","overlay-opacity":"","overlay-gradient":""},"tablet":{"background-color":"var(--ast-global-color-5)","background-image":"","background-repeat":"repeat","background-position":"center center","background-size":"auto","background-attachment":"scroll","background-type":"","background-media":"","overlay-type":"","overlay-color":"","overlay-opacity":"","overlay-gradient":""},"mobile":{"background-color":"var(--ast-global-color-5)","background-image":"","background-repeat":"repeat","background-position":"center center","background-size":"auto","background-attachment":"scroll","background-type":"","background-media":"","overlay-type":"","overlay-color":"","overlay-opacity":"","overlay-gradient":""}},"footnotes":""},"class_list":["post-1999","page","type-page","status-publish","hentry"],"acf":[],"yoast_head":"<!-- This site is optimized with the Yoast SEO plugin v27.4 - https:\/\/yoast.com\/product\/yoast-seo-wordpress\/ -->\n<title>Hydrotherapy with wrap - NEOQI<\/title>\n<meta name=\"robots\" content=\"index, follow, max-snippet:-1, max-image-preview:large, max-video-preview:-1\" \/>\n<link rel=\"canonical\" href=\"https:\/\/neoqi.com\/pl\/how-it-works\/treatment-programs\/hydrotherapy-with-wrap\/\" \/>\n<meta property=\"og:locale\" content=\"pl_PL\" \/>\n<meta property=\"og:type\" content=\"article\" \/>\n<meta property=\"og:title\" content=\"Hydrotherapy with wrap - NEOQI\" \/>\n<meta property=\"og:description\" content=\"Hydrotherapy with Body Wrap \u2013 60-80 min* * does not include the time spent on preparing the cocoon for the treatment and cleaning after the treatment. Benefits: Effective program for weight loss and silhouette correction, stimulates metabolism, therefore largely improves lipolysis process (process of burning excess fat) and eliminates toxins, excessive fluid; stimulates cardio-vascular system, [&hellip;]\" \/>\n<meta property=\"og:url\" content=\"https:\/\/neoqi.com\/pl\/how-it-works\/treatment-programs\/hydrotherapy-with-wrap\/\" \/>\n<meta property=\"og:site_name\" content=\"NEOQI\" \/>\n<meta property=\"article:publisher\" content=\"https:\/\/www.facebook.com\/neoqi\/\" \/>\n<meta name=\"twitter:card\" content=\"summary_large_image\" \/>\n<meta name=\"twitter:label1\" content=\"Szacowany czas czytania\" \/>\n\t<meta name=\"twitter:data1\" content=\"3 minuty\" \/>\n<script type=\"application\/ld+json\" class=\"yoast-schema-graph\">{\"@context\":\"https:\\\/\\\/schema.org\",\"@graph\":[{\"@type\":\"WebPage\",\"@id\":\"https:\\\/\\\/neoqi.com\\\/how-it-works\\\/treatment-programs\\\/hydrotherapy-with-wrap\\\/\",\"url\":\"https:\\\/\\\/neoqi.com\\\/how-it-works\\\/treatment-programs\\\/hydrotherapy-with-wrap\\\/\",\"name\":\"Hydrotherapy with wrap - NEOQI\",\"isPartOf\":{\"@id\":\"https:\\\/\\\/neoqi.com\\\/#website\"},\"datePublished\":\"2024-09-06T18:01:09+00:00\",\"breadcrumb\":{\"@id\":\"https:\\\/\\\/neoqi.com\\\/how-it-works\\\/treatment-programs\\\/hydrotherapy-with-wrap\\\/#breadcrumb\"},\"inLanguage\":\"pl-PL\",\"potentialAction\":[{\"@type\":\"ReadAction\",\"target\":[\"https:\\\/\\\/neoqi.com\\\/how-it-works\\\/treatment-programs\\\/hydrotherapy-with-wrap\\\/\"]}]},{\"@type\":\"BreadcrumbList\",\"@id\":\"https:\\\/\\\/neoqi.com\\\/how-it-works\\\/treatment-programs\\\/hydrotherapy-with-wrap\\\/#breadcrumb\",\"itemListElement\":[{\"@type\":\"ListItem\",\"position\":1,\"name\":\"Home\",\"item\":\"https:\\\/\\\/neoqi.com\\\/\"},{\"@type\":\"ListItem\",\"position\":2,\"name\":\"How it Works\",\"item\":\"https:\\\/\\\/neoqi.com\\\/ru\\\/how-it-works\\\/\"},{\"@type\":\"ListItem\",\"position\":3,\"name\":\"Treatment Programs\",\"item\":\"https:\\\/\\\/neoqi.com\\\/how-it-works\\\/treatment-programs\\\/\"},{\"@type\":\"ListItem\",\"position\":4,\"name\":\"Hydrotherapy with wrap\"}]},{\"@type\":\"WebSite\",\"@id\":\"https:\\\/\\\/neoqi.com\\\/#website\",\"url\":\"https:\\\/\\\/neoqi.com\\\/\",\"name\":\"NEOQI\",\"description\":\"Experience Ultimate Wellness and Relaxation with NeoQi Spa Capsule: Your Path to Rejuvenation\",\"publisher\":{\"@id\":\"https:\\\/\\\/neoqi.com\\\/#organization\"},\"potentialAction\":[{\"@type\":\"SearchAction\",\"target\":{\"@type\":\"EntryPoint\",\"urlTemplate\":\"https:\\\/\\\/neoqi.com\\\/?s={search_term_string}\"},\"query-input\":{\"@type\":\"PropertyValueSpecification\",\"valueRequired\":true,\"valueName\":\"search_term_string\"}}],\"inLanguage\":\"pl-PL\"},{\"@type\":\"Organization\",\"@id\":\"https:\\\/\\\/neoqi.com\\\/#organization\",\"name\":\"NEOQI\",\"url\":\"https:\\\/\\\/neoqi.com\\\/\",\"logo\":{\"@type\":\"ImageObject\",\"inLanguage\":\"pl-PL\",\"@id\":\"https:\\\/\\\/neoqi.com\\\/#\\\/schema\\\/logo\\\/image\\\/\",\"url\":\"https:\\\/\\\/neoqi.com\\\/wp-content\\\/uploads\\\/2024\\\/09\\\/logoneosvg.svg\",\"contentUrl\":\"https:\\\/\\\/neoqi.com\\\/wp-content\\\/uploads\\\/2024\\\/09\\\/logoneosvg.svg\",\"width\":1,\"height\":1,\"caption\":\"NEOQI\"},\"image\":{\"@id\":\"https:\\\/\\\/neoqi.com\\\/#\\\/schema\\\/logo\\\/image\\\/\"},\"sameAs\":[\"https:\\\/\\\/www.facebook.com\\\/neoqi\\\/\",\"https:\\\/\\\/www.instagram.com\\\/neoqi_com\\\/\"]}]}<\/script>\n<!-- \/ Yoast SEO plugin. -->","yoast_head_json":{"title":"Hydrotherapy with wrap - NEOQI","robots":{"index":"index","follow":"follow","max-snippet":"max-snippet:-1","max-image-preview":"max-image-preview:large","max-video-preview":"max-video-preview:-1"},"canonical":"https:\/\/neoqi.com\/pl\/how-it-works\/treatment-programs\/hydrotherapy-with-wrap\/","og_locale":"pl_PL","og_type":"article","og_title":"Hydrotherapy with wrap - NEOQI","og_description":"Hydrotherapy with Body Wrap \u2013 60-80 min* * does not include the time spent on preparing the cocoon for the treatment and cleaning after the treatment. Benefits: Effective program for weight loss and silhouette correction, stimulates metabolism, therefore largely improves lipolysis process (process of burning excess fat) and eliminates toxins, excessive fluid; stimulates cardio-vascular system, [&hellip;]","og_url":"https:\/\/neoqi.com\/pl\/how-it-works\/treatment-programs\/hydrotherapy-with-wrap\/","og_site_name":"NEOQI","article_publisher":"https:\/\/www.facebook.com\/neoqi\/","twitter_card":"summary_large_image","twitter_misc":{"Szacowany czas czytania":"3 minuty"},"schema":{"@context":"https:\/\/schema.org","@graph":[{"@type":"WebPage","@id":"https:\/\/neoqi.com\/how-it-works\/treatment-programs\/hydrotherapy-with-wrap\/","url":"https:\/\/neoqi.com\/how-it-works\/treatment-programs\/hydrotherapy-with-wrap\/","name":"Hydrotherapy with wrap - NEOQI","isPartOf":{"@id":"https:\/\/neoqi.com\/#website"},"datePublished":"2024-09-06T18:01:09+00:00","breadcrumb":{"@id":"https:\/\/neoqi.com\/how-it-works\/treatment-programs\/hydrotherapy-with-wrap\/#breadcrumb"},"inLanguage":"pl-PL","potentialAction":[{"@type":"ReadAction","target":["https:\/\/neoqi.com\/how-it-works\/treatment-programs\/hydrotherapy-with-wrap\/"]}]},{"@type":"BreadcrumbList","@id":"https:\/\/neoqi.com\/how-it-works\/treatment-programs\/hydrotherapy-with-wrap\/#breadcrumb","itemListElement":[{"@type":"ListItem","position":1,"name":"Home","item":"https:\/\/neoqi.com\/"},{"@type":"ListItem","position":2,"name":"How it Works","item":"https:\/\/neoqi.com\/ru\/how-it-works\/"},{"@type":"ListItem","position":3,"name":"Treatment Programs","item":"https:\/\/neoqi.com\/how-it-works\/treatment-programs\/"},{"@type":"ListItem","position":4,"name":"Hydrotherapy with wrap"}]},{"@type":"WebSite","@id":"https:\/\/neoqi.com\/#website","url":"https:\/\/neoqi.com\/","name":"NEOQI","description":"Do\u015bwiadcz doskona\u0142ego samopoczucia i relaksu z NeoQi Spa Capsule: Twoja droga do odm\u0142odzenia","publisher":{"@id":"https:\/\/neoqi.com\/#organization"},"potentialAction":[{"@type":"SearchAction","target":{"@type":"EntryPoint","urlTemplate":"https:\/\/neoqi.com\/?s={search_term_string}"},"query-input":{"@type":"PropertyValueSpecification","valueRequired":true,"valueName":"search_term_string"}}],"inLanguage":"pl-PL"},{"@type":"Organization","@id":"https:\/\/neoqi.com\/#organization","name":"NEOQI","url":"https:\/\/neoqi.com\/","logo":{"@type":"ImageObject","inLanguage":"pl-PL","@id":"https:\/\/neoqi.com\/#\/schema\/logo\/image\/","url":"https:\/\/neoqi.com\/wp-content\/uploads\/2024\/09\/logoneosvg.svg","contentUrl":"https:\/\/neoqi.com\/wp-content\/uploads\/2024\/09\/logoneosvg.svg","width":1,"height":1,"caption":"NEOQI"},"image":{"@id":"https:\/\/neoqi.com\/#\/schema\/logo\/image\/"},"sameAs":["https:\/\/www.facebook.com\/neoqi\/","https:\/\/www.instagram.com\/neoqi_com\/"]}]}},"_links":{"self":[{"href":"https:\/\/neoqi.com\/pl\/wp-json\/wp\/v2\/pages\/1999","targetHints":{"allow":["GET"]}}],"collection":[{"href":"https:\/\/neoqi.com\/pl\/wp-json\/wp\/v2\/pages"}],"about":[{"href":"https:\/\/neoqi.com\/pl\/wp-json\/wp\/v2\/types\/page"}],"author":[{"embeddable":true,"href":"https:\/\/neoqi.com\/pl\/wp-json\/wp\/v2\/users\/3"}],"replies":[{"embeddable":true,"href":"https:\/\/neoqi.com\/pl\/wp-json\/wp\/v2\/comments?post=1999"}],"version-history":[{"count":1,"href":"https:\/\/neoqi.com\/pl\/wp-json\/wp\/v2\/pages\/1999\/revisions"}],"predecessor-version":[{"id":2000,"href":"https:\/\/neoqi.com\/pl\/wp-json\/wp\/v2\/pages\/1999\/revisions\/2000"}],"up":[{"embeddable":true,"href":"https:\/\/neoqi.com\/pl\/wp-json\/wp\/v2\/pages\/1957"}],"wp:attachment":[{"href":"https:\/\/neoqi.com\/pl\/wp-json\/wp\/v2\/media?parent=1999"}],"curies":[{"name":"wp","href":"https:\/\/api.w.org\/{rel}","templated":true}]}}