{"id":2007,"date":"2024-09-06T21:20:01","date_gmt":"2024-09-06T18:20:01","guid":{"rendered":"http:\/\/neoqi.com\/?page_id=2007"},"modified":"2024-09-06T21:20:01","modified_gmt":"2024-09-06T18:20:01","slug":"care-and-maintenance","status":"publish","type":"page","link":"https:\/\/neoqi.com\/pl\/neoqi-offers\/care-and-maintenance\/","title":{"rendered":"Piel\u0119gnacja i konserwacja"},"content":{"rendered":"<p>Regularna konserwacja niekt\u00f3rych cz\u0119\u015bci jest niezb\u0119dna dla zapewnienia d\u0142ugiej \u017cywotno\u015bci i bezawaryjnego dzia\u0142ania sprz\u0119tu. Rutynowa konserwacja zapewniaj\u0105ca bezpieczne dzia\u0142anie obejmuje czyszczenie, dezynfekcj\u0119 i wizualn\u0105 kontrol\u0119 og\u00f3lnego stanu sprz\u0119tu.<\/p>\n<p>Rutynowa konserwacja obejmuje czyszczenie systemu wodnego wanny i generatora pary kokonu.<\/p>\n<p>&nbsp;<\/p>\n<p><strong>UWAGA! Przed u\u017cyciem urz\u0105dzenia i opracowaniem planu konserwacji nale\u017cy oceni\u0107 og\u00f3ln\u0105 jako\u015b\u0107 i twardo\u015b\u0107 wody.<\/strong><\/p>\n<p>&nbsp;<\/p>\n<p>W przypadku wody o niskiej jako\u015bci (wysoka zawarto\u015b\u0107 wapienia, \u017celaza, cz\u0105stek \u015bciernych itp.) wymagana jest instalacja odpowiedniego filtra wody. Cz\u0119stotliwo\u015b\u0107 czyszczenia generatora pary zale\u017cy bezpo\u015brednio od twardo\u015bci wody.<\/p>\n<p><strong>Gwarancja zostanie uniewa\u017cniona, je\u015bli konserwacja b\u0119dzie przeprowadzana niesystematycznie i tylko w razie konieczno\u015bci.<\/strong><\/p>\n<p>Nale\u017cy unika\u0107 zarysowania powierzchni akrylowej twardymi elementami (piaskiem, bi\u017cuteri\u0105, akcesoriami itp.). Nie upuszczaj ci\u0119\u017ckich i twardych przedmiot\u00f3w na powierzchni\u0119 urz\u0105dzenia.<\/p>\n<p>&nbsp;<\/p>\n<p><strong>Czyszczenie systemu wodnego<\/strong><\/p>\n<p><strong>\u00a0<\/strong>Czyszczenie systemu wodnego wanny (dysz, pomp i rur) nale\u017cy przeprowadza\u0107 w razie potrzeby, ale nie rzadziej ni\u017c co 50 sesji.<\/p>\n<p>&nbsp;<\/p>\n<p><strong>Czyszczenie generatora pary<\/strong><\/p>\n<p>Aby opracowa\u0107 plan konserwacji dla czyszczenia generatora pary, nale\u017cy oceni\u0107 og\u00f3ln\u0105 jako\u015b\u0107 i twardo\u015b\u0107 wody. Zalecamy wykonanie testu Vital Easytest.<\/p>\n<table width=\"582\">\n<tbody>\n<tr>\n<td width=\"125\"><strong>CA\u0141KOWITA TWARDO\u015a\u0106<\/strong><\/td>\n<td width=\"79\"><strong>NIEMIECKI<\/strong><\/td>\n<td width=\"171\"><strong>CHARAKTERYSTYKA WODY<\/strong><\/td>\n<td width=\"206\"><strong>HARMONOGRAM US\u0141UG<\/strong><\/td>\n<\/tr>\n<tr>\n<td width=\"125\">&lt; 5TH<\/td>\n<td width=\"79\">&lt;3\u02da dH<\/td>\n<td width=\"171\">Bardzo mi\u0119kka woda<\/td>\n<td width=\"206\">Po ka\u017cdych 500 godzinach pracy<\/td>\n<\/tr>\n<tr>\n<td width=\"125\">&gt;7 TH<\/td>\n<td width=\"79\">&gt;4\u02da dH<\/td>\n<td width=\"171\">Mi\u0119kka woda<\/td>\n<td width=\"206\">Po ka\u017cdych 150 godzinach pracy<\/td>\n<\/tr>\n<tr>\n<td width=\"125\">&gt;12TH<\/td>\n<td width=\"79\">&gt;7\u02da dH<\/td>\n<td width=\"171\">Woda p\u00f3\u0142twarda<\/td>\n<td width=\"206\">Po ka\u017cdych 50 godzinach pracy<\/td>\n<\/tr>\n<tr>\n<td width=\"125\">&gt;25TH<\/td>\n<td width=\"79\">&gt;14\u02da dH<\/td>\n<td width=\"171\">Twarda woda<\/td>\n<td width=\"206\">Aster co 15 godzin pracy<\/td>\n<\/tr>\n<tr>\n<td width=\"125\">&gt;35TH<\/td>\n<td width=\"79\">&gt;21\u02da dH<\/td>\n<td width=\"171\">Bardzo twarda woda<\/td>\n<td width=\"206\">Zainstaluj filtr wody<\/td>\n<\/tr>\n<\/tbody>\n<\/table>\n<p>&nbsp;<\/p>","protected":false},"excerpt":{"rendered":"<p>Regular maintenance for certain parts is essential for long life and faultless functioning of the equipment. Routine maintenance ensuring safe operation includes cleaning, disinfection and visual control of general condition of the equipment. Routine maintenance consists of cleaning the water system of the bath and the steam generator of the cocoon. &nbsp; NB! Before using [&hellip;]<\/p>\n","protected":false},"author":3,"featured_media":0,"parent":2001,"menu_order":0,"comment_status":"closed","ping_status":"closed","template":"","meta":{"_acf_changed":false,"site-sidebar-layout":"default","site-content-layout":"","ast-site-content-layout":"default","site-content-style":"default","site-sidebar-style":"default","ast-global-header-display":"","ast-banner-title-visibility":"","ast-main-header-display":"","ast-hfb-above-header-display":"","ast-hfb-below-header-display":"","ast-hfb-mobile-header-display":"","site-post-title":"","ast-breadcrumbs-content":"","ast-featured-img":"","footer-sml-layout":"","ast-disable-related-posts":"","theme-transparent-header-meta":"default","adv-header-id-meta":"","stick-header-meta":"","header-above-stick-meta":"","header-main-stick-meta":"","header-below-stick-meta":"","astra-migrate-meta-layouts":"set","ast-page-background-enabled":"default","ast-page-background-meta":{"desktop":{"background-color":"var(--ast-global-color-4)","background-image":"","background-repeat":"repeat","background-position":"center center","background-size":"auto","background-attachment":"scroll","background-type":"","background-media":"","overlay-type":"","overlay-color":"","overlay-opacity":"","overlay-gradient":""},"tablet":{"background-color":"","background-image":"","background-repeat":"repeat","background-position":"center center","background-size":"auto","background-attachment":"scroll","background-type":"","background-media":"","overlay-type":"","overlay-color":"","overlay-opacity":"","overlay-gradient":""},"mobile":{"background-color":"","background-image":"","background-repeat":"repeat","background-position":"center center","background-size":"auto","background-attachment":"scroll","background-type":"","background-media":"","overlay-type":"","overlay-color":"","overlay-opacity":"","overlay-gradient":""}},"ast-content-background-meta":{"desktop":{"background-color":"var(--ast-global-color-5)","background-image":"","background-repeat":"repeat","background-position":"center center","background-size":"auto","background-attachment":"scroll","background-type":"","background-media":"","overlay-type":"","overlay-color":"","overlay-opacity":"","overlay-gradient":""},"tablet":{"background-color":"var(--ast-global-color-5)","background-image":"","background-repeat":"repeat","background-position":"center center","background-size":"auto","background-attachment":"scroll","background-type":"","background-media":"","overlay-type":"","overlay-color":"","overlay-opacity":"","overlay-gradient":""},"mobile":{"background-color":"var(--ast-global-color-5)","background-image":"","background-repeat":"repeat","background-position":"center center","background-size":"auto","background-attachment":"scroll","background-type":"","background-media":"","overlay-type":"","overlay-color":"","overlay-opacity":"","overlay-gradient":""}},"footnotes":""},"class_list":["post-2007","page","type-page","status-publish","hentry"],"acf":[],"yoast_head":"<!-- This site is optimized with the Yoast SEO plugin v27.4 - https:\/\/yoast.com\/product\/yoast-seo-wordpress\/ -->\n<title>Care and Maintenance - NEOQI<\/title>\n<meta name=\"robots\" content=\"index, follow, max-snippet:-1, max-image-preview:large, max-video-preview:-1\" \/>\n<link rel=\"canonical\" href=\"https:\/\/neoqi.com\/pl\/neoqi-offers\/care-and-maintenance\/\" \/>\n<meta property=\"og:locale\" content=\"pl_PL\" \/>\n<meta property=\"og:type\" content=\"article\" \/>\n<meta property=\"og:title\" content=\"Care and Maintenance - NEOQI\" \/>\n<meta property=\"og:description\" content=\"Regular maintenance for certain parts is essential for long life and faultless functioning of the equipment. Routine maintenance ensuring safe operation includes cleaning, disinfection and visual control of general condition of the equipment. Routine maintenance consists of cleaning the water system of the bath and the steam generator of the cocoon. &nbsp; NB! Before using [&hellip;]\" \/>\n<meta property=\"og:url\" content=\"https:\/\/neoqi.com\/pl\/neoqi-offers\/care-and-maintenance\/\" \/>\n<meta property=\"og:site_name\" content=\"NEOQI\" \/>\n<meta property=\"article:publisher\" content=\"https:\/\/www.facebook.com\/neoqi\/\" \/>\n<meta name=\"twitter:card\" content=\"summary_large_image\" \/>\n<meta name=\"twitter:label1\" content=\"Szacowany czas czytania\" \/>\n\t<meta name=\"twitter:data1\" content=\"1 minuta\" \/>\n<script type=\"application\/ld+json\" class=\"yoast-schema-graph\">{\"@context\":\"https:\\\/\\\/schema.org\",\"@graph\":[{\"@type\":\"WebPage\",\"@id\":\"https:\\\/\\\/neoqi.com\\\/de\\\/neoqi-offers\\\/care-and-maintenance\\\/\",\"url\":\"https:\\\/\\\/neoqi.com\\\/de\\\/neoqi-offers\\\/care-and-maintenance\\\/\",\"name\":\"Care and Maintenance - NEOQI\",\"isPartOf\":{\"@id\":\"https:\\\/\\\/neoqi.com\\\/#website\"},\"datePublished\":\"2024-09-06T18:20:01+00:00\",\"breadcrumb\":{\"@id\":\"https:\\\/\\\/neoqi.com\\\/de\\\/neoqi-offers\\\/care-and-maintenance\\\/#breadcrumb\"},\"inLanguage\":\"pl-PL\",\"potentialAction\":[{\"@type\":\"ReadAction\",\"target\":[\"https:\\\/\\\/neoqi.com\\\/de\\\/neoqi-offers\\\/care-and-maintenance\\\/\"]}]},{\"@type\":\"BreadcrumbList\",\"@id\":\"https:\\\/\\\/neoqi.com\\\/de\\\/neoqi-offers\\\/care-and-maintenance\\\/#breadcrumb\",\"itemListElement\":[{\"@type\":\"ListItem\",\"position\":1,\"name\":\"Home\",\"item\":\"https:\\\/\\\/neoqi.com\\\/\"},{\"@type\":\"ListItem\",\"position\":2,\"name\":\"Neoqi Offers\",\"item\":\"https:\\\/\\\/neoqi.com\\\/neoqi-offers\\\/\"},{\"@type\":\"ListItem\",\"position\":3,\"name\":\"Care and Maintenance\"}]},{\"@type\":\"WebSite\",\"@id\":\"https:\\\/\\\/neoqi.com\\\/#website\",\"url\":\"https:\\\/\\\/neoqi.com\\\/\",\"name\":\"NEOQI\",\"description\":\"Experience Ultimate Wellness and Relaxation with NeoQi Spa Capsule: Your Path to Rejuvenation\",\"publisher\":{\"@id\":\"https:\\\/\\\/neoqi.com\\\/#organization\"},\"potentialAction\":[{\"@type\":\"SearchAction\",\"target\":{\"@type\":\"EntryPoint\",\"urlTemplate\":\"https:\\\/\\\/neoqi.com\\\/?s={search_term_string}\"},\"query-input\":{\"@type\":\"PropertyValueSpecification\",\"valueRequired\":true,\"valueName\":\"search_term_string\"}}],\"inLanguage\":\"pl-PL\"},{\"@type\":\"Organization\",\"@id\":\"https:\\\/\\\/neoqi.com\\\/#organization\",\"name\":\"NEOQI\",\"url\":\"https:\\\/\\\/neoqi.com\\\/\",\"logo\":{\"@type\":\"ImageObject\",\"inLanguage\":\"pl-PL\",\"@id\":\"https:\\\/\\\/neoqi.com\\\/#\\\/schema\\\/logo\\\/image\\\/\",\"url\":\"https:\\\/\\\/neoqi.com\\\/wp-content\\\/uploads\\\/2024\\\/09\\\/logoneosvg.svg\",\"contentUrl\":\"https:\\\/\\\/neoqi.com\\\/wp-content\\\/uploads\\\/2024\\\/09\\\/logoneosvg.svg\",\"width\":1,\"height\":1,\"caption\":\"NEOQI\"},\"image\":{\"@id\":\"https:\\\/\\\/neoqi.com\\\/#\\\/schema\\\/logo\\\/image\\\/\"},\"sameAs\":[\"https:\\\/\\\/www.facebook.com\\\/neoqi\\\/\",\"https:\\\/\\\/www.instagram.com\\\/neoqi_com\\\/\"]}]}<\/script>\n<!-- \/ Yoast SEO plugin. -->","yoast_head_json":{"title":"Care and Maintenance - NEOQI","robots":{"index":"index","follow":"follow","max-snippet":"max-snippet:-1","max-image-preview":"max-image-preview:large","max-video-preview":"max-video-preview:-1"},"canonical":"https:\/\/neoqi.com\/pl\/neoqi-offers\/care-and-maintenance\/","og_locale":"pl_PL","og_type":"article","og_title":"Care and Maintenance - NEOQI","og_description":"Regular maintenance for certain parts is essential for long life and faultless functioning of the equipment. Routine maintenance ensuring safe operation includes cleaning, disinfection and visual control of general condition of the equipment. Routine maintenance consists of cleaning the water system of the bath and the steam generator of the cocoon. &nbsp; NB! Before using [&hellip;]","og_url":"https:\/\/neoqi.com\/pl\/neoqi-offers\/care-and-maintenance\/","og_site_name":"NEOQI","article_publisher":"https:\/\/www.facebook.com\/neoqi\/","twitter_card":"summary_large_image","twitter_misc":{"Szacowany czas czytania":"1 minuta"},"schema":{"@context":"https:\/\/schema.org","@graph":[{"@type":"WebPage","@id":"https:\/\/neoqi.com\/de\/neoqi-offers\/care-and-maintenance\/","url":"https:\/\/neoqi.com\/de\/neoqi-offers\/care-and-maintenance\/","name":"Care and Maintenance - NEOQI","isPartOf":{"@id":"https:\/\/neoqi.com\/#website"},"datePublished":"2024-09-06T18:20:01+00:00","breadcrumb":{"@id":"https:\/\/neoqi.com\/de\/neoqi-offers\/care-and-maintenance\/#breadcrumb"},"inLanguage":"pl-PL","potentialAction":[{"@type":"ReadAction","target":["https:\/\/neoqi.com\/de\/neoqi-offers\/care-and-maintenance\/"]}]},{"@type":"BreadcrumbList","@id":"https:\/\/neoqi.com\/de\/neoqi-offers\/care-and-maintenance\/#breadcrumb","itemListElement":[{"@type":"ListItem","position":1,"name":"Home","item":"https:\/\/neoqi.com\/"},{"@type":"ListItem","position":2,"name":"Neoqi Offers","item":"https:\/\/neoqi.com\/neoqi-offers\/"},{"@type":"ListItem","position":3,"name":"Care and Maintenance"}]},{"@type":"WebSite","@id":"https:\/\/neoqi.com\/#website","url":"https:\/\/neoqi.com\/","name":"NEOQI","description":"Do\u015bwiadcz doskona\u0142ego samopoczucia i relaksu z NeoQi Spa Capsule: Twoja droga do odm\u0142odzenia","publisher":{"@id":"https:\/\/neoqi.com\/#organization"},"potentialAction":[{"@type":"SearchAction","target":{"@type":"EntryPoint","urlTemplate":"https:\/\/neoqi.com\/?s={search_term_string}"},"query-input":{"@type":"PropertyValueSpecification","valueRequired":true,"valueName":"search_term_string"}}],"inLanguage":"pl-PL"},{"@type":"Organization","@id":"https:\/\/neoqi.com\/#organization","name":"NEOQI","url":"https:\/\/neoqi.com\/","logo":{"@type":"ImageObject","inLanguage":"pl-PL","@id":"https:\/\/neoqi.com\/#\/schema\/logo\/image\/","url":"https:\/\/neoqi.com\/wp-content\/uploads\/2024\/09\/logoneosvg.svg","contentUrl":"https:\/\/neoqi.com\/wp-content\/uploads\/2024\/09\/logoneosvg.svg","width":1,"height":1,"caption":"NEOQI"},"image":{"@id":"https:\/\/neoqi.com\/#\/schema\/logo\/image\/"},"sameAs":["https:\/\/www.facebook.com\/neoqi\/","https:\/\/www.instagram.com\/neoqi_com\/"]}]}},"_links":{"self":[{"href":"https:\/\/neoqi.com\/pl\/wp-json\/wp\/v2\/pages\/2007","targetHints":{"allow":["GET"]}}],"collection":[{"href":"https:\/\/neoqi.com\/pl\/wp-json\/wp\/v2\/pages"}],"about":[{"href":"https:\/\/neoqi.com\/pl\/wp-json\/wp\/v2\/types\/page"}],"author":[{"embeddable":true,"href":"https:\/\/neoqi.com\/pl\/wp-json\/wp\/v2\/users\/3"}],"replies":[{"embeddable":true,"href":"https:\/\/neoqi.com\/pl\/wp-json\/wp\/v2\/comments?post=2007"}],"version-history":[{"count":1,"href":"https:\/\/neoqi.com\/pl\/wp-json\/wp\/v2\/pages\/2007\/revisions"}],"predecessor-version":[{"id":2008,"href":"https:\/\/neoqi.com\/pl\/wp-json\/wp\/v2\/pages\/2007\/revisions\/2008"}],"up":[{"embeddable":true,"href":"https:\/\/neoqi.com\/pl\/wp-json\/wp\/v2\/pages\/2001"}],"wp:attachment":[{"href":"https:\/\/neoqi.com\/pl\/wp-json\/wp\/v2\/media?parent=2007"}],"curies":[{"name":"wp","href":"https:\/\/api.w.org\/{rel}","templated":true}]}}