{"id":2013,"date":"2024-09-06T21:23:24","date_gmt":"2024-09-06T18:23:24","guid":{"rendered":"http:\/\/neoqi.com\/?page_id=2013"},"modified":"2024-12-04T08:29:27","modified_gmt":"2024-12-04T05:29:27","slug":"history-and-values","status":"publish","type":"page","link":"https:\/\/neoqi.com\/pl\/about-us\/history-and-values\/","title":{"rendered":"Historia i warto\u015bci"},"content":{"rendered":"<p>NeoQi\u00ae AS to mi\u0119dzynarodowa firma z ogromnym do\u015bwiadczeniem w oferowaniu innowacyjnego sprz\u0119tu SPA. Za\u0142o\u017cona w 2001 roku w Estonii, NeoQi\u00ae oferuje r\u00f3\u017cnorodne rozwi\u0105zania koncepcyjne dla fizykoterapii, medycyny estetycznej, bran\u017cy wellness i spa, kosmetologii sprz\u0119towej i projektowania. NeoQi produkuje i rozwija innowacyjny sprz\u0119t do piel\u0119gnacji cia\u0142a, kt\u00f3ry pozwala u\u017cytkownikom cieszy\u0107 si\u0119 r\u00f3\u017cnymi zabiegami SPA, na przyk\u0142ad saun\u0105 parow\u0105 i na podczerwie\u0144, aromaterapi\u0105, prysznicem Vichy, masa\u017cem i hydroterapi\u0105.<br \/>\nNeoQi\u00ae jest producentem innowacyjnych urz\u0105dze\u0144 dla nowoczesnych o\u015brodk\u00f3w SPA, hoteli, salon\u00f3w kosmetycznych, plac\u00f3wek medycznych i o\u015brodk\u00f3w rehabilitacyjnych, a tak\u017ce do u\u017cytku domowego. Atmosfera stworzona w kokonach energetycznych NeoQi\u00ae przyczynia si\u0119 do regeneracji emocjonalnej, odm\u0142odzenia i z\u0142agodzenia stresu. Wszystkie urz\u0105dzenia NeoQi\u00ae s\u0105 niezale\u017cnymi i wielofunkcyjnymi kompleksami SPA, co pozwala nam zaoferowa\u0107 klientom maksymaln\u0105 liczb\u0119 indywidualnych program\u00f3w w jednym pomieszczeniu.<\/p>\n<p>Dzi\u0119ki wieloletniemu do\u015bwiadczeniu i wykwalifikowanej kadrze z powodzeniem opracowali\u015bmy 16 unikalnych system\u00f3w fizjoterapii, w\u015br\u00f3d kt\u00f3rych mo\u017cna znale\u017a\u0107 kapsu\u0142y SPA i wanny do hydroterapii. Po\u0142\u0105czenie klasycznych rytua\u0142\u00f3w SPA z funkcjonalno\u015bci\u0105 kokonu energetycznego pozwala na wykonanie najbardziej po\u017c\u0105danych i korzystnych zabieg\u00f3w piel\u0119gnacyjnych na cia\u0142o w celu odm\u0142odzenia, o\u017cywienia, rehabilitacji, odchudzania, relaksu.<\/p>\n<p>Wszystkie produkowane urz\u0105dzenia przechodz\u0105 rygorystyczn\u0105 kontrol\u0119 jako\u015bci i dok\u0142adne testy. Kapsu\u0142y SPA i wanny z hydromasa\u017cem wykonane s\u0105 z trwa\u0142ych i higienicznych materia\u0142\u00f3w europejskich producent\u00f3w.<\/p>\n<p>Dzi\u0119ki jako\u015bci i bezpiecze\u0144stwu naszych produkt\u00f3w, przy produkcji kt\u00f3rych wykorzystywane s\u0105 najbardziej zaawansowane rozwi\u0105zania technologiczne, uda\u0142o nam si\u0119 zdoby\u0107 zaufanie nawet najbardziej wymagaj\u0105cych klient\u00f3w. Dzia\u0142alno\u015b\u0107 firmy nie ogranicza si\u0119 wy\u0142\u0105cznie do Estonii. Nasze produkty znajduj\u0105 szerokie zastosowanie w o\u015brodkach medycznych, sportowych i estetycznych w wielu krajach \u015bwiata.<\/p>\n<p>&nbsp;<\/p>\n<div class=\"ast-oembed-container\"><iframe src=\"https:\/\/www.youtube.com\/embed\/BKOEAYIJF18?feature=oembed\" width=\"1200\" height=\"675\" frameborder=\"0\" allowfullscreen=\"allowfullscreen\" data-mce-fragment=\"1\"><\/iframe><\/div>","protected":false},"excerpt":{"rendered":"<p>NeoQi\u00ae AS is an international company with vast experience in offering innovative SPA equipment. Established in 2001 in Estonia, NeoQi\u00ae offers a variety of conceptual solutions for physical therapy, aesthetic medicine, wellness and spa industry, hardware cosmetology and design. NeoQi is producing and developing innovative body care equipment that allow users to enjoy various spa [&hellip;]<\/p>\n","protected":false},"author":1,"featured_media":0,"parent":2011,"menu_order":0,"comment_status":"closed","ping_status":"closed","template":"","meta":{"_acf_changed":false,"site-sidebar-layout":"default","site-content-layout":"","ast-site-content-layout":"default","site-content-style":"default","site-sidebar-style":"default","ast-global-header-display":"","ast-banner-title-visibility":"","ast-main-header-display":"","ast-hfb-above-header-display":"","ast-hfb-below-header-display":"","ast-hfb-mobile-header-display":"","site-post-title":"","ast-breadcrumbs-content":"","ast-featured-img":"","footer-sml-layout":"","ast-disable-related-posts":"","theme-transparent-header-meta":"default","adv-header-id-meta":"","stick-header-meta":"","header-above-stick-meta":"","header-main-stick-meta":"","header-below-stick-meta":"","astra-migrate-meta-layouts":"set","ast-page-background-enabled":"default","ast-page-background-meta":{"desktop":{"background-color":"var(--ast-global-color-4)","background-image":"","background-repeat":"repeat","background-position":"center center","background-size":"auto","background-attachment":"scroll","background-type":"","background-media":"","overlay-type":"","overlay-color":"","overlay-opacity":"","overlay-gradient":""},"tablet":{"background-color":"","background-image":"","background-repeat":"repeat","background-position":"center center","background-size":"auto","background-attachment":"scroll","background-type":"","background-media":"","overlay-type":"","overlay-color":"","overlay-opacity":"","overlay-gradient":""},"mobile":{"background-color":"","background-image":"","background-repeat":"repeat","background-position":"center center","background-size":"auto","background-attachment":"scroll","background-type":"","background-media":"","overlay-type":"","overlay-color":"","overlay-opacity":"","overlay-gradient":""}},"ast-content-background-meta":{"desktop":{"background-color":"var(--ast-global-color-5)","background-image":"","background-repeat":"repeat","background-position":"center center","background-size":"auto","background-attachment":"scroll","background-type":"","background-media":"","overlay-type":"","overlay-color":"","overlay-opacity":"","overlay-gradient":""},"tablet":{"background-color":"var(--ast-global-color-5)","background-image":"","background-repeat":"repeat","background-position":"center center","background-size":"auto","background-attachment":"scroll","background-type":"","background-media":"","overlay-type":"","overlay-color":"","overlay-opacity":"","overlay-gradient":""},"mobile":{"background-color":"var(--ast-global-color-5)","background-image":"","background-repeat":"repeat","background-position":"center center","background-size":"auto","background-attachment":"scroll","background-type":"","background-media":"","overlay-type":"","overlay-color":"","overlay-opacity":"","overlay-gradient":""}},"footnotes":""},"class_list":["post-2013","page","type-page","status-publish","hentry"],"acf":[],"yoast_head":"<!-- This site is optimized with the Yoast SEO plugin v27.4 - https:\/\/yoast.com\/product\/yoast-seo-wordpress\/ -->\n<title>History and Values - NEOQI<\/title>\n<meta name=\"robots\" content=\"index, follow, max-snippet:-1, max-image-preview:large, max-video-preview:-1\" \/>\n<link rel=\"canonical\" href=\"https:\/\/neoqi.com\/pl\/about-us\/history-and-values\/\" \/>\n<meta property=\"og:locale\" content=\"pl_PL\" \/>\n<meta property=\"og:type\" content=\"article\" \/>\n<meta property=\"og:title\" content=\"History and Values - NEOQI\" \/>\n<meta property=\"og:description\" content=\"NeoQi\u00ae AS is an international company with vast experience in offering innovative SPA equipment. Established in 2001 in Estonia, NeoQi\u00ae offers a variety of conceptual solutions for physical therapy, aesthetic medicine, wellness and spa industry, hardware cosmetology and design. NeoQi is producing and developing innovative body care equipment that allow users to enjoy various spa [&hellip;]\" \/>\n<meta property=\"og:url\" content=\"https:\/\/neoqi.com\/pl\/about-us\/history-and-values\/\" \/>\n<meta property=\"og:site_name\" content=\"NEOQI\" \/>\n<meta property=\"article:publisher\" content=\"https:\/\/www.facebook.com\/neoqi\/\" \/>\n<meta property=\"article:modified_time\" content=\"2024-12-04T05:29:27+00:00\" \/>\n<meta name=\"twitter:card\" content=\"summary_large_image\" \/>\n<meta name=\"twitter:label1\" content=\"Szacowany czas czytania\" \/>\n\t<meta name=\"twitter:data1\" content=\"1 minuta\" \/>\n<script type=\"application\/ld+json\" class=\"yoast-schema-graph\">{\"@context\":\"https:\\\/\\\/schema.org\",\"@graph\":[{\"@type\":\"WebPage\",\"@id\":\"https:\\\/\\\/neoqi.com\\\/about-us\\\/history-and-values\\\/\",\"url\":\"https:\\\/\\\/neoqi.com\\\/about-us\\\/history-and-values\\\/\",\"name\":\"History and Values - NEOQI\",\"isPartOf\":{\"@id\":\"https:\\\/\\\/neoqi.com\\\/#website\"},\"datePublished\":\"2024-09-06T18:23:24+00:00\",\"dateModified\":\"2024-12-04T05:29:27+00:00\",\"breadcrumb\":{\"@id\":\"https:\\\/\\\/neoqi.com\\\/about-us\\\/history-and-values\\\/#breadcrumb\"},\"inLanguage\":\"pl-PL\",\"potentialAction\":[{\"@type\":\"ReadAction\",\"target\":[\"https:\\\/\\\/neoqi.com\\\/about-us\\\/history-and-values\\\/\"]}]},{\"@type\":\"BreadcrumbList\",\"@id\":\"https:\\\/\\\/neoqi.com\\\/about-us\\\/history-and-values\\\/#breadcrumb\",\"itemListElement\":[{\"@type\":\"ListItem\",\"position\":1,\"name\":\"Home\",\"item\":\"https:\\\/\\\/neoqi.com\\\/\"},{\"@type\":\"ListItem\",\"position\":2,\"name\":\"About Us\",\"item\":\"https:\\\/\\\/neoqi.com\\\/about-us\\\/\"},{\"@type\":\"ListItem\",\"position\":3,\"name\":\"History and Values\"}]},{\"@type\":\"WebSite\",\"@id\":\"https:\\\/\\\/neoqi.com\\\/#website\",\"url\":\"https:\\\/\\\/neoqi.com\\\/\",\"name\":\"NEOQI\",\"description\":\"Experience Ultimate Wellness and Relaxation with NeoQi Spa Capsule: Your Path to Rejuvenation\",\"publisher\":{\"@id\":\"https:\\\/\\\/neoqi.com\\\/#organization\"},\"potentialAction\":[{\"@type\":\"SearchAction\",\"target\":{\"@type\":\"EntryPoint\",\"urlTemplate\":\"https:\\\/\\\/neoqi.com\\\/?s={search_term_string}\"},\"query-input\":{\"@type\":\"PropertyValueSpecification\",\"valueRequired\":true,\"valueName\":\"search_term_string\"}}],\"inLanguage\":\"pl-PL\"},{\"@type\":\"Organization\",\"@id\":\"https:\\\/\\\/neoqi.com\\\/#organization\",\"name\":\"NEOQI\",\"url\":\"https:\\\/\\\/neoqi.com\\\/\",\"logo\":{\"@type\":\"ImageObject\",\"inLanguage\":\"pl-PL\",\"@id\":\"https:\\\/\\\/neoqi.com\\\/#\\\/schema\\\/logo\\\/image\\\/\",\"url\":\"https:\\\/\\\/neoqi.com\\\/wp-content\\\/uploads\\\/2024\\\/09\\\/logoneosvg.svg\",\"contentUrl\":\"https:\\\/\\\/neoqi.com\\\/wp-content\\\/uploads\\\/2024\\\/09\\\/logoneosvg.svg\",\"width\":1,\"height\":1,\"caption\":\"NEOQI\"},\"image\":{\"@id\":\"https:\\\/\\\/neoqi.com\\\/#\\\/schema\\\/logo\\\/image\\\/\"},\"sameAs\":[\"https:\\\/\\\/www.facebook.com\\\/neoqi\\\/\",\"https:\\\/\\\/www.instagram.com\\\/neoqi_com\\\/\"]}]}<\/script>\n<!-- \/ Yoast SEO plugin. -->","yoast_head_json":{"title":"History and Values - NEOQI","robots":{"index":"index","follow":"follow","max-snippet":"max-snippet:-1","max-image-preview":"max-image-preview:large","max-video-preview":"max-video-preview:-1"},"canonical":"https:\/\/neoqi.com\/pl\/about-us\/history-and-values\/","og_locale":"pl_PL","og_type":"article","og_title":"History and Values - NEOQI","og_description":"NeoQi\u00ae AS is an international company with vast experience in offering innovative SPA equipment. Established in 2001 in Estonia, NeoQi\u00ae offers a variety of conceptual solutions for physical therapy, aesthetic medicine, wellness and spa industry, hardware cosmetology and design. NeoQi is producing and developing innovative body care equipment that allow users to enjoy various spa [&hellip;]","og_url":"https:\/\/neoqi.com\/pl\/about-us\/history-and-values\/","og_site_name":"NEOQI","article_publisher":"https:\/\/www.facebook.com\/neoqi\/","article_modified_time":"2024-12-04T05:29:27+00:00","twitter_card":"summary_large_image","twitter_misc":{"Szacowany czas czytania":"1 minuta"},"schema":{"@context":"https:\/\/schema.org","@graph":[{"@type":"WebPage","@id":"https:\/\/neoqi.com\/about-us\/history-and-values\/","url":"https:\/\/neoqi.com\/about-us\/history-and-values\/","name":"History and Values - NEOQI","isPartOf":{"@id":"https:\/\/neoqi.com\/#website"},"datePublished":"2024-09-06T18:23:24+00:00","dateModified":"2024-12-04T05:29:27+00:00","breadcrumb":{"@id":"https:\/\/neoqi.com\/about-us\/history-and-values\/#breadcrumb"},"inLanguage":"pl-PL","potentialAction":[{"@type":"ReadAction","target":["https:\/\/neoqi.com\/about-us\/history-and-values\/"]}]},{"@type":"BreadcrumbList","@id":"https:\/\/neoqi.com\/about-us\/history-and-values\/#breadcrumb","itemListElement":[{"@type":"ListItem","position":1,"name":"Home","item":"https:\/\/neoqi.com\/"},{"@type":"ListItem","position":2,"name":"About Us","item":"https:\/\/neoqi.com\/about-us\/"},{"@type":"ListItem","position":3,"name":"History and Values"}]},{"@type":"WebSite","@id":"https:\/\/neoqi.com\/#website","url":"https:\/\/neoqi.com\/","name":"NEOQI","description":"Do\u015bwiadcz doskona\u0142ego samopoczucia i relaksu z NeoQi Spa Capsule: Twoja droga do odm\u0142odzenia","publisher":{"@id":"https:\/\/neoqi.com\/#organization"},"potentialAction":[{"@type":"SearchAction","target":{"@type":"EntryPoint","urlTemplate":"https:\/\/neoqi.com\/?s={search_term_string}"},"query-input":{"@type":"PropertyValueSpecification","valueRequired":true,"valueName":"search_term_string"}}],"inLanguage":"pl-PL"},{"@type":"Organization","@id":"https:\/\/neoqi.com\/#organization","name":"NEOQI","url":"https:\/\/neoqi.com\/","logo":{"@type":"ImageObject","inLanguage":"pl-PL","@id":"https:\/\/neoqi.com\/#\/schema\/logo\/image\/","url":"https:\/\/neoqi.com\/wp-content\/uploads\/2024\/09\/logoneosvg.svg","contentUrl":"https:\/\/neoqi.com\/wp-content\/uploads\/2024\/09\/logoneosvg.svg","width":1,"height":1,"caption":"NEOQI"},"image":{"@id":"https:\/\/neoqi.com\/#\/schema\/logo\/image\/"},"sameAs":["https:\/\/www.facebook.com\/neoqi\/","https:\/\/www.instagram.com\/neoqi_com\/"]}]}},"_links":{"self":[{"href":"https:\/\/neoqi.com\/pl\/wp-json\/wp\/v2\/pages\/2013","targetHints":{"allow":["GET"]}}],"collection":[{"href":"https:\/\/neoqi.com\/pl\/wp-json\/wp\/v2\/pages"}],"about":[{"href":"https:\/\/neoqi.com\/pl\/wp-json\/wp\/v2\/types\/page"}],"author":[{"embeddable":true,"href":"https:\/\/neoqi.com\/pl\/wp-json\/wp\/v2\/users\/1"}],"replies":[{"embeddable":true,"href":"https:\/\/neoqi.com\/pl\/wp-json\/wp\/v2\/comments?post=2013"}],"version-history":[{"count":2,"href":"https:\/\/neoqi.com\/pl\/wp-json\/wp\/v2\/pages\/2013\/revisions"}],"predecessor-version":[{"id":3127,"href":"https:\/\/neoqi.com\/pl\/wp-json\/wp\/v2\/pages\/2013\/revisions\/3127"}],"up":[{"embeddable":true,"href":"https:\/\/neoqi.com\/pl\/wp-json\/wp\/v2\/pages\/2011"}],"wp:attachment":[{"href":"https:\/\/neoqi.com\/pl\/wp-json\/wp\/v2\/media?parent=2013"}],"curies":[{"name":"wp","href":"https:\/\/api.w.org\/{rel}","templated":true}]}}