{"id":2021,"date":"2024-09-06T21:26:15","date_gmt":"2024-09-06T18:26:15","guid":{"rendered":"http:\/\/neoqi.com\/?page_id=2021"},"modified":"2024-11-06T13:20:30","modified_gmt":"2024-11-06T10:20:30","slug":"faq","status":"publish","type":"page","link":"https:\/\/neoqi.com\/pl\/contact-us\/faq\/","title":{"rendered":"FAQ"},"content":{"rendered":"<p>Czym jest kokon energetyczny?<br \/>\nKokon energetyczny NeoQi\u00ae to kompaktowy kompleks spa, kt\u00f3ry umo\u017cliwia korzystanie z r\u00f3\u017cnych zabieg\u00f3w termalnych i hydroterapeutycznych. Dzi\u0119ki swojej wszechstronno\u015bci, kokon energetyczny jest niezast\u0105pionym \u015brodkiem do piel\u0119gnacji twarzy i cia\u0142a, a wszystko to w przestrzeni jednego pomieszczenia.<\/p>\n<p>Dla kogo przeznaczony jest sprz\u0119t NeoQi\u00ae?<br \/>\nNeoQi\u00ae produkuje urz\u0105dzenia dla nowoczesnych o\u015brodk\u00f3w spa i medycznych, hoteli, salon\u00f3w kosmetycznych, sanatori\u00f3w i uzdrowisk, a tak\u017ce do u\u017cytku domowego. Oferujemy kokony i wanny energetyczne zar\u00f3wno do u\u017cytku profesjonalnego, jak i domowego.<\/p>\n<p>Dla kogo zalecane s\u0105 zabiegi z u\u017cyciem urz\u0105dze\u0144 NeoQi\u00ae?<br \/>\nZabiegi terapeutyczne na urz\u0105dzeniach NeoQi\u00ae s\u0105 odpowiednie dla ka\u017cdego - m\u0119\u017cczyzn i kobiet w ka\u017cdym wieku i na ka\u017cdym poziomie sprawno\u015bci.<\/p>\n<p>Jaki wp\u0142yw na organizm maj\u0105 produkty NeoQi\u00ae?<br \/>\nKokony i k\u0105piele energetyczne NeoQi\u00ae maj\u0105 szereg pozytywnych skutk\u00f3w dla ludzkiego cia\u0142a, kt\u00f3re pomagaj\u0105:<\/p>\n<p>Z\u0142agodzenie stresu, odzyskanie r\u00f3wnowagi emocjonalnej<br \/>\n\u0141agodzi napi\u0119cie mi\u0119\u015bniowe i nerwowe, zmniejsza b\u00f3l<br \/>\nZapobieganie i leczenie chor\u00f3b<br \/>\nReguluj\u0105 metabolizm i kontroluj\u0105 wag\u0119<br \/>\nPoprawia kr\u0105\u017cenie krwi i limfy, wzmacnia uk\u0142ad odporno\u015bciowy<br \/>\nOsi\u0105gn\u0105\u0107 jedno\u015b\u0107 duszy, cia\u0142a i umys\u0142u.<\/p>\n<p>Zakupy<\/p>\n<p>Jak mog\u0119 kupi\u0107 kokony\/k\u0105piel energetyczn\u0105?<br \/>\nSprz\u0119t NeoQi jest reprezentowany w wielu krajach. Mo\u017cna wype\u0142ni\u0107 formularz zapytania na naszej stronie internetowej. Znajdziemy najbli\u017cszego dystrybutora i poprosimy go o kontakt. W przypadku, gdy nie jeste\u015bmy reprezentowani w Twoim regionie\/kraju, sami zajmiemy si\u0119 Twoj\u0105 pro\u015bb\u0105.<\/p>\n<p>Jakie s\u0105 wymagania dotycz\u0105ce instalacji urz\u0105dzenia?<br \/>\nInstalacja urz\u0105dzenia NeoQi\u00ae jest bardzo prosta. Og\u00f3lne informacje techniczne s\u0105 dost\u0119pne w sekcji \"Jak to dzia\u0142a\". Szczeg\u00f3\u0142owe instrukcje dotycz\u0105ce warunk\u00f3w instalacji s\u0105 r\u00f3wnie\u017c dost\u0119pne dla ka\u017cdego modelu, kt\u00f3ry mo\u017ce Ci\u0119 zainteresowa\u0107.<\/p>\n<p>Czy mog\u0119 zam\u00f3wi\u0107 instalacj\u0119 w firmie?<br \/>\nWi\u0119cej szczeg\u00f3\u0142owych informacji mo\u017cna uzyska\u0107 u najbli\u017cszego przedstawiciela handlowego<\/p>\n<p>Jakie s\u0105 warunki i okres gwarancji na urz\u0105dzenia NeoQi\u00ae?<br \/>\nOferujemy 1 rok gwarancji na wszystkie produkty NeoQi.<\/p>\n<p>Reklamacje nale\u017cy kierowa\u0107 do pierwotnego sprzedawcy urz\u0105dzenia. Wymagane b\u0119dzie przedstawienie numeru seryjnego urz\u0105dzenia wraz z dokumentami zakupu.<\/p>\n<p>Bardziej szczeg\u00f3\u0142owe warunki gwarancji mo\u017cna znale\u017a\u0107 w instrukcjach obs\u0142ugi i w sekcji \"Kontakty\".<\/p>\n<p>U\u017cycie<\/p>\n<p>Jak korzysta\u0107 z urz\u0105dze\u0144 NeoQi\u00ae?<br \/>\nKa\u017cdemu w\u0142a\u015bcicielowi nowego urz\u0105dzenia oferujemy mo\u017cliwo\u015b\u0107 wzi\u0119cia udzia\u0142u w bezp\u0142atnym szkoleniu. Ka\u017cde urz\u0105dzenie zawiera szczeg\u00f3\u0142ow\u0105 instrukcj\u0119 obs\u0142ugi dla konkretnego modelu.<\/p>\n<p>Co obejmuje szkolenie i dla kogo jest przeznaczone?<br \/>\nSzkolenie jest przeznaczone dla wszystkich nowych i obecnych u\u017cytkownik\u00f3w urz\u0105dze\u0144 NeoQi\u00ae. Po szkoleniu b\u0119dziesz w stanie obs\u0142ugiwa\u0107 swoje urz\u0105dzenie z du\u017c\u0105 \u0142atwo\u015bci\u0105, rozumiej\u0105c wszystkie jego funkcje, wiedz\u0105c dok\u0142adnie, kiedy, jak d\u0142ugo i dlaczego nale\u017cy ich u\u017cywa\u0107. Dowiesz si\u0119, jakie zabiegi s\u0105 mo\u017cliwe przy u\u017cyciu produkt\u00f3w NeoQi\u00ae, w jaki spos\u00f3b i w jakiej kolejno\u015bci je wykonywa\u0107 oraz jak je ze sob\u0105 \u0142\u0105czy\u0107. Zalecamy stosowanie talasoterapeutycznych kosmetyk\u00f3w EST\u00ed, kt\u00f3re zosta\u0142y opracowane specjalnie do stosowania z naszymi produktami, w celu wzmocnienia efekt\u00f3w przeprowadzanych zabieg\u00f3w.<\/p>\n<p>Jakie zabiegi mo\u017cna wykonywa\u0107 na urz\u0105dzeniach NeoQi\u00ae?<br \/>\nKorzystaj\u0105c tylko z podstawowych funkcji urz\u0105dzenia, w zale\u017cno\u015bci od konkretnego modelu, mo\u017cna przeprowadzi\u0107 najbardziej zdrowe i korzystne dla zdrowia zabiegi, takie jak: klasyczne zabiegi saunowe (sauna parowa i infrared), k\u0105piele hydroterapeutyczne, korzystanie z prysznica Vichy, \u0142agodny masa\u017c wibracyjny i chromoterapia. Dodanie do zabieg\u00f3w odpowiednich kosmetyk\u00f3w otwiera nieograniczone mo\u017cliwo\u015bci aromaterapii, balneoterapii z hydro- i aeromasa\u017cem, r\u00f3\u017cnego rodzaju ok\u0142ad\u00f3w i peeling\u00f3w, kt\u00f3re mo\u017cna \u0142\u0105czy\u0107 z sesjami rozgrzewaj\u0105cymi i hydroterapeutycznymi. Wszystkie wymienione zabiegi piel\u0119gnacyjne na cia\u0142o zawsze mo\u017cna po\u0142\u0105czy\u0107 z zabiegami piel\u0119gnacyjnymi na twarz.<\/p>\n<p>Czy w urz\u0105dzeniach NeoQi\u00ae mo\u017cna stosowa\u0107 kosmetyki?<br \/>\nTak, stosowanie odpowiednich kosmetyk\u00f3w pozwoli osi\u0105gn\u0105\u0107 lepsze i szybsze rezultaty zabieg\u00f3w na urz\u0105dzeniach NeoQi\u00ae. W tym celu zosta\u0142a opracowana specjalna linia naturalnych kosmetyk\u00f3w morskich pod mark\u0105 EST\u00ed, uwzgl\u0119dniaj\u0105ca w\u0142a\u015bciwo\u015bci k\u0105pieli i kokon\u00f3w energetycznych NeoQi\u00ae. Wysokiej jako\u015bci francuskie kosmetyki naturalne s\u0105 produkowane w oparciu o talasoterapi\u0119 i mog\u0105 by\u0107 stosowane, opr\u00f3cz urz\u0105dze\u0144 NeoQi\u00ae, na zwyk\u0142ym stole do masa\u017cu.<\/p>\n<p>Czy istniej\u0105 przeciwwskazania do korzystania z urz\u0105dze\u0144 NeoQi\u00ae?<br \/>\nZabiegi na urz\u0105dzeniach NeoQi nale\u017cy przeprowadza\u0107 z zachowaniem ostro\u017cno\u015bci. W przypadku podejrzenia jakiejkolwiek choroby, przyjmowania lek\u00f3w lub negatywnego wywiadu, przed u\u017cyciem systemu nale\u017cy skonsultowa\u0107 si\u0119 z lekarzem.<\/p>\n<p>Zabiegi NeoQi\u00ae s\u0105 przeciwwskazane, je\u015bli pacjent<\/p>\n<p>Powa\u017cny uraz, stan zapalny<br \/>\nGor\u0105czka<br \/>\nOstre stany zapalne lub alergiczne choroby sk\u00f3ry, rany<br \/>\nNiewydolno\u015b\u0107 sercowo-naczyniowa, choroby serca, wysokie ci\u015bnienie krwi<br \/>\nZaburzenia kr\u0105\u017cenia<br \/>\nObrz\u0119k<br \/>\nDu\u017ce blizny<br \/>\nZaburzenia percepcji<br \/>\nNowotwory z\u0142o\u015bliwe<br \/>\nZaburzenia komunikacji, kt\u00f3re utrudniaj\u0105 przekazywanie informacji zwrotnych w przypadku odczuwania przez pacjenta dyskomfortu lub b\u00f3lu.<br \/>\nCi\u0105\u017ca<\/p>\n<p>UWAGA! Wymienione przeciwwskazania nie s\u0105 bezwzgl\u0119dne. Przed u\u017cyciem urz\u0105dzenia NeoQi\u00ae nale\u017cy skonsultowa\u0107 si\u0119 z lekarzem.<\/p>\n<p>Konserwacja i serwis<\/p>\n<p>Jakiego rodzaju serwisowania wymaga wanna\/kokon energetyczny? Jak cz\u0119sto nale\u017cy serwisowa\u0107 urz\u0105dzenie?<br \/>\nD\u0142ug\u0105 \u017cywotno\u015b\u0107 i nieprzerwane dzia\u0142anie urz\u0105dzenia zapewnia jego regularne serwisowanie, kt\u00f3re obejmuje czyszczenie, dezynfekcj\u0119 i wizualn\u0105 kontrol\u0119 og\u00f3lnego stanu urz\u0105dzenia po ka\u017cdym u\u017cyciu.<\/p>\n<p>Rutynowa konserwacja polega na czyszczeniu uk\u0142adu wodnego \u0142a\u017ani i generatora pary kokonu. Cz\u0119stotliwo\u015b\u0107 konserwacji zale\u017cy od jako\u015bci u\u017cywanej wody oraz cz\u0119stotliwo\u015bci u\u017cytkowania i obci\u0105\u017cenia urz\u0105dzenia.<\/p>\n<p>Jak uzyska\u0107 wsparcie serwisowe?<br \/>\nJe\u015bli u\u017cytkownik napotka\u0142 trudno\u015bci techniczne lub usterki podczas korzystania z urz\u0105dzenia lub potrzebuje wsparcia technicznego, prosimy o wype\u0142nienie formularza zg\u0142oszenia serwisowego.<\/p>\n<p>Jak i gdzie mo\u017cna naby\u0107 cz\u0119\u015bci zamienne?<br \/>\nCz\u0119\u015bci zamienne zostan\u0105 dostarczone przez firm\u0119, w kt\u00f3rej urz\u0105dzenie zosta\u0142o zakupione. Wymagany jest numer seryjny i dokumenty zakupu.<\/p>\n<p>Jaki jest okres gwarancji na cz\u0119\u015bci zamienne?<br \/>\nOkres gwarancji na cz\u0119\u015bci zamienne wynosi 3 miesi\u0105ce.<\/p>","protected":false},"excerpt":{"rendered":"<p>What is an energy cocoon? A NeoQi\u00ae energy cocoon is a compact spa-complex, which allows You to enjoy different thermal and hydrotherapeutic treatments. Thanks to its versatility, the energy cocoon is an indispensable means of face and body care, all within the space of one room. For whom is the NeoQi\u00ae equipment meant? NeoQi\u00ae manufactures [&hellip;]<\/p>\n","protected":false},"author":1,"featured_media":2911,"parent":2017,"menu_order":0,"comment_status":"closed","ping_status":"closed","template":"","meta":{"_acf_changed":false,"site-sidebar-layout":"default","site-content-layout":"","ast-site-content-layout":"default","site-content-style":"default","site-sidebar-style":"default","ast-global-header-display":"","ast-banner-title-visibility":"","ast-main-header-display":"","ast-hfb-above-header-display":"","ast-hfb-below-header-display":"","ast-hfb-mobile-header-display":"","site-post-title":"","ast-breadcrumbs-content":"","ast-featured-img":"","footer-sml-layout":"","ast-disable-related-posts":"","theme-transparent-header-meta":"default","adv-header-id-meta":"","stick-header-meta":"","header-above-stick-meta":"","header-main-stick-meta":"","header-below-stick-meta":"","astra-migrate-meta-layouts":"set","ast-page-background-enabled":"default","ast-page-background-meta":{"desktop":{"background-color":"var(--ast-global-color-4)","background-image":"","background-repeat":"repeat","background-position":"center center","background-size":"auto","background-attachment":"scroll","background-type":"","background-media":"","overlay-type":"","overlay-color":"","overlay-opacity":"","overlay-gradient":""},"tablet":{"background-color":"","background-image":"","background-repeat":"repeat","background-position":"center center","background-size":"auto","background-attachment":"scroll","background-type":"","background-media":"","overlay-type":"","overlay-color":"","overlay-opacity":"","overlay-gradient":""},"mobile":{"background-color":"","background-image":"","background-repeat":"repeat","background-position":"center center","background-size":"auto","background-attachment":"scroll","background-type":"","background-media":"","overlay-type":"","overlay-color":"","overlay-opacity":"","overlay-gradient":""}},"ast-content-background-meta":{"desktop":{"background-color":"var(--ast-global-color-5)","background-image":"","background-repeat":"repeat","background-position":"center center","background-size":"auto","background-attachment":"scroll","background-type":"","background-media":"","overlay-type":"","overlay-color":"","overlay-opacity":"","overlay-gradient":""},"tablet":{"background-color":"var(--ast-global-color-5)","background-image":"","background-repeat":"repeat","background-position":"center center","background-size":"auto","background-attachment":"scroll","background-type":"","background-media":"","overlay-type":"","overlay-color":"","overlay-opacity":"","overlay-gradient":""},"mobile":{"background-color":"var(--ast-global-color-5)","background-image":"","background-repeat":"repeat","background-position":"center center","background-size":"auto","background-attachment":"scroll","background-type":"","background-media":"","overlay-type":"","overlay-color":"","overlay-opacity":"","overlay-gradient":""}},"footnotes":""},"class_list":["post-2021","page","type-page","status-publish","has-post-thumbnail","hentry"],"acf":[],"yoast_head":"<!-- This site is optimized with the Yoast SEO plugin v27.4 - https:\/\/yoast.com\/product\/yoast-seo-wordpress\/ -->\n<title>FAQ - NEOQI<\/title>\n<meta name=\"robots\" content=\"index, follow, max-snippet:-1, max-image-preview:large, max-video-preview:-1\" \/>\n<link rel=\"canonical\" href=\"https:\/\/neoqi.com\/pl\/contact-us\/faq\/\" \/>\n<meta property=\"og:locale\" content=\"pl_PL\" \/>\n<meta property=\"og:type\" content=\"article\" \/>\n<meta property=\"og:title\" content=\"FAQ - NEOQI\" \/>\n<meta property=\"og:description\" content=\"What is an energy cocoon? A NeoQi\u00ae energy cocoon is a compact spa-complex, which allows You to enjoy different thermal and hydrotherapeutic treatments. Thanks to its versatility, the energy cocoon is an indispensable means of face and body care, all within the space of one room. For whom is the NeoQi\u00ae equipment meant? NeoQi\u00ae manufactures [&hellip;]\" \/>\n<meta property=\"og:url\" content=\"https:\/\/neoqi.com\/pl\/contact-us\/faq\/\" \/>\n<meta property=\"og:site_name\" content=\"NEOQI\" \/>\n<meta property=\"article:publisher\" content=\"https:\/\/www.facebook.com\/neoqi\/\" \/>\n<meta property=\"article:modified_time\" content=\"2024-11-06T10:20:30+00:00\" \/>\n<meta property=\"og:image\" content=\"https:\/\/neoqi.com\/wp-content\/uploads\/2024\/11\/Flamingo_no_light2.jpg\" \/>\n\t<meta property=\"og:image:width\" content=\"2200\" \/>\n\t<meta property=\"og:image:height\" content=\"852\" \/>\n\t<meta property=\"og:image:type\" content=\"image\/jpeg\" \/>\n<meta name=\"twitter:card\" content=\"summary_large_image\" \/>\n<meta name=\"twitter:label1\" content=\"Szacowany czas czytania\" \/>\n\t<meta name=\"twitter:data1\" content=\"5 minut\" \/>\n<script type=\"application\/ld+json\" class=\"yoast-schema-graph\">{\"@context\":\"https:\\\/\\\/schema.org\",\"@graph\":[{\"@type\":\"WebPage\",\"@id\":\"https:\\\/\\\/neoqi.com\\\/fr\\\/contact-us\\\/faq\\\/\",\"url\":\"https:\\\/\\\/neoqi.com\\\/fr\\\/contact-us\\\/faq\\\/\",\"name\":\"FAQ - NEOQI\",\"isPartOf\":{\"@id\":\"https:\\\/\\\/neoqi.com\\\/#website\"},\"primaryImageOfPage\":{\"@id\":\"https:\\\/\\\/neoqi.com\\\/fr\\\/contact-us\\\/faq\\\/#primaryimage\"},\"image\":{\"@id\":\"https:\\\/\\\/neoqi.com\\\/fr\\\/contact-us\\\/faq\\\/#primaryimage\"},\"thumbnailUrl\":\"https:\\\/\\\/neoqi.com\\\/wp-content\\\/uploads\\\/2024\\\/11\\\/Flamingo_no_light2.jpg\",\"datePublished\":\"2024-09-06T18:26:15+00:00\",\"dateModified\":\"2024-11-06T10:20:30+00:00\",\"breadcrumb\":{\"@id\":\"https:\\\/\\\/neoqi.com\\\/fr\\\/contact-us\\\/faq\\\/#breadcrumb\"},\"inLanguage\":\"pl-PL\",\"potentialAction\":[{\"@type\":\"ReadAction\",\"target\":[\"https:\\\/\\\/neoqi.com\\\/fr\\\/contact-us\\\/faq\\\/\"]}]},{\"@type\":\"ImageObject\",\"inLanguage\":\"pl-PL\",\"@id\":\"https:\\\/\\\/neoqi.com\\\/fr\\\/contact-us\\\/faq\\\/#primaryimage\",\"url\":\"https:\\\/\\\/neoqi.com\\\/wp-content\\\/uploads\\\/2024\\\/11\\\/Flamingo_no_light2.jpg\",\"contentUrl\":\"https:\\\/\\\/neoqi.com\\\/wp-content\\\/uploads\\\/2024\\\/11\\\/Flamingo_no_light2.jpg\",\"width\":2200,\"height\":852},{\"@type\":\"BreadcrumbList\",\"@id\":\"https:\\\/\\\/neoqi.com\\\/fr\\\/contact-us\\\/faq\\\/#breadcrumb\",\"itemListElement\":[{\"@type\":\"ListItem\",\"position\":1,\"name\":\"Home\",\"item\":\"https:\\\/\\\/neoqi.com\\\/\"},{\"@type\":\"ListItem\",\"position\":2,\"name\":\"Contact Us\",\"item\":\"https:\\\/\\\/neoqi.com\\\/contact-us\\\/\"},{\"@type\":\"ListItem\",\"position\":3,\"name\":\"FAQ\"}]},{\"@type\":\"WebSite\",\"@id\":\"https:\\\/\\\/neoqi.com\\\/#website\",\"url\":\"https:\\\/\\\/neoqi.com\\\/\",\"name\":\"NEOQI\",\"description\":\"Experience Ultimate Wellness and Relaxation with NeoQi Spa Capsule: Your Path to Rejuvenation\",\"publisher\":{\"@id\":\"https:\\\/\\\/neoqi.com\\\/#organization\"},\"potentialAction\":[{\"@type\":\"SearchAction\",\"target\":{\"@type\":\"EntryPoint\",\"urlTemplate\":\"https:\\\/\\\/neoqi.com\\\/?s={search_term_string}\"},\"query-input\":{\"@type\":\"PropertyValueSpecification\",\"valueRequired\":true,\"valueName\":\"search_term_string\"}}],\"inLanguage\":\"pl-PL\"},{\"@type\":\"Organization\",\"@id\":\"https:\\\/\\\/neoqi.com\\\/#organization\",\"name\":\"NEOQI\",\"url\":\"https:\\\/\\\/neoqi.com\\\/\",\"logo\":{\"@type\":\"ImageObject\",\"inLanguage\":\"pl-PL\",\"@id\":\"https:\\\/\\\/neoqi.com\\\/#\\\/schema\\\/logo\\\/image\\\/\",\"url\":\"https:\\\/\\\/neoqi.com\\\/wp-content\\\/uploads\\\/2024\\\/09\\\/logoneosvg.svg\",\"contentUrl\":\"https:\\\/\\\/neoqi.com\\\/wp-content\\\/uploads\\\/2024\\\/09\\\/logoneosvg.svg\",\"width\":1,\"height\":1,\"caption\":\"NEOQI\"},\"image\":{\"@id\":\"https:\\\/\\\/neoqi.com\\\/#\\\/schema\\\/logo\\\/image\\\/\"},\"sameAs\":[\"https:\\\/\\\/www.facebook.com\\\/neoqi\\\/\",\"https:\\\/\\\/www.instagram.com\\\/neoqi_com\\\/\"]}]}<\/script>\n<!-- \/ Yoast SEO plugin. -->","yoast_head_json":{"title":"FAQ - NEOQI","robots":{"index":"index","follow":"follow","max-snippet":"max-snippet:-1","max-image-preview":"max-image-preview:large","max-video-preview":"max-video-preview:-1"},"canonical":"https:\/\/neoqi.com\/pl\/contact-us\/faq\/","og_locale":"pl_PL","og_type":"article","og_title":"FAQ - NEOQI","og_description":"What is an energy cocoon? A NeoQi\u00ae energy cocoon is a compact spa-complex, which allows You to enjoy different thermal and hydrotherapeutic treatments. Thanks to its versatility, the energy cocoon is an indispensable means of face and body care, all within the space of one room. For whom is the NeoQi\u00ae equipment meant? NeoQi\u00ae manufactures [&hellip;]","og_url":"https:\/\/neoqi.com\/pl\/contact-us\/faq\/","og_site_name":"NEOQI","article_publisher":"https:\/\/www.facebook.com\/neoqi\/","article_modified_time":"2024-11-06T10:20:30+00:00","og_image":[{"width":2200,"height":852,"url":"https:\/\/neoqi.com\/wp-content\/uploads\/2024\/11\/Flamingo_no_light2.jpg","type":"image\/jpeg"}],"twitter_card":"summary_large_image","twitter_misc":{"Szacowany czas czytania":"5 minut"},"schema":{"@context":"https:\/\/schema.org","@graph":[{"@type":"WebPage","@id":"https:\/\/neoqi.com\/fr\/contact-us\/faq\/","url":"https:\/\/neoqi.com\/fr\/contact-us\/faq\/","name":"FAQ - NEOQI","isPartOf":{"@id":"https:\/\/neoqi.com\/#website"},"primaryImageOfPage":{"@id":"https:\/\/neoqi.com\/fr\/contact-us\/faq\/#primaryimage"},"image":{"@id":"https:\/\/neoqi.com\/fr\/contact-us\/faq\/#primaryimage"},"thumbnailUrl":"https:\/\/neoqi.com\/wp-content\/uploads\/2024\/11\/Flamingo_no_light2.jpg","datePublished":"2024-09-06T18:26:15+00:00","dateModified":"2024-11-06T10:20:30+00:00","breadcrumb":{"@id":"https:\/\/neoqi.com\/fr\/contact-us\/faq\/#breadcrumb"},"inLanguage":"pl-PL","potentialAction":[{"@type":"ReadAction","target":["https:\/\/neoqi.com\/fr\/contact-us\/faq\/"]}]},{"@type":"ImageObject","inLanguage":"pl-PL","@id":"https:\/\/neoqi.com\/fr\/contact-us\/faq\/#primaryimage","url":"https:\/\/neoqi.com\/wp-content\/uploads\/2024\/11\/Flamingo_no_light2.jpg","contentUrl":"https:\/\/neoqi.com\/wp-content\/uploads\/2024\/11\/Flamingo_no_light2.jpg","width":2200,"height":852},{"@type":"BreadcrumbList","@id":"https:\/\/neoqi.com\/fr\/contact-us\/faq\/#breadcrumb","itemListElement":[{"@type":"ListItem","position":1,"name":"Home","item":"https:\/\/neoqi.com\/"},{"@type":"ListItem","position":2,"name":"Contact Us","item":"https:\/\/neoqi.com\/contact-us\/"},{"@type":"ListItem","position":3,"name":"FAQ"}]},{"@type":"WebSite","@id":"https:\/\/neoqi.com\/#website","url":"https:\/\/neoqi.com\/","name":"NEOQI","description":"Do\u015bwiadcz doskona\u0142ego samopoczucia i relaksu z NeoQi Spa Capsule: Twoja droga do odm\u0142odzenia","publisher":{"@id":"https:\/\/neoqi.com\/#organization"},"potentialAction":[{"@type":"SearchAction","target":{"@type":"EntryPoint","urlTemplate":"https:\/\/neoqi.com\/?s={search_term_string}"},"query-input":{"@type":"PropertyValueSpecification","valueRequired":true,"valueName":"search_term_string"}}],"inLanguage":"pl-PL"},{"@type":"Organization","@id":"https:\/\/neoqi.com\/#organization","name":"NEOQI","url":"https:\/\/neoqi.com\/","logo":{"@type":"ImageObject","inLanguage":"pl-PL","@id":"https:\/\/neoqi.com\/#\/schema\/logo\/image\/","url":"https:\/\/neoqi.com\/wp-content\/uploads\/2024\/09\/logoneosvg.svg","contentUrl":"https:\/\/neoqi.com\/wp-content\/uploads\/2024\/09\/logoneosvg.svg","width":1,"height":1,"caption":"NEOQI"},"image":{"@id":"https:\/\/neoqi.com\/#\/schema\/logo\/image\/"},"sameAs":["https:\/\/www.facebook.com\/neoqi\/","https:\/\/www.instagram.com\/neoqi_com\/"]}]}},"_links":{"self":[{"href":"https:\/\/neoqi.com\/pl\/wp-json\/wp\/v2\/pages\/2021","targetHints":{"allow":["GET"]}}],"collection":[{"href":"https:\/\/neoqi.com\/pl\/wp-json\/wp\/v2\/pages"}],"about":[{"href":"https:\/\/neoqi.com\/pl\/wp-json\/wp\/v2\/types\/page"}],"author":[{"embeddable":true,"href":"https:\/\/neoqi.com\/pl\/wp-json\/wp\/v2\/users\/1"}],"replies":[{"embeddable":true,"href":"https:\/\/neoqi.com\/pl\/wp-json\/wp\/v2\/comments?post=2021"}],"version-history":[{"count":1,"href":"https:\/\/neoqi.com\/pl\/wp-json\/wp\/v2\/pages\/2021\/revisions"}],"predecessor-version":[{"id":2022,"href":"https:\/\/neoqi.com\/pl\/wp-json\/wp\/v2\/pages\/2021\/revisions\/2022"}],"up":[{"embeddable":true,"href":"https:\/\/neoqi.com\/pl\/wp-json\/wp\/v2\/pages\/2017"}],"wp:featuredmedia":[{"embeddable":true,"href":"https:\/\/neoqi.com\/pl\/wp-json\/wp\/v2\/media\/2911"}],"wp:attachment":[{"href":"https:\/\/neoqi.com\/pl\/wp-json\/wp\/v2\/media?parent=2021"}],"curies":[{"name":"wp","href":"https:\/\/api.w.org\/{rel}","templated":true}]}}