{"id":2225,"date":"2024-09-07T00:17:14","date_gmt":"2024-09-06T21:17:14","guid":{"rendered":"http:\/\/neoqi.com\/?page_id=2225"},"modified":"2024-09-07T13:06:41","modified_gmt":"2024-09-07T10:06:41","slug":"about-esti-marine-organic-cosmetics","status":"publish","type":"page","link":"https:\/\/neoqi.com\/pl\/cosmetics\/about-esti-marine-organic-cosmetics\/","title":{"rendered":"O morskich kosmetykach organicznych ESTi"},"content":{"rendered":"<p>Produkty EST\u00ed s\u0105 wytwarzane we Francji, na zachodnim kra\u0144cu Bretanii - sklasyfikowanym jako \u015bwiatowy rezerwat biosfery przez UNESCO, oferuj\u0105 szerok\u0105 gam\u0119 kosmetyk\u00f3w morskich i\u00a0<a href=\"http:\/\/neoqi.com\/pl\/cosmetics\/spa-treatments-with-esti\/\">profesjonalne zabiegi spa z ESTi<\/a>Zaprojektowany wy\u0142\u0105cznie do u\u017cytku z urz\u0105dzeniami NeoQi w centrach odnowy biologicznej, o\u015brodkach zdrowia, klinikach, centrach talasoterapii, centrach SPA i salonach kosmetycznych.<\/p>\n<p>Kosmetyki EST\u00ed wykorzystuj\u0105 unikalne technologie oparte na wykorzystaniu zasob\u00f3w morskich w produkcji ca\u0142ej gamy, zaprojektowanej przez profesjonalist\u00f3w w dziedzinie talasoterapii.<\/p>\n<p>Zastosowanie produkt\u00f3w talasoterapeutycznych w urz\u0105dzeniach NeoQi pozwala nam uzyska\u0107 \u017cywe i d\u0142ugotrwa\u0142e rezultaty!<\/p>\n<p>Filozofia marki - podstawowe zasady:<\/p>\n<ol>\n<li>Przyjazny dla \u015brodowiska<\/li>\n<li>Wydajno\u015b\u0107<\/li>\n<li>Autentyczno\u015b\u0107<\/li>\n<li>Zabiegi dostosowane do indywidualnych potrzeb<\/li>\n<\/ol>\n<p>Kosmetyki EST\u00ed po\u0142\u0105czy\u0142y moc oceanu, warto\u015b\u0107 od\u017cywcz\u0105 alg i wody morskiej, kt\u00f3re s\u0105 wykorzystywane w r\u00f3\u017cnych programach leczenia, takich jak:<\/p>\n<ul>\n<li>Talasoterapia<\/li>\n<li>Algoterapia<\/li>\n<li>Balneoterapia<\/li>\n<li>Terapia b\u0142otem<\/li>\n<li>Programy SPA<\/li>\n<\/ul>\n<p>Linia produkt\u00f3w EST\u00ed obejmuje profesjonalne programy zabiegowe na twarz i cia\u0142o: ok\u0142ady z wodorost\u00f3w, balneoterapi\u0119 z wykorzystaniem wody morskiej i alg, elementy b\u0142otne, miejscowe zabiegi koryguj\u0105ce problematyczne obszary, zabiegi SPA. Ponadto producenci opracowali specjalne produkty do u\u017cytku domowego, kt\u00f3re przed\u0142u\u017caj\u0105 efekt profesjonalnej piel\u0119gnacji. S\u0105 to innowacyjne i skuteczne zabiegi, koncentruj\u0105ce wszystko, co najlepsze z morza i alg, wy\u0142\u0105cznie w celu harmonijnego oddzia\u0142ywania na organizm.<\/p>\n<p>R\u00f3\u017cnorodno\u015b\u0107 produkt\u00f3w EST\u00ed daje nieograniczone mo\u017cliwo\u015bci wykorzystania sprz\u0119tu NeoQi\u00ae.<\/p>\n<p>Sk\u0142ad sk\u0142adnik\u00f3w\u00a0<strong>profesjonalne kosmetyki SPA<\/strong>\u00a0<a href=\"http:\/\/neoqi.com\/pl\/cosmetics\/for-body\/\">dla cia\u0142a<\/a>\u00a0oraz\u00a0<a href=\"http:\/\/neoqi.com\/pl\/cosmetics\/for-face\/\">dla twarzy<\/a>\u00a0zawieraj\u0105 czyste ekstrakty i sk\u0142adniki aktywne, takie jak minera\u0142y, witaminy, przeciwutleniacze. Ich synergia pomaga skutecznie walczy\u0107 ze starzeniem si\u0119, przywraca\u0107 r\u00f3wnowag\u0119 mineraln\u0105, eliminowa\u0107 produkty przemiany materii i toksyny z organizmu, stymulowa\u0107 metabolizm, przywraca\u0107 struktur\u0119 i m\u0142odo\u015b\u0107 sk\u00f3ry, przeciwdzia\u0142a\u0107 negatywnym skutkom zanieczyszczenia \u015brodowiska.<\/p>\n<p>Kosmetyki EST\u00ed nie zawieraj\u0105 paraben\u00f3w, syntetycznych substancji zapachowych, barwnik\u00f3w ani konserwant\u00f3w. Ponadto wiele produkt\u00f3w posiada certyfikat Ecocert Greenlife, potwierdzaj\u0105cy pochodzenie i proces produkcji ekologicznych kosmetyk\u00f3w organicznych.<\/p>\n<p>&nbsp;<\/p>\n<h2><a name=\"_Toc415651671\"><\/a>Wp\u0142yw na organizm<\/h2>\n<h2><\/h2>\n<p>Nowe trendy w zabiegach SPA na twarz i cia\u0142o nie przewiduj\u0105 stosowania agresywnych technik, daj\u0105c pierwsze\u0144stwo skuteczno\u015bci i \u0142agodnemu oddzia\u0142ywaniu naturalnych sk\u0142adnik\u00f3w, bezpiecze\u0144stwu i komfortowi zabieg\u00f3w.<\/p>\n<p>Dzia\u0142anie kosmetyk\u00f3w EST\u00ed jest ukierunkowane nie tylko na estetyk\u0119, ale tak\u017ce na popraw\u0119 og\u00f3lnego samopoczucia organizmu, co osi\u0105ga si\u0119 poprzez aktywacj\u0119 proces\u00f3w metabolicznych, przyspieszenie usuwania toksyn, stymulacj\u0119 kr\u0105\u017cenia krwi.<\/p>\n<p>Poprawa wewn\u0119trznego stanu organizmu ma bezpo\u015bredni wp\u0142yw na nasz wygl\u0105d. Zdrowie i pi\u0119kno staj\u0105 si\u0119 synonimami.<\/p>\n<ul>\n<li>Produkty i programy z kosmetykami EST\u00ed s\u0105 skierowane do:<\/li>\n<li>wyeliminowanie konsekwencji i obecno\u015bci chronicznego zm\u0119czenia i stresu<\/li>\n<li>remineralizacja organizmu<\/li>\n<li>wzmocnienie atonicznych obszar\u00f3w cia\u0142a<\/li>\n<li>tworzenie harmonijnej sylwetki<\/li>\n<li>utrata masy cia\u0142a i odchudzanie<\/li>\n<li>silny detoks<\/li>\n<li>normalizacja metabolizmu<\/li>\n<li>przywracanie kszta\u0142t\u00f3w i mocy<\/li>\n<\/ul>\n<p>Ze wzgl\u0119du na mikronizowan\u0105 konsystencj\u0119 i rozpuszczalno\u015b\u0107 w wodzie, gama kosmetyk\u00f3w EST\u00ed jest bardzo wygodna i \u0142atwa w u\u017cyciu we wszystkich kokonach energetycznych i k\u0105pielach NeoQi. Delikatny, ale intensywny zapach ka\u017cdego produktu ma wp\u0142yw na kom\u00f3rki receptor\u00f3w zapachu, zapewniaj\u0105c w ten spos\u00f3b dodatkow\u0105 korzy\u015b\u0107 w postaci aromaterapii.<\/p>\n<p>Skuteczno\u015b\u0107, widoczne, \u017cywe i d\u0142ugotrwa\u0142e rezultaty, wsparcie ka\u017cdego klienta - to cechy, kt\u00f3re sprawiaj\u0105, \u017ce EST\u00ed jest jedn\u0105 z najja\u015bniejszych gwiazd talasoterapii.<\/p>\n<p><strong>\u00a0<\/strong><\/p>\n<h2><a name=\"_Toc415651672\"><\/a>Talasoterapia<\/h2>\n<h2><\/h2>\n<p>Do tej pory Francja - kraj produkuj\u0105cy kosmetyki EST\u00ed, pozostaje centrum talasoterapii.\u00a0<em>(z greckiego \"thalassa\" - tj. morze, \"therapia\" - tj. leczenie)<\/em><\/p>\n<p>Metoda talasoterapii to terapeutyczne wykorzystanie oceanu, jego klimatu i produkt\u00f3w morskich, takich jak algi, wodorosty, b\u0142oto, kryszta\u0142y soli morskiej. Mo\u017ce by\u0107 stosowana w po\u0142\u0105czeniu z innymi \u015brodkami terapeutycznymi, takimi jak klasyczny masa\u017c manualny lub hydroterapia.<\/p>\n<p>Morska przyroda i klimat, panoramiczny widok na horyzont, szum morza i s\u0142one morskie powietrze - wszystko to ma relaksuj\u0105cy, r\u00f3wnowa\u017c\u0105cy i zdrowy wp\u0142yw na cz\u0142owieka, pozwalaj\u0105c przywr\u00f3ci\u0107 harmoni\u0119 cia\u0142a i umys\u0142u.<\/p>\n<p>Witalna moc wody morskiej by\u0142a znana od niepami\u0119tnych czas\u00f3w, lecz\u0105c i odm\u0142adzaj\u0105c ludzi, ale dopiero w XIX wieku we Francji zosta\u0142a nazwana form\u0105 terapii.<\/p>\n<p>Nowoczesna talasoterapia nadal opiera swoje zabiegi na po\u0142\u0105czeniu wody morskiej, wodorost\u00f3w i ciep\u0142a, w po\u0142\u0105czeniu z procedurami naukowymi, kryteriami i najnowocze\u015bniejszymi technologiami.<\/p>\n<p>G\u0142\u00f3wnymi sk\u0142adnikami dzia\u0142ania talasoterapeutycznego s\u0105:<\/p>\n<p>Woda morska - \u017ar\u00f3d\u0142o niezb\u0119dnych \u015bladowych ilo\u015bci jodu, magnezu, wapnia, siarki, potasu, \u017celaza, miedzi, fosforu, cynku, selenu, bromu, manganu i wielu innych. Udowodniono naukowo, \u017ce sk\u0142ad mineralny wody morskiej jest niemal identyczny ze sk\u0142adem osocza ludzkiej krwi, a zatem prawie 100% zawartych w niej sk\u0142adnik\u00f3w aktywnych jest wch\u0142anianych przez ludzki organizm. Jednocze\u015bnie, dzi\u0119ki naturalnemu zjawisku wymiany osmotycznej, organizm zu\u017cywa dok\u0142adnie tak\u0105 ilo\u015b\u0107 u\u017cytecznych sk\u0142adnik\u00f3w pochodzenia morskiego, jakiej w danym momencie potrzebuje.<\/p>\n<p>Wodorosty - kluczowe ogniwo w talasoterapii, maj\u0105 zdolno\u015b\u0107 kompensowania brakuj\u0105cych substancji bioaktywnych w organizmie cz\u0142owieka. Naukowcy szacuj\u0105, \u017ce ponad 150 mineralnych pierwiastk\u00f3w \u015bladowych jest wykorzystywanych w r\u00f3\u017cnych zabiegach talasoterapii. Algi maj\u0105 r\u00f3wnie\u017c zdolno\u015b\u0107 do gromadzenia, podczas ich wzrostu i aktywno\u015bci \u017cyciowej, r\u00f3\u017cnych minera\u0142\u00f3w i pierwiastk\u00f3w \u015bladowych, kt\u00f3re bior\u0105 udzia\u0142 w syntezie enzym\u00f3w, witamin i hormon\u00f3w, a tak\u017ce w funkcjonowaniu kom\u00f3rek. Proces ekstrakcji i przetwarzania wodorost\u00f3w obejmuje wszystkie niezb\u0119dne zasady, aby zachowa\u0107 ich u\u017cyteczne w\u0142a\u015bciwo\u015bci i substancje czynne.<\/p>\n<p>Z pomoc\u0105 talasoterapii mo\u017cna osi\u0105gn\u0105\u0107 zar\u00f3wno efekty upi\u0119kszaj\u0105ce, jak i terapeutyczne. Talasoterapia mo\u017ce uwolni\u0107 cz\u0142owieka od r\u00f3\u017cnych problem\u00f3w i chor\u00f3b:<\/p>\n<ul>\n<li>odbudowa i odm\u0142odzenie sk\u00f3ry, nawil\u017cenie sk\u00f3ry suchej i wra\u017cliwej<\/li>\n<li>poprawa lokalnego kr\u0105\u017cenia krwi i proces\u00f3w metabolicznych w organizmie<\/li>\n<li>leczenie cellulitu i problem\u00f3w z nadwag\u0105 (po\u0142\u0105czenie kompleksowej kuracji z odpowiednim od\u017cywianiem pozwala zrzuci\u0107 do 2 kg tygodniowo)<\/li>\n<li>pozytywny wp\u0142yw na uk\u0142ad nerwowy i radzenie sobie ze stresem<\/li>\n<li>poprawa funkcjonowania uk\u0142adu oddechowego i tarczycy<\/li>\n<li>usuwanie toksyn i nadmiaru t\u0142uszczu z organizmu<\/li>\n<li>leczenie reumatyzmu zapalnego, choroby zwyrodnieniowej staw\u00f3w, nast\u0119pstw uraz\u00f3w, \u0142agodzenie zespo\u0142\u00f3w b\u00f3lowych<\/li>\n<li>\u0142agodzenie stanu pacjent\u00f3w onkologicznych<\/li>\n<li>odbudowa cia\u0142a po porodzie, urazie, operacji (w tym plastycznej).<\/li>\n<\/ul>\n<p>&nbsp;<\/p>\n<h2><a name=\"_Toc415651673\"><\/a>Sk\u0142adniki<\/h2>\n<p>Sk\u0142adniki kosmetyk\u00f3w, wydobywane z w\u00f3d Morza Iroise, s\u0105 niczym cudowny eliksir, wype\u0142niony niezb\u0119dnymi dla zdrowej sk\u00f3ry pierwiastkami.<\/p>\n<p>Wodorosty i woda morska, wzbogacone o sk\u0142adniki od\u017cywcze, a tak\u017ce do\u015bwiadczenie i mo\u017cliwo\u015bci fabryki do produkcji kosmetyk\u00f3w ESTI - lidera w pozyskiwaniu, przekszta\u0142caniu i waloryzacji zasob\u00f3w morskich - pozwalaj\u0105 nam wydoby\u0107 dla Ciebie wyj\u0105tkowe \u017ar\u00f3d\u0142o witalno\u015bci, zdrowia i pi\u0119kna.<\/p>\n<p>Istnieje ponad 20 r\u00f3\u017cnych gatunk\u00f3w\u00a0<strong>wodorosty<\/strong>\u00a0stosowane w kosmetykach EST\u00ed.  Sk\u0142ad i dzia\u0142anie terapeutyczne ka\u017cdego rodzaju r\u00f3\u017cni si\u0119 od siebie i ma swoje unikalne cechy. Najja\u015bniejszymi sk\u0142adnikami produkt\u00f3w EST\u00ed s\u0105 br\u0105zowe wodorosty Laminaria Digitata i Fucus Vesiculosus, kt\u00f3re dzi\u0119ki swoim silnym w\u0142a\u015bciwo\u015bciom drenuj\u0105cym i lipolitycznym s\u0105 liderami we wszystkich zabiegach antycellulitowych. Czerwone wodorosty Lithotamnium Calcareum zapobiegaj\u0105 utracie wapnia i chroni\u0105 struktur\u0119 ko\u015bci, a Hondrus Crispus, jako \u017ar\u00f3d\u0142o naturalnego kwasu hialuronowego, zapewnia wyra\u017any efekt nawil\u017cenia. Zielona alga Ulva Laktuka odpowiada za syntez\u0119 kolagenu, utrzymuj\u0105c napi\u0119cie tkanek \u0142\u0105cznych. Kr\u00f3lowa w\u015br\u00f3d wodorost\u00f3w - egzotyczna niebieska alga Spirulina - mistrz w zawarto\u015bci bia\u0142ka, ma silne dzia\u0142anie wzmacniaj\u0105ce i natychmiastowy efekt liftingu. Doskona\u0142e w\u0142a\u015bciwo\u015bci stymuluj\u0105ce uk\u0142ad odporno\u015bciowy, chroni\u0105ce przed nowotworami i przeciwutleniaj\u0105ce Spiruliny zosta\u0142y poznane i docenione przez lekarzy ju\u017c dawno temu. Nowoczesna metoda przetwarzania alg na mikronizowan\u0105 konsystencj\u0119 pozwala sk\u0142adnikom \u0142atwo i g\u0142\u0119biej przenika\u0107 przez sk\u00f3r\u0119 podczas ok\u0142ad\u00f3w i k\u0105pieli, co skutkuje nie tylko miejscowym, ale i og\u00f3lnoustrojowym dzia\u0142aniem na organizm.<\/p>\n<p>Poza tym wodorosty s\u0105 100% czyste i naturalne\u00a0<strong>olejki eteryczne<\/strong>\u00a0kt\u00f3re s\u0105 zgrupowane w czterech unikalnych kompleksach o dzia\u0142aniu wyszczuplaj\u0105cym, relaksuj\u0105cym, poprawiaj\u0105cym kr\u0105\u017cenie i tonizuj\u0105cym. Efekt synergii i rozproszenie tego kompleksu w wodzie zapewnia jego r\u00f3wnomierne rozprowadzenie, optymalizuj\u0105c w ten spos\u00f3b dyfuzj\u0119 aktywnych cz\u0105steczek.<\/p>\n<p>Udowodniono, \u017ce sk\u0142ad\u00a0<strong>woda morska<\/strong>\u00a0jest praktycznie identyczny z ludzkim osoczem krwi, a zatem prawie 100% zawartych w nim sk\u0142adnik\u00f3w aktywnych jest wch\u0142anianych przez ludzki organizm. Jednocze\u015bnie,\u00a0<strong>s\u00f3l morska<\/strong>\u00a0\"obejmuje\" zjawisko wymiany osmotycznej. Dzi\u0119ki temu nasz organizm zu\u017cywa dok\u0142adnie tak\u0105 ilo\u015b\u0107 sk\u0142adnik\u00f3w aktywnych, jaka jest mu w danej chwili potrzebna, na zasadzie naczy\u0144 po\u0142\u0105czonych.<\/p>\n<p>Istniej\u0105 r\u00f3wnie\u017c dwa innowacyjne rozwi\u0105zania\u00a0<strong>kompleksy<\/strong>\u00a0w sk\u0142adzie sk\u0142adnik\u00f3w produkt\u00f3w - Thali'source i Oligo`source.<\/p>\n<p>Kosmetyki EST\u00ed nie zawieraj\u0105 paraben\u00f3w, syntetycznych substancji zapachowych, barwnik\u00f3w ani konserwant\u00f3w. Ponadto wiele produkt\u00f3w posiada certyfikat Ecocert Greenlife, potwierdzaj\u0105cy pochodzenie i proces produkcji ekologicznych kosmetyk\u00f3w organicznych.<\/p>","protected":false},"excerpt":{"rendered":"<p>Products of EST\u00ed are produced in France, at the western tip of Brittany \u2013 classed as a world Biosphere reserve by UNESCO, offer a wide range of marine cosmetics and\u00a0professional spa treatments with ESTi, exclusively designed to be used with NeoQi equipment in wellness centers, health centers, clinics, thalassotherapy centers, SPA-centers and beauty salons. EST\u00ed [&hellip;]<\/p>\n","protected":false},"author":1,"featured_media":0,"parent":2223,"menu_order":0,"comment_status":"closed","ping_status":"closed","template":"","meta":{"_acf_changed":false,"site-sidebar-layout":"default","site-content-layout":"","ast-site-content-layout":"default","site-content-style":"default","site-sidebar-style":"default","ast-global-header-display":"","ast-banner-title-visibility":"","ast-main-header-display":"","ast-hfb-above-header-display":"","ast-hfb-below-header-display":"","ast-hfb-mobile-header-display":"","site-post-title":"","ast-breadcrumbs-content":"","ast-featured-img":"","footer-sml-layout":"","ast-disable-related-posts":"","theme-transparent-header-meta":"default","adv-header-id-meta":"","stick-header-meta":"","header-above-stick-meta":"","header-main-stick-meta":"","header-below-stick-meta":"","astra-migrate-meta-layouts":"set","ast-page-background-enabled":"default","ast-page-background-meta":{"desktop":{"background-color":"var(--ast-global-color-4)","background-image":"","background-repeat":"repeat","background-position":"center center","background-size":"auto","background-attachment":"scroll","background-type":"","background-media":"","overlay-type":"","overlay-color":"","overlay-opacity":"","overlay-gradient":""},"tablet":{"background-color":"","background-image":"","background-repeat":"repeat","background-position":"center center","background-size":"auto","background-attachment":"scroll","background-type":"","background-media":"","overlay-type":"","overlay-color":"","overlay-opacity":"","overlay-gradient":""},"mobile":{"background-color":"","background-image":"","background-repeat":"repeat","background-position":"center center","background-size":"auto","background-attachment":"scroll","background-type":"","background-media":"","overlay-type":"","overlay-color":"","overlay-opacity":"","overlay-gradient":""}},"ast-content-background-meta":{"desktop":{"background-color":"var(--ast-global-color-5)","background-image":"","background-repeat":"repeat","background-position":"center center","background-size":"auto","background-attachment":"scroll","background-type":"","background-media":"","overlay-type":"","overlay-color":"","overlay-opacity":"","overlay-gradient":""},"tablet":{"background-color":"var(--ast-global-color-5)","background-image":"","background-repeat":"repeat","background-position":"center center","background-size":"auto","background-attachment":"scroll","background-type":"","background-media":"","overlay-type":"","overlay-color":"","overlay-opacity":"","overlay-gradient":""},"mobile":{"background-color":"var(--ast-global-color-5)","background-image":"","background-repeat":"repeat","background-position":"center center","background-size":"auto","background-attachment":"scroll","background-type":"","background-media":"","overlay-type":"","overlay-color":"","overlay-opacity":"","overlay-gradient":""}},"footnotes":""},"class_list":["post-2225","page","type-page","status-publish","hentry"],"acf":[],"yoast_head":"<!-- This site is optimized with the Yoast SEO plugin v27.4 - https:\/\/yoast.com\/product\/yoast-seo-wordpress\/ -->\n<title>About ESTi Marine Organic Cosmetics - NEOQI<\/title>\n<meta name=\"robots\" content=\"index, follow, max-snippet:-1, max-image-preview:large, max-video-preview:-1\" \/>\n<link rel=\"canonical\" href=\"https:\/\/neoqi.com\/pl\/cosmetics\/about-esti-marine-organic-cosmetics\/\" \/>\n<meta property=\"og:locale\" content=\"pl_PL\" \/>\n<meta property=\"og:type\" content=\"article\" \/>\n<meta property=\"og:title\" content=\"About ESTi Marine Organic Cosmetics - NEOQI\" \/>\n<meta property=\"og:description\" content=\"Products of EST\u00ed are produced in France, at the western tip of Brittany \u2013 classed as a world Biosphere reserve by UNESCO, offer a wide range of marine cosmetics and\u00a0professional spa treatments with ESTi, exclusively designed to be used with NeoQi equipment in wellness centers, health centers, clinics, thalassotherapy centers, SPA-centers and beauty salons. EST\u00ed [&hellip;]\" \/>\n<meta property=\"og:url\" content=\"https:\/\/neoqi.com\/pl\/cosmetics\/about-esti-marine-organic-cosmetics\/\" \/>\n<meta property=\"og:site_name\" content=\"NEOQI\" \/>\n<meta property=\"article:publisher\" content=\"https:\/\/www.facebook.com\/neoqi\/\" \/>\n<meta property=\"article:modified_time\" content=\"2024-09-07T10:06:41+00:00\" \/>\n<meta name=\"twitter:card\" content=\"summary_large_image\" \/>\n<meta name=\"twitter:label1\" content=\"Szacowany czas czytania\" \/>\n\t<meta name=\"twitter:data1\" content=\"7 minut\" \/>\n<script type=\"application\/ld+json\" class=\"yoast-schema-graph\">{\"@context\":\"https:\\\/\\\/schema.org\",\"@graph\":[{\"@type\":\"WebPage\",\"@id\":\"https:\\\/\\\/neoqi.com\\\/cosmetics\\\/about-esti-marine-organic-cosmetics\\\/\",\"url\":\"https:\\\/\\\/neoqi.com\\\/cosmetics\\\/about-esti-marine-organic-cosmetics\\\/\",\"name\":\"About ESTi Marine Organic Cosmetics - NEOQI\",\"isPartOf\":{\"@id\":\"https:\\\/\\\/neoqi.com\\\/#website\"},\"datePublished\":\"2024-09-06T21:17:14+00:00\",\"dateModified\":\"2024-09-07T10:06:41+00:00\",\"breadcrumb\":{\"@id\":\"https:\\\/\\\/neoqi.com\\\/cosmetics\\\/about-esti-marine-organic-cosmetics\\\/#breadcrumb\"},\"inLanguage\":\"pl-PL\",\"potentialAction\":[{\"@type\":\"ReadAction\",\"target\":[\"https:\\\/\\\/neoqi.com\\\/cosmetics\\\/about-esti-marine-organic-cosmetics\\\/\"]}]},{\"@type\":\"BreadcrumbList\",\"@id\":\"https:\\\/\\\/neoqi.com\\\/cosmetics\\\/about-esti-marine-organic-cosmetics\\\/#breadcrumb\",\"itemListElement\":[{\"@type\":\"ListItem\",\"position\":1,\"name\":\"Home\",\"item\":\"https:\\\/\\\/neoqi.com\\\/\"},{\"@type\":\"ListItem\",\"position\":2,\"name\":\"Cosmetics\",\"item\":\"https:\\\/\\\/neoqi.com\\\/cosmetics\\\/\"},{\"@type\":\"ListItem\",\"position\":3,\"name\":\"About ESTi Marine Organic Cosmetics\"}]},{\"@type\":\"WebSite\",\"@id\":\"https:\\\/\\\/neoqi.com\\\/#website\",\"url\":\"https:\\\/\\\/neoqi.com\\\/\",\"name\":\"NEOQI\",\"description\":\"Experience Ultimate Wellness and Relaxation with NeoQi Spa Capsule: Your Path to Rejuvenation\",\"publisher\":{\"@id\":\"https:\\\/\\\/neoqi.com\\\/#organization\"},\"potentialAction\":[{\"@type\":\"SearchAction\",\"target\":{\"@type\":\"EntryPoint\",\"urlTemplate\":\"https:\\\/\\\/neoqi.com\\\/?s={search_term_string}\"},\"query-input\":{\"@type\":\"PropertyValueSpecification\",\"valueRequired\":true,\"valueName\":\"search_term_string\"}}],\"inLanguage\":\"pl-PL\"},{\"@type\":\"Organization\",\"@id\":\"https:\\\/\\\/neoqi.com\\\/#organization\",\"name\":\"NEOQI\",\"url\":\"https:\\\/\\\/neoqi.com\\\/\",\"logo\":{\"@type\":\"ImageObject\",\"inLanguage\":\"pl-PL\",\"@id\":\"https:\\\/\\\/neoqi.com\\\/#\\\/schema\\\/logo\\\/image\\\/\",\"url\":\"https:\\\/\\\/neoqi.com\\\/wp-content\\\/uploads\\\/2024\\\/09\\\/logoneosvg.svg\",\"contentUrl\":\"https:\\\/\\\/neoqi.com\\\/wp-content\\\/uploads\\\/2024\\\/09\\\/logoneosvg.svg\",\"width\":1,\"height\":1,\"caption\":\"NEOQI\"},\"image\":{\"@id\":\"https:\\\/\\\/neoqi.com\\\/#\\\/schema\\\/logo\\\/image\\\/\"},\"sameAs\":[\"https:\\\/\\\/www.facebook.com\\\/neoqi\\\/\",\"https:\\\/\\\/www.instagram.com\\\/neoqi_com\\\/\"]}]}<\/script>\n<!-- \/ Yoast SEO plugin. -->","yoast_head_json":{"title":"About ESTi Marine Organic Cosmetics - NEOQI","robots":{"index":"index","follow":"follow","max-snippet":"max-snippet:-1","max-image-preview":"max-image-preview:large","max-video-preview":"max-video-preview:-1"},"canonical":"https:\/\/neoqi.com\/pl\/cosmetics\/about-esti-marine-organic-cosmetics\/","og_locale":"pl_PL","og_type":"article","og_title":"About ESTi Marine Organic Cosmetics - NEOQI","og_description":"Products of EST\u00ed are produced in France, at the western tip of Brittany \u2013 classed as a world Biosphere reserve by UNESCO, offer a wide range of marine cosmetics and\u00a0professional spa treatments with ESTi, exclusively designed to be used with NeoQi equipment in wellness centers, health centers, clinics, thalassotherapy centers, SPA-centers and beauty salons. EST\u00ed [&hellip;]","og_url":"https:\/\/neoqi.com\/pl\/cosmetics\/about-esti-marine-organic-cosmetics\/","og_site_name":"NEOQI","article_publisher":"https:\/\/www.facebook.com\/neoqi\/","article_modified_time":"2024-09-07T10:06:41+00:00","twitter_card":"summary_large_image","twitter_misc":{"Szacowany czas czytania":"7 minut"},"schema":{"@context":"https:\/\/schema.org","@graph":[{"@type":"WebPage","@id":"https:\/\/neoqi.com\/cosmetics\/about-esti-marine-organic-cosmetics\/","url":"https:\/\/neoqi.com\/cosmetics\/about-esti-marine-organic-cosmetics\/","name":"About ESTi Marine Organic Cosmetics - NEOQI","isPartOf":{"@id":"https:\/\/neoqi.com\/#website"},"datePublished":"2024-09-06T21:17:14+00:00","dateModified":"2024-09-07T10:06:41+00:00","breadcrumb":{"@id":"https:\/\/neoqi.com\/cosmetics\/about-esti-marine-organic-cosmetics\/#breadcrumb"},"inLanguage":"pl-PL","potentialAction":[{"@type":"ReadAction","target":["https:\/\/neoqi.com\/cosmetics\/about-esti-marine-organic-cosmetics\/"]}]},{"@type":"BreadcrumbList","@id":"https:\/\/neoqi.com\/cosmetics\/about-esti-marine-organic-cosmetics\/#breadcrumb","itemListElement":[{"@type":"ListItem","position":1,"name":"Home","item":"https:\/\/neoqi.com\/"},{"@type":"ListItem","position":2,"name":"Cosmetics","item":"https:\/\/neoqi.com\/cosmetics\/"},{"@type":"ListItem","position":3,"name":"About ESTi Marine Organic Cosmetics"}]},{"@type":"WebSite","@id":"https:\/\/neoqi.com\/#website","url":"https:\/\/neoqi.com\/","name":"NEOQI","description":"Do\u015bwiadcz doskona\u0142ego samopoczucia i relaksu z NeoQi Spa Capsule: Twoja droga do odm\u0142odzenia","publisher":{"@id":"https:\/\/neoqi.com\/#organization"},"potentialAction":[{"@type":"SearchAction","target":{"@type":"EntryPoint","urlTemplate":"https:\/\/neoqi.com\/?s={search_term_string}"},"query-input":{"@type":"PropertyValueSpecification","valueRequired":true,"valueName":"search_term_string"}}],"inLanguage":"pl-PL"},{"@type":"Organization","@id":"https:\/\/neoqi.com\/#organization","name":"NEOQI","url":"https:\/\/neoqi.com\/","logo":{"@type":"ImageObject","inLanguage":"pl-PL","@id":"https:\/\/neoqi.com\/#\/schema\/logo\/image\/","url":"https:\/\/neoqi.com\/wp-content\/uploads\/2024\/09\/logoneosvg.svg","contentUrl":"https:\/\/neoqi.com\/wp-content\/uploads\/2024\/09\/logoneosvg.svg","width":1,"height":1,"caption":"NEOQI"},"image":{"@id":"https:\/\/neoqi.com\/#\/schema\/logo\/image\/"},"sameAs":["https:\/\/www.facebook.com\/neoqi\/","https:\/\/www.instagram.com\/neoqi_com\/"]}]}},"_links":{"self":[{"href":"https:\/\/neoqi.com\/pl\/wp-json\/wp\/v2\/pages\/2225","targetHints":{"allow":["GET"]}}],"collection":[{"href":"https:\/\/neoqi.com\/pl\/wp-json\/wp\/v2\/pages"}],"about":[{"href":"https:\/\/neoqi.com\/pl\/wp-json\/wp\/v2\/types\/page"}],"author":[{"embeddable":true,"href":"https:\/\/neoqi.com\/pl\/wp-json\/wp\/v2\/users\/1"}],"replies":[{"embeddable":true,"href":"https:\/\/neoqi.com\/pl\/wp-json\/wp\/v2\/comments?post=2225"}],"version-history":[{"count":1,"href":"https:\/\/neoqi.com\/pl\/wp-json\/wp\/v2\/pages\/2225\/revisions"}],"predecessor-version":[{"id":2226,"href":"https:\/\/neoqi.com\/pl\/wp-json\/wp\/v2\/pages\/2225\/revisions\/2226"}],"up":[{"embeddable":true,"href":"https:\/\/neoqi.com\/pl\/wp-json\/wp\/v2\/pages\/2223"}],"wp:attachment":[{"href":"https:\/\/neoqi.com\/pl\/wp-json\/wp\/v2\/media?parent=2225"}],"curies":[{"name":"wp","href":"https:\/\/api.w.org\/{rel}","templated":true}]}}