{"id":2025,"date":"2024-09-07T02:06:07","date_gmt":"2024-09-06T23:06:07","guid":{"rendered":"http:\/\/neoqi.com\/?post_type=product&#038;p=2025"},"modified":"2024-12-03T18:37:36","modified_gmt":"2024-12-03T15:37:36","slug":"flamingo","status":"publish","type":"product","link":"https:\/\/neoqi.com\/pl\/produkt\/flamingo\/","title":{"rendered":"Flamingo"},"content":{"rendered":"<p><strong>G\u0142\u00f3wne zabiegi w NeoQi\u00ae Flamingo<\/strong><\/p>\n<p><strong>Zabiegi termiczne (sauna parowa i\/lub na podczerwie\u0144)<\/strong>. Kapsu\u0142a Flamingo SPA oferuje mo\u017cliwo\u015b\u0107 skorzystania z leczniczych w\u0142a\u015bciwo\u015bci termoterapii. Sauny parowe i na podczerwie\u0144 oddzia\u0142uj\u0105 na cia\u0142o \u0142agodnym ciep\u0142em, pieszcz\u0105c sk\u00f3r\u0119 ciep\u0142\u0105 mg\u0142\u0105 i dok\u0142adnie rozgrzewaj\u0105c ca\u0142e cia\u0142o. Sesja parowa pomaga osi\u0105gn\u0105\u0107 najlepsze rezultaty w piel\u0119gnacji sk\u00f3ry, dzi\u0119ki przenikaniu minera\u0142\u00f3w i witamin do g\u00f3rnych warstw sk\u00f3ry w\u0142a\u015bciwej. Ciep\u0142o podczerwieni uruchamia proces detoksykacji, \u0142agodzi b\u00f3l i napi\u0119cie mi\u0119\u015bni. Cia\u0142o g\u0142\u0119boko relaksuje si\u0119 w po\u0142\u0105czeniu komfortowej temperatury i wilgotno\u015bci. Kapsu\u0142a SPA Flamingo wykorzystuje lampy na podczerwie\u0144 nowej generacji - klient odczuwa przyjemne ciep\u0142o natychmiast po uruchomieniu funkcji.<\/p>\n<p><strong>Prysznic Vichy<\/strong>\/Prysznic r\u0119czny do cia\u0142a. Aby poszerzy\u0107 spektrum mo\u017cliwych zabieg\u00f3w, zwi\u0119kszyli\u015bmy pojemno\u015b\u0107 prysznica Vichy. Kokon jest wyposa\u017cony w prze\u0142\u0105cznik do regulacji temperatury i ci\u015bnienia prysznica Vichy. Specjalny system prysznicowy od\u015bwie\u017ca, orze\u017awia i ca\u0142kowicie relaksuje cia\u0142o. W zale\u017cno\u015bci od wybranego trybu mo\u017cna kszta\u0142towa\u0107 kontury cia\u0142a, rozpocz\u0105\u0107 proces odm\u0142adzania, leczy\u0107 cellulit i depresj\u0119 sezonow\u0105.<\/p>\n<p><strong>Masa\u017c olejowy<\/strong>. Ka\u017cdy rodzaj masa\u017cu mo\u017cna wykona\u0107 na wygodnym i ergonomicznym stole zabiegowym Flamingo cocoon.<\/p>\n<p><strong>Chromoterapia<\/strong>\u00a0- to doskona\u0142y spos\u00f3b, szczeg\u00f3lnie dla mieszka\u0144c\u00f3w kraj\u00f3w p\u00f3\u0142nocnych, na pozbycie si\u0119 sezonowej depresji. Surowy klimat i szara deszczowa pogoda pozostaj\u0105 poza kapsu\u0142\u0105 SPA. Dzi\u0119ki chromoterapii mo\u017cna si\u0119 zrelaksowa\u0107 i pozwoli\u0107 wyobra\u017ani przenie\u015b\u0107 si\u0119 do jasnych i ciep\u0142ych egzotycznych kraj\u00f3w, gdzie wszystko mieni si\u0119 kolorami i gdzie zawsze \u015bwieci s\u0142o\u0144ce, za kt\u00f3rym tak bardzo t\u0119sknimy.<\/p>\n<p><strong>Aromaterapia<\/strong>. \u015awie\u017ce i orze\u017awiaj\u0105ce zapachy cytrus\u00f3w, delikatne smaki lub koj\u0105ce aromaty - uzdrawiaj\u0105ce si\u0142y natury pomagaj\u0105 zwalcza\u0107 wiele chor\u00f3b cia\u0142a i duszy, daj\u0105c przyjemno\u015b\u0107, relaks, spok\u00f3j, a tak\u017ce pozytywnie wp\u0142ywaj\u0105c na og\u00f3lny stan zdrowia.<\/p>\n<p><a href=\"https:\/\/neoqi.com\/pl\/produkt\/energy-cocoons\/flamingo\/#tab-description\">Opis<\/a><\/p>\n<p>Opis<br \/>\nSauna na podczerwie\u0144<br \/>\nSauna parowa<br \/>\nTerapia aromatyczna<br \/>\nPrysznic Vichy<br \/>\nSt\u00f3\u0142 do obr\u00f3bki wibracyjnej<br \/>\nSystem kolorowych \u015bwiate\u0142<br \/>\nSystem muzyczny (MP3)<br \/>\nWentylator ch\u0142odz\u0105cy twarz<br \/>\nPrysznic r\u0119czny<\/p>\n<p>&nbsp;<\/p>","protected":false},"excerpt":{"rendered":"<p>Nazwa kokonu energetycznego Flamingo pochodzi od jego unikalnej konstrukcji kaptura, kt\u00f3ra pozwala na otwieranie eleganckich przezroczystych drzwi oddzielnie, zapewniaj\u0105c maksymalny komfort podczas zabiegu, zar\u00f3wno dla klienta, jak i terapeuty. Z otwartymi skrzyd\u0142ami kapsu\u0142a SPA przypomina pi\u0119knego i wdzi\u0119cznego ptaka flaminga.<\/p>\n<p>Indywidualnie dobrane programy s\u0105 kluczem do \u017cywych rezultat\u00f3w i pe\u0142nej satysfakcji z zabiegu. Po\u0142\u0105czenie klasycznych rytua\u0142\u00f3w SPA z funkcjami kokonu pozwala nam zaoferowa\u0107 naszym klientom najpopularniejsze i najskuteczniejsze programy zabieg\u00f3w odchudzaj\u0105cych, redukuj\u0105cych cellulit, modeluj\u0105cych sylwetk\u0119, relaksuj\u0105cych i odm\u0142adzaj\u0105cych.<\/p>\n<p>Kapsu\u0142a SPA Flamingo posiada szereg aktualizacji technicznych w chromoterapii, saunie na podczerwie\u0144 i systemach prysznicowych Vichy, dzi\u0119ki kt\u00f3rym mo\u017cna rozszerzy\u0107 zakres zabieg\u00f3w SPA, a tak\u017ce zmaksymalizowa\u0107 ich skuteczno\u015b\u0107. Pomimo swojej wszechstronno\u015bci, kapsu\u0142a SPA Flamingo jest bardzo \u0142atwa w u\u017cyciu.<\/p>","protected":false},"featured_media":2026,"comment_status":"open","ping_status":"closed","template":"","meta":{"_acf_changed":false,"site-sidebar-layout":"default","site-content-layout":"","ast-site-content-layout":"default","site-content-style":"default","site-sidebar-style":"default","ast-global-header-display":"","ast-banner-title-visibility":"","ast-main-header-display":"","ast-hfb-above-header-display":"","ast-hfb-below-header-display":"","ast-hfb-mobile-header-display":"","site-post-title":"","ast-breadcrumbs-content":"","ast-featured-img":"","footer-sml-layout":"","ast-disable-related-posts":"","theme-transparent-header-meta":"default","adv-header-id-meta":"","stick-header-meta":"","header-above-stick-meta":"","header-main-stick-meta":"","header-below-stick-meta":"","astra-migrate-meta-layouts":"set","ast-page-background-enabled":"default","ast-page-background-meta":{"desktop":{"background-color":"var(--ast-global-color-4)","background-image":"","background-repeat":"repeat","background-position":"center center","background-size":"auto","background-attachment":"scroll","background-type":"","background-media":"","overlay-type":"","overlay-color":"","overlay-opacity":"","overlay-gradient":""},"tablet":{"background-color":"","background-image":"","background-repeat":"repeat","background-position":"center center","background-size":"auto","background-attachment":"scroll","background-type":"","background-media":"","overlay-type":"","overlay-color":"","overlay-opacity":"","overlay-gradient":""},"mobile":{"background-color":"","background-image":"","background-repeat":"repeat","background-position":"center center","background-size":"auto","background-attachment":"scroll","background-type":"","background-media":"","overlay-type":"","overlay-color":"","overlay-opacity":"","overlay-gradient":""}},"ast-content-background-meta":{"desktop":{"background-color":"var(--ast-global-color-5)","background-image":"","background-repeat":"repeat","background-position":"center center","background-size":"auto","background-attachment":"scroll","background-type":"","background-media":"","overlay-type":"","overlay-color":"","overlay-opacity":"","overlay-gradient":""},"tablet":{"background-color":"var(--ast-global-color-5)","background-image":"","background-repeat":"repeat","background-position":"center center","background-size":"auto","background-attachment":"scroll","background-type":"","background-media":"","overlay-type":"","overlay-color":"","overlay-opacity":"","overlay-gradient":""},"mobile":{"background-color":"var(--ast-global-color-5)","background-image":"","background-repeat":"repeat","background-position":"center center","background-size":"auto","background-attachment":"scroll","background-type":"","background-media":"","overlay-type":"","overlay-color":"","overlay-opacity":"","overlay-gradient":""}}},"product_brand":[],"product_cat":[81,82],"product_tag":[],"class_list":{"0":"post-2025","1":"product","2":"type-product","3":"status-publish","4":"has-post-thumbnail","6":"product_cat-energy-cocoons","7":"product_cat-esthetical","8":"desktop-align-left","9":"tablet-align-left","10":"mobile-align-left","12":"first","13":"instock","14":"shipping-taxable","15":"product-type-simple"},"acf":[],"yoast_head":"<!-- This site is optimized with the Yoast SEO plugin v27.4 - https:\/\/yoast.com\/product\/yoast-seo-wordpress\/ -->\n<title>Flamingo - NEOQI<\/title>\n<meta name=\"robots\" content=\"index, follow, max-snippet:-1, max-image-preview:large, max-video-preview:-1\" \/>\n<link rel=\"canonical\" href=\"https:\/\/neoqi.com\/pl\/produkt\/flamingo\/\" \/>\n<meta property=\"og:locale\" content=\"pl_PL\" \/>\n<meta property=\"og:type\" content=\"article\" \/>\n<meta property=\"og:title\" content=\"Flamingo - NEOQI\" \/>\n<meta property=\"og:description\" content=\"The name of the Flamingo energy cocoon derives from its unique hood construction, which allows to open its elegant clear doors separately, ensuring the maximum comfort during the treatment, both for the client and the therapist. With its wings opened, the SPA-capsule resembles the beautiful and graceful flamingo bird.  Individually chosen programs are key to vivid results and complete satisfaction of the treatment. The combination of classic SPA rituals with the functions of the cocoon enables us to offer our customers the most popular and effective treatment programs for weight loss, cellulite reduction, body contours shaping, relaxation and rejuvenation.  The Flamingo SPA capsule has a number of technical updates in chromotherapy, infrared sauna and Vichy shower systems, through which you can extend the range of SPA treatments, as well as to maximize their effectiveness. Despite its versatility, the SPA-capsule Flamingo is very easy to use.\" \/>\n<meta property=\"og:url\" content=\"https:\/\/neoqi.com\/pl\/produkt\/flamingo\/\" \/>\n<meta property=\"og:site_name\" content=\"NEOQI\" \/>\n<meta property=\"article:publisher\" content=\"https:\/\/www.facebook.com\/neoqi\/\" \/>\n<meta property=\"article:modified_time\" content=\"2024-12-03T15:37:36+00:00\" \/>\n<meta property=\"og:image\" content=\"https:\/\/neoqi.com\/wp-content\/uploads\/2024\/09\/wellness_neoqi_Flamingo_53.jpg\" \/>\n\t<meta property=\"og:image:width\" content=\"1200\" \/>\n\t<meta property=\"og:image:height\" content=\"800\" \/>\n\t<meta property=\"og:image:type\" content=\"image\/jpeg\" \/>\n<meta name=\"twitter:card\" content=\"summary_large_image\" \/>\n<meta name=\"twitter:label1\" content=\"Szacowany czas czytania\" \/>\n\t<meta name=\"twitter:data1\" content=\"2 minuty\" \/>\n<script type=\"application\/ld+json\" class=\"yoast-schema-graph\">{\"@context\":\"https:\\\/\\\/schema.org\",\"@graph\":[{\"@type\":\"WebPage\",\"@id\":\"https:\\\/\\\/neoqi.com\\\/product\\\/flamingo\\\/\",\"url\":\"https:\\\/\\\/neoqi.com\\\/product\\\/flamingo\\\/\",\"name\":\"Flamingo - NEOQI\",\"isPartOf\":{\"@id\":\"https:\\\/\\\/neoqi.com\\\/#website\"},\"primaryImageOfPage\":{\"@id\":\"https:\\\/\\\/neoqi.com\\\/product\\\/flamingo\\\/#primaryimage\"},\"image\":{\"@id\":\"https:\\\/\\\/neoqi.com\\\/product\\\/flamingo\\\/#primaryimage\"},\"thumbnailUrl\":\"https:\\\/\\\/neoqi.com\\\/wp-content\\\/uploads\\\/2024\\\/09\\\/wellness_neoqi_Flamingo_53.jpg\",\"datePublished\":\"2024-09-06T23:06:07+00:00\",\"dateModified\":\"2024-12-03T15:37:36+00:00\",\"breadcrumb\":{\"@id\":\"https:\\\/\\\/neoqi.com\\\/product\\\/flamingo\\\/#breadcrumb\"},\"inLanguage\":\"pl-PL\",\"potentialAction\":[{\"@type\":\"ReadAction\",\"target\":[\"https:\\\/\\\/neoqi.com\\\/product\\\/flamingo\\\/\"]}]},{\"@type\":\"ImageObject\",\"inLanguage\":\"pl-PL\",\"@id\":\"https:\\\/\\\/neoqi.com\\\/product\\\/flamingo\\\/#primaryimage\",\"url\":\"https:\\\/\\\/neoqi.com\\\/wp-content\\\/uploads\\\/2024\\\/09\\\/wellness_neoqi_Flamingo_53.jpg\",\"contentUrl\":\"https:\\\/\\\/neoqi.com\\\/wp-content\\\/uploads\\\/2024\\\/09\\\/wellness_neoqi_Flamingo_53.jpg\",\"width\":1200,\"height\":800},{\"@type\":\"BreadcrumbList\",\"@id\":\"https:\\\/\\\/neoqi.com\\\/product\\\/flamingo\\\/#breadcrumb\",\"itemListElement\":[{\"@type\":\"ListItem\",\"position\":1,\"name\":\"Home\",\"item\":\"https:\\\/\\\/neoqi.com\\\/\"},{\"@type\":\"ListItem\",\"position\":2,\"name\":\"Catalog\",\"item\":\"https:\\\/\\\/neoqi.com\\\/it\\\/catalog\\\/\"},{\"@type\":\"ListItem\",\"position\":3,\"name\":\"Flamingo\"}]},{\"@type\":\"WebSite\",\"@id\":\"https:\\\/\\\/neoqi.com\\\/#website\",\"url\":\"https:\\\/\\\/neoqi.com\\\/\",\"name\":\"NEOQI\",\"description\":\"Experience Ultimate Wellness and Relaxation with NeoQi Spa Capsule: Your Path to Rejuvenation\",\"publisher\":{\"@id\":\"https:\\\/\\\/neoqi.com\\\/#organization\"},\"potentialAction\":[{\"@type\":\"SearchAction\",\"target\":{\"@type\":\"EntryPoint\",\"urlTemplate\":\"https:\\\/\\\/neoqi.com\\\/?s={search_term_string}\"},\"query-input\":{\"@type\":\"PropertyValueSpecification\",\"valueRequired\":true,\"valueName\":\"search_term_string\"}}],\"inLanguage\":\"pl-PL\"},{\"@type\":\"Organization\",\"@id\":\"https:\\\/\\\/neoqi.com\\\/#organization\",\"name\":\"NEOQI\",\"url\":\"https:\\\/\\\/neoqi.com\\\/\",\"logo\":{\"@type\":\"ImageObject\",\"inLanguage\":\"pl-PL\",\"@id\":\"https:\\\/\\\/neoqi.com\\\/#\\\/schema\\\/logo\\\/image\\\/\",\"url\":\"https:\\\/\\\/neoqi.com\\\/wp-content\\\/uploads\\\/2024\\\/09\\\/logoneosvg.svg\",\"contentUrl\":\"https:\\\/\\\/neoqi.com\\\/wp-content\\\/uploads\\\/2024\\\/09\\\/logoneosvg.svg\",\"width\":1,\"height\":1,\"caption\":\"NEOQI\"},\"image\":{\"@id\":\"https:\\\/\\\/neoqi.com\\\/#\\\/schema\\\/logo\\\/image\\\/\"},\"sameAs\":[\"https:\\\/\\\/www.facebook.com\\\/neoqi\\\/\",\"https:\\\/\\\/www.instagram.com\\\/neoqi_com\\\/\"]}]}<\/script>\n<!-- \/ Yoast SEO plugin. -->","yoast_head_json":{"title":"Flamingo - NEOQI","robots":{"index":"index","follow":"follow","max-snippet":"max-snippet:-1","max-image-preview":"max-image-preview:large","max-video-preview":"max-video-preview:-1"},"canonical":"https:\/\/neoqi.com\/pl\/produkt\/flamingo\/","og_locale":"pl_PL","og_type":"article","og_title":"Flamingo - NEOQI","og_description":"The name of the Flamingo energy cocoon derives from its unique hood construction, which allows to open its elegant clear doors separately, ensuring the maximum comfort during the treatment, both for the client and the therapist. With its wings opened, the SPA-capsule resembles the beautiful and graceful flamingo bird.  Individually chosen programs are key to vivid results and complete satisfaction of the treatment. The combination of classic SPA rituals with the functions of the cocoon enables us to offer our customers the most popular and effective treatment programs for weight loss, cellulite reduction, body contours shaping, relaxation and rejuvenation.  The Flamingo SPA capsule has a number of technical updates in chromotherapy, infrared sauna and Vichy shower systems, through which you can extend the range of SPA treatments, as well as to maximize their effectiveness. Despite its versatility, the SPA-capsule Flamingo is very easy to use.","og_url":"https:\/\/neoqi.com\/pl\/produkt\/flamingo\/","og_site_name":"NEOQI","article_publisher":"https:\/\/www.facebook.com\/neoqi\/","article_modified_time":"2024-12-03T15:37:36+00:00","og_image":[{"width":1200,"height":800,"url":"https:\/\/neoqi.com\/wp-content\/uploads\/2024\/09\/wellness_neoqi_Flamingo_53.jpg","type":"image\/jpeg"}],"twitter_card":"summary_large_image","twitter_misc":{"Szacowany czas czytania":"2 minuty"},"schema":{"@context":"https:\/\/schema.org","@graph":[{"@type":"WebPage","@id":"https:\/\/neoqi.com\/product\/flamingo\/","url":"https:\/\/neoqi.com\/product\/flamingo\/","name":"Flamingo - NEOQI","isPartOf":{"@id":"https:\/\/neoqi.com\/#website"},"primaryImageOfPage":{"@id":"https:\/\/neoqi.com\/product\/flamingo\/#primaryimage"},"image":{"@id":"https:\/\/neoqi.com\/product\/flamingo\/#primaryimage"},"thumbnailUrl":"https:\/\/neoqi.com\/wp-content\/uploads\/2024\/09\/wellness_neoqi_Flamingo_53.jpg","datePublished":"2024-09-06T23:06:07+00:00","dateModified":"2024-12-03T15:37:36+00:00","breadcrumb":{"@id":"https:\/\/neoqi.com\/product\/flamingo\/#breadcrumb"},"inLanguage":"pl-PL","potentialAction":[{"@type":"ReadAction","target":["https:\/\/neoqi.com\/product\/flamingo\/"]}]},{"@type":"ImageObject","inLanguage":"pl-PL","@id":"https:\/\/neoqi.com\/product\/flamingo\/#primaryimage","url":"https:\/\/neoqi.com\/wp-content\/uploads\/2024\/09\/wellness_neoqi_Flamingo_53.jpg","contentUrl":"https:\/\/neoqi.com\/wp-content\/uploads\/2024\/09\/wellness_neoqi_Flamingo_53.jpg","width":1200,"height":800},{"@type":"BreadcrumbList","@id":"https:\/\/neoqi.com\/product\/flamingo\/#breadcrumb","itemListElement":[{"@type":"ListItem","position":1,"name":"Home","item":"https:\/\/neoqi.com\/"},{"@type":"ListItem","position":2,"name":"Catalog","item":"https:\/\/neoqi.com\/it\/catalog\/"},{"@type":"ListItem","position":3,"name":"Flamingo"}]},{"@type":"WebSite","@id":"https:\/\/neoqi.com\/#website","url":"https:\/\/neoqi.com\/","name":"NEOQI","description":"Do\u015bwiadcz doskona\u0142ego samopoczucia i relaksu z NeoQi Spa Capsule: Twoja droga do odm\u0142odzenia","publisher":{"@id":"https:\/\/neoqi.com\/#organization"},"potentialAction":[{"@type":"SearchAction","target":{"@type":"EntryPoint","urlTemplate":"https:\/\/neoqi.com\/?s={search_term_string}"},"query-input":{"@type":"PropertyValueSpecification","valueRequired":true,"valueName":"search_term_string"}}],"inLanguage":"pl-PL"},{"@type":"Organization","@id":"https:\/\/neoqi.com\/#organization","name":"NEOQI","url":"https:\/\/neoqi.com\/","logo":{"@type":"ImageObject","inLanguage":"pl-PL","@id":"https:\/\/neoqi.com\/#\/schema\/logo\/image\/","url":"https:\/\/neoqi.com\/wp-content\/uploads\/2024\/09\/logoneosvg.svg","contentUrl":"https:\/\/neoqi.com\/wp-content\/uploads\/2024\/09\/logoneosvg.svg","width":1,"height":1,"caption":"NEOQI"},"image":{"@id":"https:\/\/neoqi.com\/#\/schema\/logo\/image\/"},"sameAs":["https:\/\/www.facebook.com\/neoqi\/","https:\/\/www.instagram.com\/neoqi_com\/"]}]}},"_links":{"self":[{"href":"https:\/\/neoqi.com\/pl\/wp-json\/wp\/v2\/product\/2025","targetHints":{"allow":["GET"]}}],"collection":[{"href":"https:\/\/neoqi.com\/pl\/wp-json\/wp\/v2\/product"}],"about":[{"href":"https:\/\/neoqi.com\/pl\/wp-json\/wp\/v2\/types\/product"}],"replies":[{"embeddable":true,"href":"https:\/\/neoqi.com\/pl\/wp-json\/wp\/v2\/comments?post=2025"}],"wp:featuredmedia":[{"embeddable":true,"href":"https:\/\/neoqi.com\/pl\/wp-json\/wp\/v2\/media\/2026"}],"wp:attachment":[{"href":"https:\/\/neoqi.com\/pl\/wp-json\/wp\/v2\/media?parent=2025"}],"wp:term":[{"taxonomy":"product_brand","embeddable":true,"href":"https:\/\/neoqi.com\/pl\/wp-json\/wp\/v2\/product_brand?post=2025"},{"taxonomy":"product_cat","embeddable":true,"href":"https:\/\/neoqi.com\/pl\/wp-json\/wp\/v2\/product_cat?post=2025"},{"taxonomy":"product_tag","embeddable":true,"href":"https:\/\/neoqi.com\/pl\/wp-json\/wp\/v2\/product_tag?post=2025"}],"curies":[{"name":"wp","href":"https:\/\/api.w.org\/{rel}","templated":true}]}}