{"id":2037,"date":"2024-09-06T01:11:17","date_gmt":"2024-09-05T22:11:17","guid":{"rendered":"http:\/\/neoqi.com\/?post_type=product&#038;p=2037"},"modified":"2024-12-03T18:34:03","modified_gmt":"2024-12-03T15:34:03","slug":"mediq","status":"publish","type":"product","link":"https:\/\/neoqi.com\/pl\/produkt\/mediq\/","title":{"rendered":"Mediq"},"content":{"rendered":"<p><strong>G\u0142\u00f3wne zabiegi w NeoQi\u00ae Mediq<\/strong><\/p>\n<p><strong>Zabiegi termiczne (sauna parowa i\/lub na podczerwie\u0144).<\/strong> Sauna parowa. Delikatna ciep\u0142a mgie\u0142ka lekko otula cia\u0142o wilgoci\u0105, rozpoczynaj\u0105c proces detoksykacji, poprawiaj\u0105c kr\u0105\u017cenie krwi i promuj\u0105c wch\u0142anianie najcenniejszych witamin i minera\u0142\u00f3w do g\u00f3rnych warstw sk\u00f3ry w\u0142a\u015bciwej.<\/p>\n<p><strong>Sauna na podczerwie\u0144.<\/strong> Jedna z najskuteczniejszych metod termoterapii. Fale cieplne wnikaj\u0105 g\u0142\u0119boko w cia\u0142o, ogrzewaj\u0105c je w najbardziej komfortowych warunkach. Promienie podczerwone rozlu\u017aniaj\u0105 mi\u0119\u015bnie, pomagaj\u0105 skutecznie pozby\u0107 si\u0119 nadwagi i stanowi\u0105 doskona\u0142y \u015brodek profilaktyczny przeciwko chorobom uk\u0142adu kr\u0105\u017cenia i g\u00f3rnych dr\u00f3g oddechowych.<br \/>\nPrysznic Vichy. Leczniczy prysznic Vichy jest s\u0142usznie uwa\u017cany za jeden z najlepszych zabieg\u00f3w hydroterapii. Ulewa kropelek wody uderza w cia\u0142o, zapewniaj\u0105c masa\u017c problematycznych obszar\u00f3w, koryguj\u0105c kszta\u0142t cia\u0142a i \u0142agodz\u0105c napi\u0119cie mi\u0119\u015bni. W zale\u017cno\u015bci od wybranego trybu prysznica Vichy, mo\u017cliwe jest stymulowanie odm\u0142adzania, leczenie cellulitu i depresji sezonowych.<\/p>\n<p><strong>Zabieg hydroterapii z masa\u017cem wodnym i powietrznym w wannie z hydromasa\u017cem.<\/strong> Kolejna skuteczna metoda wykorzystania leczniczych w\u0142a\u015bciwo\u015bci wody. Silne i sztywne strumienie wody bezbole\u015bnie masuj\u0105 problematyczne obszary, przywracaj\u0105c sk\u00f3rze elastyczno\u015b\u0107, mi\u0119kko\u015b\u0107 i spr\u0119\u017cysto\u015b\u0107. Tysi\u0105ce drobnych p\u0119cherzyk\u00f3w powietrza koj\u0105 sk\u00f3r\u0119, uspokajaj\u0105c uk\u0142ad nerwowy, \u0142agodz\u0105c b\u00f3l i napi\u0119cie mi\u0119\u015bni.<\/p>\n<p><strong>Peeling ca\u0142ego cia\u0142a.<\/strong> Ten rytua\u0142 spa zapewnia od\u017cywienie, nawil\u017cenie i popraw\u0119 elastyczno\u015bci sk\u00f3ry. Zastosowanie r\u00f3\u017cnorodnych kosmetyk\u00f3w otwiera przed specjalistami nieograniczone mo\u017cliwo\u015bci terapeutyczne. Ekstrakty z mango i papai przenios\u0105 klienta w gor\u0105ce tropiki, a mieszanka orientalnych przypraw zanurzy go w tajemniczym \u015bwiecie marze\u0144 i fantazji.<\/p>\n<p><strong>Ok\u0142ad ca\u0142ego cia\u0142a z u\u017cyciem masek kosmetycznych.<\/strong> Przyjemny i skuteczny zabieg, maj\u0105cy na celu o\u017cywienie, a tak\u017ce rozwi\u0105zanie problem\u00f3w kosmetycznych i komplikacji zdrowotnych. Zaledwie kilka zabieg\u00f3w w ci\u0105gu roku pomo\u017ce zapobiec ponownemu pojawieniu si\u0119 cellulitu, utrzymuj\u0105c sk\u00f3r\u0119 spr\u0119\u017cyst\u0105, l\u015bni\u0105c\u0105 i zdrow\u0105.<\/p>\n<p><strong>Masa\u017c olejowy.<\/strong> Jeden z najlepszych sposob\u00f3w na relaks i popraw\u0119 zdrowia. Ergonomiczne \u0142\u00f3\u017cko i specjalna konstrukcja kapsu\u0142y pozwalaj\u0105 terapeucie wykonywa\u0107 ka\u017cdy rodzaj masa\u017cu z maksymalnym komfortem.<\/p>\n<p><strong>Twarz podczas zabiegu na cia\u0142o.<\/strong> Podczas sesji terapeuta mo\u017ce przeprowadzi\u0107 niezb\u0119dny zabieg na sk\u00f3r\u0119 twarzy. Uzupe\u0142nij program kapsu\u0142y spa o przyjemne i zdrowe zabiegi.<\/p>\n<p><strong>R\u0119czna dysza do masa\u017cu podwodnego.<\/strong> Hydromasa\u017c wykorzystuj\u0105cy ukierunkowany przep\u0142yw wody pomaga poprawi\u0107 stan sk\u00f3ry, powierzchniowych warstw mi\u0119\u015bni i narz\u0105d\u00f3w wewn\u0119trznych. Zabieg jest zar\u00f3wno relaksuj\u0105cy, jak i pobudzaj\u0105cy. Po\u0142\u0105czone programy kapsu\u0142y spa Harmony Mediq stanowi\u0105 kompleksowy kompleks fizjoterapeutyczny, umo\u017cliwiaj\u0105cy przeprowadzenie uniwersalnego zestawu zabieg\u00f3w estetycznych i poprawiaj\u0105cych zdrowie. Szeroki zakres funkcji pozwala na komponowanie unikalnych indywidualnych program\u00f3w, w oparciu o potrzeby klient\u00f3w.<\/p>\n<p><strong>Podsumowanie:<\/strong><\/p>\n<p>Sauna na podczerwie\u0144<br \/>\nSauna parowa<br \/>\nTerapia aromatyczna<br \/>\nPrysznic Vichy<br \/>\nSt\u00f3\u0142 do obr\u00f3bki wibracyjnej<br \/>\nSystem kolorowych \u015bwiate\u0142<br \/>\nHydromasa\u017c<br \/>\nMasa\u017c b\u0105belkami powietrza<br \/>\nR\u0119czna dysza do masa\u017cu wodnego<br \/>\nSystem muzyczny (MP3)<br \/>\nWentylator ch\u0142odz\u0105cy twarz<br \/>\nPrysznic r\u0119czny<br \/>\nSystem czyszczenia ozonatora<br \/>\n6 dysz bocznych<br \/>\n8 dysz do masa\u017cu plec\u00f3w<br \/>\n2 dysze do st\u00f3p<br \/>\n10 dolnych dysz powietrznych<br \/>\nSzybkie nape\u0142nianie i odprowadzanie wody<\/p>","protected":false},"excerpt":{"rendered":"<p>Harmony Mediq to wielofunkcyjna kapsu\u0142a spa klasy luksusowej. R\u00f3\u017cnorodno\u015b\u0107 program\u00f3w zamienia energetyczny kokon w unikalny i wszechstronny kompleks fizjoterapeutyczny. Po\u0142\u0105czenie klasycznych technologii hydrofuzji i hydroterapii z metodami chromo- i aromaterapii ma na celu szybk\u0105 i skuteczn\u0105 popraw\u0119 zdrowia, o\u017cywienie i pe\u0142ne odpr\u0119\u017cenie cia\u0142a.<\/p>\n<p>Kapsu\u0142a spa Harmony Mediq to innowacyjne i kompleksowe podej\u015bcie do zdrowego stylu \u017cycia. Kapsu\u0142a jest przeznaczona do zabieg\u00f3w odchudzaj\u0105cych, redukuj\u0105cych cellulit i poprawiaj\u0105cych koloryt sk\u00f3ry, a tak\u017ce do g\u0142\u0119bokiego relaksu, regeneracji po urazach fizycznych i zapobiegania r\u00f3\u017cnym chorobom. Ze wzgl\u0119du na wszechstronno\u015b\u0107 oferowanych funkcji, kapsu\u0142a spa Harmony Mediq nadaje si\u0119 do salon\u00f3w spa, o\u015brodk\u00f3w sportowych, medycznych i rehabilitacyjnych.<\/p>\n<p>Przemy\u015blana konstrukcja, powi\u0119kszone i wyd\u0142u\u017cone ergonomiczne \u0142\u00f3\u017cko pozwalaj\u0105 klientowi wygodnie le\u017ce\u0107 w kapsule, zapewniaj\u0105c swobodny dost\u0119p terapeuty do obu stron kokonu energetycznego.<\/p>","protected":false},"featured_media":2038,"comment_status":"open","ping_status":"closed","template":"","meta":{"_acf_changed":false,"site-sidebar-layout":"default","site-content-layout":"","ast-site-content-layout":"default","site-content-style":"default","site-sidebar-style":"default","ast-global-header-display":"","ast-banner-title-visibility":"","ast-main-header-display":"","ast-hfb-above-header-display":"","ast-hfb-below-header-display":"","ast-hfb-mobile-header-display":"","site-post-title":"","ast-breadcrumbs-content":"","ast-featured-img":"","footer-sml-layout":"","ast-disable-related-posts":"","theme-transparent-header-meta":"default","adv-header-id-meta":"","stick-header-meta":"","header-above-stick-meta":"","header-main-stick-meta":"","header-below-stick-meta":"","astra-migrate-meta-layouts":"set","ast-page-background-enabled":"default","ast-page-background-meta":{"desktop":{"background-color":"var(--ast-global-color-4)","background-image":"","background-repeat":"repeat","background-position":"center center","background-size":"auto","background-attachment":"scroll","background-type":"","background-media":"","overlay-type":"","overlay-color":"","overlay-opacity":"","overlay-gradient":""},"tablet":{"background-color":"","background-image":"","background-repeat":"repeat","background-position":"center center","background-size":"auto","background-attachment":"scroll","background-type":"","background-media":"","overlay-type":"","overlay-color":"","overlay-opacity":"","overlay-gradient":""},"mobile":{"background-color":"","background-image":"","background-repeat":"repeat","background-position":"center center","background-size":"auto","background-attachment":"scroll","background-type":"","background-media":"","overlay-type":"","overlay-color":"","overlay-opacity":"","overlay-gradient":""}},"ast-content-background-meta":{"desktop":{"background-color":"var(--ast-global-color-5)","background-image":"","background-repeat":"repeat","background-position":"center center","background-size":"auto","background-attachment":"scroll","background-type":"","background-media":"","overlay-type":"","overlay-color":"","overlay-opacity":"","overlay-gradient":""},"tablet":{"background-color":"var(--ast-global-color-5)","background-image":"","background-repeat":"repeat","background-position":"center center","background-size":"auto","background-attachment":"scroll","background-type":"","background-media":"","overlay-type":"","overlay-color":"","overlay-opacity":"","overlay-gradient":""},"mobile":{"background-color":"var(--ast-global-color-5)","background-image":"","background-repeat":"repeat","background-position":"center center","background-size":"auto","background-attachment":"scroll","background-type":"","background-media":"","overlay-type":"","overlay-color":"","overlay-opacity":"","overlay-gradient":""}}},"product_brand":[],"product_cat":[81,85],"product_tag":[],"class_list":{"0":"post-2037","1":"product","2":"type-product","3":"status-publish","4":"has-post-thumbnail","6":"product_cat-energy-cocoons","7":"product_cat-medical","8":"desktop-align-left","9":"tablet-align-left","10":"mobile-align-left","12":"first","13":"instock","14":"shipping-taxable","15":"product-type-simple"},"acf":[],"yoast_head":"<!-- This site is optimized with the Yoast SEO plugin v27.4 - https:\/\/yoast.com\/product\/yoast-seo-wordpress\/ -->\n<title>Mediq - NEOQI<\/title>\n<meta name=\"robots\" content=\"index, follow, max-snippet:-1, max-image-preview:large, max-video-preview:-1\" \/>\n<link rel=\"canonical\" href=\"https:\/\/neoqi.com\/pl\/produkt\/mediq\/\" \/>\n<meta property=\"og:locale\" content=\"pl_PL\" \/>\n<meta property=\"og:type\" content=\"article\" \/>\n<meta property=\"og:title\" content=\"Mediq - NEOQI\" \/>\n<meta property=\"og:description\" content=\"Harmony Mediq is a multifunctional luxury class spa capsule. The variety of programs turns the energy cocoon into a unique and versatile physiotherapeutic complex. The combination of classical hydrofusion and hydrotherapy technologies with chromo- and aromatherapy methods are aimed at a quick and effective health improvement, reinvigoration and full body relaxation.  The Harmony Mediq spa capsule is an innovative and all-inclusive approach to a healthy lifestyle. The capsule is designated for weight loss, cellulite reduction and skin tone enhancement treatments, as well as deep relaxation, physical trauma recovery and various disease prevention. Owing to the versatility of the provided functions, the Harmony Mediq spa capsule is suitable for spa salons, sports, medical and rehabilitation centers.  A thought-out design, an enlarged and elongated ergonomic bed allow the client to lie comfortably within the capsule, ensuring free access of the therapist to both sides of the energy cocoon.\" \/>\n<meta property=\"og:url\" content=\"https:\/\/neoqi.com\/pl\/produkt\/mediq\/\" \/>\n<meta property=\"og:site_name\" content=\"NEOQI\" \/>\n<meta property=\"article:publisher\" content=\"https:\/\/www.facebook.com\/neoqi\/\" \/>\n<meta property=\"article:modified_time\" content=\"2024-12-03T15:34:03+00:00\" \/>\n<meta property=\"og:image\" content=\"https:\/\/neoqi.com\/wp-content\/uploads\/2024\/09\/wellness_neoqi_Mediq_71.jpg\" \/>\n\t<meta property=\"og:image:width\" content=\"1200\" \/>\n\t<meta property=\"og:image:height\" content=\"800\" \/>\n\t<meta property=\"og:image:type\" content=\"image\/jpeg\" \/>\n<meta name=\"twitter:card\" content=\"summary_large_image\" \/>\n<meta name=\"twitter:label1\" content=\"Szacowany czas czytania\" \/>\n\t<meta name=\"twitter:data1\" content=\"2 minuty\" \/>\n<script type=\"application\/ld+json\" class=\"yoast-schema-graph\">{\"@context\":\"https:\\\/\\\/schema.org\",\"@graph\":[{\"@type\":\"WebPage\",\"@id\":\"https:\\\/\\\/neoqi.com\\\/product\\\/mediq\\\/\",\"url\":\"https:\\\/\\\/neoqi.com\\\/product\\\/mediq\\\/\",\"name\":\"Mediq - NEOQI\",\"isPartOf\":{\"@id\":\"https:\\\/\\\/neoqi.com\\\/#website\"},\"primaryImageOfPage\":{\"@id\":\"https:\\\/\\\/neoqi.com\\\/product\\\/mediq\\\/#primaryimage\"},\"image\":{\"@id\":\"https:\\\/\\\/neoqi.com\\\/product\\\/mediq\\\/#primaryimage\"},\"thumbnailUrl\":\"https:\\\/\\\/neoqi.com\\\/wp-content\\\/uploads\\\/2024\\\/09\\\/wellness_neoqi_Mediq_71.jpg\",\"datePublished\":\"2024-09-05T22:11:17+00:00\",\"dateModified\":\"2024-12-03T15:34:03+00:00\",\"breadcrumb\":{\"@id\":\"https:\\\/\\\/neoqi.com\\\/product\\\/mediq\\\/#breadcrumb\"},\"inLanguage\":\"pl-PL\",\"potentialAction\":[{\"@type\":\"ReadAction\",\"target\":[\"https:\\\/\\\/neoqi.com\\\/product\\\/mediq\\\/\"]}]},{\"@type\":\"ImageObject\",\"inLanguage\":\"pl-PL\",\"@id\":\"https:\\\/\\\/neoqi.com\\\/product\\\/mediq\\\/#primaryimage\",\"url\":\"https:\\\/\\\/neoqi.com\\\/wp-content\\\/uploads\\\/2024\\\/09\\\/wellness_neoqi_Mediq_71.jpg\",\"contentUrl\":\"https:\\\/\\\/neoqi.com\\\/wp-content\\\/uploads\\\/2024\\\/09\\\/wellness_neoqi_Mediq_71.jpg\",\"width\":1200,\"height\":800},{\"@type\":\"BreadcrumbList\",\"@id\":\"https:\\\/\\\/neoqi.com\\\/product\\\/mediq\\\/#breadcrumb\",\"itemListElement\":[{\"@type\":\"ListItem\",\"position\":1,\"name\":\"Home\",\"item\":\"https:\\\/\\\/neoqi.com\\\/\"},{\"@type\":\"ListItem\",\"position\":2,\"name\":\"Catalog\",\"item\":\"https:\\\/\\\/neoqi.com\\\/it\\\/catalog\\\/\"},{\"@type\":\"ListItem\",\"position\":3,\"name\":\"Mediq\"}]},{\"@type\":\"WebSite\",\"@id\":\"https:\\\/\\\/neoqi.com\\\/#website\",\"url\":\"https:\\\/\\\/neoqi.com\\\/\",\"name\":\"NEOQI\",\"description\":\"Experience Ultimate Wellness and Relaxation with NeoQi Spa Capsule: Your Path to Rejuvenation\",\"publisher\":{\"@id\":\"https:\\\/\\\/neoqi.com\\\/#organization\"},\"potentialAction\":[{\"@type\":\"SearchAction\",\"target\":{\"@type\":\"EntryPoint\",\"urlTemplate\":\"https:\\\/\\\/neoqi.com\\\/?s={search_term_string}\"},\"query-input\":{\"@type\":\"PropertyValueSpecification\",\"valueRequired\":true,\"valueName\":\"search_term_string\"}}],\"inLanguage\":\"pl-PL\"},{\"@type\":\"Organization\",\"@id\":\"https:\\\/\\\/neoqi.com\\\/#organization\",\"name\":\"NEOQI\",\"url\":\"https:\\\/\\\/neoqi.com\\\/\",\"logo\":{\"@type\":\"ImageObject\",\"inLanguage\":\"pl-PL\",\"@id\":\"https:\\\/\\\/neoqi.com\\\/#\\\/schema\\\/logo\\\/image\\\/\",\"url\":\"https:\\\/\\\/neoqi.com\\\/wp-content\\\/uploads\\\/2024\\\/09\\\/logoneosvg.svg\",\"contentUrl\":\"https:\\\/\\\/neoqi.com\\\/wp-content\\\/uploads\\\/2024\\\/09\\\/logoneosvg.svg\",\"width\":1,\"height\":1,\"caption\":\"NEOQI\"},\"image\":{\"@id\":\"https:\\\/\\\/neoqi.com\\\/#\\\/schema\\\/logo\\\/image\\\/\"},\"sameAs\":[\"https:\\\/\\\/www.facebook.com\\\/neoqi\\\/\",\"https:\\\/\\\/www.instagram.com\\\/neoqi_com\\\/\"]}]}<\/script>\n<!-- \/ Yoast SEO plugin. -->","yoast_head_json":{"title":"Mediq - NEOQI","robots":{"index":"index","follow":"follow","max-snippet":"max-snippet:-1","max-image-preview":"max-image-preview:large","max-video-preview":"max-video-preview:-1"},"canonical":"https:\/\/neoqi.com\/pl\/produkt\/mediq\/","og_locale":"pl_PL","og_type":"article","og_title":"Mediq - NEOQI","og_description":"Harmony Mediq is a multifunctional luxury class spa capsule. The variety of programs turns the energy cocoon into a unique and versatile physiotherapeutic complex. The combination of classical hydrofusion and hydrotherapy technologies with chromo- and aromatherapy methods are aimed at a quick and effective health improvement, reinvigoration and full body relaxation.  The Harmony Mediq spa capsule is an innovative and all-inclusive approach to a healthy lifestyle. The capsule is designated for weight loss, cellulite reduction and skin tone enhancement treatments, as well as deep relaxation, physical trauma recovery and various disease prevention. Owing to the versatility of the provided functions, the Harmony Mediq spa capsule is suitable for spa salons, sports, medical and rehabilitation centers.  A thought-out design, an enlarged and elongated ergonomic bed allow the client to lie comfortably within the capsule, ensuring free access of the therapist to both sides of the energy cocoon.","og_url":"https:\/\/neoqi.com\/pl\/produkt\/mediq\/","og_site_name":"NEOQI","article_publisher":"https:\/\/www.facebook.com\/neoqi\/","article_modified_time":"2024-12-03T15:34:03+00:00","og_image":[{"width":1200,"height":800,"url":"https:\/\/neoqi.com\/wp-content\/uploads\/2024\/09\/wellness_neoqi_Mediq_71.jpg","type":"image\/jpeg"}],"twitter_card":"summary_large_image","twitter_misc":{"Szacowany czas czytania":"2 minuty"},"schema":{"@context":"https:\/\/schema.org","@graph":[{"@type":"WebPage","@id":"https:\/\/neoqi.com\/product\/mediq\/","url":"https:\/\/neoqi.com\/product\/mediq\/","name":"Mediq - NEOQI","isPartOf":{"@id":"https:\/\/neoqi.com\/#website"},"primaryImageOfPage":{"@id":"https:\/\/neoqi.com\/product\/mediq\/#primaryimage"},"image":{"@id":"https:\/\/neoqi.com\/product\/mediq\/#primaryimage"},"thumbnailUrl":"https:\/\/neoqi.com\/wp-content\/uploads\/2024\/09\/wellness_neoqi_Mediq_71.jpg","datePublished":"2024-09-05T22:11:17+00:00","dateModified":"2024-12-03T15:34:03+00:00","breadcrumb":{"@id":"https:\/\/neoqi.com\/product\/mediq\/#breadcrumb"},"inLanguage":"pl-PL","potentialAction":[{"@type":"ReadAction","target":["https:\/\/neoqi.com\/product\/mediq\/"]}]},{"@type":"ImageObject","inLanguage":"pl-PL","@id":"https:\/\/neoqi.com\/product\/mediq\/#primaryimage","url":"https:\/\/neoqi.com\/wp-content\/uploads\/2024\/09\/wellness_neoqi_Mediq_71.jpg","contentUrl":"https:\/\/neoqi.com\/wp-content\/uploads\/2024\/09\/wellness_neoqi_Mediq_71.jpg","width":1200,"height":800},{"@type":"BreadcrumbList","@id":"https:\/\/neoqi.com\/product\/mediq\/#breadcrumb","itemListElement":[{"@type":"ListItem","position":1,"name":"Home","item":"https:\/\/neoqi.com\/"},{"@type":"ListItem","position":2,"name":"Catalog","item":"https:\/\/neoqi.com\/it\/catalog\/"},{"@type":"ListItem","position":3,"name":"Mediq"}]},{"@type":"WebSite","@id":"https:\/\/neoqi.com\/#website","url":"https:\/\/neoqi.com\/","name":"NEOQI","description":"Do\u015bwiadcz doskona\u0142ego samopoczucia i relaksu z NeoQi Spa Capsule: Twoja droga do odm\u0142odzenia","publisher":{"@id":"https:\/\/neoqi.com\/#organization"},"potentialAction":[{"@type":"SearchAction","target":{"@type":"EntryPoint","urlTemplate":"https:\/\/neoqi.com\/?s={search_term_string}"},"query-input":{"@type":"PropertyValueSpecification","valueRequired":true,"valueName":"search_term_string"}}],"inLanguage":"pl-PL"},{"@type":"Organization","@id":"https:\/\/neoqi.com\/#organization","name":"NEOQI","url":"https:\/\/neoqi.com\/","logo":{"@type":"ImageObject","inLanguage":"pl-PL","@id":"https:\/\/neoqi.com\/#\/schema\/logo\/image\/","url":"https:\/\/neoqi.com\/wp-content\/uploads\/2024\/09\/logoneosvg.svg","contentUrl":"https:\/\/neoqi.com\/wp-content\/uploads\/2024\/09\/logoneosvg.svg","width":1,"height":1,"caption":"NEOQI"},"image":{"@id":"https:\/\/neoqi.com\/#\/schema\/logo\/image\/"},"sameAs":["https:\/\/www.facebook.com\/neoqi\/","https:\/\/www.instagram.com\/neoqi_com\/"]}]}},"_links":{"self":[{"href":"https:\/\/neoqi.com\/pl\/wp-json\/wp\/v2\/product\/2037","targetHints":{"allow":["GET"]}}],"collection":[{"href":"https:\/\/neoqi.com\/pl\/wp-json\/wp\/v2\/product"}],"about":[{"href":"https:\/\/neoqi.com\/pl\/wp-json\/wp\/v2\/types\/product"}],"replies":[{"embeddable":true,"href":"https:\/\/neoqi.com\/pl\/wp-json\/wp\/v2\/comments?post=2037"}],"wp:featuredmedia":[{"embeddable":true,"href":"https:\/\/neoqi.com\/pl\/wp-json\/wp\/v2\/media\/2038"}],"wp:attachment":[{"href":"https:\/\/neoqi.com\/pl\/wp-json\/wp\/v2\/media?parent=2037"}],"wp:term":[{"taxonomy":"product_brand","embeddable":true,"href":"https:\/\/neoqi.com\/pl\/wp-json\/wp\/v2\/product_brand?post=2037"},{"taxonomy":"product_cat","embeddable":true,"href":"https:\/\/neoqi.com\/pl\/wp-json\/wp\/v2\/product_cat?post=2037"},{"taxonomy":"product_tag","embeddable":true,"href":"https:\/\/neoqi.com\/pl\/wp-json\/wp\/v2\/product_tag?post=2037"}],"curies":[{"name":"wp","href":"https:\/\/api.w.org\/{rel}","templated":true}]}}