{"id":2051,"date":"2024-09-06T03:17:40","date_gmt":"2024-09-06T00:17:40","guid":{"rendered":"http:\/\/neoqi.com\/?post_type=product&#038;p=2051"},"modified":"2024-12-03T18:34:21","modified_gmt":"2024-12-03T15:34:21","slug":"mediq-oxy","status":"publish","type":"product","link":"https:\/\/neoqi.com\/pl\/produkt\/mediq-oxy\/","title":{"rendered":"Mediq Oxy"},"content":{"rendered":"<p><strong>G\u0142\u00f3wne zabiegi w NeoQi\u00ae Mediq Oxy<\/strong><\/p>\n<p><strong>Hydrofuzja.<\/strong> Nowy spos\u00f3b piel\u0119gnacji cia\u0142a, oparty na jednoczesnym dzia\u0142aniu pary i ciep\u0142a podczerwonego. Promienie podczerwone osi\u0105gaj\u0105 g\u0142\u0119bsz\u0105 penetracj\u0119, ogrzewaj\u0105c tkanki od wewn\u0105trz, podczas gdy para delikatnie otula cia\u0142o wilgotn\u0105 mg\u0142\u0105. Podczas sesji dochodzi do znacznej aktywacji kr\u0105\u017cenia krwi i procesu lipolizy, organizm zostaje oczyszczony z toksyn, a b\u00f3le i skurcze mi\u0119\u015bni zostaj\u0105 z\u0142agodzone. Hydrofuzja pot\u0119guje r\u00f3wnie\u017c dzia\u0142anie stosowanych preparat\u00f3w kosmetycznych - najcenniejsze i najbardziej dobroczynne substancje wnikaj\u0105 g\u0142\u0119boko w sk\u00f3r\u0119, od\u017cywiaj\u0105c j\u0105, nawil\u017caj\u0105c i regeneruj\u0105c.<\/p>\n<p><strong>Zabieg hydroterapii z aeromasa\u017cem.<\/strong> Automatyczny masa\u017c podwodny dzia\u0142a na najbardziej problematyczne obszary cia\u0142a i pozwala stymulowa\u0107 najwa\u017cniejsze obszary odruchowe jednocze\u015bnie. Aeromasa\u017c rozlu\u017ania mi\u0119\u015bnie, pobudza kr\u0105\u017cenie krwi i limfy, koryguje kontury cia\u0142a, przywracaj\u0105c sk\u00f3rze elastyczno\u015b\u0107, mi\u0119kko\u015b\u0107 i spr\u0119\u017cysto\u015b\u0107, pomaga pozby\u0107 si\u0119 uporczywego stresu i bezsenno\u015bci, a tak\u017ce \u0142agodzi przem\u0119czenie psychiczne.<\/p>\n<p><strong>Prysznic Vichy \/ r\u0119czny prysznic do cia\u0142a.<\/strong> Prysznic Vichy to hydroterapeutyczny zabieg na cia\u0142o, kt\u00f3ry sprzyja jego wyszczupleniu i wzmocnieniu. Podczas zabiegu ca\u0142e cia\u0142o jest polewane cienkimi strumieniami wody, zapewniaj\u0105c delikatny i intensywny masa\u017c. Zmienne temperatury podczas sesji pomagaj\u0105 szybko i skutecznie uj\u0119drni\u0107 sk\u00f3r\u0119 i tkanki mi\u0119kkie. Prysznic Vichy g\u0142\u0119boko relaksuje cia\u0142o, usuwa toksyny, oczyszcza sk\u00f3r\u0119 i pomaga przezwyci\u0119\u017cy\u0107 codzienny stres i zm\u0119czenie.<\/p>\n<p>Dzi\u0119ki funkcji prysznica r\u0119cznego, specjalista zabiegowy mo\u017ce wygodnie sp\u0142uka\u0107 pozosta\u0142e zwi\u0105zki kosmetyczne wewn\u0105trz samej kapsu\u0142y, co gwarantuje ca\u0142kowity relaks i bezruch klienta podczas przeprowadzanych rytua\u0142\u00f3w spa.<\/p>\n<p><strong>Zabiegi piel\u0119gnacyjne sk\u00f3ry i cia\u0142a.<\/strong> Oferujemy swoim klientom masa\u017ce suche i mokre, peeling ca\u0142ego cia\u0142a, bicze wodne oraz sesje talasoterapii z wykorzystaniem alg morskich, soli i b\u0142ota. Zastosowanie dodatkowych funkcji, takich jak wibromasa\u017c, aroma- i chromoterapia, pozwala pacjentom poczu\u0107 zdrow\u0105 atmosfer\u0119 najlepszych na \u015bwiecie kurort\u00f3w spa, zrelaksowa\u0107 si\u0119 i zregenerowa\u0107 si\u0142y, poprawi\u0107 stan sk\u00f3ry i og\u00f3lny stan zdrowia organizmu.<\/p>\n<p>Masa\u017c wibracyjny o r\u00f3\u017cnej intensywno\u015bci aktywuje wszystkie procesy fizjologiczne w organizmie, niezb\u0119dne do odm\u0142odzenia, normalizacji funkcjonowania uk\u0142adu nerwowego i poprawy napi\u0119cia mi\u0119\u015bniowego. Wibromasa\u017c mo\u017ce by\u0107 stosowany nie tylko w celu rozlu\u017anienia mi\u0119\u015bni, ale tak\u017ce w leczeniu chor\u00f3b uk\u0142adu mi\u0119\u015bniowo-szkieletowego i o\u015brodkowego uk\u0142adu nerwowego, zapalenia korzonk\u00f3w nerwowych, osteochondrozy, a tak\u017ce rekonwalescencji po urazach fizycznych.<\/p>\n<p><strong>Opis<\/strong><\/p>\n<p>Sauna na podczerwie\u0144<br \/>\nSauna parowa<br \/>\nTerapia aromatyczna<br \/>\nPrysznic Vichy<br \/>\nSt\u00f3\u0142 do obr\u00f3bki wibracyjnej<br \/>\nSystem kolorowych \u015bwiate\u0142<br \/>\nMasa\u017c b\u0105belkami powietrza<br \/>\nSystem muzyczny (MP3)<br \/>\nWentylator ch\u0142odz\u0105cy twarz<br \/>\nPrysznic r\u0119czny<br \/>\n10 dolnych dysz powietrznych<br \/>\nSzybkie nape\u0142nianie i odprowadzanie wody<\/p>\n<p>&nbsp;<\/p>","protected":false},"excerpt":{"rendered":"<p>Kapsu\u0142a spa Mediq Oxy to pot\u0119\u017cny kompleks hydro- i fizjoterapeutyczny, kt\u00f3ry oferuje pe\u0142ne spektrum zdrowych zabieg\u00f3w spa. Unikaln\u0105 cech\u0105 tego energetycznego kokonu jest koncentrator tlenu, w kt\u00f3ry jest wyposa\u017cony, kt\u00f3ry nasyca sk\u00f3r\u0119 tlenem podczas rytua\u0142\u00f3w spa. Wzbogacanie cia\u0142a tlenem ma dzia\u0142anie odm\u0142adzaj\u0105ce, normalizuje ci\u015bnienie krwi, przywraca rytm snu i poprawia og\u00f3lne samopoczucie.<\/p>\n<p>Funkcje kapsu\u0142y spa umo\u017cliwiaj\u0105 przeprowadzanie skutecznych program\u00f3w odchudzania, korekcji kszta\u0142tu cia\u0142a i redukcji cellulitu. Gwarantowane rezultaty osi\u0105ga si\u0119 poprzez przeprowadzanie zabieg\u00f3w maj\u0105cych na celu popraw\u0119 napi\u0119cia i elastyczno\u015bci sk\u00f3ry, g\u0142\u0119boki relaks, szybk\u0105 regeneracj\u0119 po urazach fizycznych i zapobieganie r\u00f3\u017cnym chorobom. Kokon energetyczny tworzy unikalne \u015brodowisko, kt\u00f3re pomaga zwalcza\u0107 chroniczne wyczerpanie i stres, wprowadzaj\u0105c pacjenta w stan pe\u0142nej harmonii i absolutnego szcz\u0119\u015bcia. Nawet kr\u00f3tka sesja w kapsule spa Mediq Oxy pozwala w pe\u0142ni odpocz\u0105\u0107 i uzupe\u0142ni\u0107 si\u0142y witalne.<\/p>\n<p>Kapsu\u0142a spa Mediq Oxy zosta\u0142a zaprojektowana specjalnie dla salon\u00f3w spa, o\u015brodk\u00f3w medycznych, sportowych i rehabilitacyjnych.<\/p>","protected":false},"featured_media":2052,"comment_status":"open","ping_status":"closed","template":"","meta":{"_acf_changed":false,"site-sidebar-layout":"default","site-content-layout":"","ast-site-content-layout":"default","site-content-style":"default","site-sidebar-style":"default","ast-global-header-display":"","ast-banner-title-visibility":"","ast-main-header-display":"","ast-hfb-above-header-display":"","ast-hfb-below-header-display":"","ast-hfb-mobile-header-display":"","site-post-title":"","ast-breadcrumbs-content":"","ast-featured-img":"","footer-sml-layout":"","ast-disable-related-posts":"","theme-transparent-header-meta":"default","adv-header-id-meta":"","stick-header-meta":"","header-above-stick-meta":"","header-main-stick-meta":"","header-below-stick-meta":"","astra-migrate-meta-layouts":"set","ast-page-background-enabled":"default","ast-page-background-meta":{"desktop":{"background-color":"var(--ast-global-color-4)","background-image":"","background-repeat":"repeat","background-position":"center center","background-size":"auto","background-attachment":"scroll","background-type":"","background-media":"","overlay-type":"","overlay-color":"","overlay-opacity":"","overlay-gradient":""},"tablet":{"background-color":"","background-image":"","background-repeat":"repeat","background-position":"center center","background-size":"auto","background-attachment":"scroll","background-type":"","background-media":"","overlay-type":"","overlay-color":"","overlay-opacity":"","overlay-gradient":""},"mobile":{"background-color":"","background-image":"","background-repeat":"repeat","background-position":"center center","background-size":"auto","background-attachment":"scroll","background-type":"","background-media":"","overlay-type":"","overlay-color":"","overlay-opacity":"","overlay-gradient":""}},"ast-content-background-meta":{"desktop":{"background-color":"var(--ast-global-color-5)","background-image":"","background-repeat":"repeat","background-position":"center center","background-size":"auto","background-attachment":"scroll","background-type":"","background-media":"","overlay-type":"","overlay-color":"","overlay-opacity":"","overlay-gradient":""},"tablet":{"background-color":"var(--ast-global-color-5)","background-image":"","background-repeat":"repeat","background-position":"center center","background-size":"auto","background-attachment":"scroll","background-type":"","background-media":"","overlay-type":"","overlay-color":"","overlay-opacity":"","overlay-gradient":""},"mobile":{"background-color":"var(--ast-global-color-5)","background-image":"","background-repeat":"repeat","background-position":"center center","background-size":"auto","background-attachment":"scroll","background-type":"","background-media":"","overlay-type":"","overlay-color":"","overlay-opacity":"","overlay-gradient":""}}},"product_brand":[],"product_cat":[81,85],"product_tag":[],"class_list":{"0":"post-2051","1":"product","2":"type-product","3":"status-publish","4":"has-post-thumbnail","6":"product_cat-energy-cocoons","7":"product_cat-medical","8":"desktop-align-left","9":"tablet-align-left","10":"mobile-align-left","12":"first","13":"instock","14":"shipping-taxable","15":"product-type-simple"},"acf":[],"yoast_head":"<!-- This site is optimized with the Yoast SEO plugin v27.4 - https:\/\/yoast.com\/product\/yoast-seo-wordpress\/ -->\n<title>Mediq Oxy - NEOQI<\/title>\n<meta name=\"robots\" content=\"index, follow, max-snippet:-1, max-image-preview:large, max-video-preview:-1\" \/>\n<link rel=\"canonical\" href=\"https:\/\/neoqi.com\/pl\/produkt\/mediq-oxy\/\" \/>\n<meta property=\"og:locale\" content=\"pl_PL\" \/>\n<meta property=\"og:type\" content=\"article\" \/>\n<meta property=\"og:title\" content=\"Mediq Oxy - NEOQI\" \/>\n<meta property=\"og:description\" content=\"The Mediq Oxy spa capsule is a powerful hydro- and physiotherapeutic complex that offers a full spectrum of wholesome spa treatments. The unique feature of this energy cocoon is the oxygen concentrator that it is equipped with, which imbues the skin with oxygen during the spa rituals. Enriching the body with oxygen has a rejuvenating effect, normalizes blood pressure, restores sleep rhythm and improve general well-being.  The spa capsule functions allow carrying out effective weight loss, body shape correction and cellulite reduction programs. Guaranteed results are achieved by carrying out treatments that are aimed at skin tone and elasticity enhancing, deep relaxation, quick recovery after physical trauma and different disease prevention. The energy cocoon creates a unique environment that helps battle chronic exhaustion and stress, putting the patient in the state of complete harmony and absolute happiness. Even a short session in the Mediq Oxy spa capsule allows fully resting and replenishing vital forces.  The Mediq Oxy spa capsule was specifically designed for spa salons, medical, sports and rehabilitation centers.\" \/>\n<meta property=\"og:url\" content=\"https:\/\/neoqi.com\/pl\/produkt\/mediq-oxy\/\" \/>\n<meta property=\"og:site_name\" content=\"NEOQI\" \/>\n<meta property=\"article:publisher\" content=\"https:\/\/www.facebook.com\/neoqi\/\" \/>\n<meta property=\"article:modified_time\" content=\"2024-12-03T15:34:21+00:00\" \/>\n<meta property=\"og:image\" content=\"https:\/\/neoqi.com\/wp-content\/uploads\/2024\/09\/wellness_neoqi_Mediq_71-2.jpg\" \/>\n\t<meta property=\"og:image:width\" content=\"1200\" \/>\n\t<meta property=\"og:image:height\" content=\"800\" \/>\n\t<meta property=\"og:image:type\" content=\"image\/jpeg\" \/>\n<meta name=\"twitter:card\" content=\"summary_large_image\" \/>\n<meta name=\"twitter:label1\" content=\"Szacowany czas czytania\" \/>\n\t<meta name=\"twitter:data1\" content=\"2 minuty\" \/>\n<script type=\"application\/ld+json\" class=\"yoast-schema-graph\">{\"@context\":\"https:\\\/\\\/schema.org\",\"@graph\":[{\"@type\":\"WebPage\",\"@id\":\"https:\\\/\\\/neoqi.com\\\/product\\\/mediq-oxy\\\/\",\"url\":\"https:\\\/\\\/neoqi.com\\\/product\\\/mediq-oxy\\\/\",\"name\":\"Mediq Oxy - NEOQI\",\"isPartOf\":{\"@id\":\"https:\\\/\\\/neoqi.com\\\/#website\"},\"primaryImageOfPage\":{\"@id\":\"https:\\\/\\\/neoqi.com\\\/product\\\/mediq-oxy\\\/#primaryimage\"},\"image\":{\"@id\":\"https:\\\/\\\/neoqi.com\\\/product\\\/mediq-oxy\\\/#primaryimage\"},\"thumbnailUrl\":\"https:\\\/\\\/neoqi.com\\\/wp-content\\\/uploads\\\/2024\\\/09\\\/wellness_neoqi_Mediq_71-2.jpg\",\"datePublished\":\"2024-09-06T00:17:40+00:00\",\"dateModified\":\"2024-12-03T15:34:21+00:00\",\"breadcrumb\":{\"@id\":\"https:\\\/\\\/neoqi.com\\\/product\\\/mediq-oxy\\\/#breadcrumb\"},\"inLanguage\":\"pl-PL\",\"potentialAction\":[{\"@type\":\"ReadAction\",\"target\":[\"https:\\\/\\\/neoqi.com\\\/product\\\/mediq-oxy\\\/\"]}]},{\"@type\":\"ImageObject\",\"inLanguage\":\"pl-PL\",\"@id\":\"https:\\\/\\\/neoqi.com\\\/product\\\/mediq-oxy\\\/#primaryimage\",\"url\":\"https:\\\/\\\/neoqi.com\\\/wp-content\\\/uploads\\\/2024\\\/09\\\/wellness_neoqi_Mediq_71-2.jpg\",\"contentUrl\":\"https:\\\/\\\/neoqi.com\\\/wp-content\\\/uploads\\\/2024\\\/09\\\/wellness_neoqi_Mediq_71-2.jpg\",\"width\":1200,\"height\":800},{\"@type\":\"BreadcrumbList\",\"@id\":\"https:\\\/\\\/neoqi.com\\\/product\\\/mediq-oxy\\\/#breadcrumb\",\"itemListElement\":[{\"@type\":\"ListItem\",\"position\":1,\"name\":\"Home\",\"item\":\"https:\\\/\\\/neoqi.com\\\/\"},{\"@type\":\"ListItem\",\"position\":2,\"name\":\"Catalog\",\"item\":\"https:\\\/\\\/neoqi.com\\\/it\\\/catalog\\\/\"},{\"@type\":\"ListItem\",\"position\":3,\"name\":\"Mediq Oxy\"}]},{\"@type\":\"WebSite\",\"@id\":\"https:\\\/\\\/neoqi.com\\\/#website\",\"url\":\"https:\\\/\\\/neoqi.com\\\/\",\"name\":\"NEOQI\",\"description\":\"Experience Ultimate Wellness and Relaxation with NeoQi Spa Capsule: Your Path to Rejuvenation\",\"publisher\":{\"@id\":\"https:\\\/\\\/neoqi.com\\\/#organization\"},\"potentialAction\":[{\"@type\":\"SearchAction\",\"target\":{\"@type\":\"EntryPoint\",\"urlTemplate\":\"https:\\\/\\\/neoqi.com\\\/?s={search_term_string}\"},\"query-input\":{\"@type\":\"PropertyValueSpecification\",\"valueRequired\":true,\"valueName\":\"search_term_string\"}}],\"inLanguage\":\"pl-PL\"},{\"@type\":\"Organization\",\"@id\":\"https:\\\/\\\/neoqi.com\\\/#organization\",\"name\":\"NEOQI\",\"url\":\"https:\\\/\\\/neoqi.com\\\/\",\"logo\":{\"@type\":\"ImageObject\",\"inLanguage\":\"pl-PL\",\"@id\":\"https:\\\/\\\/neoqi.com\\\/#\\\/schema\\\/logo\\\/image\\\/\",\"url\":\"https:\\\/\\\/neoqi.com\\\/wp-content\\\/uploads\\\/2024\\\/09\\\/logoneosvg.svg\",\"contentUrl\":\"https:\\\/\\\/neoqi.com\\\/wp-content\\\/uploads\\\/2024\\\/09\\\/logoneosvg.svg\",\"width\":1,\"height\":1,\"caption\":\"NEOQI\"},\"image\":{\"@id\":\"https:\\\/\\\/neoqi.com\\\/#\\\/schema\\\/logo\\\/image\\\/\"},\"sameAs\":[\"https:\\\/\\\/www.facebook.com\\\/neoqi\\\/\",\"https:\\\/\\\/www.instagram.com\\\/neoqi_com\\\/\"]}]}<\/script>\n<!-- \/ Yoast SEO plugin. -->","yoast_head_json":{"title":"Mediq Oxy - NEOQI","robots":{"index":"index","follow":"follow","max-snippet":"max-snippet:-1","max-image-preview":"max-image-preview:large","max-video-preview":"max-video-preview:-1"},"canonical":"https:\/\/neoqi.com\/pl\/produkt\/mediq-oxy\/","og_locale":"pl_PL","og_type":"article","og_title":"Mediq Oxy - NEOQI","og_description":"The Mediq Oxy spa capsule is a powerful hydro- and physiotherapeutic complex that offers a full spectrum of wholesome spa treatments. The unique feature of this energy cocoon is the oxygen concentrator that it is equipped with, which imbues the skin with oxygen during the spa rituals. Enriching the body with oxygen has a rejuvenating effect, normalizes blood pressure, restores sleep rhythm and improve general well-being.  The spa capsule functions allow carrying out effective weight loss, body shape correction and cellulite reduction programs. Guaranteed results are achieved by carrying out treatments that are aimed at skin tone and elasticity enhancing, deep relaxation, quick recovery after physical trauma and different disease prevention. The energy cocoon creates a unique environment that helps battle chronic exhaustion and stress, putting the patient in the state of complete harmony and absolute happiness. Even a short session in the Mediq Oxy spa capsule allows fully resting and replenishing vital forces.  The Mediq Oxy spa capsule was specifically designed for spa salons, medical, sports and rehabilitation centers.","og_url":"https:\/\/neoqi.com\/pl\/produkt\/mediq-oxy\/","og_site_name":"NEOQI","article_publisher":"https:\/\/www.facebook.com\/neoqi\/","article_modified_time":"2024-12-03T15:34:21+00:00","og_image":[{"width":1200,"height":800,"url":"https:\/\/neoqi.com\/wp-content\/uploads\/2024\/09\/wellness_neoqi_Mediq_71-2.jpg","type":"image\/jpeg"}],"twitter_card":"summary_large_image","twitter_misc":{"Szacowany czas czytania":"2 minuty"},"schema":{"@context":"https:\/\/schema.org","@graph":[{"@type":"WebPage","@id":"https:\/\/neoqi.com\/product\/mediq-oxy\/","url":"https:\/\/neoqi.com\/product\/mediq-oxy\/","name":"Mediq Oxy - NEOQI","isPartOf":{"@id":"https:\/\/neoqi.com\/#website"},"primaryImageOfPage":{"@id":"https:\/\/neoqi.com\/product\/mediq-oxy\/#primaryimage"},"image":{"@id":"https:\/\/neoqi.com\/product\/mediq-oxy\/#primaryimage"},"thumbnailUrl":"https:\/\/neoqi.com\/wp-content\/uploads\/2024\/09\/wellness_neoqi_Mediq_71-2.jpg","datePublished":"2024-09-06T00:17:40+00:00","dateModified":"2024-12-03T15:34:21+00:00","breadcrumb":{"@id":"https:\/\/neoqi.com\/product\/mediq-oxy\/#breadcrumb"},"inLanguage":"pl-PL","potentialAction":[{"@type":"ReadAction","target":["https:\/\/neoqi.com\/product\/mediq-oxy\/"]}]},{"@type":"ImageObject","inLanguage":"pl-PL","@id":"https:\/\/neoqi.com\/product\/mediq-oxy\/#primaryimage","url":"https:\/\/neoqi.com\/wp-content\/uploads\/2024\/09\/wellness_neoqi_Mediq_71-2.jpg","contentUrl":"https:\/\/neoqi.com\/wp-content\/uploads\/2024\/09\/wellness_neoqi_Mediq_71-2.jpg","width":1200,"height":800},{"@type":"BreadcrumbList","@id":"https:\/\/neoqi.com\/product\/mediq-oxy\/#breadcrumb","itemListElement":[{"@type":"ListItem","position":1,"name":"Home","item":"https:\/\/neoqi.com\/"},{"@type":"ListItem","position":2,"name":"Catalog","item":"https:\/\/neoqi.com\/it\/catalog\/"},{"@type":"ListItem","position":3,"name":"Mediq Oxy"}]},{"@type":"WebSite","@id":"https:\/\/neoqi.com\/#website","url":"https:\/\/neoqi.com\/","name":"NEOQI","description":"Do\u015bwiadcz doskona\u0142ego samopoczucia i relaksu z NeoQi Spa Capsule: Twoja droga do odm\u0142odzenia","publisher":{"@id":"https:\/\/neoqi.com\/#organization"},"potentialAction":[{"@type":"SearchAction","target":{"@type":"EntryPoint","urlTemplate":"https:\/\/neoqi.com\/?s={search_term_string}"},"query-input":{"@type":"PropertyValueSpecification","valueRequired":true,"valueName":"search_term_string"}}],"inLanguage":"pl-PL"},{"@type":"Organization","@id":"https:\/\/neoqi.com\/#organization","name":"NEOQI","url":"https:\/\/neoqi.com\/","logo":{"@type":"ImageObject","inLanguage":"pl-PL","@id":"https:\/\/neoqi.com\/#\/schema\/logo\/image\/","url":"https:\/\/neoqi.com\/wp-content\/uploads\/2024\/09\/logoneosvg.svg","contentUrl":"https:\/\/neoqi.com\/wp-content\/uploads\/2024\/09\/logoneosvg.svg","width":1,"height":1,"caption":"NEOQI"},"image":{"@id":"https:\/\/neoqi.com\/#\/schema\/logo\/image\/"},"sameAs":["https:\/\/www.facebook.com\/neoqi\/","https:\/\/www.instagram.com\/neoqi_com\/"]}]}},"_links":{"self":[{"href":"https:\/\/neoqi.com\/pl\/wp-json\/wp\/v2\/product\/2051","targetHints":{"allow":["GET"]}}],"collection":[{"href":"https:\/\/neoqi.com\/pl\/wp-json\/wp\/v2\/product"}],"about":[{"href":"https:\/\/neoqi.com\/pl\/wp-json\/wp\/v2\/types\/product"}],"replies":[{"embeddable":true,"href":"https:\/\/neoqi.com\/pl\/wp-json\/wp\/v2\/comments?post=2051"}],"wp:featuredmedia":[{"embeddable":true,"href":"https:\/\/neoqi.com\/pl\/wp-json\/wp\/v2\/media\/2052"}],"wp:attachment":[{"href":"https:\/\/neoqi.com\/pl\/wp-json\/wp\/v2\/media?parent=2051"}],"wp:term":[{"taxonomy":"product_brand","embeddable":true,"href":"https:\/\/neoqi.com\/pl\/wp-json\/wp\/v2\/product_brand?post=2051"},{"taxonomy":"product_cat","embeddable":true,"href":"https:\/\/neoqi.com\/pl\/wp-json\/wp\/v2\/product_cat?post=2051"},{"taxonomy":"product_tag","embeddable":true,"href":"https:\/\/neoqi.com\/pl\/wp-json\/wp\/v2\/product_tag?post=2051"}],"curies":[{"name":"wp","href":"https:\/\/api.w.org\/{rel}","templated":true}]}}