{"id":2075,"date":"2024-09-06T04:27:53","date_gmt":"2024-09-06T01:27:53","guid":{"rendered":"http:\/\/neoqi.com\/?post_type=product&#038;p=2075"},"modified":"2025-08-04T16:17:33","modified_gmt":"2025-08-04T13:17:33","slug":"saltarium","status":"publish","type":"product","link":"https:\/\/neoqi.com\/pl\/produkt\/saltarium\/","title":{"rendered":"Saltarium"},"content":{"rendered":"<div id=\"tab-description\" class=\"woocommerce-Tabs-panel woocommerce-Tabs-panel--description panel entry-content wc-tab\" role=\"tabpanel\" aria-labelledby=\"tab-title-description\">\n<p><strong>NeoQi\u00ae\u00a0<\/strong><strong>Saltarium<\/strong>\u00a0<strong>Korzy\u015bci<\/strong><\/p>\n<ul>\n<li>Zapobieganie i leczenie przezi\u0119bienia, grypy, infekcji bakteryjnych itp.<\/li>\n<li>Oczyszcza drogi oddechowe z cz\u0105steczek zanieczyszcze\u0144 i dymu tytoniowego<\/li>\n<li>Zmniejszenie alergii z wp\u0142ywem na uszy, nos, gard\u0142o, zatoki (np. katar sienny).<\/li>\n<li>\u0141agodzi zaburzenia dr\u00f3g oddechowych, takie jak astma, przewlek\u0142a obturacyjna choroba p\u0142uc, zapalenie p\u0142uc, zapalenie oskrzeli, mukowiscydoza; tak\u017ce choroby laryngologiczne (nie\u017cyt nosa, zapalenie zatok, zapalenie gard\u0142a, zapalenie krtani).<\/li>\n<li>Aktywacja kr\u0105\u017cenia krwi dla lepszej sk\u00f3ry (dotyczy tr\u0105dziku, neurodermit\u00f3w, \u0142uszczycy, cellulitu)<\/li>\n<li>Walka ze zm\u0119czeniem, stresem, depresj\u0105 i innymi zaburzeniami psychicznymi.<\/li>\n<li>Przyczyniaj\u0105 si\u0119 do zaprzestania uzale\u017cnie\u0144<\/li>\n<li>Wzmocnienie uk\u0142adu odporno\u015bciowego<\/li>\n<\/ul>\n<p>G\u0142\u00f3wne zabiegi w NeoQi\u00ae Saltarium<\/p>\n<ul>\n<li>Jest to jeden z najlepszych sposob\u00f3w na popraw\u0119 stanu \u0142uszczycy, poniewa\u017c aktywuje wiele proces\u00f3w fizjologicznych w organizmie. Cz\u0105steczki soli o wielko\u015bci od 1 um do 5 mikron\u00f3w s\u0105 idealnym \u015brodkiem do leczenia chor\u00f3b sk\u00f3ry, b\u0119d\u0105 mia\u0142y korzystny wp\u0142yw na w\u0142osy i mikrokr\u0105\u017cenie krwi w sk\u00f3rze, w wyniku czego sk\u00f3ra b\u0119dzie wygl\u0105da\u0107 dobrze i czu\u0107 si\u0119 lepiej. Cz\u0105steczki soli zabijaj\u0105 r\u00f3wnie\u017c bakterie i grzyby oraz maj\u0105 w\u0142a\u015bciwo\u015bci przeciwzapalne. W miar\u0119 up\u0142ywu czasu sw\u0119dzenie sk\u00f3ry ustaje, a drobne p\u0119kni\u0119cia znikaj\u0105. Haloterapia zmniejsza r\u00f3wnie\u017c stres i wzmacnia uk\u0142ad obronny (odporno\u015bciowy), dzi\u0119ki czemu dana osoba nie padnie \u0142atwo ofiar\u0105 choroby. Leki zwykle przynosz\u0105 tylko tymczasow\u0105 ulg\u0119 w \u0142uszczycy, ale maj\u0105 szkodliwe skutki uboczne. Haloterapia w Salt Room w Orlando jest leczeniem wolnym od lek\u00f3w, oferuj\u0105cym nie tylko natychmiastow\u0105 ulg\u0119, ale tak\u017ce uwolni Ci\u0119 od podra\u017cnie\u0144 sk\u00f3ry przez d\u0142u\u017cszy czas. Ponadto regularna haloterapia sprawia, \u017ce osoba czuje si\u0119 bardziej zrelaksowana, poprawia jako\u015b\u0107 snu, a tym samym poprawia nastr\u00f3j.<\/li>\n<li>Muzykoterapia. Jedna z najstarszych i naturalnych form korekcji stan\u00f3w emocjonalnych. Rytmiczne elementy muzyki pomagaj\u0105 zwi\u0119kszy\u0107 witalno\u015b\u0107, przyczyniaj\u0105 si\u0119 do sta\u0142ego przep\u0142ywu energii, \u0142agodz\u0105 b\u00f3l i napi\u0119cie nerwowe. M\u00f3wi si\u0119, \u017ce odpoczynek przy muzyce jest bardziej efektywny ni\u017c bez niej.<\/li>\n<\/ul>\n<div id=\"tab-description\" class=\"woocommerce-Tabs-panel woocommerce-Tabs-panel--description panel entry-content wc-tab\" role=\"tabpanel\" aria-labelledby=\"tab-title-description\">\n<p><span class=\"sisutekst\"><strong>Cechy:<\/strong><br \/>\n<\/span><\/p>\n<ul>\n<li>Regulowane st\u0119\u017cenie soli<\/li>\n<li>System muzyczny ze s\u0142uchawkami (MP3)<\/li>\n<li>Hermetycznie zamykana przestrze\u0144 dla jednej osoby<\/li>\n<\/ul>\n<p>Dzi\u0119ki niewielkim rozmiarom i \u0142atwo\u015bci u\u017cytkowania kapsu\u0142a mie\u015bci si\u0119 na ma\u0142ej powierzchni, zamieniaj\u0105c przestrze\u0144 w pomieszczenie do terapii solnej. Saltarium nie wymaga przebudowy pomieszczenia ani instalacji. Kapsu\u0142\u0119 pod\u0142\u0105cza si\u0119 do standardowej domowej sieci elektrycznej 230V.<\/p>\n<p>Zabiegi w Saltarium polecane s\u0105 ka\u017cdemu, kto chce zrobi\u0107 dodatkowy krok w dbaniu o swoje cia\u0142o. Podczas gdy ludzie zwykle koncentruj\u0105 si\u0119 na zabiegach ukierunkowanych na estetyk\u0119, zabiegi w Saltarium maj\u0105 wp\u0142yw na wygl\u0105d, a jednocze\u015bnie maj\u0105 leczniczy i zdrowy wp\u0142yw na ludzki organizm od wewn\u0105trz.<\/p>\n<div class=\"ast-oembed-container\" style=\"height: 100%;\"><iframe title=\"Saltarium - salt capsule by NeoQi\" width=\"500\" height=\"281\" src=\"https:\/\/www.youtube.com\/embed\/WR8b3iMbmOg?feature=oembed\" frameborder=\"0\" allow=\"accelerometer; autoplay; clipboard-write; encrypted-media; gyroscope; picture-in-picture; web-share\" referrerpolicy=\"strict-origin-when-cross-origin\" allowfullscreen><\/iframe><\/div>\n<\/div>\n<\/div>","protected":false},"excerpt":{"rendered":"<p>Saltarium to kompaktowa komora solna zaprojektowana dla os\u00f3b ceni\u0105cych prywatno\u015b\u0107 i komfort. Jej ergonomiczny kszta\u0142t sprawia, \u017ce mo\u017cna w niej wygodnie przebywa\u0107 w pozycji siedz\u0105cej, by w pe\u0142ni cieszy\u0107 si\u0119 leczniczymi w\u0142a\u015bciwo\u015bciami haloterapii. W kapsule Saltarium tworzone jest specjalne \u015brodowisko, wolne od alergen\u00f3w i sprzyjaj\u0105ce g\u0142\u0119bokiemu relaksowi. Sesje w kapsule solnej pomagaj\u0105 szybko zregenerowa\u0107 si\u0142y po ci\u0119\u017ckim dniu, wzmacniaj\u0105c uk\u0142ad odporno\u015bciowy i oczyszczaj\u0105c sk\u00f3r\u0119, oskrzela i p\u0142uca.<\/p>\n<p>Podczas sesji haloterapii osoba oddycha powietrzem nasyconym aerozolem solnym. Haloterapia skutecznie leczy choroby dr\u00f3g oddechowych, takie jak astma oskrzelowa, nie\u017cyt nosa i choroby sk\u00f3ry, ma korzystny wp\u0142yw na og\u00f3lny stan psychiczny.  Seanse w kapsule solnej Saltarium pomagaj\u0105 przywr\u00f3ci\u0107 sprawno\u015b\u0107 uk\u0142adu oddechowego osobom, kt\u00f3re rzuci\u0142y palenie, wzmacniaj\u0105 uk\u0142ad odporno\u015bciowy wszystkich cz\u0142onk\u00f3w rodziny oraz pomagaj\u0105 si\u0119 zrelaksowa\u0107, pozby\u0107 rozdra\u017cnienia i poprawi\u0107 sen. Wbudowany odtwarzacz MP3 umo\u017cliwia s\u0142uchanie ulubionej muzyki podczas zabiegu. Kompozycje muzyczne s\u0105 w stanie leczy\u0107, aktywowa\u0107 funkcje m\u00f3zgu, maj\u0105 dzia\u0142anie przeciwb\u00f3lowe i relaksuj\u0105ce.<\/p>","protected":false},"featured_media":2076,"comment_status":"open","ping_status":"closed","template":"","meta":{"_acf_changed":false,"site-sidebar-layout":"default","site-content-layout":"","ast-site-content-layout":"default","site-content-style":"default","site-sidebar-style":"default","ast-global-header-display":"","ast-banner-title-visibility":"","ast-main-header-display":"","ast-hfb-above-header-display":"","ast-hfb-below-header-display":"","ast-hfb-mobile-header-display":"","site-post-title":"","ast-breadcrumbs-content":"","ast-featured-img":"","footer-sml-layout":"","ast-disable-related-posts":"","theme-transparent-header-meta":"default","adv-header-id-meta":"","stick-header-meta":"","header-above-stick-meta":"","header-main-stick-meta":"","header-below-stick-meta":"","astra-migrate-meta-layouts":"set","ast-page-background-enabled":"default","ast-page-background-meta":{"desktop":{"background-color":"var(--ast-global-color-4)","background-image":"","background-repeat":"repeat","background-position":"center center","background-size":"auto","background-attachment":"scroll","background-type":"","background-media":"","overlay-type":"","overlay-color":"","overlay-opacity":"","overlay-gradient":""},"tablet":{"background-color":"","background-image":"","background-repeat":"repeat","background-position":"center center","background-size":"auto","background-attachment":"scroll","background-type":"","background-media":"","overlay-type":"","overlay-color":"","overlay-opacity":"","overlay-gradient":""},"mobile":{"background-color":"","background-image":"","background-repeat":"repeat","background-position":"center center","background-size":"auto","background-attachment":"scroll","background-type":"","background-media":"","overlay-type":"","overlay-color":"","overlay-opacity":"","overlay-gradient":""}},"ast-content-background-meta":{"desktop":{"background-color":"var(--ast-global-color-5)","background-image":"","background-repeat":"repeat","background-position":"center center","background-size":"auto","background-attachment":"scroll","background-type":"","background-media":"","overlay-type":"","overlay-color":"","overlay-opacity":"","overlay-gradient":""},"tablet":{"background-color":"var(--ast-global-color-5)","background-image":"","background-repeat":"repeat","background-position":"center center","background-size":"auto","background-attachment":"scroll","background-type":"","background-media":"","overlay-type":"","overlay-color":"","overlay-opacity":"","overlay-gradient":""},"mobile":{"background-color":"var(--ast-global-color-5)","background-image":"","background-repeat":"repeat","background-position":"center center","background-size":"auto","background-attachment":"scroll","background-type":"","background-media":"","overlay-type":"","overlay-color":"","overlay-opacity":"","overlay-gradient":""}}},"product_brand":[],"product_cat":[81,85],"product_tag":[],"class_list":{"0":"post-2075","1":"product","2":"type-product","3":"status-publish","4":"has-post-thumbnail","6":"product_cat-energy-cocoons","7":"product_cat-medical","8":"desktop-align-left","9":"tablet-align-left","10":"mobile-align-left","12":"first","13":"instock","14":"shipping-taxable","15":"product-type-simple"},"acf":[],"yoast_head":"<!-- This site is optimized with the Yoast SEO plugin v27.4 - https:\/\/yoast.com\/product\/yoast-seo-wordpress\/ -->\n<title>Saltarium - NEOQI<\/title>\n<meta name=\"robots\" content=\"index, follow, max-snippet:-1, max-image-preview:large, max-video-preview:-1\" \/>\n<link rel=\"canonical\" href=\"https:\/\/neoqi.com\/pl\/produkt\/saltarium\/\" \/>\n<meta property=\"og:locale\" content=\"pl_PL\" \/>\n<meta property=\"og:type\" content=\"article\" \/>\n<meta property=\"og:title\" content=\"Saltarium - NEOQI\" \/>\n<meta property=\"og:description\" content=\"Saltarium is a compact salt chamber designed for people who appreciate privacy and comfort. Its ergonomic shape makes it comfortable to stay inside in a sitting position, to fully enjoy the healing properties of halotherapy. In the Saltarium capsule, a special environment is created, free of allergens and conducive to deep relaxation. Sessions in the salt capsule help to quickly recover after a busy day, boosting the immune system and cleansing the skin, bronchi and lungs.  During a halotherapy session, a person breathes air that is saturated with salt aerosol. Halotherapy effectively treats airway disorders, such as bronchial asthma, rhinitis and skin diseases, has a beneficial effect on the overall psychological state.\u00a0 Sessions in the Saltarium salt capsule help to restore the respiratory system of those who have given up smoking, strengthen the immune system of all family members and help to relax, get rid of irritability and improve sleep. A Built-in MP3 player allows listening to your favorite music during the treatment. Musical compositions are able to heal, activate brain function, have analgesic and relaxing effects.\" \/>\n<meta property=\"og:url\" content=\"https:\/\/neoqi.com\/pl\/produkt\/saltarium\/\" \/>\n<meta property=\"og:site_name\" content=\"NEOQI\" \/>\n<meta property=\"article:publisher\" content=\"https:\/\/www.facebook.com\/neoqi\/\" \/>\n<meta property=\"article:modified_time\" content=\"2025-08-04T13:17:33+00:00\" \/>\n<meta property=\"og:image\" content=\"https:\/\/neoqi.com\/wp-content\/uploads\/2024\/09\/saltarium.png\" \/>\n\t<meta property=\"og:image:width\" content=\"1200\" \/>\n\t<meta property=\"og:image:height\" content=\"800\" \/>\n\t<meta property=\"og:image:type\" content=\"image\/png\" \/>\n<meta name=\"twitter:card\" content=\"summary_large_image\" \/>\n<meta name=\"twitter:label1\" content=\"Szacowany czas czytania\" \/>\n\t<meta name=\"twitter:data1\" content=\"3 minuty\" \/>\n<script type=\"application\/ld+json\" class=\"yoast-schema-graph\">{\"@context\":\"https:\\\/\\\/schema.org\",\"@graph\":[{\"@type\":\"WebPage\",\"@id\":\"https:\\\/\\\/neoqi.com\\\/product\\\/saltarium\\\/\",\"url\":\"https:\\\/\\\/neoqi.com\\\/product\\\/saltarium\\\/\",\"name\":\"Saltarium - NEOQI\",\"isPartOf\":{\"@id\":\"https:\\\/\\\/neoqi.com\\\/#website\"},\"primaryImageOfPage\":{\"@id\":\"https:\\\/\\\/neoqi.com\\\/product\\\/saltarium\\\/#primaryimage\"},\"image\":{\"@id\":\"https:\\\/\\\/neoqi.com\\\/product\\\/saltarium\\\/#primaryimage\"},\"thumbnailUrl\":\"https:\\\/\\\/neoqi.com\\\/wp-content\\\/uploads\\\/2024\\\/09\\\/saltarium.png\",\"datePublished\":\"2024-09-06T01:27:53+00:00\",\"dateModified\":\"2025-08-04T13:17:33+00:00\",\"breadcrumb\":{\"@id\":\"https:\\\/\\\/neoqi.com\\\/product\\\/saltarium\\\/#breadcrumb\"},\"inLanguage\":\"pl-PL\",\"potentialAction\":[{\"@type\":\"ReadAction\",\"target\":[\"https:\\\/\\\/neoqi.com\\\/product\\\/saltarium\\\/\"]}]},{\"@type\":\"ImageObject\",\"inLanguage\":\"pl-PL\",\"@id\":\"https:\\\/\\\/neoqi.com\\\/product\\\/saltarium\\\/#primaryimage\",\"url\":\"https:\\\/\\\/neoqi.com\\\/wp-content\\\/uploads\\\/2024\\\/09\\\/saltarium.png\",\"contentUrl\":\"https:\\\/\\\/neoqi.com\\\/wp-content\\\/uploads\\\/2024\\\/09\\\/saltarium.png\",\"width\":1200,\"height\":800},{\"@type\":\"BreadcrumbList\",\"@id\":\"https:\\\/\\\/neoqi.com\\\/product\\\/saltarium\\\/#breadcrumb\",\"itemListElement\":[{\"@type\":\"ListItem\",\"position\":1,\"name\":\"Home\",\"item\":\"https:\\\/\\\/neoqi.com\\\/\"},{\"@type\":\"ListItem\",\"position\":2,\"name\":\"Catalog\",\"item\":\"https:\\\/\\\/neoqi.com\\\/it\\\/catalog\\\/\"},{\"@type\":\"ListItem\",\"position\":3,\"name\":\"Saltarium\"}]},{\"@type\":\"WebSite\",\"@id\":\"https:\\\/\\\/neoqi.com\\\/#website\",\"url\":\"https:\\\/\\\/neoqi.com\\\/\",\"name\":\"NEOQI\",\"description\":\"Experience Ultimate Wellness and Relaxation with NeoQi Spa Capsule: Your Path to Rejuvenation\",\"publisher\":{\"@id\":\"https:\\\/\\\/neoqi.com\\\/#organization\"},\"potentialAction\":[{\"@type\":\"SearchAction\",\"target\":{\"@type\":\"EntryPoint\",\"urlTemplate\":\"https:\\\/\\\/neoqi.com\\\/?s={search_term_string}\"},\"query-input\":{\"@type\":\"PropertyValueSpecification\",\"valueRequired\":true,\"valueName\":\"search_term_string\"}}],\"inLanguage\":\"pl-PL\"},{\"@type\":\"Organization\",\"@id\":\"https:\\\/\\\/neoqi.com\\\/#organization\",\"name\":\"NEOQI\",\"url\":\"https:\\\/\\\/neoqi.com\\\/\",\"logo\":{\"@type\":\"ImageObject\",\"inLanguage\":\"pl-PL\",\"@id\":\"https:\\\/\\\/neoqi.com\\\/#\\\/schema\\\/logo\\\/image\\\/\",\"url\":\"https:\\\/\\\/neoqi.com\\\/wp-content\\\/uploads\\\/2024\\\/09\\\/logoneosvg.svg\",\"contentUrl\":\"https:\\\/\\\/neoqi.com\\\/wp-content\\\/uploads\\\/2024\\\/09\\\/logoneosvg.svg\",\"width\":1,\"height\":1,\"caption\":\"NEOQI\"},\"image\":{\"@id\":\"https:\\\/\\\/neoqi.com\\\/#\\\/schema\\\/logo\\\/image\\\/\"},\"sameAs\":[\"https:\\\/\\\/www.facebook.com\\\/neoqi\\\/\",\"https:\\\/\\\/www.instagram.com\\\/neoqi_com\\\/\"]}]}<\/script>\n<!-- \/ Yoast SEO plugin. -->","yoast_head_json":{"title":"Saltarium - NEOQI","robots":{"index":"index","follow":"follow","max-snippet":"max-snippet:-1","max-image-preview":"max-image-preview:large","max-video-preview":"max-video-preview:-1"},"canonical":"https:\/\/neoqi.com\/pl\/produkt\/saltarium\/","og_locale":"pl_PL","og_type":"article","og_title":"Saltarium - NEOQI","og_description":"Saltarium is a compact salt chamber designed for people who appreciate privacy and comfort. Its ergonomic shape makes it comfortable to stay inside in a sitting position, to fully enjoy the healing properties of halotherapy. In the Saltarium capsule, a special environment is created, free of allergens and conducive to deep relaxation. Sessions in the salt capsule help to quickly recover after a busy day, boosting the immune system and cleansing the skin, bronchi and lungs.  During a halotherapy session, a person breathes air that is saturated with salt aerosol. Halotherapy effectively treats airway disorders, such as bronchial asthma, rhinitis and skin diseases, has a beneficial effect on the overall psychological state.\u00a0 Sessions in the Saltarium salt capsule help to restore the respiratory system of those who have given up smoking, strengthen the immune system of all family members and help to relax, get rid of irritability and improve sleep. A Built-in MP3 player allows listening to your favorite music during the treatment. Musical compositions are able to heal, activate brain function, have analgesic and relaxing effects.","og_url":"https:\/\/neoqi.com\/pl\/produkt\/saltarium\/","og_site_name":"NEOQI","article_publisher":"https:\/\/www.facebook.com\/neoqi\/","article_modified_time":"2025-08-04T13:17:33+00:00","og_image":[{"width":1200,"height":800,"url":"https:\/\/neoqi.com\/wp-content\/uploads\/2024\/09\/saltarium.png","type":"image\/png"}],"twitter_card":"summary_large_image","twitter_misc":{"Szacowany czas czytania":"3 minuty"},"schema":{"@context":"https:\/\/schema.org","@graph":[{"@type":"WebPage","@id":"https:\/\/neoqi.com\/product\/saltarium\/","url":"https:\/\/neoqi.com\/product\/saltarium\/","name":"Saltarium - NEOQI","isPartOf":{"@id":"https:\/\/neoqi.com\/#website"},"primaryImageOfPage":{"@id":"https:\/\/neoqi.com\/product\/saltarium\/#primaryimage"},"image":{"@id":"https:\/\/neoqi.com\/product\/saltarium\/#primaryimage"},"thumbnailUrl":"https:\/\/neoqi.com\/wp-content\/uploads\/2024\/09\/saltarium.png","datePublished":"2024-09-06T01:27:53+00:00","dateModified":"2025-08-04T13:17:33+00:00","breadcrumb":{"@id":"https:\/\/neoqi.com\/product\/saltarium\/#breadcrumb"},"inLanguage":"pl-PL","potentialAction":[{"@type":"ReadAction","target":["https:\/\/neoqi.com\/product\/saltarium\/"]}]},{"@type":"ImageObject","inLanguage":"pl-PL","@id":"https:\/\/neoqi.com\/product\/saltarium\/#primaryimage","url":"https:\/\/neoqi.com\/wp-content\/uploads\/2024\/09\/saltarium.png","contentUrl":"https:\/\/neoqi.com\/wp-content\/uploads\/2024\/09\/saltarium.png","width":1200,"height":800},{"@type":"BreadcrumbList","@id":"https:\/\/neoqi.com\/product\/saltarium\/#breadcrumb","itemListElement":[{"@type":"ListItem","position":1,"name":"Home","item":"https:\/\/neoqi.com\/"},{"@type":"ListItem","position":2,"name":"Catalog","item":"https:\/\/neoqi.com\/it\/catalog\/"},{"@type":"ListItem","position":3,"name":"Saltarium"}]},{"@type":"WebSite","@id":"https:\/\/neoqi.com\/#website","url":"https:\/\/neoqi.com\/","name":"NEOQI","description":"Do\u015bwiadcz doskona\u0142ego samopoczucia i relaksu z NeoQi Spa Capsule: Twoja droga do odm\u0142odzenia","publisher":{"@id":"https:\/\/neoqi.com\/#organization"},"potentialAction":[{"@type":"SearchAction","target":{"@type":"EntryPoint","urlTemplate":"https:\/\/neoqi.com\/?s={search_term_string}"},"query-input":{"@type":"PropertyValueSpecification","valueRequired":true,"valueName":"search_term_string"}}],"inLanguage":"pl-PL"},{"@type":"Organization","@id":"https:\/\/neoqi.com\/#organization","name":"NEOQI","url":"https:\/\/neoqi.com\/","logo":{"@type":"ImageObject","inLanguage":"pl-PL","@id":"https:\/\/neoqi.com\/#\/schema\/logo\/image\/","url":"https:\/\/neoqi.com\/wp-content\/uploads\/2024\/09\/logoneosvg.svg","contentUrl":"https:\/\/neoqi.com\/wp-content\/uploads\/2024\/09\/logoneosvg.svg","width":1,"height":1,"caption":"NEOQI"},"image":{"@id":"https:\/\/neoqi.com\/#\/schema\/logo\/image\/"},"sameAs":["https:\/\/www.facebook.com\/neoqi\/","https:\/\/www.instagram.com\/neoqi_com\/"]}]}},"_links":{"self":[{"href":"https:\/\/neoqi.com\/pl\/wp-json\/wp\/v2\/product\/2075","targetHints":{"allow":["GET"]}}],"collection":[{"href":"https:\/\/neoqi.com\/pl\/wp-json\/wp\/v2\/product"}],"about":[{"href":"https:\/\/neoqi.com\/pl\/wp-json\/wp\/v2\/types\/product"}],"replies":[{"embeddable":true,"href":"https:\/\/neoqi.com\/pl\/wp-json\/wp\/v2\/comments?post=2075"}],"wp:featuredmedia":[{"embeddable":true,"href":"https:\/\/neoqi.com\/pl\/wp-json\/wp\/v2\/media\/2076"}],"wp:attachment":[{"href":"https:\/\/neoqi.com\/pl\/wp-json\/wp\/v2\/media?parent=2075"}],"wp:term":[{"taxonomy":"product_brand","embeddable":true,"href":"https:\/\/neoqi.com\/pl\/wp-json\/wp\/v2\/product_brand?post=2075"},{"taxonomy":"product_cat","embeddable":true,"href":"https:\/\/neoqi.com\/pl\/wp-json\/wp\/v2\/product_cat?post=2075"},{"taxonomy":"product_tag","embeddable":true,"href":"https:\/\/neoqi.com\/pl\/wp-json\/wp\/v2\/product_tag?post=2075"}],"curies":[{"name":"wp","href":"https:\/\/api.w.org\/{rel}","templated":true}]}}