{"id":2088,"date":"2024-09-06T05:31:04","date_gmt":"2024-09-06T02:31:04","guid":{"rendered":"http:\/\/neoqi.com\/?post_type=product&#038;p=2088"},"modified":"2024-12-03T18:34:42","modified_gmt":"2024-12-03T15:34:42","slug":"niagara","status":"publish","type":"product","link":"https:\/\/neoqi.com\/pl\/produkt\/niagara\/","title":{"rendered":"Niagara"},"content":{"rendered":"<div id=\"tab-description\" class=\"woocommerce-Tabs-panel woocommerce-Tabs-panel--description panel entry-content wc-tab\" role=\"tabpanel\" aria-labelledby=\"tab-title-description\">\n<p><strong>G\u0142\u00f3wne zabiegi w NeoQi\u00ae Niagara<\/strong><\/p>\n<ul>\n<li><strong>P\u0119cherzyki powietrza i hydromasa\u017c<\/strong>\u00a0reprezentuj\u0105 automatyczne funkcje wanny. Ciep\u0142a woda w po\u0142\u0105czeniu ze strumieniami wody lub p\u0119cherzykami powietrza rozlu\u017ania mi\u0119\u015bnie od st\u00f3p do g\u0142\u00f3w. Hydromasa\u017c skutecznie \u0142agodzi skurcze mi\u0119\u015bni, problemy wyst\u0119puj\u0105ce w obr\u0119czy barkowej i dolnej cz\u0119\u015bci plec\u00f3w, a tak\u017ce jest doskona\u0142ym \u015brodkiem zapobiegawczym przeciwko wielu innym chorobom. Masa\u017c wodny jest niezwykle skuteczny w przypadku kruchych naczy\u0144 krwiono\u015bnych, a tak\u017ce w leczeniu i profilaktyce \u017cylak\u00f3w n\u00f3g, pomaga zwalcza\u0107 cellulit, wzmacnia uk\u0142ad odporno\u015bciowy i sercowo-naczyniowy, nape\u0142niaj\u0105c organizm energi\u0105. \u0141agodny masa\u017c b\u0105belkami powietrza rozlu\u017ania napi\u0119cia nerwowe, pomaga radzi\u0107 sobie ze stresem, dra\u017cliwo\u015bci\u0105, bezsenno\u015bci\u0105 i apati\u0105.<\/li>\n<li><strong>R\u0119czny masa\u017c podwodny<\/strong>\u00a0pozwala zaoferowa\u0107 bardziej spersonalizowany, bezbolesny masa\u017c tkanek g\u0142\u0119bokich. Wbudowany w\u0105\u017c do masa\u017cu ma r\u00f3\u017cne dysze\/g\u0142owice, a ci\u015bnienie wody mo\u017cna regulowa\u0107 w zale\u017cno\u015bci od potrzeb i stanu klienta. Zastosowane ci\u015bnienie mo\u017cna obserwowa\u0107 na manometrze znajduj\u0105cym si\u0119 w bezpo\u015brednim s\u0105siedztwie. Przestronna wanna Niagara jest idealna do wykonywania masa\u017cu fizjoterapeutycznego.<\/li>\n<li><strong>Chromoterapia<\/strong>\u00a0opiera si\u0119 na wp\u0142ywie kolor\u00f3w na stan psycho-emocjonalny cz\u0142owieka. Uzdrawianie za pomoc\u0105 \u015bwiat\u0142a i kolor\u00f3w jest skuteczn\u0105 terapi\u0105, kt\u00f3ra uzupe\u0142nia brak energii w ludzkim ciele. Chromoterapia oddzia\u0142uje b\u0142yskawicznie, wprowadzaj\u0105c klienta w stan harmonii i pomagaj\u0105c odnale\u017a\u0107 dobre samopoczucie zar\u00f3wno fizyczne, jak i emocjonalne. Leczenie \u015bwiat\u0142em doskonale uzupe\u0142nia i wzmacnia efekty zabieg\u00f3w z hydromasa\u017cem.<\/li>\n<\/ul>\n<ul class=\"tabs wc-tabs\" role=\"tablist\">\n<li id=\"tab-title-description\" class=\"description_tab active\" role=\"tab\" aria-controls=\"tab-description\"><a href=\"https:\/\/neoqi.com\/pl\/produkt\/bathtubs\/niagara\/#tab-description\">Opis<\/a><\/li>\n<\/ul>\n<div id=\"tab-description\" class=\"woocommerce-Tabs-panel woocommerce-Tabs-panel--description panel entry-content wc-tab\" role=\"tabpanel\" aria-labelledby=\"tab-title-description\">\n<div>\n<ul>\n<li>System masa\u017cu wodnego z 3 pompami<\/li>\n<li>1 dmuchawa powietrza<\/li>\n<li>8 dysz na stopy<\/li>\n<li>6 dysz bocznych<\/li>\n<li>14 dysz do masa\u017cu plec\u00f3w<\/li>\n<li>16 dolnych dysz powietrznych<\/li>\n<li>Hydromasa\u017c<\/li>\n<li>Masa\u017c b\u0105belkami powietrza<\/li>\n<li>R\u0119czna dysza do masa\u017cu podwodnego<\/li>\n<li>Prysznic r\u0119czny<\/li>\n<li>System kolorowego \u015bwiat\u0142a (chromoterapia)<\/li>\n<li>System czyszczenia ozonatora<\/li>\n<li>Szybkie nape\u0142nianie i odprowadzanie wody<\/li>\n<\/ul>\n<\/div>\n<\/div>\n<\/div>","protected":false},"excerpt":{"rendered":"<p>Wanna do hydroterapii Niagara jest przeznaczona do wykonywania fizjoterapeutycznego masa\u017cu podwodnego. Wanna posiada wszystkie niezb\u0119dne funkcje do leczenia i zapobiegania r\u00f3\u017cnym problemom uk\u0142adu mi\u0119\u015bniowo-szkieletowego i sercowo-naczyniowego. W wannie Niagara mo\u017cna przeprowadzi\u0107 r\u0119czny lub automatyczny masa\u017c strumieniami wody, masa\u017c b\u0105belkami powietrza, a tak\u017ce klasyczn\u0105 balneoterapi\u0119 po\u0142\u0105czon\u0105 z chromoterapi\u0105. Lecznicze w\u0142a\u015bciwo\u015bci \u015bwie\u017cej, mineralnej i morskiej wody pomagaj\u0105 radzi\u0107 sobie ze stresem, nadaj\u0105 sk\u00f3rze j\u0119drno\u015b\u0107 i elastyczno\u015b\u0107, normalizuj\u0105 prac\u0119 narz\u0105d\u00f3w wewn\u0119trznych i \u0142agodz\u0105 b\u00f3le mi\u0119\u015bni.<\/p>\n<p>Niagara to najwi\u0119ksza wanna produkcji NeoQi, jej ergonomiczny kszta\u0142t i anatomiczna konstrukcja wewn\u0105trz zapewnia maksymalny komfort dla klienta, zar\u00f3wno w pozycji siedz\u0105cej, jak i le\u017c\u0105cej. Kompaktowo\u015b\u0107, niezawodno\u015b\u0107 i \u0142atwo\u015b\u0107 obs\u0142ugi urz\u0105dzenia zapewnia idealne warunki do hydroterapii.<\/p>","protected":false},"featured_media":2089,"comment_status":"open","ping_status":"closed","template":"","meta":{"_acf_changed":false,"site-sidebar-layout":"default","site-content-layout":"","ast-site-content-layout":"default","site-content-style":"default","site-sidebar-style":"default","ast-global-header-display":"","ast-banner-title-visibility":"","ast-main-header-display":"","ast-hfb-above-header-display":"","ast-hfb-below-header-display":"","ast-hfb-mobile-header-display":"","site-post-title":"","ast-breadcrumbs-content":"","ast-featured-img":"","footer-sml-layout":"","ast-disable-related-posts":"","theme-transparent-header-meta":"default","adv-header-id-meta":"","stick-header-meta":"","header-above-stick-meta":"","header-main-stick-meta":"","header-below-stick-meta":"","astra-migrate-meta-layouts":"set","ast-page-background-enabled":"default","ast-page-background-meta":{"desktop":{"background-color":"var(--ast-global-color-4)","background-image":"","background-repeat":"repeat","background-position":"center center","background-size":"auto","background-attachment":"scroll","background-type":"","background-media":"","overlay-type":"","overlay-color":"","overlay-opacity":"","overlay-gradient":""},"tablet":{"background-color":"","background-image":"","background-repeat":"repeat","background-position":"center center","background-size":"auto","background-attachment":"scroll","background-type":"","background-media":"","overlay-type":"","overlay-color":"","overlay-opacity":"","overlay-gradient":""},"mobile":{"background-color":"","background-image":"","background-repeat":"repeat","background-position":"center center","background-size":"auto","background-attachment":"scroll","background-type":"","background-media":"","overlay-type":"","overlay-color":"","overlay-opacity":"","overlay-gradient":""}},"ast-content-background-meta":{"desktop":{"background-color":"var(--ast-global-color-5)","background-image":"","background-repeat":"repeat","background-position":"center center","background-size":"auto","background-attachment":"scroll","background-type":"","background-media":"","overlay-type":"","overlay-color":"","overlay-opacity":"","overlay-gradient":""},"tablet":{"background-color":"var(--ast-global-color-5)","background-image":"","background-repeat":"repeat","background-position":"center center","background-size":"auto","background-attachment":"scroll","background-type":"","background-media":"","overlay-type":"","overlay-color":"","overlay-opacity":"","overlay-gradient":""},"mobile":{"background-color":"var(--ast-global-color-5)","background-image":"","background-repeat":"repeat","background-position":"center center","background-size":"auto","background-attachment":"scroll","background-type":"","background-media":"","overlay-type":"","overlay-color":"","overlay-opacity":"","overlay-gradient":""}}},"product_brand":[],"product_cat":[81,85],"product_tag":[],"class_list":{"0":"post-2088","1":"product","2":"type-product","3":"status-publish","4":"has-post-thumbnail","6":"product_cat-energy-cocoons","7":"product_cat-medical","8":"desktop-align-left","9":"tablet-align-left","10":"mobile-align-left","12":"first","13":"instock","14":"shipping-taxable","15":"product-type-simple"},"acf":[],"yoast_head":"<!-- This site is optimized with the Yoast SEO plugin v27.4 - https:\/\/yoast.com\/product\/yoast-seo-wordpress\/ -->\n<title>Niagara - NEOQI<\/title>\n<meta name=\"robots\" content=\"index, follow, max-snippet:-1, max-image-preview:large, max-video-preview:-1\" \/>\n<link rel=\"canonical\" href=\"https:\/\/neoqi.com\/pl\/produkt\/niagara\/\" \/>\n<meta property=\"og:locale\" content=\"pl_PL\" \/>\n<meta property=\"og:type\" content=\"article\" \/>\n<meta property=\"og:title\" content=\"Niagara - NEOQI\" \/>\n<meta property=\"og:description\" content=\"The Niagara hydrotherapy bath is designed for preforming physiotherapeutical underwater massage. The bath has all the necessary features for treating and preventing various problems of musculoskeletal and cardiovascular systems. In the Niagara bath, one can carry out manual or automatic massage with water jets, air bubble massage as well as classical balneotherapy accompanied by chromotherapy. The curative properties of fresh, mineral and seawater help to cope with stress, give the skin firmness and elasticity, normalize the function of the internal organs, and relieve muscle aches.  Niagara is the largest baths of NeoQi production, its ergonomic shape and anatomical design on the inside\u00a0\u00a0 ensures the maximum comfort for the customer, both in sitting and lying position. The compactness, reliability and ease of operation of the device provides\/delivers ideal conditions for hydrotherapy.\" \/>\n<meta property=\"og:url\" content=\"https:\/\/neoqi.com\/pl\/produkt\/niagara\/\" \/>\n<meta property=\"og:site_name\" content=\"NEOQI\" \/>\n<meta property=\"article:publisher\" content=\"https:\/\/www.facebook.com\/neoqi\/\" \/>\n<meta property=\"article:modified_time\" content=\"2024-12-03T15:34:42+00:00\" \/>\n<meta property=\"og:image\" content=\"https:\/\/neoqi.com\/wp-content\/uploads\/2024\/09\/niagara_wellness.png\" \/>\n\t<meta property=\"og:image:width\" content=\"1200\" \/>\n\t<meta property=\"og:image:height\" content=\"800\" \/>\n\t<meta property=\"og:image:type\" content=\"image\/png\" \/>\n<meta name=\"twitter:card\" content=\"summary_large_image\" \/>\n<meta name=\"twitter:label1\" content=\"Szacowany czas czytania\" \/>\n\t<meta name=\"twitter:data1\" content=\"1 minuta\" \/>\n<script type=\"application\/ld+json\" class=\"yoast-schema-graph\">{\"@context\":\"https:\\\/\\\/schema.org\",\"@graph\":[{\"@type\":\"WebPage\",\"@id\":\"https:\\\/\\\/neoqi.com\\\/product\\\/niagara\\\/\",\"url\":\"https:\\\/\\\/neoqi.com\\\/product\\\/niagara\\\/\",\"name\":\"Niagara - NEOQI\",\"isPartOf\":{\"@id\":\"https:\\\/\\\/neoqi.com\\\/#website\"},\"primaryImageOfPage\":{\"@id\":\"https:\\\/\\\/neoqi.com\\\/product\\\/niagara\\\/#primaryimage\"},\"image\":{\"@id\":\"https:\\\/\\\/neoqi.com\\\/product\\\/niagara\\\/#primaryimage\"},\"thumbnailUrl\":\"https:\\\/\\\/neoqi.com\\\/wp-content\\\/uploads\\\/2024\\\/09\\\/niagara_wellness.png\",\"datePublished\":\"2024-09-06T02:31:04+00:00\",\"dateModified\":\"2024-12-03T15:34:42+00:00\",\"breadcrumb\":{\"@id\":\"https:\\\/\\\/neoqi.com\\\/product\\\/niagara\\\/#breadcrumb\"},\"inLanguage\":\"pl-PL\",\"potentialAction\":[{\"@type\":\"ReadAction\",\"target\":[\"https:\\\/\\\/neoqi.com\\\/product\\\/niagara\\\/\"]}]},{\"@type\":\"ImageObject\",\"inLanguage\":\"pl-PL\",\"@id\":\"https:\\\/\\\/neoqi.com\\\/product\\\/niagara\\\/#primaryimage\",\"url\":\"https:\\\/\\\/neoqi.com\\\/wp-content\\\/uploads\\\/2024\\\/09\\\/niagara_wellness.png\",\"contentUrl\":\"https:\\\/\\\/neoqi.com\\\/wp-content\\\/uploads\\\/2024\\\/09\\\/niagara_wellness.png\",\"width\":1200,\"height\":800},{\"@type\":\"BreadcrumbList\",\"@id\":\"https:\\\/\\\/neoqi.com\\\/product\\\/niagara\\\/#breadcrumb\",\"itemListElement\":[{\"@type\":\"ListItem\",\"position\":1,\"name\":\"Home\",\"item\":\"https:\\\/\\\/neoqi.com\\\/\"},{\"@type\":\"ListItem\",\"position\":2,\"name\":\"Catalog\",\"item\":\"https:\\\/\\\/neoqi.com\\\/it\\\/catalog\\\/\"},{\"@type\":\"ListItem\",\"position\":3,\"name\":\"Niagara\"}]},{\"@type\":\"WebSite\",\"@id\":\"https:\\\/\\\/neoqi.com\\\/#website\",\"url\":\"https:\\\/\\\/neoqi.com\\\/\",\"name\":\"NEOQI\",\"description\":\"Experience Ultimate Wellness and Relaxation with NeoQi Spa Capsule: Your Path to Rejuvenation\",\"publisher\":{\"@id\":\"https:\\\/\\\/neoqi.com\\\/#organization\"},\"potentialAction\":[{\"@type\":\"SearchAction\",\"target\":{\"@type\":\"EntryPoint\",\"urlTemplate\":\"https:\\\/\\\/neoqi.com\\\/?s={search_term_string}\"},\"query-input\":{\"@type\":\"PropertyValueSpecification\",\"valueRequired\":true,\"valueName\":\"search_term_string\"}}],\"inLanguage\":\"pl-PL\"},{\"@type\":\"Organization\",\"@id\":\"https:\\\/\\\/neoqi.com\\\/#organization\",\"name\":\"NEOQI\",\"url\":\"https:\\\/\\\/neoqi.com\\\/\",\"logo\":{\"@type\":\"ImageObject\",\"inLanguage\":\"pl-PL\",\"@id\":\"https:\\\/\\\/neoqi.com\\\/#\\\/schema\\\/logo\\\/image\\\/\",\"url\":\"https:\\\/\\\/neoqi.com\\\/wp-content\\\/uploads\\\/2024\\\/09\\\/logoneosvg.svg\",\"contentUrl\":\"https:\\\/\\\/neoqi.com\\\/wp-content\\\/uploads\\\/2024\\\/09\\\/logoneosvg.svg\",\"width\":1,\"height\":1,\"caption\":\"NEOQI\"},\"image\":{\"@id\":\"https:\\\/\\\/neoqi.com\\\/#\\\/schema\\\/logo\\\/image\\\/\"},\"sameAs\":[\"https:\\\/\\\/www.facebook.com\\\/neoqi\\\/\",\"https:\\\/\\\/www.instagram.com\\\/neoqi_com\\\/\"]}]}<\/script>\n<!-- \/ Yoast SEO plugin. -->","yoast_head_json":{"title":"Niagara - NEOQI","robots":{"index":"index","follow":"follow","max-snippet":"max-snippet:-1","max-image-preview":"max-image-preview:large","max-video-preview":"max-video-preview:-1"},"canonical":"https:\/\/neoqi.com\/pl\/produkt\/niagara\/","og_locale":"pl_PL","og_type":"article","og_title":"Niagara - NEOQI","og_description":"The Niagara hydrotherapy bath is designed for preforming physiotherapeutical underwater massage. The bath has all the necessary features for treating and preventing various problems of musculoskeletal and cardiovascular systems. In the Niagara bath, one can carry out manual or automatic massage with water jets, air bubble massage as well as classical balneotherapy accompanied by chromotherapy. The curative properties of fresh, mineral and seawater help to cope with stress, give the skin firmness and elasticity, normalize the function of the internal organs, and relieve muscle aches.  Niagara is the largest baths of NeoQi production, its ergonomic shape and anatomical design on the inside\u00a0\u00a0 ensures the maximum comfort for the customer, both in sitting and lying position. The compactness, reliability and ease of operation of the device provides\/delivers ideal conditions for hydrotherapy.","og_url":"https:\/\/neoqi.com\/pl\/produkt\/niagara\/","og_site_name":"NEOQI","article_publisher":"https:\/\/www.facebook.com\/neoqi\/","article_modified_time":"2024-12-03T15:34:42+00:00","og_image":[{"width":1200,"height":800,"url":"https:\/\/neoqi.com\/wp-content\/uploads\/2024\/09\/niagara_wellness.png","type":"image\/png"}],"twitter_card":"summary_large_image","twitter_misc":{"Szacowany czas czytania":"1 minuta"},"schema":{"@context":"https:\/\/schema.org","@graph":[{"@type":"WebPage","@id":"https:\/\/neoqi.com\/product\/niagara\/","url":"https:\/\/neoqi.com\/product\/niagara\/","name":"Niagara - NEOQI","isPartOf":{"@id":"https:\/\/neoqi.com\/#website"},"primaryImageOfPage":{"@id":"https:\/\/neoqi.com\/product\/niagara\/#primaryimage"},"image":{"@id":"https:\/\/neoqi.com\/product\/niagara\/#primaryimage"},"thumbnailUrl":"https:\/\/neoqi.com\/wp-content\/uploads\/2024\/09\/niagara_wellness.png","datePublished":"2024-09-06T02:31:04+00:00","dateModified":"2024-12-03T15:34:42+00:00","breadcrumb":{"@id":"https:\/\/neoqi.com\/product\/niagara\/#breadcrumb"},"inLanguage":"pl-PL","potentialAction":[{"@type":"ReadAction","target":["https:\/\/neoqi.com\/product\/niagara\/"]}]},{"@type":"ImageObject","inLanguage":"pl-PL","@id":"https:\/\/neoqi.com\/product\/niagara\/#primaryimage","url":"https:\/\/neoqi.com\/wp-content\/uploads\/2024\/09\/niagara_wellness.png","contentUrl":"https:\/\/neoqi.com\/wp-content\/uploads\/2024\/09\/niagara_wellness.png","width":1200,"height":800},{"@type":"BreadcrumbList","@id":"https:\/\/neoqi.com\/product\/niagara\/#breadcrumb","itemListElement":[{"@type":"ListItem","position":1,"name":"Home","item":"https:\/\/neoqi.com\/"},{"@type":"ListItem","position":2,"name":"Catalog","item":"https:\/\/neoqi.com\/it\/catalog\/"},{"@type":"ListItem","position":3,"name":"Niagara"}]},{"@type":"WebSite","@id":"https:\/\/neoqi.com\/#website","url":"https:\/\/neoqi.com\/","name":"NEOQI","description":"Do\u015bwiadcz doskona\u0142ego samopoczucia i relaksu z NeoQi Spa Capsule: Twoja droga do odm\u0142odzenia","publisher":{"@id":"https:\/\/neoqi.com\/#organization"},"potentialAction":[{"@type":"SearchAction","target":{"@type":"EntryPoint","urlTemplate":"https:\/\/neoqi.com\/?s={search_term_string}"},"query-input":{"@type":"PropertyValueSpecification","valueRequired":true,"valueName":"search_term_string"}}],"inLanguage":"pl-PL"},{"@type":"Organization","@id":"https:\/\/neoqi.com\/#organization","name":"NEOQI","url":"https:\/\/neoqi.com\/","logo":{"@type":"ImageObject","inLanguage":"pl-PL","@id":"https:\/\/neoqi.com\/#\/schema\/logo\/image\/","url":"https:\/\/neoqi.com\/wp-content\/uploads\/2024\/09\/logoneosvg.svg","contentUrl":"https:\/\/neoqi.com\/wp-content\/uploads\/2024\/09\/logoneosvg.svg","width":1,"height":1,"caption":"NEOQI"},"image":{"@id":"https:\/\/neoqi.com\/#\/schema\/logo\/image\/"},"sameAs":["https:\/\/www.facebook.com\/neoqi\/","https:\/\/www.instagram.com\/neoqi_com\/"]}]}},"_links":{"self":[{"href":"https:\/\/neoqi.com\/pl\/wp-json\/wp\/v2\/product\/2088","targetHints":{"allow":["GET"]}}],"collection":[{"href":"https:\/\/neoqi.com\/pl\/wp-json\/wp\/v2\/product"}],"about":[{"href":"https:\/\/neoqi.com\/pl\/wp-json\/wp\/v2\/types\/product"}],"replies":[{"embeddable":true,"href":"https:\/\/neoqi.com\/pl\/wp-json\/wp\/v2\/comments?post=2088"}],"wp:featuredmedia":[{"embeddable":true,"href":"https:\/\/neoqi.com\/pl\/wp-json\/wp\/v2\/media\/2089"}],"wp:attachment":[{"href":"https:\/\/neoqi.com\/pl\/wp-json\/wp\/v2\/media?parent=2088"}],"wp:term":[{"taxonomy":"product_brand","embeddable":true,"href":"https:\/\/neoqi.com\/pl\/wp-json\/wp\/v2\/product_brand?post=2088"},{"taxonomy":"product_cat","embeddable":true,"href":"https:\/\/neoqi.com\/pl\/wp-json\/wp\/v2\/product_cat?post=2088"},{"taxonomy":"product_tag","embeddable":true,"href":"https:\/\/neoqi.com\/pl\/wp-json\/wp\/v2\/product_tag?post=2088"}],"curies":[{"name":"wp","href":"https:\/\/api.w.org\/{rel}","templated":true}]}}