{"id":2107,"date":"2024-09-07T01:42:23","date_gmt":"2024-09-06T22:42:23","guid":{"rendered":"http:\/\/neoqi.com\/?post_type=product&#038;p=2107"},"modified":"2025-08-04T16:19:13","modified_gmt":"2025-08-04T13:19:13","slug":"pro","status":"publish","type":"product","link":"https:\/\/neoqi.com\/pl\/produkt\/pro\/","title":{"rendered":"Pro"},"content":{"rendered":"<p><strong>G\u0142\u00f3wne zabiegi w NeoQi\u00ae Pro<\/strong><\/p>\n<p><strong>Hydrofuzja<\/strong>. Skuteczne i bardzo \u0142agodne dzia\u0142anie pary i ciep\u0142a podczerwonego na ludzkie cia\u0142o. Sk\u00f3ra, mi\u0119\u015bnie i stawy s\u0105 g\u0142\u0119boko rozgrzane, aktywuj\u0105c kr\u0105\u017cenie krwi i proces lipolizy, eliminuj\u0105c toksyny i produkty przemiany materii z organizmu. Funkcja hydrofuzji zwi\u0119ksza skuteczno\u015b\u0107 ok\u0142ad\u00f3w na cia\u0142o - delikatna warstwa pary zapobiega wysychaniu kompozycji kosmetycznej, a ciep\u0142o podczerwieni sprzyja g\u0142\u0119bszej penetracji sk\u0142adnik\u00f3w od\u017cywczych w g\u0142\u0105b sk\u00f3ry.<\/p>\n<p><strong>Prysznic Vichy \/ prysznic r\u0119czny<\/strong>. Leczniczy prysznic Vichy normalizuje prac\u0119 narz\u0105d\u00f3w wewn\u0119trznych, eliminuje defekty urody, zapewnia ca\u0142kowity relaks lub przyp\u0142yw witalno\u015bci. W zale\u017cno\u015bci od zabiegu mo\u017cna dostosowa\u0107 temperatur\u0119, ci\u015bnienie i kierunek strumienia wody. Silne strumienie szybko i skutecznie wymasuj\u0105 problematyczny obszar, a delikatne, mi\u0119kkie krople usun\u0105 stres i pomog\u0105 pozby\u0107 si\u0119 bezsenno\u015bci. Dzi\u0119ki obecno\u015bci funkcji prysznica r\u0119cznego, terapeuta mo\u017ce zmy\u0107 resztki kosmetyk\u00f3w bezpo\u015brednio w kapsule SPA.  Zapewnia to maksymalny komfort i relaks klienta podczas ca\u0142ego zabiegu.<\/p>\n<p><strong>Sesja hydroterapii z masa\u017cem wodnym i powietrznym<\/strong>. Zabiegi wodne maj\u0105 w\u0142a\u015bciwo\u015bci uspokajaj\u0105ce i od\u015bwie\u017caj\u0105ce. Bezbolesny masa\u017c wykonywany jest przez strumienie wody, a odpr\u0119\u017cenie cia\u0142a osi\u0105gane jest dzi\u0119ki pieszczotliwym b\u0105belkom powietrza, unosz\u0105cym si\u0119 z dna kapsu\u0142y SPA.<\/p>\n<p><strong>Aromaterapia<\/strong>. Zapachy polnych lub egzotycznych kwiat\u00f3w, traw \u0142\u0105kowych, drzew li\u015bciastych lub iglastych pomagaj\u0105 radzi\u0107 sobie z zespo\u0142em przewlek\u0142ego zm\u0119czenia, bezsenno\u015bci\u0105, stresem, zwi\u0119kszonym apetytem i stanami zapalnymi sk\u00f3ry.<\/p>\n<p><strong>Ok\u0142ad ca\u0142ego cia\u0142a z u\u017cyciem masek kosmetycznych<\/strong>. Jeden z najskuteczniejszych zabieg\u00f3w SPA, zapewniaj\u0105cy kompleksow\u0105 piel\u0119gnacj\u0119 sk\u00f3ry. W kapsule SPA mo\u017cna wykonywa\u0107 zabiegi koryguj\u0105ce sylwetk\u0119, wzbogacaj\u0105ce sk\u00f3r\u0119 w witaminy i minera\u0142y, a tak\u017ce cz\u0119\u015bciowe ok\u0142ady lecz\u0105ce lub zapobiegaj\u0105ce chorobom.<\/p>\n<p><strong>Wibromasa\u017c<\/strong>. Wibromasa\u017c mo\u017ce by\u0107 zar\u00f3wno szybko pulsuj\u0105cy, jak i \u0142agodny. Podczas sesji wibracyjnej masowane jest jednocze\u015bnie ca\u0142e cia\u0142o, od szyi po palce u st\u00f3p. Zabieg ma pozytywny wp\u0142yw na uk\u0142ad nerwowo-mi\u0119\u015bniowy i wykazuje silne dzia\u0142anie antystresowe. Wibromasa\u017c jest r\u00f3wnie\u017c skutecznym \u015brodkiem rehabilitacji ruchowej po urazach, poprawia postaw\u0119 i kszta\u0142ty cia\u0142a.<\/p>\n<p><strong>R\u0119czny masa\u017c podwodny<\/strong>e. Masa\u017c wodny nape\u0142nia cia\u0142o energi\u0105, przywraca sk\u00f3rze elastyczno\u015b\u0107 i jest skuteczny w zapobieganiu wielu chorobom.<\/p>\n<p><strong>Po\u0142\u0105czone z\u0142o\u017cone programy<\/strong>. Kapsu\u0142a SPA Harmony Pro otwiera przed specjalistami nieograniczone mo\u017cliwo\u015bci w leczeniu i zapobieganiu chorobom, relaksacji, walce z oty\u0142o\u015bci\u0105 i problemami estetycznymi.<\/p>\n<p><strong>Podsumowanie:<\/strong><\/p>\n<div id=\"tab-description\" class=\"woocommerce-Tabs-panel woocommerce-Tabs-panel--description panel entry-content wc-tab\" role=\"tabpanel\" aria-labelledby=\"tab-title-description\">Sauna na podczerwie\u0144<br \/>\nSauna parowa<br \/>\nTerapia aromatyczna<br \/>\nPrysznic Vichy<br \/>\nSt\u00f3\u0142 do obr\u00f3bki wibracyjnej<br \/>\nSystem kolorowych \u015bwiate\u0142<br \/>\nHydromasa\u017c<br \/>\nMasa\u017c b\u0105belkami powietrza<br \/>\nStrumie\u0144 r\u0119czny<br \/>\nSystem muzyczny (MP3)<br \/>\nWentylator ch\u0142odz\u0105cy twarz<br \/>\nPrysznic r\u0119czny<br \/>\n6 dysz bocznych<br \/>\n8 dysz do masa\u017cu plec\u00f3w<br \/>\n4 dysze do st\u00f3p<br \/>\n10 dolnych dysz powietrznych<br \/>\nR\u0119czna dysza do masa\u017cu wodnego<\/div>\n<div role=\"tabpanel\" aria-labelledby=\"tab-title-description\"><\/div>\n<div class=\"ast-oembed-container\" style=\"height: 100%;\"><iframe title=\"NeoQi Pro spa capsule key features\" width=\"500\" height=\"281\" src=\"https:\/\/www.youtube.com\/embed\/q9PWL0qAs-A?feature=oembed\" frameborder=\"0\" allow=\"accelerometer; autoplay; clipboard-write; encrypted-media; gyroscope; picture-in-picture; web-share\" referrerpolicy=\"strict-origin-when-cross-origin\" allowfullscreen><\/iframe><\/div>\n<p>&nbsp;<\/p>","protected":false},"excerpt":{"rendered":"<p>Harmony Pro to kapsu\u0142a SPA nowej generacji, zapewniaj\u0105ca szerok\u0105 gam\u0119 zabieg\u00f3w niezb\u0119dnych do o\u017cywienia cia\u0142a i rozwi\u0105zania wielu problem\u00f3w estetycznych. Dzi\u0119ki Harmony Pro, indywidualnie dopasowane, kompletne programy mog\u0105 by\u0107 przeprowadzane w jednym gabinecie.<\/p>\n<p>Kapsu\u0142a SPA ma korzystny wp\u0142yw na ca\u0142e cia\u0142o. Stylowa i nowoczesna obudowa Harmony Pro zawiera ca\u0142\u0105 wiedz\u0119 na temat leczniczych w\u0142a\u015bciwo\u015bci wody, \u015bwiat\u0142a i ciep\u0142a. U\u017cytkownicy maj\u0105 dost\u0119p do zabieg\u00f3w hydro fuzji i -terapii, a tak\u017ce mo\u017cliwo\u015b\u0107 wp\u0142ywania na stan emocjonalny osoby za pomoc\u0105 koloru, \u015bwiat\u0142a, muzyki i r\u00f3\u017cnych smak\u00f3w.<\/p>\n<p>Harmony Pro \u0142\u0105czy w sobie najnowsze osi\u0105gni\u0119cia medycyny i kosmetologii. Ten kompleks fizjoterapeutyczny zosta\u0142 zaprojektowany specjalnie na potrzeby o\u015brodk\u00f3w spa, fitness i rehabilitacji.<\/p>","protected":false},"featured_media":3181,"comment_status":"open","ping_status":"closed","template":"","meta":{"_acf_changed":false,"site-sidebar-layout":"default","site-content-layout":"","ast-site-content-layout":"default","site-content-style":"default","site-sidebar-style":"default","ast-global-header-display":"","ast-banner-title-visibility":"","ast-main-header-display":"","ast-hfb-above-header-display":"","ast-hfb-below-header-display":"","ast-hfb-mobile-header-display":"","site-post-title":"","ast-breadcrumbs-content":"","ast-featured-img":"","footer-sml-layout":"","ast-disable-related-posts":"","theme-transparent-header-meta":"default","adv-header-id-meta":"","stick-header-meta":"","header-above-stick-meta":"","header-main-stick-meta":"","header-below-stick-meta":"","astra-migrate-meta-layouts":"set","ast-page-background-enabled":"default","ast-page-background-meta":{"desktop":{"background-color":"var(--ast-global-color-4)","background-image":"","background-repeat":"repeat","background-position":"center center","background-size":"auto","background-attachment":"scroll","background-type":"","background-media":"","overlay-type":"","overlay-color":"","overlay-opacity":"","overlay-gradient":""},"tablet":{"background-color":"","background-image":"","background-repeat":"repeat","background-position":"center center","background-size":"auto","background-attachment":"scroll","background-type":"","background-media":"","overlay-type":"","overlay-color":"","overlay-opacity":"","overlay-gradient":""},"mobile":{"background-color":"","background-image":"","background-repeat":"repeat","background-position":"center center","background-size":"auto","background-attachment":"scroll","background-type":"","background-media":"","overlay-type":"","overlay-color":"","overlay-opacity":"","overlay-gradient":""}},"ast-content-background-meta":{"desktop":{"background-color":"var(--ast-global-color-5)","background-image":"","background-repeat":"repeat","background-position":"center center","background-size":"auto","background-attachment":"scroll","background-type":"","background-media":"","overlay-type":"","overlay-color":"","overlay-opacity":"","overlay-gradient":""},"tablet":{"background-color":"var(--ast-global-color-5)","background-image":"","background-repeat":"repeat","background-position":"center center","background-size":"auto","background-attachment":"scroll","background-type":"","background-media":"","overlay-type":"","overlay-color":"","overlay-opacity":"","overlay-gradient":""},"mobile":{"background-color":"var(--ast-global-color-5)","background-image":"","background-repeat":"repeat","background-position":"center center","background-size":"auto","background-attachment":"scroll","background-type":"","background-media":"","overlay-type":"","overlay-color":"","overlay-opacity":"","overlay-gradient":""}}},"product_brand":[],"product_cat":[81,82],"product_tag":[],"class_list":{"0":"post-2107","1":"product","2":"type-product","3":"status-publish","4":"has-post-thumbnail","6":"product_cat-energy-cocoons","7":"product_cat-esthetical","8":"desktop-align-left","9":"tablet-align-left","10":"mobile-align-left","12":"first","13":"instock","14":"shipping-taxable","15":"product-type-simple"},"acf":[],"yoast_head":"<!-- This site is optimized with the Yoast SEO plugin v27.4 - https:\/\/yoast.com\/product\/yoast-seo-wordpress\/ -->\n<title>Pro - NEOQI<\/title>\n<meta name=\"robots\" content=\"index, follow, max-snippet:-1, max-image-preview:large, max-video-preview:-1\" \/>\n<link rel=\"canonical\" href=\"https:\/\/neoqi.com\/pl\/produkt\/pro\/\" \/>\n<meta property=\"og:locale\" content=\"pl_PL\" \/>\n<meta property=\"og:type\" content=\"article\" \/>\n<meta property=\"og:title\" content=\"Pro - NEOQI\" \/>\n<meta property=\"og:description\" content=\"Harmony Pro is a SPA-capsule of a new generation, providing a wide range of treatments necessary for the invigoration of the body and solving number of aesthetic problems. Thanks to Harmony Pro, individually tailored complete programs may be carried out within just one cabinet.  SPA capsule has a beneficial effect on the body as a whole. The stylish and modern case of Harmony Pro contains all the knowledge about the healing properties of water, light and heat. Users have and access to treatments of hydro fusion and \u2013therapy, as well as the opportunity to affect the emotional state of a person by means of color, light, music and a variety of flavors.  Harmony Pro combines the latest achievements in medicine and cosmetology. This physiotherapy complex has been specifically designed for the needs of the spa, fitness and rehabilitation centers.\" \/>\n<meta property=\"og:url\" content=\"https:\/\/neoqi.com\/pl\/produkt\/pro\/\" \/>\n<meta property=\"og:site_name\" content=\"NEOQI\" \/>\n<meta property=\"article:publisher\" content=\"https:\/\/www.facebook.com\/neoqi\/\" \/>\n<meta property=\"article:modified_time\" content=\"2025-08-04T13:19:13+00:00\" \/>\n<meta property=\"og:image\" content=\"https:\/\/neoqi.com\/wp-content\/uploads\/2024\/09\/wellness_neoqi_Pro_2.jpg\" \/>\n\t<meta property=\"og:image:width\" content=\"750\" \/>\n\t<meta property=\"og:image:height\" content=\"500\" \/>\n\t<meta property=\"og:image:type\" content=\"image\/jpeg\" \/>\n<meta name=\"twitter:card\" content=\"summary_large_image\" \/>\n<meta name=\"twitter:label1\" content=\"Szacowany czas czytania\" \/>\n\t<meta name=\"twitter:data1\" content=\"3 minuty\" \/>\n<script type=\"application\/ld+json\" class=\"yoast-schema-graph\">{\"@context\":\"https:\\\/\\\/schema.org\",\"@graph\":[{\"@type\":\"WebPage\",\"@id\":\"https:\\\/\\\/neoqi.com\\\/product\\\/pro\\\/\",\"url\":\"https:\\\/\\\/neoqi.com\\\/product\\\/pro\\\/\",\"name\":\"Pro - NEOQI\",\"isPartOf\":{\"@id\":\"https:\\\/\\\/neoqi.com\\\/#website\"},\"primaryImageOfPage\":{\"@id\":\"https:\\\/\\\/neoqi.com\\\/product\\\/pro\\\/#primaryimage\"},\"image\":{\"@id\":\"https:\\\/\\\/neoqi.com\\\/product\\\/pro\\\/#primaryimage\"},\"thumbnailUrl\":\"https:\\\/\\\/neoqi.com\\\/wp-content\\\/uploads\\\/2024\\\/09\\\/wellness_neoqi_Pro_2.jpg\",\"datePublished\":\"2024-09-06T22:42:23+00:00\",\"dateModified\":\"2025-08-04T13:19:13+00:00\",\"breadcrumb\":{\"@id\":\"https:\\\/\\\/neoqi.com\\\/product\\\/pro\\\/#breadcrumb\"},\"inLanguage\":\"pl-PL\",\"potentialAction\":[{\"@type\":\"ReadAction\",\"target\":[\"https:\\\/\\\/neoqi.com\\\/product\\\/pro\\\/\"]}]},{\"@type\":\"ImageObject\",\"inLanguage\":\"pl-PL\",\"@id\":\"https:\\\/\\\/neoqi.com\\\/product\\\/pro\\\/#primaryimage\",\"url\":\"https:\\\/\\\/neoqi.com\\\/wp-content\\\/uploads\\\/2024\\\/09\\\/wellness_neoqi_Pro_2.jpg\",\"contentUrl\":\"https:\\\/\\\/neoqi.com\\\/wp-content\\\/uploads\\\/2024\\\/09\\\/wellness_neoqi_Pro_2.jpg\",\"width\":750,\"height\":500},{\"@type\":\"BreadcrumbList\",\"@id\":\"https:\\\/\\\/neoqi.com\\\/product\\\/pro\\\/#breadcrumb\",\"itemListElement\":[{\"@type\":\"ListItem\",\"position\":1,\"name\":\"Home\",\"item\":\"https:\\\/\\\/neoqi.com\\\/\"},{\"@type\":\"ListItem\",\"position\":2,\"name\":\"Catalog\",\"item\":\"https:\\\/\\\/neoqi.com\\\/it\\\/catalog\\\/\"},{\"@type\":\"ListItem\",\"position\":3,\"name\":\"Pro\"}]},{\"@type\":\"WebSite\",\"@id\":\"https:\\\/\\\/neoqi.com\\\/#website\",\"url\":\"https:\\\/\\\/neoqi.com\\\/\",\"name\":\"NEOQI\",\"description\":\"Experience Ultimate Wellness and Relaxation with NeoQi Spa Capsule: Your Path to Rejuvenation\",\"publisher\":{\"@id\":\"https:\\\/\\\/neoqi.com\\\/#organization\"},\"potentialAction\":[{\"@type\":\"SearchAction\",\"target\":{\"@type\":\"EntryPoint\",\"urlTemplate\":\"https:\\\/\\\/neoqi.com\\\/?s={search_term_string}\"},\"query-input\":{\"@type\":\"PropertyValueSpecification\",\"valueRequired\":true,\"valueName\":\"search_term_string\"}}],\"inLanguage\":\"pl-PL\"},{\"@type\":\"Organization\",\"@id\":\"https:\\\/\\\/neoqi.com\\\/#organization\",\"name\":\"NEOQI\",\"url\":\"https:\\\/\\\/neoqi.com\\\/\",\"logo\":{\"@type\":\"ImageObject\",\"inLanguage\":\"pl-PL\",\"@id\":\"https:\\\/\\\/neoqi.com\\\/#\\\/schema\\\/logo\\\/image\\\/\",\"url\":\"https:\\\/\\\/neoqi.com\\\/wp-content\\\/uploads\\\/2024\\\/09\\\/logoneosvg.svg\",\"contentUrl\":\"https:\\\/\\\/neoqi.com\\\/wp-content\\\/uploads\\\/2024\\\/09\\\/logoneosvg.svg\",\"width\":1,\"height\":1,\"caption\":\"NEOQI\"},\"image\":{\"@id\":\"https:\\\/\\\/neoqi.com\\\/#\\\/schema\\\/logo\\\/image\\\/\"},\"sameAs\":[\"https:\\\/\\\/www.facebook.com\\\/neoqi\\\/\",\"https:\\\/\\\/www.instagram.com\\\/neoqi_com\\\/\"]}]}<\/script>\n<!-- \/ Yoast SEO plugin. -->","yoast_head_json":{"title":"Pro - NEOQI","robots":{"index":"index","follow":"follow","max-snippet":"max-snippet:-1","max-image-preview":"max-image-preview:large","max-video-preview":"max-video-preview:-1"},"canonical":"https:\/\/neoqi.com\/pl\/produkt\/pro\/","og_locale":"pl_PL","og_type":"article","og_title":"Pro - NEOQI","og_description":"Harmony Pro is a SPA-capsule of a new generation, providing a wide range of treatments necessary for the invigoration of the body and solving number of aesthetic problems. Thanks to Harmony Pro, individually tailored complete programs may be carried out within just one cabinet.  SPA capsule has a beneficial effect on the body as a whole. The stylish and modern case of Harmony Pro contains all the knowledge about the healing properties of water, light and heat. Users have and access to treatments of hydro fusion and \u2013therapy, as well as the opportunity to affect the emotional state of a person by means of color, light, music and a variety of flavors.  Harmony Pro combines the latest achievements in medicine and cosmetology. This physiotherapy complex has been specifically designed for the needs of the spa, fitness and rehabilitation centers.","og_url":"https:\/\/neoqi.com\/pl\/produkt\/pro\/","og_site_name":"NEOQI","article_publisher":"https:\/\/www.facebook.com\/neoqi\/","article_modified_time":"2025-08-04T13:19:13+00:00","og_image":[{"width":750,"height":500,"url":"https:\/\/neoqi.com\/wp-content\/uploads\/2024\/09\/wellness_neoqi_Pro_2.jpg","type":"image\/jpeg"}],"twitter_card":"summary_large_image","twitter_misc":{"Szacowany czas czytania":"3 minuty"},"schema":{"@context":"https:\/\/schema.org","@graph":[{"@type":"WebPage","@id":"https:\/\/neoqi.com\/product\/pro\/","url":"https:\/\/neoqi.com\/product\/pro\/","name":"Pro - NEOQI","isPartOf":{"@id":"https:\/\/neoqi.com\/#website"},"primaryImageOfPage":{"@id":"https:\/\/neoqi.com\/product\/pro\/#primaryimage"},"image":{"@id":"https:\/\/neoqi.com\/product\/pro\/#primaryimage"},"thumbnailUrl":"https:\/\/neoqi.com\/wp-content\/uploads\/2024\/09\/wellness_neoqi_Pro_2.jpg","datePublished":"2024-09-06T22:42:23+00:00","dateModified":"2025-08-04T13:19:13+00:00","breadcrumb":{"@id":"https:\/\/neoqi.com\/product\/pro\/#breadcrumb"},"inLanguage":"pl-PL","potentialAction":[{"@type":"ReadAction","target":["https:\/\/neoqi.com\/product\/pro\/"]}]},{"@type":"ImageObject","inLanguage":"pl-PL","@id":"https:\/\/neoqi.com\/product\/pro\/#primaryimage","url":"https:\/\/neoqi.com\/wp-content\/uploads\/2024\/09\/wellness_neoqi_Pro_2.jpg","contentUrl":"https:\/\/neoqi.com\/wp-content\/uploads\/2024\/09\/wellness_neoqi_Pro_2.jpg","width":750,"height":500},{"@type":"BreadcrumbList","@id":"https:\/\/neoqi.com\/product\/pro\/#breadcrumb","itemListElement":[{"@type":"ListItem","position":1,"name":"Home","item":"https:\/\/neoqi.com\/"},{"@type":"ListItem","position":2,"name":"Catalog","item":"https:\/\/neoqi.com\/it\/catalog\/"},{"@type":"ListItem","position":3,"name":"Pro"}]},{"@type":"WebSite","@id":"https:\/\/neoqi.com\/#website","url":"https:\/\/neoqi.com\/","name":"NEOQI","description":"Do\u015bwiadcz doskona\u0142ego samopoczucia i relaksu z NeoQi Spa Capsule: Twoja droga do odm\u0142odzenia","publisher":{"@id":"https:\/\/neoqi.com\/#organization"},"potentialAction":[{"@type":"SearchAction","target":{"@type":"EntryPoint","urlTemplate":"https:\/\/neoqi.com\/?s={search_term_string}"},"query-input":{"@type":"PropertyValueSpecification","valueRequired":true,"valueName":"search_term_string"}}],"inLanguage":"pl-PL"},{"@type":"Organization","@id":"https:\/\/neoqi.com\/#organization","name":"NEOQI","url":"https:\/\/neoqi.com\/","logo":{"@type":"ImageObject","inLanguage":"pl-PL","@id":"https:\/\/neoqi.com\/#\/schema\/logo\/image\/","url":"https:\/\/neoqi.com\/wp-content\/uploads\/2024\/09\/logoneosvg.svg","contentUrl":"https:\/\/neoqi.com\/wp-content\/uploads\/2024\/09\/logoneosvg.svg","width":1,"height":1,"caption":"NEOQI"},"image":{"@id":"https:\/\/neoqi.com\/#\/schema\/logo\/image\/"},"sameAs":["https:\/\/www.facebook.com\/neoqi\/","https:\/\/www.instagram.com\/neoqi_com\/"]}]}},"_links":{"self":[{"href":"https:\/\/neoqi.com\/pl\/wp-json\/wp\/v2\/product\/2107","targetHints":{"allow":["GET"]}}],"collection":[{"href":"https:\/\/neoqi.com\/pl\/wp-json\/wp\/v2\/product"}],"about":[{"href":"https:\/\/neoqi.com\/pl\/wp-json\/wp\/v2\/types\/product"}],"replies":[{"embeddable":true,"href":"https:\/\/neoqi.com\/pl\/wp-json\/wp\/v2\/comments?post=2107"}],"wp:featuredmedia":[{"embeddable":true,"href":"https:\/\/neoqi.com\/pl\/wp-json\/wp\/v2\/media\/3181"}],"wp:attachment":[{"href":"https:\/\/neoqi.com\/pl\/wp-json\/wp\/v2\/media?parent=2107"}],"wp:term":[{"taxonomy":"product_brand","embeddable":true,"href":"https:\/\/neoqi.com\/pl\/wp-json\/wp\/v2\/product_brand?post=2107"},{"taxonomy":"product_cat","embeddable":true,"href":"https:\/\/neoqi.com\/pl\/wp-json\/wp\/v2\/product_cat?post=2107"},{"taxonomy":"product_tag","embeddable":true,"href":"https:\/\/neoqi.com\/pl\/wp-json\/wp\/v2\/product_tag?post=2107"}],"curies":[{"name":"wp","href":"https:\/\/api.w.org\/{rel}","templated":true}]}}