{"id":2132,"date":"2024-09-07T04:53:06","date_gmt":"2024-09-07T01:53:06","guid":{"rendered":"http:\/\/neoqi.com\/?post_type=product&#038;p=2132"},"modified":"2024-12-03T18:38:14","modified_gmt":"2024-12-03T15:38:14","slug":"dream","status":"publish","type":"product","link":"https:\/\/neoqi.com\/pl\/produkt\/dream\/","title":{"rendered":"Dream"},"content":{"rendered":"<p><strong>G\u0142\u00f3wne zabiegi w NeoQi\u00ae Dream<\/strong><\/p>\n<p><strong>Zabiegi termiczne (sauna parowa i\/lub na podczerwie\u0144).<\/strong> Wilgotne ciep\u0142o wyg\u0142adza zmarszczki i odm\u0142adza sk\u00f3r\u0119, podczas gdy sauna na podczerwie\u0144 zapewnia g\u0142\u0119bsze ogrzewanie cia\u0142a, przyspieszaj\u0105c metabolizm, poprawiaj\u0105c kr\u0105\u017cenie krwi i zmniejszaj\u0105c b\u00f3l mi\u0119\u015bni. Dzi\u0119ki jednoczesnemu zastosowaniu tych metod termoterapii, wewn\u0105trz kapsu\u0142y powstaje unikalne \u015brodowisko, por\u00f3wnywalne do przebywania w \u0142onie matki - klient jest wype\u0142niony uczuciem komfortu, szcz\u0119\u015bcia i duchowej harmonii.<\/p>\n<p><strong>Prysznic Vichy\/prysznic r\u0119czny do cia\u0142a.<\/strong> Prysznic Vichy jest niezb\u0119dny do og\u00f3lnego masa\u017cu i \u0142agodzenia stresu. Strumienie ciep\u0142ej wody zapewniaj\u0105 przyjemny i bezbolesny masa\u017c, zmniejszaj\u0105c widoczno\u015b\u0107 cellulitu, \u0142agodz\u0105c napi\u0119cia mi\u0119\u015bni, wzmacniaj\u0105c i regeneruj\u0105c cia\u0142o po urazach i stresie. Korzystne w\u0142a\u015bciwo\u015bci prysznica Vichy s\u0105 jeszcze bardziej widoczne w po\u0142\u0105czeniu z innymi zabiegami SPA: ok\u0142adami, peelingami i masa\u017cami.<\/p>\n<p><strong>Z\u0142uszczanie cia\u0142a<\/strong> - Niezb\u0119dny krok we wszystkich zabiegach piel\u0119gnacji cia\u0142a, zw\u0142aszcza w programach modelowania sylwetki i redukcji cellulitu. Z\u0142uszczanie zapewnia g\u0142\u0119bokie oczyszczenie i odm\u0142odzenie, zwi\u0119kszaj\u0105c lipoliz\u0119 i poprawiaj\u0105c elastyczno\u015b\u0107 sk\u00f3ry.<\/p>\n<p><strong>Ok\u0142ady na cia\u0142o z wykorzystaniem r\u00f3\u017cnych kosmetyk\u00f3w.<\/strong> Zaledwie kilka corocznych kurs\u00f3w ok\u0142ad\u00f3w na cia\u0142o pomaga zapobiega\u0107 ponownemu powstawaniu cellulitu, utrzymuj\u0105c sk\u00f3r\u0119 elastyczn\u0105, promienn\u0105 i zdrow\u0105. Ok\u0142ady s\u0105 r\u00f3wnie\u017c skutecznym \u015brodkiem w walce z nadwag\u0105, pomagaj\u0105 przywr\u00f3ci\u0107 kszta\u0142t po ci\u0105\u017cy i zmniejszy\u0107 obrz\u0119k. Dzi\u0119ki funkcji prysznica Vichy wszystkie maski mo\u017cna \u0142atwo zmy\u0107 bezpo\u015brednio w kapsule SPA.<\/p>\n<p><strong>Masa\u017c olejowy.<\/strong> Masa\u017c promuje relaks i ulg\u0119 zar\u00f3wno od stresu fizycznego, jak i psychicznego. R\u00f3\u017cnorodne masa\u017ce pomagaj\u0105 skorygowa\u0107 obszary problemowe, pozby\u0107 si\u0119 cellulitu i b\u00f3lu mi\u0119\u015bni, aktywowa\u0107 kr\u0105\u017cenie krwi i limfy. Po sesji masa\u017cu klient do\u015bwiadczy ostatecznego relaksu i spokoju umys\u0142u, zapewniaj\u0105c tym samym zdrowy sen i uwolnienie od niepokoj\u0105cych my\u015bli.<\/p>\n<p><strong>Twarz podczas zabiegu piel\u0119gnacji cia\u0142a.<\/strong> Podczas gdy cia\u0142o klienta znajduje si\u0119 pod dobroczynnym dzia\u0142aniem kapsu\u0142y SPA, terapeuta mo\u017ce wykonywa\u0107 r\u00f3\u017cne zabiegi piel\u0119gnacyjne na twarz. Peeling, masa\u017c, maska - zapewniaj\u0105 pe\u0142n\u0105 piel\u0119gnacj\u0119 cia\u0142a i twarzy.<\/p>\n<p><strong>Podsumowanie<\/strong><\/p>\n<p>Sauna na podczerwie\u0144<br \/>\nSauna parowa<br \/>\nTerapia aromatyczna<br \/>\nPrysznic Vichy<br \/>\nSt\u00f3\u0142 do obr\u00f3bki wibracyjnej<br \/>\nSystem kolorowych \u015bwiate\u0142<br \/>\nSystem muzyczny (MP3)<br \/>\nWentylator ch\u0142odz\u0105cy twarz<br \/>\nPrysznic r\u0119czny<\/p>","protected":false},"excerpt":{"rendered":"<p>Kapsu\u0142a SPA Dream to starannie zaprojektowane urz\u0105dzenie, niezb\u0119dne do przeprowadzania klasycznych rytua\u0142\u00f3w SPA. Dream posiada najbardziej popularne i skuteczne funkcje korekcji kszta\u0142tu cia\u0142a, poprawy kr\u0105\u017cenia krwi, redukcji cellulitu, \u0142agodzenia stresu i odm\u0142adzania. W po\u0142\u0105czeniu z zaawansowanymi technologiami rehabilitacyjnymi, wy\u017cej wymienione opcje s\u0105 uzupe\u0142nione o efekt leczniczy, maj\u0105cy korzystny wp\u0142yw na og\u00f3lny stan zdrowia.<\/p>\n<p>Kokon energetyczny Dream to wyj\u0105tkowa okazja, aby oderwa\u0107 si\u0119 od codziennego zgie\u0142ku, zrelaksowa\u0107 i zapomnie\u0107 o wszystkich problemach. Po zabiegu klient odczuwa przyp\u0142yw energii, lepszy nastr\u00f3j i regeneracj\u0119 snu.<\/p>\n<p>Dream cocoon zosta\u0142 opracowany specjalnie do zabieg\u00f3w piel\u0119gnacji cia\u0142a w salonach kosmetycznych i day spa z ograniczon\u0105 przestrzeni\u0105.<\/p>","protected":false},"featured_media":2133,"comment_status":"open","ping_status":"closed","template":"","meta":{"_acf_changed":false,"site-sidebar-layout":"default","site-content-layout":"","ast-site-content-layout":"default","site-content-style":"default","site-sidebar-style":"default","ast-global-header-display":"","ast-banner-title-visibility":"","ast-main-header-display":"","ast-hfb-above-header-display":"","ast-hfb-below-header-display":"","ast-hfb-mobile-header-display":"","site-post-title":"","ast-breadcrumbs-content":"","ast-featured-img":"","footer-sml-layout":"","ast-disable-related-posts":"","theme-transparent-header-meta":"default","adv-header-id-meta":"","stick-header-meta":"","header-above-stick-meta":"","header-main-stick-meta":"","header-below-stick-meta":"","astra-migrate-meta-layouts":"set","ast-page-background-enabled":"default","ast-page-background-meta":{"desktop":{"background-color":"var(--ast-global-color-4)","background-image":"","background-repeat":"repeat","background-position":"center center","background-size":"auto","background-attachment":"scroll","background-type":"","background-media":"","overlay-type":"","overlay-color":"","overlay-opacity":"","overlay-gradient":""},"tablet":{"background-color":"","background-image":"","background-repeat":"repeat","background-position":"center center","background-size":"auto","background-attachment":"scroll","background-type":"","background-media":"","overlay-type":"","overlay-color":"","overlay-opacity":"","overlay-gradient":""},"mobile":{"background-color":"","background-image":"","background-repeat":"repeat","background-position":"center center","background-size":"auto","background-attachment":"scroll","background-type":"","background-media":"","overlay-type":"","overlay-color":"","overlay-opacity":"","overlay-gradient":""}},"ast-content-background-meta":{"desktop":{"background-color":"var(--ast-global-color-5)","background-image":"","background-repeat":"repeat","background-position":"center center","background-size":"auto","background-attachment":"scroll","background-type":"","background-media":"","overlay-type":"","overlay-color":"","overlay-opacity":"","overlay-gradient":""},"tablet":{"background-color":"var(--ast-global-color-5)","background-image":"","background-repeat":"repeat","background-position":"center center","background-size":"auto","background-attachment":"scroll","background-type":"","background-media":"","overlay-type":"","overlay-color":"","overlay-opacity":"","overlay-gradient":""},"mobile":{"background-color":"var(--ast-global-color-5)","background-image":"","background-repeat":"repeat","background-position":"center center","background-size":"auto","background-attachment":"scroll","background-type":"","background-media":"","overlay-type":"","overlay-color":"","overlay-opacity":"","overlay-gradient":""}}},"product_brand":[],"product_cat":[81,82],"product_tag":[],"class_list":{"0":"post-2132","1":"product","2":"type-product","3":"status-publish","4":"has-post-thumbnail","6":"product_cat-energy-cocoons","7":"product_cat-esthetical","8":"desktop-align-left","9":"tablet-align-left","10":"mobile-align-left","12":"first","13":"instock","14":"shipping-taxable","15":"product-type-simple"},"acf":[],"yoast_head":"<!-- This site is optimized with the Yoast SEO plugin v27.4 - https:\/\/yoast.com\/product\/yoast-seo-wordpress\/ -->\n<title>Dream - NEOQI<\/title>\n<meta name=\"robots\" content=\"index, follow, max-snippet:-1, max-image-preview:large, max-video-preview:-1\" \/>\n<link rel=\"canonical\" href=\"https:\/\/neoqi.com\/pl\/prodotto\/dream\/\" \/>\n<meta property=\"og:locale\" content=\"pl_PL\" \/>\n<meta property=\"og:type\" content=\"article\" \/>\n<meta property=\"og:title\" content=\"Dream - NEOQI\" \/>\n<meta property=\"og:description\" content=\"The SPA-capsule Dream is a carefully designed device, necessary for carrying out classical SPA rituals. Dream features the most popular and effective functions for body shape correction, improving blood circulation, cellulite reduction, stress relief and rejuvenation. Combined with advanced rehabilitation technologies, the above-mentioned options are supplemented with a healing effect, has beneficial impact on overall health.  The Dream energy cocoon provides a unique opportunity to get away from daily bustle, relax and forget about all the problems. After the treatment, the customer experience a burst of energy, better mood and sleep recovery.  Dream cocoon was specifically developed for body care treatments in beauty salons and day spas with limited room.\" \/>\n<meta property=\"og:url\" content=\"https:\/\/neoqi.com\/pl\/prodotto\/dream\/\" \/>\n<meta property=\"og:site_name\" content=\"NEOQI\" \/>\n<meta property=\"article:publisher\" content=\"https:\/\/www.facebook.com\/neoqi\/\" \/>\n<meta property=\"article:modified_time\" content=\"2024-12-03T15:38:14+00:00\" \/>\n<meta property=\"og:image\" content=\"https:\/\/neoqi.com\/wp-content\/uploads\/2024\/09\/dream.png\" \/>\n\t<meta property=\"og:image:width\" content=\"1200\" \/>\n\t<meta property=\"og:image:height\" content=\"800\" \/>\n\t<meta property=\"og:image:type\" content=\"image\/png\" \/>\n<meta name=\"twitter:card\" content=\"summary_large_image\" \/>\n<meta name=\"twitter:label1\" content=\"Szacowany czas czytania\" \/>\n\t<meta name=\"twitter:data1\" content=\"2 minuty\" \/>\n<script type=\"application\/ld+json\" class=\"yoast-schema-graph\">{\"@context\":\"https:\\\/\\\/schema.org\",\"@graph\":[{\"@type\":\"WebPage\",\"@id\":\"https:\\\/\\\/neoqi.com\\\/it\\\/prodotto\\\/dream\\\/\",\"url\":\"https:\\\/\\\/neoqi.com\\\/it\\\/prodotto\\\/dream\\\/\",\"name\":\"Dream - NEOQI\",\"isPartOf\":{\"@id\":\"https:\\\/\\\/neoqi.com\\\/#website\"},\"primaryImageOfPage\":{\"@id\":\"https:\\\/\\\/neoqi.com\\\/it\\\/prodotto\\\/dream\\\/#primaryimage\"},\"image\":{\"@id\":\"https:\\\/\\\/neoqi.com\\\/it\\\/prodotto\\\/dream\\\/#primaryimage\"},\"thumbnailUrl\":\"https:\\\/\\\/neoqi.com\\\/wp-content\\\/uploads\\\/2024\\\/09\\\/dream.png\",\"datePublished\":\"2024-09-07T01:53:06+00:00\",\"dateModified\":\"2024-12-03T15:38:14+00:00\",\"breadcrumb\":{\"@id\":\"https:\\\/\\\/neoqi.com\\\/it\\\/prodotto\\\/dream\\\/#breadcrumb\"},\"inLanguage\":\"pl-PL\",\"potentialAction\":[{\"@type\":\"ReadAction\",\"target\":[\"https:\\\/\\\/neoqi.com\\\/it\\\/prodotto\\\/dream\\\/\"]}]},{\"@type\":\"ImageObject\",\"inLanguage\":\"pl-PL\",\"@id\":\"https:\\\/\\\/neoqi.com\\\/it\\\/prodotto\\\/dream\\\/#primaryimage\",\"url\":\"https:\\\/\\\/neoqi.com\\\/wp-content\\\/uploads\\\/2024\\\/09\\\/dream.png\",\"contentUrl\":\"https:\\\/\\\/neoqi.com\\\/wp-content\\\/uploads\\\/2024\\\/09\\\/dream.png\",\"width\":1200,\"height\":800},{\"@type\":\"BreadcrumbList\",\"@id\":\"https:\\\/\\\/neoqi.com\\\/it\\\/prodotto\\\/dream\\\/#breadcrumb\",\"itemListElement\":[{\"@type\":\"ListItem\",\"position\":1,\"name\":\"Home\",\"item\":\"https:\\\/\\\/neoqi.com\\\/\"},{\"@type\":\"ListItem\",\"position\":2,\"name\":\"Catalog\",\"item\":\"https:\\\/\\\/neoqi.com\\\/it\\\/catalog\\\/\"},{\"@type\":\"ListItem\",\"position\":3,\"name\":\"Dream\"}]},{\"@type\":\"WebSite\",\"@id\":\"https:\\\/\\\/neoqi.com\\\/#website\",\"url\":\"https:\\\/\\\/neoqi.com\\\/\",\"name\":\"NEOQI\",\"description\":\"Experience Ultimate Wellness and Relaxation with NeoQi Spa Capsule: Your Path to Rejuvenation\",\"publisher\":{\"@id\":\"https:\\\/\\\/neoqi.com\\\/#organization\"},\"potentialAction\":[{\"@type\":\"SearchAction\",\"target\":{\"@type\":\"EntryPoint\",\"urlTemplate\":\"https:\\\/\\\/neoqi.com\\\/?s={search_term_string}\"},\"query-input\":{\"@type\":\"PropertyValueSpecification\",\"valueRequired\":true,\"valueName\":\"search_term_string\"}}],\"inLanguage\":\"pl-PL\"},{\"@type\":\"Organization\",\"@id\":\"https:\\\/\\\/neoqi.com\\\/#organization\",\"name\":\"NEOQI\",\"url\":\"https:\\\/\\\/neoqi.com\\\/\",\"logo\":{\"@type\":\"ImageObject\",\"inLanguage\":\"pl-PL\",\"@id\":\"https:\\\/\\\/neoqi.com\\\/#\\\/schema\\\/logo\\\/image\\\/\",\"url\":\"https:\\\/\\\/neoqi.com\\\/wp-content\\\/uploads\\\/2024\\\/09\\\/logoneosvg.svg\",\"contentUrl\":\"https:\\\/\\\/neoqi.com\\\/wp-content\\\/uploads\\\/2024\\\/09\\\/logoneosvg.svg\",\"width\":1,\"height\":1,\"caption\":\"NEOQI\"},\"image\":{\"@id\":\"https:\\\/\\\/neoqi.com\\\/#\\\/schema\\\/logo\\\/image\\\/\"},\"sameAs\":[\"https:\\\/\\\/www.facebook.com\\\/neoqi\\\/\",\"https:\\\/\\\/www.instagram.com\\\/neoqi_com\\\/\"]}]}<\/script>\n<!-- \/ Yoast SEO plugin. -->","yoast_head_json":{"title":"Dream - NEOQI","robots":{"index":"index","follow":"follow","max-snippet":"max-snippet:-1","max-image-preview":"max-image-preview:large","max-video-preview":"max-video-preview:-1"},"canonical":"https:\/\/neoqi.com\/pl\/prodotto\/dream\/","og_locale":"pl_PL","og_type":"article","og_title":"Dream - NEOQI","og_description":"The SPA-capsule Dream is a carefully designed device, necessary for carrying out classical SPA rituals. Dream features the most popular and effective functions for body shape correction, improving blood circulation, cellulite reduction, stress relief and rejuvenation. Combined with advanced rehabilitation technologies, the above-mentioned options are supplemented with a healing effect, has beneficial impact on overall health.  The Dream energy cocoon provides a unique opportunity to get away from daily bustle, relax and forget about all the problems. After the treatment, the customer experience a burst of energy, better mood and sleep recovery.  Dream cocoon was specifically developed for body care treatments in beauty salons and day spas with limited room.","og_url":"https:\/\/neoqi.com\/pl\/prodotto\/dream\/","og_site_name":"NEOQI","article_publisher":"https:\/\/www.facebook.com\/neoqi\/","article_modified_time":"2024-12-03T15:38:14+00:00","og_image":[{"width":1200,"height":800,"url":"https:\/\/neoqi.com\/wp-content\/uploads\/2024\/09\/dream.png","type":"image\/png"}],"twitter_card":"summary_large_image","twitter_misc":{"Szacowany czas czytania":"2 minuty"},"schema":{"@context":"https:\/\/schema.org","@graph":[{"@type":"WebPage","@id":"https:\/\/neoqi.com\/it\/prodotto\/dream\/","url":"https:\/\/neoqi.com\/it\/prodotto\/dream\/","name":"Dream - NEOQI","isPartOf":{"@id":"https:\/\/neoqi.com\/#website"},"primaryImageOfPage":{"@id":"https:\/\/neoqi.com\/it\/prodotto\/dream\/#primaryimage"},"image":{"@id":"https:\/\/neoqi.com\/it\/prodotto\/dream\/#primaryimage"},"thumbnailUrl":"https:\/\/neoqi.com\/wp-content\/uploads\/2024\/09\/dream.png","datePublished":"2024-09-07T01:53:06+00:00","dateModified":"2024-12-03T15:38:14+00:00","breadcrumb":{"@id":"https:\/\/neoqi.com\/it\/prodotto\/dream\/#breadcrumb"},"inLanguage":"pl-PL","potentialAction":[{"@type":"ReadAction","target":["https:\/\/neoqi.com\/it\/prodotto\/dream\/"]}]},{"@type":"ImageObject","inLanguage":"pl-PL","@id":"https:\/\/neoqi.com\/it\/prodotto\/dream\/#primaryimage","url":"https:\/\/neoqi.com\/wp-content\/uploads\/2024\/09\/dream.png","contentUrl":"https:\/\/neoqi.com\/wp-content\/uploads\/2024\/09\/dream.png","width":1200,"height":800},{"@type":"BreadcrumbList","@id":"https:\/\/neoqi.com\/it\/prodotto\/dream\/#breadcrumb","itemListElement":[{"@type":"ListItem","position":1,"name":"Home","item":"https:\/\/neoqi.com\/"},{"@type":"ListItem","position":2,"name":"Catalog","item":"https:\/\/neoqi.com\/it\/catalog\/"},{"@type":"ListItem","position":3,"name":"Dream"}]},{"@type":"WebSite","@id":"https:\/\/neoqi.com\/#website","url":"https:\/\/neoqi.com\/","name":"NEOQI","description":"Do\u015bwiadcz doskona\u0142ego samopoczucia i relaksu z NeoQi Spa Capsule: Twoja droga do odm\u0142odzenia","publisher":{"@id":"https:\/\/neoqi.com\/#organization"},"potentialAction":[{"@type":"SearchAction","target":{"@type":"EntryPoint","urlTemplate":"https:\/\/neoqi.com\/?s={search_term_string}"},"query-input":{"@type":"PropertyValueSpecification","valueRequired":true,"valueName":"search_term_string"}}],"inLanguage":"pl-PL"},{"@type":"Organization","@id":"https:\/\/neoqi.com\/#organization","name":"NEOQI","url":"https:\/\/neoqi.com\/","logo":{"@type":"ImageObject","inLanguage":"pl-PL","@id":"https:\/\/neoqi.com\/#\/schema\/logo\/image\/","url":"https:\/\/neoqi.com\/wp-content\/uploads\/2024\/09\/logoneosvg.svg","contentUrl":"https:\/\/neoqi.com\/wp-content\/uploads\/2024\/09\/logoneosvg.svg","width":1,"height":1,"caption":"NEOQI"},"image":{"@id":"https:\/\/neoqi.com\/#\/schema\/logo\/image\/"},"sameAs":["https:\/\/www.facebook.com\/neoqi\/","https:\/\/www.instagram.com\/neoqi_com\/"]}]}},"_links":{"self":[{"href":"https:\/\/neoqi.com\/pl\/wp-json\/wp\/v2\/product\/2132","targetHints":{"allow":["GET"]}}],"collection":[{"href":"https:\/\/neoqi.com\/pl\/wp-json\/wp\/v2\/product"}],"about":[{"href":"https:\/\/neoqi.com\/pl\/wp-json\/wp\/v2\/types\/product"}],"replies":[{"embeddable":true,"href":"https:\/\/neoqi.com\/pl\/wp-json\/wp\/v2\/comments?post=2132"}],"wp:featuredmedia":[{"embeddable":true,"href":"https:\/\/neoqi.com\/pl\/wp-json\/wp\/v2\/media\/2133"}],"wp:attachment":[{"href":"https:\/\/neoqi.com\/pl\/wp-json\/wp\/v2\/media?parent=2132"}],"wp:term":[{"taxonomy":"product_brand","embeddable":true,"href":"https:\/\/neoqi.com\/pl\/wp-json\/wp\/v2\/product_brand?post=2132"},{"taxonomy":"product_cat","embeddable":true,"href":"https:\/\/neoqi.com\/pl\/wp-json\/wp\/v2\/product_cat?post=2132"},{"taxonomy":"product_tag","embeddable":true,"href":"https:\/\/neoqi.com\/pl\/wp-json\/wp\/v2\/product_tag?post=2132"}],"curies":[{"name":"wp","href":"https:\/\/api.w.org\/{rel}","templated":true}]}}