{"id":2147,"date":"2024-09-07T03:55:10","date_gmt":"2024-09-07T00:55:10","guid":{"rendered":"http:\/\/neoqi.com\/?post_type=product&#038;p=2147"},"modified":"2024-12-03T18:38:05","modified_gmt":"2024-12-03T15:38:05","slug":"relax","status":"publish","type":"product","link":"https:\/\/neoqi.com\/pl\/produkt\/relax\/","title":{"rendered":"Relax"},"content":{"rendered":"<p><strong>G\u0142\u00f3wne zabiegi w NeoQi\u00ae Relax<\/strong><\/p>\n<p>Sauna parowa. Przyjemnie ciep\u0142a para stymuluje pocenie si\u0119, g\u0142\u0119bokie oczyszczanie i detoksykacj\u0119 sk\u00f3ry. Dzi\u0119ki regularnym wizytom w saunie parowej sk\u00f3ra staje si\u0119 bardziej elastyczna, g\u0142adka i nabiera r\u00f3wnomiernego, promiennego i zdrowego kolorytu. Sauna parowa przyspiesza r\u00f3wnie\u017c metabolizm, co prowadzi do naturalnej i zdrowej utraty wagi.<\/p>\n<p><strong>Sauna na podczerwie\u0144.<\/strong> Ju\u017c od pierwszych minut zabiegu ciep\u0142o podczerwone zaczyna wywiera\u0107 korzystny i \u0142agodny wp\u0142yw na organizm. G\u0142\u0119bokie rozgrzanie tkanek narz\u0105d\u00f3w wewn\u0119trznych \u0142agodzi b\u00f3l mi\u0119\u015bni, wzmacnia uk\u0142ad odporno\u015bciowy i eliminuje toksyny. Podczerwie\u0144 pomaga poprawi\u0107 stan emocjonalny i zwalcza stres, eliminuj\u0105c dra\u017cliwo\u015b\u0107, nerwowo\u015b\u0107 i bezsenno\u015b\u0107.<\/p>\n<p><strong>Aromaterapia.<\/strong> Przyjemna metoda leczenia za pomoc\u0105 zapach\u00f3w, kt\u00f3re zanurzaj\u0105 w tajemniczy \u015bwiat olejk\u00f3w eterycznych. Esencje mog\u0105 relaksowa\u0107, uspokaja\u0107 lub pobudza\u0107 uk\u0142ad nerwowy. Wymieszaj kompozycj\u0119 r\u00f3\u017cnych aromat\u00f3w, aby cieszy\u0107 si\u0119 atmosfer\u0105 \u015bwie\u017cego cytrusowego ogrodu, tropikalnego lasu lub orientalnego bazaru.<\/p>\n<p><strong>Chromoterapia.<\/strong> Kolory maj\u0105 wp\u0142yw na og\u00f3lny stan psychofizyczny cz\u0142owieka. Wykorzystaj w\u0142a\u015bciwo\u015bci ka\u017cdego koloru, aby przywr\u00f3ci\u0107 wzorce snu i funkcje narz\u0105d\u00f3w wewn\u0119trznych, wyeliminowa\u0107 b\u00f3le g\u0142owy, z\u0142agodzi\u0107 niepok\u00f3j i depresj\u0119.<\/p>\n<p><strong>Podsumowanie<\/strong><\/p>\n<p>Sauna na podczerwie\u0144<br \/>\nSauna parowa<br \/>\nTerapia aromatyczna<br \/>\nSystem kolorowych \u015bwiate\u0142<br \/>\nSystem muzyczny (MP3)<\/p>","protected":false},"excerpt":{"rendered":"<p>Kokon Relax Energy to wysokiej jako\u015bci funkcjonalne urz\u0105dzenie, kt\u00f3re umo\u017cliwia korzystanie zar\u00f3wno z sauny parowej, jak i na podczerwie\u0144. Jego ergonomiczny kszta\u0142t zapewnia wygodn\u0105 pozycj\u0119 siedz\u0105c\u0105, w kt\u00f3rej g\u0142owa pozostaje na zewn\u0105trz i nie jest nara\u017cona na dzia\u0142anie wy\u017cszych temperatur.<\/p>\n<p>Funkcje chromoterapii, aromaterapii i muzykoterapii uzupe\u0142niaj\u0105 ka\u017cd\u0105 sesj\u0119, zapewniaj\u0105c silny efekt terapeutyczny na stan psycho-emocjonalny.  Wybierz program zgodnie ze swoimi \u017cyczeniami, niezale\u017cnie od tego, czy chcesz na\u0142adowa\u0107 swoje cia\u0142o energi\u0105, czy zaoferowa\u0107 mu maksymalny relaks na koniec dnia.<\/p>\n<p>Relax SPA-capsule daje niepowtarzaln\u0105 mo\u017cliwo\u015b\u0107 po\u015bwi\u0119cenia czasu samemu sobie, przeprowadzaj\u0105c zar\u00f3wno zabiegi upi\u0119kszaj\u0105ce, jak i odnowy biologicznej. Regularne stosowanie Relax SPA-cocoon nape\u0142ni Ci\u0119 energi\u0105, stanie si\u0119 doskona\u0142ym narz\u0119dziem w walce z nadwag\u0105 oraz pozwoli odzyska\u0107 witalno\u015b\u0107 i zdrowie.<\/p>","protected":false},"featured_media":2148,"comment_status":"open","ping_status":"closed","template":"","meta":{"_acf_changed":false,"site-sidebar-layout":"default","site-content-layout":"","ast-site-content-layout":"default","site-content-style":"default","site-sidebar-style":"default","ast-global-header-display":"","ast-banner-title-visibility":"","ast-main-header-display":"","ast-hfb-above-header-display":"","ast-hfb-below-header-display":"","ast-hfb-mobile-header-display":"","site-post-title":"","ast-breadcrumbs-content":"","ast-featured-img":"","footer-sml-layout":"","ast-disable-related-posts":"","theme-transparent-header-meta":"default","adv-header-id-meta":"","stick-header-meta":"","header-above-stick-meta":"","header-main-stick-meta":"","header-below-stick-meta":"","astra-migrate-meta-layouts":"set","ast-page-background-enabled":"default","ast-page-background-meta":{"desktop":{"background-color":"var(--ast-global-color-4)","background-image":"","background-repeat":"repeat","background-position":"center center","background-size":"auto","background-attachment":"scroll","background-type":"","background-media":"","overlay-type":"","overlay-color":"","overlay-opacity":"","overlay-gradient":""},"tablet":{"background-color":"","background-image":"","background-repeat":"repeat","background-position":"center center","background-size":"auto","background-attachment":"scroll","background-type":"","background-media":"","overlay-type":"","overlay-color":"","overlay-opacity":"","overlay-gradient":""},"mobile":{"background-color":"","background-image":"","background-repeat":"repeat","background-position":"center center","background-size":"auto","background-attachment":"scroll","background-type":"","background-media":"","overlay-type":"","overlay-color":"","overlay-opacity":"","overlay-gradient":""}},"ast-content-background-meta":{"desktop":{"background-color":"var(--ast-global-color-5)","background-image":"","background-repeat":"repeat","background-position":"center center","background-size":"auto","background-attachment":"scroll","background-type":"","background-media":"","overlay-type":"","overlay-color":"","overlay-opacity":"","overlay-gradient":""},"tablet":{"background-color":"var(--ast-global-color-5)","background-image":"","background-repeat":"repeat","background-position":"center center","background-size":"auto","background-attachment":"scroll","background-type":"","background-media":"","overlay-type":"","overlay-color":"","overlay-opacity":"","overlay-gradient":""},"mobile":{"background-color":"var(--ast-global-color-5)","background-image":"","background-repeat":"repeat","background-position":"center center","background-size":"auto","background-attachment":"scroll","background-type":"","background-media":"","overlay-type":"","overlay-color":"","overlay-opacity":"","overlay-gradient":""}}},"product_brand":[],"product_cat":[81,82],"product_tag":[],"class_list":{"0":"post-2147","1":"product","2":"type-product","3":"status-publish","4":"has-post-thumbnail","6":"product_cat-energy-cocoons","7":"product_cat-esthetical","8":"desktop-align-left","9":"tablet-align-left","10":"mobile-align-left","12":"first","13":"instock","14":"shipping-taxable","15":"product-type-simple"},"acf":[],"yoast_head":"<!-- This site is optimized with the Yoast SEO plugin v27.4 - https:\/\/yoast.com\/product\/yoast-seo-wordpress\/ -->\n<title>Relax - NEOQI<\/title>\n<meta name=\"robots\" content=\"index, follow, max-snippet:-1, max-image-preview:large, max-video-preview:-1\" \/>\n<link rel=\"canonical\" href=\"https:\/\/neoqi.com\/pl\/produkt\/relax\/\" \/>\n<meta property=\"og:locale\" content=\"pl_PL\" \/>\n<meta property=\"og:type\" content=\"article\" \/>\n<meta property=\"og:title\" content=\"Relax - NEOQI\" \/>\n<meta property=\"og:description\" content=\"The Relax Energy cocoon is a high quality functional device that allows you to enjoy both steam and infrared sauna. Its ergonomic shape provides a comfortable sitting position, wherein the head stays out side and is not exposed to higher temperatures.  Chromo-, aroma- and music therapy functions complement each session providing a powerful therapeutic effect on the psycho-emotional state.\u00a0 Choose a program according to your wishes, whether you want to charge your body with energy or offer it maximum relaxation at the end of the day.  The Relax SPA-capsule gives a unique opportunity to devote time to yourself by conducting both beauty and wellness treatments. Regular use of the Relax SPA-cocoon will fill you with energy, become an excellent tool in the fight with excess weight, and regain vitality and health.\" \/>\n<meta property=\"og:url\" content=\"https:\/\/neoqi.com\/pl\/produkt\/relax\/\" \/>\n<meta property=\"og:site_name\" content=\"NEOQI\" \/>\n<meta property=\"article:publisher\" content=\"https:\/\/www.facebook.com\/neoqi\/\" \/>\n<meta property=\"article:modified_time\" content=\"2024-12-03T15:38:05+00:00\" \/>\n<meta property=\"og:image\" content=\"https:\/\/neoqi.com\/wp-content\/uploads\/2024\/09\/relax.png\" \/>\n\t<meta property=\"og:image:width\" content=\"1200\" \/>\n\t<meta property=\"og:image:height\" content=\"800\" \/>\n\t<meta property=\"og:image:type\" content=\"image\/png\" \/>\n<meta name=\"twitter:card\" content=\"summary_large_image\" \/>\n<meta name=\"twitter:label1\" content=\"Szacowany czas czytania\" \/>\n\t<meta name=\"twitter:data1\" content=\"1 minuta\" \/>\n<script type=\"application\/ld+json\" class=\"yoast-schema-graph\">{\"@context\":\"https:\\\/\\\/schema.org\",\"@graph\":[{\"@type\":\"WebPage\",\"@id\":\"https:\\\/\\\/neoqi.com\\\/product\\\/relax\\\/\",\"url\":\"https:\\\/\\\/neoqi.com\\\/product\\\/relax\\\/\",\"name\":\"Relax - NEOQI\",\"isPartOf\":{\"@id\":\"https:\\\/\\\/neoqi.com\\\/#website\"},\"primaryImageOfPage\":{\"@id\":\"https:\\\/\\\/neoqi.com\\\/product\\\/relax\\\/#primaryimage\"},\"image\":{\"@id\":\"https:\\\/\\\/neoqi.com\\\/product\\\/relax\\\/#primaryimage\"},\"thumbnailUrl\":\"https:\\\/\\\/neoqi.com\\\/wp-content\\\/uploads\\\/2024\\\/09\\\/relax.png\",\"datePublished\":\"2024-09-07T00:55:10+00:00\",\"dateModified\":\"2024-12-03T15:38:05+00:00\",\"breadcrumb\":{\"@id\":\"https:\\\/\\\/neoqi.com\\\/product\\\/relax\\\/#breadcrumb\"},\"inLanguage\":\"pl-PL\",\"potentialAction\":[{\"@type\":\"ReadAction\",\"target\":[\"https:\\\/\\\/neoqi.com\\\/product\\\/relax\\\/\"]}]},{\"@type\":\"ImageObject\",\"inLanguage\":\"pl-PL\",\"@id\":\"https:\\\/\\\/neoqi.com\\\/product\\\/relax\\\/#primaryimage\",\"url\":\"https:\\\/\\\/neoqi.com\\\/wp-content\\\/uploads\\\/2024\\\/09\\\/relax.png\",\"contentUrl\":\"https:\\\/\\\/neoqi.com\\\/wp-content\\\/uploads\\\/2024\\\/09\\\/relax.png\",\"width\":1200,\"height\":800},{\"@type\":\"BreadcrumbList\",\"@id\":\"https:\\\/\\\/neoqi.com\\\/product\\\/relax\\\/#breadcrumb\",\"itemListElement\":[{\"@type\":\"ListItem\",\"position\":1,\"name\":\"Home\",\"item\":\"https:\\\/\\\/neoqi.com\\\/\"},{\"@type\":\"ListItem\",\"position\":2,\"name\":\"Catalog\",\"item\":\"https:\\\/\\\/neoqi.com\\\/it\\\/catalog\\\/\"},{\"@type\":\"ListItem\",\"position\":3,\"name\":\"Relax\"}]},{\"@type\":\"WebSite\",\"@id\":\"https:\\\/\\\/neoqi.com\\\/#website\",\"url\":\"https:\\\/\\\/neoqi.com\\\/\",\"name\":\"NEOQI\",\"description\":\"Experience Ultimate Wellness and Relaxation with NeoQi Spa Capsule: Your Path to Rejuvenation\",\"publisher\":{\"@id\":\"https:\\\/\\\/neoqi.com\\\/#organization\"},\"potentialAction\":[{\"@type\":\"SearchAction\",\"target\":{\"@type\":\"EntryPoint\",\"urlTemplate\":\"https:\\\/\\\/neoqi.com\\\/?s={search_term_string}\"},\"query-input\":{\"@type\":\"PropertyValueSpecification\",\"valueRequired\":true,\"valueName\":\"search_term_string\"}}],\"inLanguage\":\"pl-PL\"},{\"@type\":\"Organization\",\"@id\":\"https:\\\/\\\/neoqi.com\\\/#organization\",\"name\":\"NEOQI\",\"url\":\"https:\\\/\\\/neoqi.com\\\/\",\"logo\":{\"@type\":\"ImageObject\",\"inLanguage\":\"pl-PL\",\"@id\":\"https:\\\/\\\/neoqi.com\\\/#\\\/schema\\\/logo\\\/image\\\/\",\"url\":\"https:\\\/\\\/neoqi.com\\\/wp-content\\\/uploads\\\/2024\\\/09\\\/logoneosvg.svg\",\"contentUrl\":\"https:\\\/\\\/neoqi.com\\\/wp-content\\\/uploads\\\/2024\\\/09\\\/logoneosvg.svg\",\"width\":1,\"height\":1,\"caption\":\"NEOQI\"},\"image\":{\"@id\":\"https:\\\/\\\/neoqi.com\\\/#\\\/schema\\\/logo\\\/image\\\/\"},\"sameAs\":[\"https:\\\/\\\/www.facebook.com\\\/neoqi\\\/\",\"https:\\\/\\\/www.instagram.com\\\/neoqi_com\\\/\"]}]}<\/script>\n<!-- \/ Yoast SEO plugin. -->","yoast_head_json":{"title":"Relax - NEOQI","robots":{"index":"index","follow":"follow","max-snippet":"max-snippet:-1","max-image-preview":"max-image-preview:large","max-video-preview":"max-video-preview:-1"},"canonical":"https:\/\/neoqi.com\/pl\/produkt\/relax\/","og_locale":"pl_PL","og_type":"article","og_title":"Relax - NEOQI","og_description":"The Relax Energy cocoon is a high quality functional device that allows you to enjoy both steam and infrared sauna. Its ergonomic shape provides a comfortable sitting position, wherein the head stays out side and is not exposed to higher temperatures.  Chromo-, aroma- and music therapy functions complement each session providing a powerful therapeutic effect on the psycho-emotional state.\u00a0 Choose a program according to your wishes, whether you want to charge your body with energy or offer it maximum relaxation at the end of the day.  The Relax SPA-capsule gives a unique opportunity to devote time to yourself by conducting both beauty and wellness treatments. Regular use of the Relax SPA-cocoon will fill you with energy, become an excellent tool in the fight with excess weight, and regain vitality and health.","og_url":"https:\/\/neoqi.com\/pl\/produkt\/relax\/","og_site_name":"NEOQI","article_publisher":"https:\/\/www.facebook.com\/neoqi\/","article_modified_time":"2024-12-03T15:38:05+00:00","og_image":[{"width":1200,"height":800,"url":"https:\/\/neoqi.com\/wp-content\/uploads\/2024\/09\/relax.png","type":"image\/png"}],"twitter_card":"summary_large_image","twitter_misc":{"Szacowany czas czytania":"1 minuta"},"schema":{"@context":"https:\/\/schema.org","@graph":[{"@type":"WebPage","@id":"https:\/\/neoqi.com\/product\/relax\/","url":"https:\/\/neoqi.com\/product\/relax\/","name":"Relax - NEOQI","isPartOf":{"@id":"https:\/\/neoqi.com\/#website"},"primaryImageOfPage":{"@id":"https:\/\/neoqi.com\/product\/relax\/#primaryimage"},"image":{"@id":"https:\/\/neoqi.com\/product\/relax\/#primaryimage"},"thumbnailUrl":"https:\/\/neoqi.com\/wp-content\/uploads\/2024\/09\/relax.png","datePublished":"2024-09-07T00:55:10+00:00","dateModified":"2024-12-03T15:38:05+00:00","breadcrumb":{"@id":"https:\/\/neoqi.com\/product\/relax\/#breadcrumb"},"inLanguage":"pl-PL","potentialAction":[{"@type":"ReadAction","target":["https:\/\/neoqi.com\/product\/relax\/"]}]},{"@type":"ImageObject","inLanguage":"pl-PL","@id":"https:\/\/neoqi.com\/product\/relax\/#primaryimage","url":"https:\/\/neoqi.com\/wp-content\/uploads\/2024\/09\/relax.png","contentUrl":"https:\/\/neoqi.com\/wp-content\/uploads\/2024\/09\/relax.png","width":1200,"height":800},{"@type":"BreadcrumbList","@id":"https:\/\/neoqi.com\/product\/relax\/#breadcrumb","itemListElement":[{"@type":"ListItem","position":1,"name":"Home","item":"https:\/\/neoqi.com\/"},{"@type":"ListItem","position":2,"name":"Catalog","item":"https:\/\/neoqi.com\/it\/catalog\/"},{"@type":"ListItem","position":3,"name":"Relax"}]},{"@type":"WebSite","@id":"https:\/\/neoqi.com\/#website","url":"https:\/\/neoqi.com\/","name":"NEOQI","description":"Do\u015bwiadcz doskona\u0142ego samopoczucia i relaksu z NeoQi Spa Capsule: Twoja droga do odm\u0142odzenia","publisher":{"@id":"https:\/\/neoqi.com\/#organization"},"potentialAction":[{"@type":"SearchAction","target":{"@type":"EntryPoint","urlTemplate":"https:\/\/neoqi.com\/?s={search_term_string}"},"query-input":{"@type":"PropertyValueSpecification","valueRequired":true,"valueName":"search_term_string"}}],"inLanguage":"pl-PL"},{"@type":"Organization","@id":"https:\/\/neoqi.com\/#organization","name":"NEOQI","url":"https:\/\/neoqi.com\/","logo":{"@type":"ImageObject","inLanguage":"pl-PL","@id":"https:\/\/neoqi.com\/#\/schema\/logo\/image\/","url":"https:\/\/neoqi.com\/wp-content\/uploads\/2024\/09\/logoneosvg.svg","contentUrl":"https:\/\/neoqi.com\/wp-content\/uploads\/2024\/09\/logoneosvg.svg","width":1,"height":1,"caption":"NEOQI"},"image":{"@id":"https:\/\/neoqi.com\/#\/schema\/logo\/image\/"},"sameAs":["https:\/\/www.facebook.com\/neoqi\/","https:\/\/www.instagram.com\/neoqi_com\/"]}]}},"_links":{"self":[{"href":"https:\/\/neoqi.com\/pl\/wp-json\/wp\/v2\/product\/2147","targetHints":{"allow":["GET"]}}],"collection":[{"href":"https:\/\/neoqi.com\/pl\/wp-json\/wp\/v2\/product"}],"about":[{"href":"https:\/\/neoqi.com\/pl\/wp-json\/wp\/v2\/types\/product"}],"replies":[{"embeddable":true,"href":"https:\/\/neoqi.com\/pl\/wp-json\/wp\/v2\/comments?post=2147"}],"wp:featuredmedia":[{"embeddable":true,"href":"https:\/\/neoqi.com\/pl\/wp-json\/wp\/v2\/media\/2148"}],"wp:attachment":[{"href":"https:\/\/neoqi.com\/pl\/wp-json\/wp\/v2\/media?parent=2147"}],"wp:term":[{"taxonomy":"product_brand","embeddable":true,"href":"https:\/\/neoqi.com\/pl\/wp-json\/wp\/v2\/product_brand?post=2147"},{"taxonomy":"product_cat","embeddable":true,"href":"https:\/\/neoqi.com\/pl\/wp-json\/wp\/v2\/product_cat?post=2147"},{"taxonomy":"product_tag","embeddable":true,"href":"https:\/\/neoqi.com\/pl\/wp-json\/wp\/v2\/product_tag?post=2147"}],"curies":[{"name":"wp","href":"https:\/\/api.w.org\/{rel}","templated":true}]}}