{"id":2163,"date":"2024-09-07T06:58:56","date_gmt":"2024-09-07T03:58:56","guid":{"rendered":"http:\/\/neoqi.com\/?post_type=product&#038;p=2163"},"modified":"2024-12-03T18:38:38","modified_gmt":"2024-12-03T15:38:38","slug":"medica","status":"publish","type":"product","link":"https:\/\/neoqi.com\/pl\/produkt\/medica\/","title":{"rendered":"Medica"},"content":{"rendered":"<p><strong>G\u0142\u00f3wne zabiegi w NeoQi\u00ae Medica<\/strong><\/p>\n<p>P\u0119cherzyki powietrza i hydromasa\u017c to automatyczne funkcje wanny. Jest to skuteczne po\u0142\u0105czenie masa\u017cu strefowego z metodami termo- i hydroterapii. Ciep\u0142e strumienie wody delikatnie masuj\u0105 problematyczne obszary cia\u0142a, koryguj\u0105c sylwetk\u0119, poleruj\u0105c sk\u00f3r\u0119 i wzbogacaj\u0105c j\u0105 w tlen. Sesje hydromasa\u017cu pomagaj\u0105 z\u0142agodzi\u0107 i rozwi\u0105za\u0107 problemy z uk\u0142adem mi\u0119\u015bniowo-szkieletowym i sercowo-naczyniowym, a tak\u017ce z nadwag\u0105. Masa\u017c ba\u0144k\u0105 powietrzn\u0105 delikatnie oddzia\u0142uje na mi\u0119\u015bnie, otulaj\u0105c cia\u0142o tysi\u0105cami wiruj\u0105cych b\u0105belk\u00f3w powietrza.<\/p>\n<p><strong>Balneoterapia.<\/strong> Jest to popularna i skuteczna metoda leczenia i o\u017cywiania cia\u0142a. K\u0105piel wype\u0142niona jest ciep\u0142\u0105 wod\u0105 z r\u00f3\u017cnymi dodatkami: wodorostami, sol\u0105, b\u0142otem, olejkami eterycznymi. Opr\u00f3cz zapobiegania chorobom i \u0142agodzenia stresu, takie zabiegi maj\u0105 r\u00f3wnie\u017c dzia\u0142anie upi\u0119kszaj\u0105ce. Balneoterapia s\u0142u\u017cy do odchudzania, nawil\u017cania i tonizowania sk\u00f3ry.<br \/>\nChromoterapia przywraca r\u00f3wnowag\u0119 energetyczn\u0105, eliminuje stres i wzmacnia uk\u0142ad odporno\u015bciowy. \u015awiat\u0142o przenika przez tkanki i przenosi niezb\u0119dny przep\u0142yw energii, korzystnie wp\u0142ywaj\u0105c na zdrowie. Chromoterapia jest skutecznym dodatkiem do ka\u017cdej sesji hydroterapii.<\/p>\n<p><strong>Podsumowanie<\/strong><\/p>\n<p>Hydromasa\u017c<br \/>\nMasa\u017c b\u0105belkami powietrza<br \/>\nTerapia kolorowym \u015bwiat\u0142em (chromoterapia)<br \/>\n6 dysz bocznych<br \/>\n8 dysz do masa\u017cu plec\u00f3w<br \/>\n2 dysze do st\u00f3p<br \/>\n10 dolnych dysz powietrznych<br \/>\nSystem dmuchawy powietrza<br \/>\nSzybkie nape\u0142nianie i odprowadzanie wody<br \/>\nPrysznic r\u0119czny<\/p>","protected":false},"excerpt":{"rendered":"<p>Medica to \u015bredniej wielko\u015bci profesjonalna wanna do hydroterapii, kt\u00f3ra jest dobr\u0105 alternatyw\u0105 dla wanny Niagara. Medica posiada te same funkcje, ale dzi\u0119ki bardziej kompaktowym rozmiarom jest idealna do mniejszych pomieszcze\u0144. Wanna do hydroterapii jest przeznaczona do masa\u017cu strefowego za pomoc\u0105 automatycznego dop\u0142ywu wody i powietrza. Wszystkie funkcje masa\u017cu Medica mog\u0105 by\u0107 uzupe\u0142nione chromoterapi\u0105, kt\u00f3ra pozwala klientom g\u0142\u0119boko si\u0119 zrelaksowa\u0107 i uzyska\u0107 pozytywne emocje z sesji masa\u017cu.<\/p>\n<p>Wn\u0119trze wanny ma ergonomiczny kszta\u0142t z profilem na plecy i uda oraz wystaj\u0105cymi pod\u0142okietnikami, kt\u00f3re zapewniaj\u0105 maksymalny komfort klientowi podczas zabiegu.<\/p>","protected":false},"featured_media":2164,"comment_status":"open","ping_status":"closed","template":"","meta":{"_acf_changed":false,"site-sidebar-layout":"default","site-content-layout":"","ast-site-content-layout":"default","site-content-style":"default","site-sidebar-style":"default","ast-global-header-display":"","ast-banner-title-visibility":"","ast-main-header-display":"","ast-hfb-above-header-display":"","ast-hfb-below-header-display":"","ast-hfb-mobile-header-display":"","site-post-title":"","ast-breadcrumbs-content":"","ast-featured-img":"","footer-sml-layout":"","ast-disable-related-posts":"","theme-transparent-header-meta":"default","adv-header-id-meta":"","stick-header-meta":"","header-above-stick-meta":"","header-main-stick-meta":"","header-below-stick-meta":"","astra-migrate-meta-layouts":"set","ast-page-background-enabled":"default","ast-page-background-meta":{"desktop":{"background-color":"var(--ast-global-color-4)","background-image":"","background-repeat":"repeat","background-position":"center center","background-size":"auto","background-attachment":"scroll","background-type":"","background-media":"","overlay-type":"","overlay-color":"","overlay-opacity":"","overlay-gradient":""},"tablet":{"background-color":"","background-image":"","background-repeat":"repeat","background-position":"center center","background-size":"auto","background-attachment":"scroll","background-type":"","background-media":"","overlay-type":"","overlay-color":"","overlay-opacity":"","overlay-gradient":""},"mobile":{"background-color":"","background-image":"","background-repeat":"repeat","background-position":"center center","background-size":"auto","background-attachment":"scroll","background-type":"","background-media":"","overlay-type":"","overlay-color":"","overlay-opacity":"","overlay-gradient":""}},"ast-content-background-meta":{"desktop":{"background-color":"var(--ast-global-color-5)","background-image":"","background-repeat":"repeat","background-position":"center center","background-size":"auto","background-attachment":"scroll","background-type":"","background-media":"","overlay-type":"","overlay-color":"","overlay-opacity":"","overlay-gradient":""},"tablet":{"background-color":"var(--ast-global-color-5)","background-image":"","background-repeat":"repeat","background-position":"center center","background-size":"auto","background-attachment":"scroll","background-type":"","background-media":"","overlay-type":"","overlay-color":"","overlay-opacity":"","overlay-gradient":""},"mobile":{"background-color":"var(--ast-global-color-5)","background-image":"","background-repeat":"repeat","background-position":"center center","background-size":"auto","background-attachment":"scroll","background-type":"","background-media":"","overlay-type":"","overlay-color":"","overlay-opacity":"","overlay-gradient":""}}},"product_brand":[],"product_cat":[81,82],"product_tag":[],"class_list":{"0":"post-2163","1":"product","2":"type-product","3":"status-publish","4":"has-post-thumbnail","6":"product_cat-energy-cocoons","7":"product_cat-esthetical","8":"desktop-align-left","9":"tablet-align-left","10":"mobile-align-left","12":"first","13":"instock","14":"shipping-taxable","15":"product-type-simple"},"acf":[],"yoast_head":"<!-- This site is optimized with the Yoast SEO plugin v27.4 - https:\/\/yoast.com\/product\/yoast-seo-wordpress\/ -->\n<title>Medica - NEOQI<\/title>\n<meta name=\"robots\" content=\"index, follow, max-snippet:-1, max-image-preview:large, max-video-preview:-1\" \/>\n<link rel=\"canonical\" href=\"https:\/\/neoqi.com\/pl\/produkt\/medica\/\" \/>\n<meta property=\"og:locale\" content=\"pl_PL\" \/>\n<meta property=\"og:type\" content=\"article\" \/>\n<meta property=\"og:title\" content=\"Medica - NEOQI\" \/>\n<meta property=\"og:description\" content=\"Medica is middle-sized professional hydrotherapy bath, which is a good alternative to the Niagara bath. Medica has the same features, but due to its more compact size, it is perfect for smaller rooms. The hydrotherapy bath is designated for zonal massage by means of automatic water and air supply. All massage features of Medica can be complemented by chromotherapy that allows customers to deeply relax and receive positive emotions from the massage session.  The inside of the tub has an ergonomic shape with a profile for the back and thighs, and protruding armrests that provide maximum comfort to the client throughout the treatment.\" \/>\n<meta property=\"og:url\" content=\"https:\/\/neoqi.com\/pl\/produkt\/medica\/\" \/>\n<meta property=\"og:site_name\" content=\"NEOQI\" \/>\n<meta property=\"article:publisher\" content=\"https:\/\/www.facebook.com\/neoqi\/\" \/>\n<meta property=\"article:modified_time\" content=\"2024-12-03T15:38:38+00:00\" \/>\n<meta property=\"og:image\" content=\"https:\/\/neoqi.com\/wp-content\/uploads\/2024\/09\/medica.png\" \/>\n\t<meta property=\"og:image:width\" content=\"1200\" \/>\n\t<meta property=\"og:image:height\" content=\"800\" \/>\n\t<meta property=\"og:image:type\" content=\"image\/png\" \/>\n<meta name=\"twitter:card\" content=\"summary_large_image\" \/>\n<meta name=\"twitter:label1\" content=\"Szacowany czas czytania\" \/>\n\t<meta name=\"twitter:data1\" content=\"1 minuta\" \/>\n<script type=\"application\/ld+json\" class=\"yoast-schema-graph\">{\"@context\":\"https:\\\/\\\/schema.org\",\"@graph\":[{\"@type\":\"WebPage\",\"@id\":\"https:\\\/\\\/neoqi.com\\\/product\\\/medica\\\/\",\"url\":\"https:\\\/\\\/neoqi.com\\\/product\\\/medica\\\/\",\"name\":\"Medica - NEOQI\",\"isPartOf\":{\"@id\":\"https:\\\/\\\/neoqi.com\\\/#website\"},\"primaryImageOfPage\":{\"@id\":\"https:\\\/\\\/neoqi.com\\\/product\\\/medica\\\/#primaryimage\"},\"image\":{\"@id\":\"https:\\\/\\\/neoqi.com\\\/product\\\/medica\\\/#primaryimage\"},\"thumbnailUrl\":\"https:\\\/\\\/neoqi.com\\\/wp-content\\\/uploads\\\/2024\\\/09\\\/medica.png\",\"datePublished\":\"2024-09-07T03:58:56+00:00\",\"dateModified\":\"2024-12-03T15:38:38+00:00\",\"breadcrumb\":{\"@id\":\"https:\\\/\\\/neoqi.com\\\/product\\\/medica\\\/#breadcrumb\"},\"inLanguage\":\"pl-PL\",\"potentialAction\":[{\"@type\":\"ReadAction\",\"target\":[\"https:\\\/\\\/neoqi.com\\\/product\\\/medica\\\/\"]}]},{\"@type\":\"ImageObject\",\"inLanguage\":\"pl-PL\",\"@id\":\"https:\\\/\\\/neoqi.com\\\/product\\\/medica\\\/#primaryimage\",\"url\":\"https:\\\/\\\/neoqi.com\\\/wp-content\\\/uploads\\\/2024\\\/09\\\/medica.png\",\"contentUrl\":\"https:\\\/\\\/neoqi.com\\\/wp-content\\\/uploads\\\/2024\\\/09\\\/medica.png\",\"width\":1200,\"height\":800},{\"@type\":\"BreadcrumbList\",\"@id\":\"https:\\\/\\\/neoqi.com\\\/product\\\/medica\\\/#breadcrumb\",\"itemListElement\":[{\"@type\":\"ListItem\",\"position\":1,\"name\":\"Home\",\"item\":\"https:\\\/\\\/neoqi.com\\\/\"},{\"@type\":\"ListItem\",\"position\":2,\"name\":\"Catalog\",\"item\":\"https:\\\/\\\/neoqi.com\\\/it\\\/catalog\\\/\"},{\"@type\":\"ListItem\",\"position\":3,\"name\":\"Medica\"}]},{\"@type\":\"WebSite\",\"@id\":\"https:\\\/\\\/neoqi.com\\\/#website\",\"url\":\"https:\\\/\\\/neoqi.com\\\/\",\"name\":\"NEOQI\",\"description\":\"Experience Ultimate Wellness and Relaxation with NeoQi Spa Capsule: Your Path to Rejuvenation\",\"publisher\":{\"@id\":\"https:\\\/\\\/neoqi.com\\\/#organization\"},\"potentialAction\":[{\"@type\":\"SearchAction\",\"target\":{\"@type\":\"EntryPoint\",\"urlTemplate\":\"https:\\\/\\\/neoqi.com\\\/?s={search_term_string}\"},\"query-input\":{\"@type\":\"PropertyValueSpecification\",\"valueRequired\":true,\"valueName\":\"search_term_string\"}}],\"inLanguage\":\"pl-PL\"},{\"@type\":\"Organization\",\"@id\":\"https:\\\/\\\/neoqi.com\\\/#organization\",\"name\":\"NEOQI\",\"url\":\"https:\\\/\\\/neoqi.com\\\/\",\"logo\":{\"@type\":\"ImageObject\",\"inLanguage\":\"pl-PL\",\"@id\":\"https:\\\/\\\/neoqi.com\\\/#\\\/schema\\\/logo\\\/image\\\/\",\"url\":\"https:\\\/\\\/neoqi.com\\\/wp-content\\\/uploads\\\/2024\\\/09\\\/logoneosvg.svg\",\"contentUrl\":\"https:\\\/\\\/neoqi.com\\\/wp-content\\\/uploads\\\/2024\\\/09\\\/logoneosvg.svg\",\"width\":1,\"height\":1,\"caption\":\"NEOQI\"},\"image\":{\"@id\":\"https:\\\/\\\/neoqi.com\\\/#\\\/schema\\\/logo\\\/image\\\/\"},\"sameAs\":[\"https:\\\/\\\/www.facebook.com\\\/neoqi\\\/\",\"https:\\\/\\\/www.instagram.com\\\/neoqi_com\\\/\"]}]}<\/script>\n<!-- \/ Yoast SEO plugin. -->","yoast_head_json":{"title":"Medica - NEOQI","robots":{"index":"index","follow":"follow","max-snippet":"max-snippet:-1","max-image-preview":"max-image-preview:large","max-video-preview":"max-video-preview:-1"},"canonical":"https:\/\/neoqi.com\/pl\/produkt\/medica\/","og_locale":"pl_PL","og_type":"article","og_title":"Medica - NEOQI","og_description":"Medica is middle-sized professional hydrotherapy bath, which is a good alternative to the Niagara bath. Medica has the same features, but due to its more compact size, it is perfect for smaller rooms. The hydrotherapy bath is designated for zonal massage by means of automatic water and air supply. All massage features of Medica can be complemented by chromotherapy that allows customers to deeply relax and receive positive emotions from the massage session.  The inside of the tub has an ergonomic shape with a profile for the back and thighs, and protruding armrests that provide maximum comfort to the client throughout the treatment.","og_url":"https:\/\/neoqi.com\/pl\/produkt\/medica\/","og_site_name":"NEOQI","article_publisher":"https:\/\/www.facebook.com\/neoqi\/","article_modified_time":"2024-12-03T15:38:38+00:00","og_image":[{"width":1200,"height":800,"url":"https:\/\/neoqi.com\/wp-content\/uploads\/2024\/09\/medica.png","type":"image\/png"}],"twitter_card":"summary_large_image","twitter_misc":{"Szacowany czas czytania":"1 minuta"},"schema":{"@context":"https:\/\/schema.org","@graph":[{"@type":"WebPage","@id":"https:\/\/neoqi.com\/product\/medica\/","url":"https:\/\/neoqi.com\/product\/medica\/","name":"Medica - NEOQI","isPartOf":{"@id":"https:\/\/neoqi.com\/#website"},"primaryImageOfPage":{"@id":"https:\/\/neoqi.com\/product\/medica\/#primaryimage"},"image":{"@id":"https:\/\/neoqi.com\/product\/medica\/#primaryimage"},"thumbnailUrl":"https:\/\/neoqi.com\/wp-content\/uploads\/2024\/09\/medica.png","datePublished":"2024-09-07T03:58:56+00:00","dateModified":"2024-12-03T15:38:38+00:00","breadcrumb":{"@id":"https:\/\/neoqi.com\/product\/medica\/#breadcrumb"},"inLanguage":"pl-PL","potentialAction":[{"@type":"ReadAction","target":["https:\/\/neoqi.com\/product\/medica\/"]}]},{"@type":"ImageObject","inLanguage":"pl-PL","@id":"https:\/\/neoqi.com\/product\/medica\/#primaryimage","url":"https:\/\/neoqi.com\/wp-content\/uploads\/2024\/09\/medica.png","contentUrl":"https:\/\/neoqi.com\/wp-content\/uploads\/2024\/09\/medica.png","width":1200,"height":800},{"@type":"BreadcrumbList","@id":"https:\/\/neoqi.com\/product\/medica\/#breadcrumb","itemListElement":[{"@type":"ListItem","position":1,"name":"Home","item":"https:\/\/neoqi.com\/"},{"@type":"ListItem","position":2,"name":"Catalog","item":"https:\/\/neoqi.com\/it\/catalog\/"},{"@type":"ListItem","position":3,"name":"Medica"}]},{"@type":"WebSite","@id":"https:\/\/neoqi.com\/#website","url":"https:\/\/neoqi.com\/","name":"NEOQI","description":"Do\u015bwiadcz doskona\u0142ego samopoczucia i relaksu z NeoQi Spa Capsule: Twoja droga do odm\u0142odzenia","publisher":{"@id":"https:\/\/neoqi.com\/#organization"},"potentialAction":[{"@type":"SearchAction","target":{"@type":"EntryPoint","urlTemplate":"https:\/\/neoqi.com\/?s={search_term_string}"},"query-input":{"@type":"PropertyValueSpecification","valueRequired":true,"valueName":"search_term_string"}}],"inLanguage":"pl-PL"},{"@type":"Organization","@id":"https:\/\/neoqi.com\/#organization","name":"NEOQI","url":"https:\/\/neoqi.com\/","logo":{"@type":"ImageObject","inLanguage":"pl-PL","@id":"https:\/\/neoqi.com\/#\/schema\/logo\/image\/","url":"https:\/\/neoqi.com\/wp-content\/uploads\/2024\/09\/logoneosvg.svg","contentUrl":"https:\/\/neoqi.com\/wp-content\/uploads\/2024\/09\/logoneosvg.svg","width":1,"height":1,"caption":"NEOQI"},"image":{"@id":"https:\/\/neoqi.com\/#\/schema\/logo\/image\/"},"sameAs":["https:\/\/www.facebook.com\/neoqi\/","https:\/\/www.instagram.com\/neoqi_com\/"]}]}},"_links":{"self":[{"href":"https:\/\/neoqi.com\/pl\/wp-json\/wp\/v2\/product\/2163","targetHints":{"allow":["GET"]}}],"collection":[{"href":"https:\/\/neoqi.com\/pl\/wp-json\/wp\/v2\/product"}],"about":[{"href":"https:\/\/neoqi.com\/pl\/wp-json\/wp\/v2\/types\/product"}],"replies":[{"embeddable":true,"href":"https:\/\/neoqi.com\/pl\/wp-json\/wp\/v2\/comments?post=2163"}],"wp:featuredmedia":[{"embeddable":true,"href":"https:\/\/neoqi.com\/pl\/wp-json\/wp\/v2\/media\/2164"}],"wp:attachment":[{"href":"https:\/\/neoqi.com\/pl\/wp-json\/wp\/v2\/media?parent=2163"}],"wp:term":[{"taxonomy":"product_brand","embeddable":true,"href":"https:\/\/neoqi.com\/pl\/wp-json\/wp\/v2\/product_brand?post=2163"},{"taxonomy":"product_cat","embeddable":true,"href":"https:\/\/neoqi.com\/pl\/wp-json\/wp\/v2\/product_cat?post=2163"},{"taxonomy":"product_tag","embeddable":true,"href":"https:\/\/neoqi.com\/pl\/wp-json\/wp\/v2\/product_tag?post=2163"}],"curies":[{"name":"wp","href":"https:\/\/api.w.org\/{rel}","templated":true}]}}