{"id":2170,"date":"2024-09-07T05:01:35","date_gmt":"2024-09-07T02:01:35","guid":{"rendered":"http:\/\/neoqi.com\/?post_type=product&#038;p=2170"},"modified":"2024-12-03T18:38:26","modified_gmt":"2024-12-03T15:38:26","slug":"bodybase","status":"publish","type":"product","link":"https:\/\/neoqi.com\/pl\/produkt\/bodybase\/","title":{"rendered":"Bodybase"},"content":{"rendered":"<p><strong>G\u0142\u00f3wne zabiegi w NeoQi\u00ae Bodybase:<\/strong><\/p>\n<p>Masa\u017c na mokro. Masa\u017c jest skuteczn\u0105 metod\u0105 profilaktyczn\u0105, kosmetyczn\u0105 i terapeutyczn\u0105 dla ludzkiego cia\u0142a. Zabieg ten jest korzystny dla sk\u00f3ry, tkanki mi\u0119\u015bniowej, uk\u0142adu nerwowego, sercowo-naczyniowego i oddechowego. Stosowanie olejk\u00f3w eterycznych ma dodatkowy pozytywny wp\u0142yw nie tylko na stan fizyczny, ale tak\u017ce psycho-emocjonalny cz\u0142owieka. Przyjemne zapachy pomog\u0105 pacjentowi szybko i g\u0142\u0119boko si\u0119 zrelaksowa\u0107, co sprawi, \u017ce masa\u017c b\u0119dzie jeszcze bardziej produktywny i przyjemny.<\/p>\n<p>Z\u0142uszczanie cia\u0142a. Ten rytua\u0142 SPA jest w stanie obudzi\u0107 i g\u0142\u0119boko oczy\u015bci\u0107 sk\u00f3r\u0119, wzbogacaj\u0105c j\u0105 w tlen, rozpocz\u0105\u0107 proces odm\u0142adzania, przywr\u00f3ci\u0107 elastyczno\u015b\u0107 i j\u0119drno\u015b\u0107. Zaproponuj swoim klientom egzotyczn\u0105 mieszank\u0119 owoc\u00f3w tropikalnych, kawy i gorzkiej czekolady, \u017curawiny i soli morskiej. Peeling stanowi doskona\u0142e przygotowanie sk\u00f3ry do kolejnych zabieg\u00f3w SPA.<br \/>\nOk\u0142ady rozgrzewaj\u0105ce i ch\u0142odz\u0105ce. Ok\u0142ady na cia\u0142o to popularne i najprzyjemniejsze rytua\u0142y SPA, maj\u0105ce na celu wzbogacenie sk\u00f3ry w witaminy i minera\u0142y, spalanie tkanki t\u0142uszczowej, a tak\u017ce regeneracj\u0119, od\u017cywienie i odm\u0142odzenie sk\u00f3ry. Po zabiegu sk\u00f3ra jest mi\u0119kka, j\u0119drna i niesamowicie g\u0142adka.<\/p>\n<p>Talasoterapia. Witalna moc oceanu pomaga o\u017cywi\u0107, przywr\u00f3ci\u0107, zrelaksowa\u0107 i odm\u0142odzi\u0107 cia\u0142o. Zasady talasoterapii opieraj\u0105 si\u0119 na wykorzystaniu wody morskiej, soli morskich, wodorost\u00f3w i b\u0142ota. Podczas sesji klient czuje uzdrawiaj\u0105c\u0105 atmosfer\u0119 najlepszych nadmorskich kurort\u00f3w, pozbywaj\u0105c si\u0119 stresu, bezsenno\u015bci, sezonowej depresji i dra\u017cliwo\u015bci.<\/p>\n<p>Terapia kamieniami to nie tylko skuteczny i popularny rodzaj masa\u017cu, ale tak\u017ce spos\u00f3b na wykorzystanie o\u017cywczych mocy natury. Kamienie, jako \u017ce pochodz\u0105 z ziemi, maj\u0105 zdolno\u015b\u0107 poch\u0142aniania pot\u0119\u017cnej energii wszystkich istniej\u0105cych \u017cywio\u0142\u00f3w. G\u0142adkie, p\u0142askie, gor\u0105ce czarne kamienie i ch\u0142odne bia\u0142e kamienie rozlu\u017aniaj\u0105 mi\u0119\u015bnie, poprawiaj\u0105 przep\u0142yw tlenu do tkanek i narz\u0105d\u00f3w wewn\u0119trznych, przyspieszaj\u0105 metabolizm i pomagaj\u0105 odnale\u017a\u0107 wewn\u0119trzn\u0105 harmoni\u0119.<\/p>\n<p><strong>Cechy:<\/strong><\/p>\n<p>Prysznic r\u0119czny<br \/>\nSystem ogrzewania plec\u00f3w<br \/>\nSystem muzyczny (MP3)<\/p>","protected":false},"excerpt":{"rendered":"<p>St\u00f3\u0142 do masa\u017cu Bodybase jest przeznaczony do pe\u0142nej gamy zabieg\u00f3w SPA do piel\u0119gnacji cia\u0142a. Zaoferuj swoim klientom wszystkie rodzaje masa\u017cy na mokro, r\u00f3\u017cnorodne peelingi, ok\u0142ady i sesje talasoterapii z algami, sol\u0105 i b\u0142otem. St\u00f3\u0142 do masa\u017cu Bodybase doskonale nadaje si\u0119 r\u00f3wnie\u017c do terapii kamieniami - staro\u017cytnej metody leczenia gor\u0105cymi i zimnymi kamieniami.<\/p>\n<p>Konstrukcja sto\u0142u jest przemy\u015blana w najdrobniejszych szczeg\u00f3\u0142ach. Ergonomiczne \u0142\u00f3\u017cko z podgrzewaniem zapewnia klientowi maksymalny komfort podczas zabiegu.<\/p>\n<p>Nachylenie powierzchni roboczej zapewnia swobodny odp\u0142yw wody i produkt\u00f3w kosmetycznych w specjalnym systemie drena\u017cowym, kt\u00f3ry mo\u017cna \u0142atwo pod\u0142\u0105czy\u0107 do og\u00f3lnego systemu kanalizacyjnego. Obecno\u015b\u0107 prysznica r\u0119cznego zapewnia absolutny relaks i wyciszenie klienta podczas trwaj\u0105cych zabieg\u00f3w SPA. Ponadto wbudowany odtwarzacz MP3 pomaga stworzy\u0107 specjaln\u0105 atmosfer\u0119 akustyczn\u0105, pozwalaj\u0105c klientowi zanurzy\u0107 si\u0119 w przyjemnym \u015bwiecie marze\u0144 i fantazji.<\/p>","protected":false},"featured_media":2171,"comment_status":"open","ping_status":"closed","template":"","meta":{"_acf_changed":false,"site-sidebar-layout":"default","site-content-layout":"","ast-site-content-layout":"default","site-content-style":"default","site-sidebar-style":"default","ast-global-header-display":"","ast-banner-title-visibility":"","ast-main-header-display":"","ast-hfb-above-header-display":"","ast-hfb-below-header-display":"","ast-hfb-mobile-header-display":"","site-post-title":"","ast-breadcrumbs-content":"","ast-featured-img":"","footer-sml-layout":"","ast-disable-related-posts":"","theme-transparent-header-meta":"default","adv-header-id-meta":"","stick-header-meta":"","header-above-stick-meta":"","header-main-stick-meta":"","header-below-stick-meta":"","astra-migrate-meta-layouts":"set","ast-page-background-enabled":"default","ast-page-background-meta":{"desktop":{"background-color":"var(--ast-global-color-4)","background-image":"","background-repeat":"repeat","background-position":"center center","background-size":"auto","background-attachment":"scroll","background-type":"","background-media":"","overlay-type":"","overlay-color":"","overlay-opacity":"","overlay-gradient":""},"tablet":{"background-color":"","background-image":"","background-repeat":"repeat","background-position":"center center","background-size":"auto","background-attachment":"scroll","background-type":"","background-media":"","overlay-type":"","overlay-color":"","overlay-opacity":"","overlay-gradient":""},"mobile":{"background-color":"","background-image":"","background-repeat":"repeat","background-position":"center center","background-size":"auto","background-attachment":"scroll","background-type":"","background-media":"","overlay-type":"","overlay-color":"","overlay-opacity":"","overlay-gradient":""}},"ast-content-background-meta":{"desktop":{"background-color":"var(--ast-global-color-5)","background-image":"","background-repeat":"repeat","background-position":"center center","background-size":"auto","background-attachment":"scroll","background-type":"","background-media":"","overlay-type":"","overlay-color":"","overlay-opacity":"","overlay-gradient":""},"tablet":{"background-color":"var(--ast-global-color-5)","background-image":"","background-repeat":"repeat","background-position":"center center","background-size":"auto","background-attachment":"scroll","background-type":"","background-media":"","overlay-type":"","overlay-color":"","overlay-opacity":"","overlay-gradient":""},"mobile":{"background-color":"var(--ast-global-color-5)","background-image":"","background-repeat":"repeat","background-position":"center center","background-size":"auto","background-attachment":"scroll","background-type":"","background-media":"","overlay-type":"","overlay-color":"","overlay-opacity":"","overlay-gradient":""}}},"product_brand":[],"product_cat":[81,82],"product_tag":[],"class_list":{"0":"post-2170","1":"product","2":"type-product","3":"status-publish","4":"has-post-thumbnail","6":"product_cat-energy-cocoons","7":"product_cat-esthetical","8":"desktop-align-left","9":"tablet-align-left","10":"mobile-align-left","12":"first","13":"instock","14":"shipping-taxable","15":"product-type-simple"},"acf":[],"yoast_head":"<!-- This site is optimized with the Yoast SEO plugin v27.4 - https:\/\/yoast.com\/product\/yoast-seo-wordpress\/ -->\n<title>Bodybase - NEOQI<\/title>\n<meta name=\"robots\" content=\"index, follow, max-snippet:-1, max-image-preview:large, max-video-preview:-1\" \/>\n<link rel=\"canonical\" href=\"https:\/\/neoqi.com\/pl\/produkt\/bodybase\/\" \/>\n<meta property=\"og:locale\" content=\"pl_PL\" \/>\n<meta property=\"og:type\" content=\"article\" \/>\n<meta property=\"og:title\" content=\"Bodybase - NEOQI\" \/>\n<meta property=\"og:description\" content=\"The Bodybase massage table is designed for a full range of SPA treatments for body care. Offer your customers all types of wet massages, a variety of peelings, wraps, and thalassotherapy sessions with algae, salt and mud. The Bodybase massage table is also great for stone therapy \u2013 an ancient treatment method with hot and cold stones.  The construction of the table is well thought through until the last detail. An ergonomic bed with heating enables the customer maximum comfort during the treatment.  The slope of the work surface provides unobstructed water and cosmetic products drainage in a special drainage system that is easily connected to the general sewerage system. The presence of a hand shower ensures absolute relaxation and stillness of the customer during ongoing SPA treatments. In addition, the built-in MP3 player helps to create a special acoustic atmosphere, allowing the customer to immerse themselves in a pleasant world of dreams and fantasies.\" \/>\n<meta property=\"og:url\" content=\"https:\/\/neoqi.com\/pl\/produkt\/bodybase\/\" \/>\n<meta property=\"og:site_name\" content=\"NEOQI\" \/>\n<meta property=\"article:publisher\" content=\"https:\/\/www.facebook.com\/neoqi\/\" \/>\n<meta property=\"article:modified_time\" content=\"2024-12-03T15:38:26+00:00\" \/>\n<meta property=\"og:image\" content=\"https:\/\/neoqi.com\/wp-content\/uploads\/2024\/09\/wellness_neoqi_Mediq_1.png\" \/>\n\t<meta property=\"og:image:width\" content=\"800\" \/>\n\t<meta property=\"og:image:height\" content=\"533\" \/>\n\t<meta property=\"og:image:type\" content=\"image\/png\" \/>\n<meta name=\"twitter:card\" content=\"summary_large_image\" \/>\n<meta name=\"twitter:label1\" content=\"Szacowany czas czytania\" \/>\n\t<meta name=\"twitter:data1\" content=\"2 minuty\" \/>\n<script type=\"application\/ld+json\" class=\"yoast-schema-graph\">{\"@context\":\"https:\\\/\\\/schema.org\",\"@graph\":[{\"@type\":\"WebPage\",\"@id\":\"https:\\\/\\\/neoqi.com\\\/product\\\/bodybase\\\/\",\"url\":\"https:\\\/\\\/neoqi.com\\\/product\\\/bodybase\\\/\",\"name\":\"Bodybase - NEOQI\",\"isPartOf\":{\"@id\":\"https:\\\/\\\/neoqi.com\\\/#website\"},\"primaryImageOfPage\":{\"@id\":\"https:\\\/\\\/neoqi.com\\\/product\\\/bodybase\\\/#primaryimage\"},\"image\":{\"@id\":\"https:\\\/\\\/neoqi.com\\\/product\\\/bodybase\\\/#primaryimage\"},\"thumbnailUrl\":\"https:\\\/\\\/neoqi.com\\\/wp-content\\\/uploads\\\/2024\\\/09\\\/wellness_neoqi_Mediq_1.png\",\"datePublished\":\"2024-09-07T02:01:35+00:00\",\"dateModified\":\"2024-12-03T15:38:26+00:00\",\"breadcrumb\":{\"@id\":\"https:\\\/\\\/neoqi.com\\\/product\\\/bodybase\\\/#breadcrumb\"},\"inLanguage\":\"pl-PL\",\"potentialAction\":[{\"@type\":\"ReadAction\",\"target\":[\"https:\\\/\\\/neoqi.com\\\/product\\\/bodybase\\\/\"]}]},{\"@type\":\"ImageObject\",\"inLanguage\":\"pl-PL\",\"@id\":\"https:\\\/\\\/neoqi.com\\\/product\\\/bodybase\\\/#primaryimage\",\"url\":\"https:\\\/\\\/neoqi.com\\\/wp-content\\\/uploads\\\/2024\\\/09\\\/wellness_neoqi_Mediq_1.png\",\"contentUrl\":\"https:\\\/\\\/neoqi.com\\\/wp-content\\\/uploads\\\/2024\\\/09\\\/wellness_neoqi_Mediq_1.png\",\"width\":800,\"height\":533},{\"@type\":\"BreadcrumbList\",\"@id\":\"https:\\\/\\\/neoqi.com\\\/product\\\/bodybase\\\/#breadcrumb\",\"itemListElement\":[{\"@type\":\"ListItem\",\"position\":1,\"name\":\"Home\",\"item\":\"https:\\\/\\\/neoqi.com\\\/\"},{\"@type\":\"ListItem\",\"position\":2,\"name\":\"Catalog\",\"item\":\"https:\\\/\\\/neoqi.com\\\/it\\\/catalog\\\/\"},{\"@type\":\"ListItem\",\"position\":3,\"name\":\"Bodybase\"}]},{\"@type\":\"WebSite\",\"@id\":\"https:\\\/\\\/neoqi.com\\\/#website\",\"url\":\"https:\\\/\\\/neoqi.com\\\/\",\"name\":\"NEOQI\",\"description\":\"Experience Ultimate Wellness and Relaxation with NeoQi Spa Capsule: Your Path to Rejuvenation\",\"publisher\":{\"@id\":\"https:\\\/\\\/neoqi.com\\\/#organization\"},\"potentialAction\":[{\"@type\":\"SearchAction\",\"target\":{\"@type\":\"EntryPoint\",\"urlTemplate\":\"https:\\\/\\\/neoqi.com\\\/?s={search_term_string}\"},\"query-input\":{\"@type\":\"PropertyValueSpecification\",\"valueRequired\":true,\"valueName\":\"search_term_string\"}}],\"inLanguage\":\"pl-PL\"},{\"@type\":\"Organization\",\"@id\":\"https:\\\/\\\/neoqi.com\\\/#organization\",\"name\":\"NEOQI\",\"url\":\"https:\\\/\\\/neoqi.com\\\/\",\"logo\":{\"@type\":\"ImageObject\",\"inLanguage\":\"pl-PL\",\"@id\":\"https:\\\/\\\/neoqi.com\\\/#\\\/schema\\\/logo\\\/image\\\/\",\"url\":\"https:\\\/\\\/neoqi.com\\\/wp-content\\\/uploads\\\/2024\\\/09\\\/logoneosvg.svg\",\"contentUrl\":\"https:\\\/\\\/neoqi.com\\\/wp-content\\\/uploads\\\/2024\\\/09\\\/logoneosvg.svg\",\"width\":1,\"height\":1,\"caption\":\"NEOQI\"},\"image\":{\"@id\":\"https:\\\/\\\/neoqi.com\\\/#\\\/schema\\\/logo\\\/image\\\/\"},\"sameAs\":[\"https:\\\/\\\/www.facebook.com\\\/neoqi\\\/\",\"https:\\\/\\\/www.instagram.com\\\/neoqi_com\\\/\"]}]}<\/script>\n<!-- \/ Yoast SEO plugin. -->","yoast_head_json":{"title":"Bodybase - NEOQI","robots":{"index":"index","follow":"follow","max-snippet":"max-snippet:-1","max-image-preview":"max-image-preview:large","max-video-preview":"max-video-preview:-1"},"canonical":"https:\/\/neoqi.com\/pl\/produkt\/bodybase\/","og_locale":"pl_PL","og_type":"article","og_title":"Bodybase - NEOQI","og_description":"The Bodybase massage table is designed for a full range of SPA treatments for body care. Offer your customers all types of wet massages, a variety of peelings, wraps, and thalassotherapy sessions with algae, salt and mud. The Bodybase massage table is also great for stone therapy \u2013 an ancient treatment method with hot and cold stones.  The construction of the table is well thought through until the last detail. An ergonomic bed with heating enables the customer maximum comfort during the treatment.  The slope of the work surface provides unobstructed water and cosmetic products drainage in a special drainage system that is easily connected to the general sewerage system. The presence of a hand shower ensures absolute relaxation and stillness of the customer during ongoing SPA treatments. In addition, the built-in MP3 player helps to create a special acoustic atmosphere, allowing the customer to immerse themselves in a pleasant world of dreams and fantasies.","og_url":"https:\/\/neoqi.com\/pl\/produkt\/bodybase\/","og_site_name":"NEOQI","article_publisher":"https:\/\/www.facebook.com\/neoqi\/","article_modified_time":"2024-12-03T15:38:26+00:00","og_image":[{"width":800,"height":533,"url":"https:\/\/neoqi.com\/wp-content\/uploads\/2024\/09\/wellness_neoqi_Mediq_1.png","type":"image\/png"}],"twitter_card":"summary_large_image","twitter_misc":{"Szacowany czas czytania":"2 minuty"},"schema":{"@context":"https:\/\/schema.org","@graph":[{"@type":"WebPage","@id":"https:\/\/neoqi.com\/product\/bodybase\/","url":"https:\/\/neoqi.com\/product\/bodybase\/","name":"Bodybase - NEOQI","isPartOf":{"@id":"https:\/\/neoqi.com\/#website"},"primaryImageOfPage":{"@id":"https:\/\/neoqi.com\/product\/bodybase\/#primaryimage"},"image":{"@id":"https:\/\/neoqi.com\/product\/bodybase\/#primaryimage"},"thumbnailUrl":"https:\/\/neoqi.com\/wp-content\/uploads\/2024\/09\/wellness_neoqi_Mediq_1.png","datePublished":"2024-09-07T02:01:35+00:00","dateModified":"2024-12-03T15:38:26+00:00","breadcrumb":{"@id":"https:\/\/neoqi.com\/product\/bodybase\/#breadcrumb"},"inLanguage":"pl-PL","potentialAction":[{"@type":"ReadAction","target":["https:\/\/neoqi.com\/product\/bodybase\/"]}]},{"@type":"ImageObject","inLanguage":"pl-PL","@id":"https:\/\/neoqi.com\/product\/bodybase\/#primaryimage","url":"https:\/\/neoqi.com\/wp-content\/uploads\/2024\/09\/wellness_neoqi_Mediq_1.png","contentUrl":"https:\/\/neoqi.com\/wp-content\/uploads\/2024\/09\/wellness_neoqi_Mediq_1.png","width":800,"height":533},{"@type":"BreadcrumbList","@id":"https:\/\/neoqi.com\/product\/bodybase\/#breadcrumb","itemListElement":[{"@type":"ListItem","position":1,"name":"Home","item":"https:\/\/neoqi.com\/"},{"@type":"ListItem","position":2,"name":"Catalog","item":"https:\/\/neoqi.com\/it\/catalog\/"},{"@type":"ListItem","position":3,"name":"Bodybase"}]},{"@type":"WebSite","@id":"https:\/\/neoqi.com\/#website","url":"https:\/\/neoqi.com\/","name":"NEOQI","description":"Do\u015bwiadcz doskona\u0142ego samopoczucia i relaksu z NeoQi Spa Capsule: Twoja droga do odm\u0142odzenia","publisher":{"@id":"https:\/\/neoqi.com\/#organization"},"potentialAction":[{"@type":"SearchAction","target":{"@type":"EntryPoint","urlTemplate":"https:\/\/neoqi.com\/?s={search_term_string}"},"query-input":{"@type":"PropertyValueSpecification","valueRequired":true,"valueName":"search_term_string"}}],"inLanguage":"pl-PL"},{"@type":"Organization","@id":"https:\/\/neoqi.com\/#organization","name":"NEOQI","url":"https:\/\/neoqi.com\/","logo":{"@type":"ImageObject","inLanguage":"pl-PL","@id":"https:\/\/neoqi.com\/#\/schema\/logo\/image\/","url":"https:\/\/neoqi.com\/wp-content\/uploads\/2024\/09\/logoneosvg.svg","contentUrl":"https:\/\/neoqi.com\/wp-content\/uploads\/2024\/09\/logoneosvg.svg","width":1,"height":1,"caption":"NEOQI"},"image":{"@id":"https:\/\/neoqi.com\/#\/schema\/logo\/image\/"},"sameAs":["https:\/\/www.facebook.com\/neoqi\/","https:\/\/www.instagram.com\/neoqi_com\/"]}]}},"_links":{"self":[{"href":"https:\/\/neoqi.com\/pl\/wp-json\/wp\/v2\/product\/2170","targetHints":{"allow":["GET"]}}],"collection":[{"href":"https:\/\/neoqi.com\/pl\/wp-json\/wp\/v2\/product"}],"about":[{"href":"https:\/\/neoqi.com\/pl\/wp-json\/wp\/v2\/types\/product"}],"replies":[{"embeddable":true,"href":"https:\/\/neoqi.com\/pl\/wp-json\/wp\/v2\/comments?post=2170"}],"wp:featuredmedia":[{"embeddable":true,"href":"https:\/\/neoqi.com\/pl\/wp-json\/wp\/v2\/media\/2171"}],"wp:attachment":[{"href":"https:\/\/neoqi.com\/pl\/wp-json\/wp\/v2\/media?parent=2170"}],"wp:term":[{"taxonomy":"product_brand","embeddable":true,"href":"https:\/\/neoqi.com\/pl\/wp-json\/wp\/v2\/product_brand?post=2170"},{"taxonomy":"product_cat","embeddable":true,"href":"https:\/\/neoqi.com\/pl\/wp-json\/wp\/v2\/product_cat?post=2170"},{"taxonomy":"product_tag","embeddable":true,"href":"https:\/\/neoqi.com\/pl\/wp-json\/wp\/v2\/product_tag?post=2170"}],"curies":[{"name":"wp","href":"https:\/\/api.w.org\/{rel}","templated":true}]}}