{"id":2184,"date":"2024-09-07T02:04:55","date_gmt":"2024-09-06T23:04:55","guid":{"rendered":"http:\/\/neoqi.com\/?post_type=product&#038;p=2184"},"modified":"2024-12-04T08:28:00","modified_gmt":"2024-12-04T05:28:00","slug":"balance","status":"publish","type":"product","link":"https:\/\/neoqi.com\/pl\/produkt\/balance\/","title":{"rendered":"Balance"},"content":{"rendered":"<div id=\"tab-description\" class=\"woocommerce-Tabs-panel woocommerce-Tabs-panel--description panel entry-content wc-tab\" role=\"tabpanel\" aria-labelledby=\"tab-title-description\">\n<p><strong>G\u0142\u00f3wne zabiegi w NeoQi\u00ae Balance<\/strong><\/p>\n<p><strong>Hydrofuzja<\/strong>. Po\u0142\u0105czenie pary wodnej i ciep\u0142a podczerwieni to rewolucyjna i skuteczna metoda termoterapii. Dzi\u0119ki wilgotnej warstwie pary i g\u0142\u0119bokiemu podgrzaniu tkanek, wzmacniane jest zdrowotne dzia\u0142anie ok\u0142ad\u00f3w i masek nak\u0142adanych na cia\u0142o. Zapewnia to nie tylko relaks, ale tak\u017ce utrat\u0119 zb\u0119dnych kilogram\u00f3w, pozbycie si\u0119 cellulitu i znaczny wzrost elastyczno\u015bci sk\u00f3ry. W kokonie energetycznym powstaje wyj\u0105tkowe \u015brodowisko, por\u00f3wnywalne do przebywania w \u0142onie matki - uczucie komfortu, duchowej harmonii i szcz\u0119\u015bcia.<\/p>\n<p><strong>Hydromasa\u017c<\/strong>. Masa\u017c wodny wykonywany jest wzd\u0142u\u017c stref anatomicznych. Silne i spr\u0119\u017cyste strumienie wody masuj\u0105 problematyczne obszary cia\u0142a, eliminuj\u0105c b\u00f3l mi\u0119\u015bni i staw\u00f3w, koryguj\u0105c sylwetk\u0119 i skutecznie usuwaj\u0105c stres.<\/p>\n<p><strong>Masa\u017c b\u0105belkami powietrza<\/strong>. Tysi\u0105ce p\u0119cherzyk\u00f3w powietrza, wiruj\u0105cych w wodzie, delikatnie otulaj\u0105 cia\u0142o, tworz\u0105c uczucie lekko\u015bci i niewa\u017cko\u015bci. Masa\u017c b\u0105belkami powietrza normalizuje ci\u015bnienie krwi, stymuluje detoksykacj\u0119 i ma og\u00f3lny efekt uspokajaj\u0105cy.<\/p>\n<p><strong>Aromaterapia<\/strong>. Pozw\u00f3l sobie zanurzy\u0107 si\u0119 w czaruj\u0105cym \u015bwiecie aromat\u00f3w! S\u0142odka wanilia, pobudzaj\u0105cy cynamon, zapach \u015bwie\u017cych zielonych jab\u0142ek... Wybieraj\u0105c odpowiedni\u0105 kompozycj\u0119 zapachow\u0105 wzmocnisz dobroczynne dzia\u0142anie przeprowadzanego zabiegu. Aromaterapia przyczynia si\u0119 do pe\u0142nego odpr\u0119\u017cenia cia\u0142a i duszy, dzia\u0142aj\u0105c na poziomie emocjonalnym i fizycznym.<\/p>\n<p><strong>Muzykoterapia<\/strong>. Wbudowany odtwarzacz MP3 daje mo\u017cliwo\u015b\u0107 s\u0142uchania ulubionych kompozycji muzycznych podczas zabiegu w kapsule SPA. Kompozycje muzyczne s\u0105 w stanie leczy\u0107, wzmacnia\u0107 funkcje m\u00f3zgu, dzia\u0142a\u0107 przeciwb\u00f3lowo i relaksuj\u0105co.<\/p>\n<p><a href=\"https:\/\/neoqi.com\/pl\/produkt\/energy-cocoons\/balance\/#tab-description\">Opis<\/a><\/p>\n<div id=\"tab-description\" class=\"woocommerce-Tabs-panel woocommerce-Tabs-panel--description panel entry-content wc-tab\" role=\"tabpanel\" aria-labelledby=\"tab-title-description\">\n<p>Sauna na podczerwie\u0144<br \/>\nSauna parowa<br \/>\nTerapia aromatyczna<br \/>\nSystem kolorowych \u015bwiate\u0142<br \/>\nSystem muzyczny (MP3)<br \/>\nHydromasa\u017c<br \/>\nMasa\u017c b\u0105belkami powietrza<br \/>\n6 dysz bocznych<br \/>\n6 dysz do masa\u017cu plec\u00f3w<br \/>\n2 dysze do st\u00f3p<br \/>\n10 dolnych dysz powietrznych<br \/>\nPrysznic r\u0119czny<\/p>\n<\/div>\n<\/div>","protected":false},"excerpt":{"rendered":"<p>Kokon Balance Energy to wszechstronna i niezwykle kompaktowa wanna z hydromasa\u017cem, uzupe\u0142niona o funkcje sauny. Niewielka i funkcjonalna jak pe\u0142ny kompleks SPA, przeznaczona jest do monta\u017cu w rogu \u0142azienki.<\/p>\n<p>SPA-capsule to unikalne urz\u0105dzenie, dzi\u0119ki kt\u00f3remu mo\u017cna czerpa\u0107 przyjemno\u015b\u0107 z wizyt w saunach parowych i na podczerwie\u0144, korzysta\u0107 z masa\u017cu wodnego i powietrznego, a tak\u017ce do\u015bwiadcza\u0107 dobroczynnego dzia\u0142ania terapii \u015bwiat\u0142em i aromaterapii. Balance ma silne dzia\u0142anie antystresowe i lecznicze. \u0141\u0105cz\u0105c r\u00f3\u017cne funkcje i tworz\u0105c r\u00f3\u017cne programy, mo\u017cna \u0142atwo pozby\u0107 si\u0119 nadwagi, zespo\u0142\u00f3w b\u00f3lowych mi\u0119\u015bni i staw\u00f3w, a tak\u017ce zrozumie\u0107 duchow\u0105 i fizyczn\u0105 harmoni\u0119 swojego cia\u0142a.<\/p>\n<p>Korzystaj\u0105c z kokonu energetycznego Balance, mo\u017cna cieszy\u0107 si\u0119 r\u00f3\u017cnorodno\u015bci\u0105 rytua\u0142\u00f3w SPA w zaciszu w\u0142asnego domu.<\/p>","protected":false},"featured_media":2185,"comment_status":"open","ping_status":"closed","template":"","meta":{"_acf_changed":false,"site-sidebar-layout":"default","site-content-layout":"","ast-site-content-layout":"default","site-content-style":"default","site-sidebar-style":"default","ast-global-header-display":"","ast-banner-title-visibility":"","ast-main-header-display":"","ast-hfb-above-header-display":"","ast-hfb-below-header-display":"","ast-hfb-mobile-header-display":"","site-post-title":"","ast-breadcrumbs-content":"","ast-featured-img":"","footer-sml-layout":"","ast-disable-related-posts":"","theme-transparent-header-meta":"default","adv-header-id-meta":"","stick-header-meta":"","header-above-stick-meta":"","header-main-stick-meta":"","header-below-stick-meta":"","astra-migrate-meta-layouts":"set","ast-page-background-enabled":"default","ast-page-background-meta":{"desktop":{"background-color":"var(--ast-global-color-4)","background-image":"","background-repeat":"repeat","background-position":"center center","background-size":"auto","background-attachment":"scroll","background-type":"","background-media":"","overlay-type":"","overlay-color":"","overlay-opacity":"","overlay-gradient":""},"tablet":{"background-color":"","background-image":"","background-repeat":"repeat","background-position":"center center","background-size":"auto","background-attachment":"scroll","background-type":"","background-media":"","overlay-type":"","overlay-color":"","overlay-opacity":"","overlay-gradient":""},"mobile":{"background-color":"","background-image":"","background-repeat":"repeat","background-position":"center center","background-size":"auto","background-attachment":"scroll","background-type":"","background-media":"","overlay-type":"","overlay-color":"","overlay-opacity":"","overlay-gradient":""}},"ast-content-background-meta":{"desktop":{"background-color":"var(--ast-global-color-5)","background-image":"","background-repeat":"repeat","background-position":"center center","background-size":"auto","background-attachment":"scroll","background-type":"","background-media":"","overlay-type":"","overlay-color":"","overlay-opacity":"","overlay-gradient":""},"tablet":{"background-color":"var(--ast-global-color-5)","background-image":"","background-repeat":"repeat","background-position":"center center","background-size":"auto","background-attachment":"scroll","background-type":"","background-media":"","overlay-type":"","overlay-color":"","overlay-opacity":"","overlay-gradient":""},"mobile":{"background-color":"var(--ast-global-color-5)","background-image":"","background-repeat":"repeat","background-position":"center center","background-size":"auto","background-attachment":"scroll","background-type":"","background-media":"","overlay-type":"","overlay-color":"","overlay-opacity":"","overlay-gradient":""}}},"product_brand":[],"product_cat":[81,87],"product_tag":[],"class_list":{"0":"post-2184","1":"product","2":"type-product","3":"status-publish","4":"has-post-thumbnail","6":"product_cat-energy-cocoons","7":"product_cat-home-spa","8":"desktop-align-left","9":"tablet-align-left","10":"mobile-align-left","12":"first","13":"instock","14":"shipping-taxable","15":"product-type-simple"},"acf":[],"yoast_head":"<!-- This site is optimized with the Yoast SEO plugin v27.3 - https:\/\/yoast.com\/product\/yoast-seo-wordpress\/ -->\n<title>Balance - NEOQI<\/title>\n<meta name=\"robots\" content=\"index, follow, max-snippet:-1, max-image-preview:large, max-video-preview:-1\" \/>\n<link rel=\"canonical\" href=\"https:\/\/neoqi.com\/pl\/produkt\/balance\/\" \/>\n<meta property=\"og:locale\" content=\"pl_PL\" \/>\n<meta property=\"og:type\" content=\"article\" \/>\n<meta property=\"og:title\" content=\"Balance - NEOQI\" \/>\n<meta property=\"og:description\" content=\"The Balance Energy cocoon is a versatile and extremely compact whirlpool bath, complemented with sauna functions. Small and functional as a full SPA complex, it is designed for installation in a corner of the bathroom.  SPA-capsule is a unique device with which you can get pleasure from visiting steam and infrared saunas, enjoy hydro- and air bubble massage, in addition to experiencing the beneficial effects of light- and aromatherapy. Balance has a powerful anti-stress and healing influence. By combining various functions and creating different programs, you can easily get rid of excess weight, pain syndromes in muscles and joints, as well as understand the spiritual and physical harmony of your body.  By using the Balance energy cocoon, you can enjoy the variety of SPA rituals in the privacy of your own home.\" \/>\n<meta property=\"og:url\" content=\"https:\/\/neoqi.com\/pl\/produkt\/balance\/\" \/>\n<meta property=\"og:site_name\" content=\"NEOQI\" \/>\n<meta property=\"article:publisher\" content=\"https:\/\/www.facebook.com\/neoqi\/\" \/>\n<meta property=\"article:modified_time\" content=\"2024-12-04T05:28:00+00:00\" \/>\n<meta property=\"og:image\" content=\"https:\/\/neoqi.com\/wp-content\/uploads\/2024\/09\/balance.png\" \/>\n\t<meta property=\"og:image:width\" content=\"1200\" \/>\n\t<meta property=\"og:image:height\" content=\"800\" \/>\n\t<meta property=\"og:image:type\" content=\"image\/png\" \/>\n<meta name=\"twitter:card\" content=\"summary_large_image\" \/>\n<meta name=\"twitter:label1\" content=\"Szacowany czas czytania\" \/>\n\t<meta name=\"twitter:data1\" content=\"1 minuta\" \/>\n<script type=\"application\/ld+json\" class=\"yoast-schema-graph\">{\"@context\":\"https:\\\/\\\/schema.org\",\"@graph\":[{\"@type\":\"WebPage\",\"@id\":\"https:\\\/\\\/neoqi.com\\\/de\\\/produkt\\\/balance\\\/\",\"url\":\"https:\\\/\\\/neoqi.com\\\/de\\\/produkt\\\/balance\\\/\",\"name\":\"Balance - NEOQI\",\"isPartOf\":{\"@id\":\"https:\\\/\\\/neoqi.com\\\/#website\"},\"primaryImageOfPage\":{\"@id\":\"https:\\\/\\\/neoqi.com\\\/de\\\/produkt\\\/balance\\\/#primaryimage\"},\"image\":{\"@id\":\"https:\\\/\\\/neoqi.com\\\/de\\\/produkt\\\/balance\\\/#primaryimage\"},\"thumbnailUrl\":\"https:\\\/\\\/neoqi.com\\\/wp-content\\\/uploads\\\/2024\\\/09\\\/balance.png\",\"datePublished\":\"2024-09-06T23:04:55+00:00\",\"dateModified\":\"2024-12-04T05:28:00+00:00\",\"breadcrumb\":{\"@id\":\"https:\\\/\\\/neoqi.com\\\/de\\\/produkt\\\/balance\\\/#breadcrumb\"},\"inLanguage\":\"pl-PL\",\"potentialAction\":[{\"@type\":\"ReadAction\",\"target\":[\"https:\\\/\\\/neoqi.com\\\/de\\\/produkt\\\/balance\\\/\"]}]},{\"@type\":\"ImageObject\",\"inLanguage\":\"pl-PL\",\"@id\":\"https:\\\/\\\/neoqi.com\\\/de\\\/produkt\\\/balance\\\/#primaryimage\",\"url\":\"https:\\\/\\\/neoqi.com\\\/wp-content\\\/uploads\\\/2024\\\/09\\\/balance.png\",\"contentUrl\":\"https:\\\/\\\/neoqi.com\\\/wp-content\\\/uploads\\\/2024\\\/09\\\/balance.png\",\"width\":1200,\"height\":800},{\"@type\":\"BreadcrumbList\",\"@id\":\"https:\\\/\\\/neoqi.com\\\/de\\\/produkt\\\/balance\\\/#breadcrumb\",\"itemListElement\":[{\"@type\":\"ListItem\",\"position\":1,\"name\":\"Home\",\"item\":\"https:\\\/\\\/neoqi.com\\\/\"},{\"@type\":\"ListItem\",\"position\":2,\"name\":\"Catalog\",\"item\":\"https:\\\/\\\/neoqi.com\\\/it\\\/catalog\\\/\"},{\"@type\":\"ListItem\",\"position\":3,\"name\":\"Balance\"}]},{\"@type\":\"WebSite\",\"@id\":\"https:\\\/\\\/neoqi.com\\\/#website\",\"url\":\"https:\\\/\\\/neoqi.com\\\/\",\"name\":\"NEOQI\",\"description\":\"Experience Ultimate Wellness and Relaxation with NeoQi Spa Capsule: Your Path to Rejuvenation\",\"publisher\":{\"@id\":\"https:\\\/\\\/neoqi.com\\\/#organization\"},\"potentialAction\":[{\"@type\":\"SearchAction\",\"target\":{\"@type\":\"EntryPoint\",\"urlTemplate\":\"https:\\\/\\\/neoqi.com\\\/?s={search_term_string}\"},\"query-input\":{\"@type\":\"PropertyValueSpecification\",\"valueRequired\":true,\"valueName\":\"search_term_string\"}}],\"inLanguage\":\"pl-PL\"},{\"@type\":\"Organization\",\"@id\":\"https:\\\/\\\/neoqi.com\\\/#organization\",\"name\":\"NEOQI\",\"url\":\"https:\\\/\\\/neoqi.com\\\/\",\"logo\":{\"@type\":\"ImageObject\",\"inLanguage\":\"pl-PL\",\"@id\":\"https:\\\/\\\/neoqi.com\\\/#\\\/schema\\\/logo\\\/image\\\/\",\"url\":\"https:\\\/\\\/neoqi.com\\\/wp-content\\\/uploads\\\/2024\\\/09\\\/logoneosvg.svg\",\"contentUrl\":\"https:\\\/\\\/neoqi.com\\\/wp-content\\\/uploads\\\/2024\\\/09\\\/logoneosvg.svg\",\"width\":1,\"height\":1,\"caption\":\"NEOQI\"},\"image\":{\"@id\":\"https:\\\/\\\/neoqi.com\\\/#\\\/schema\\\/logo\\\/image\\\/\"},\"sameAs\":[\"https:\\\/\\\/www.facebook.com\\\/neoqi\\\/\",\"https:\\\/\\\/www.instagram.com\\\/neoqi_com\\\/\"]}]}<\/script>\n<!-- \/ Yoast SEO plugin. -->","yoast_head_json":{"title":"Balance - NEOQI","robots":{"index":"index","follow":"follow","max-snippet":"max-snippet:-1","max-image-preview":"max-image-preview:large","max-video-preview":"max-video-preview:-1"},"canonical":"https:\/\/neoqi.com\/pl\/produkt\/balance\/","og_locale":"pl_PL","og_type":"article","og_title":"Balance - NEOQI","og_description":"The Balance Energy cocoon is a versatile and extremely compact whirlpool bath, complemented with sauna functions. Small and functional as a full SPA complex, it is designed for installation in a corner of the bathroom.  SPA-capsule is a unique device with which you can get pleasure from visiting steam and infrared saunas, enjoy hydro- and air bubble massage, in addition to experiencing the beneficial effects of light- and aromatherapy. Balance has a powerful anti-stress and healing influence. By combining various functions and creating different programs, you can easily get rid of excess weight, pain syndromes in muscles and joints, as well as understand the spiritual and physical harmony of your body.  By using the Balance energy cocoon, you can enjoy the variety of SPA rituals in the privacy of your own home.","og_url":"https:\/\/neoqi.com\/pl\/produkt\/balance\/","og_site_name":"NEOQI","article_publisher":"https:\/\/www.facebook.com\/neoqi\/","article_modified_time":"2024-12-04T05:28:00+00:00","og_image":[{"width":1200,"height":800,"url":"https:\/\/neoqi.com\/wp-content\/uploads\/2024\/09\/balance.png","type":"image\/png"}],"twitter_card":"summary_large_image","twitter_misc":{"Szacowany czas czytania":"1 minuta"},"schema":{"@context":"https:\/\/schema.org","@graph":[{"@type":"WebPage","@id":"https:\/\/neoqi.com\/de\/produkt\/balance\/","url":"https:\/\/neoqi.com\/de\/produkt\/balance\/","name":"Balance - NEOQI","isPartOf":{"@id":"https:\/\/neoqi.com\/#website"},"primaryImageOfPage":{"@id":"https:\/\/neoqi.com\/de\/produkt\/balance\/#primaryimage"},"image":{"@id":"https:\/\/neoqi.com\/de\/produkt\/balance\/#primaryimage"},"thumbnailUrl":"https:\/\/neoqi.com\/wp-content\/uploads\/2024\/09\/balance.png","datePublished":"2024-09-06T23:04:55+00:00","dateModified":"2024-12-04T05:28:00+00:00","breadcrumb":{"@id":"https:\/\/neoqi.com\/de\/produkt\/balance\/#breadcrumb"},"inLanguage":"pl-PL","potentialAction":[{"@type":"ReadAction","target":["https:\/\/neoqi.com\/de\/produkt\/balance\/"]}]},{"@type":"ImageObject","inLanguage":"pl-PL","@id":"https:\/\/neoqi.com\/de\/produkt\/balance\/#primaryimage","url":"https:\/\/neoqi.com\/wp-content\/uploads\/2024\/09\/balance.png","contentUrl":"https:\/\/neoqi.com\/wp-content\/uploads\/2024\/09\/balance.png","width":1200,"height":800},{"@type":"BreadcrumbList","@id":"https:\/\/neoqi.com\/de\/produkt\/balance\/#breadcrumb","itemListElement":[{"@type":"ListItem","position":1,"name":"Home","item":"https:\/\/neoqi.com\/"},{"@type":"ListItem","position":2,"name":"Catalog","item":"https:\/\/neoqi.com\/it\/catalog\/"},{"@type":"ListItem","position":3,"name":"Balance"}]},{"@type":"WebSite","@id":"https:\/\/neoqi.com\/#website","url":"https:\/\/neoqi.com\/","name":"NEOQI","description":"Do\u015bwiadcz doskona\u0142ego samopoczucia i relaksu z NeoQi Spa Capsule: Twoja droga do odm\u0142odzenia","publisher":{"@id":"https:\/\/neoqi.com\/#organization"},"potentialAction":[{"@type":"SearchAction","target":{"@type":"EntryPoint","urlTemplate":"https:\/\/neoqi.com\/?s={search_term_string}"},"query-input":{"@type":"PropertyValueSpecification","valueRequired":true,"valueName":"search_term_string"}}],"inLanguage":"pl-PL"},{"@type":"Organization","@id":"https:\/\/neoqi.com\/#organization","name":"NEOQI","url":"https:\/\/neoqi.com\/","logo":{"@type":"ImageObject","inLanguage":"pl-PL","@id":"https:\/\/neoqi.com\/#\/schema\/logo\/image\/","url":"https:\/\/neoqi.com\/wp-content\/uploads\/2024\/09\/logoneosvg.svg","contentUrl":"https:\/\/neoqi.com\/wp-content\/uploads\/2024\/09\/logoneosvg.svg","width":1,"height":1,"caption":"NEOQI"},"image":{"@id":"https:\/\/neoqi.com\/#\/schema\/logo\/image\/"},"sameAs":["https:\/\/www.facebook.com\/neoqi\/","https:\/\/www.instagram.com\/neoqi_com\/"]}]}},"_links":{"self":[{"href":"https:\/\/neoqi.com\/pl\/wp-json\/wp\/v2\/product\/2184","targetHints":{"allow":["GET"]}}],"collection":[{"href":"https:\/\/neoqi.com\/pl\/wp-json\/wp\/v2\/product"}],"about":[{"href":"https:\/\/neoqi.com\/pl\/wp-json\/wp\/v2\/types\/product"}],"replies":[{"embeddable":true,"href":"https:\/\/neoqi.com\/pl\/wp-json\/wp\/v2\/comments?post=2184"}],"wp:featuredmedia":[{"embeddable":true,"href":"https:\/\/neoqi.com\/pl\/wp-json\/wp\/v2\/media\/2185"}],"wp:attachment":[{"href":"https:\/\/neoqi.com\/pl\/wp-json\/wp\/v2\/media?parent=2184"}],"wp:term":[{"taxonomy":"product_brand","embeddable":true,"href":"https:\/\/neoqi.com\/pl\/wp-json\/wp\/v2\/product_brand?post=2184"},{"taxonomy":"product_cat","embeddable":true,"href":"https:\/\/neoqi.com\/pl\/wp-json\/wp\/v2\/product_cat?post=2184"},{"taxonomy":"product_tag","embeddable":true,"href":"https:\/\/neoqi.com\/pl\/wp-json\/wp\/v2\/product_tag?post=2184"}],"curies":[{"name":"wp","href":"https:\/\/api.w.org\/{rel}","templated":true}]}}