{"id":2197,"date":"2024-09-07T01:11:40","date_gmt":"2024-09-06T22:11:40","guid":{"rendered":"http:\/\/neoqi.com\/?post_type=product&#038;p=2197"},"modified":"2024-12-04T08:27:54","modified_gmt":"2024-12-04T05:27:54","slug":"elegance","status":"publish","type":"product","link":"https:\/\/neoqi.com\/pl\/produkt\/elegance\/","title":{"rendered":"Elegance"},"content":{"rendered":"<p><strong>G\u0142\u00f3wne zabiegi w NeoQi\u00ae Elegance<\/strong><\/p>\n<div id=\"tab-description\" class=\"woocommerce-Tabs-panel woocommerce-Tabs-panel--description panel entry-content wc-tab\" role=\"tabpanel\" aria-labelledby=\"tab-title-description\">\n<p><strong>Sauna parowa<\/strong>. Delikatna, ciep\u0142a mgie\u0142ka lekko otula cia\u0142o wilgoci\u0105, wspomagaj\u0105c proces relaksacji zar\u00f3wno cia\u0142a, jak i umys\u0142u. Pozw\u00f3l sobie na chwil\u0119 relaksu i mo\u017cliwo\u015b\u0107 ucieczki od codziennego stresu, by nast\u0119pnego dnia wyj\u015b\u0107 na spotkanie z zapasem nowych si\u0142, energii i dobrego nastroju. Sauna parowa kilkakrotnie zwi\u0119ksza skuteczno\u015b\u0107 masek i ok\u0142ad\u00f3w. Dzi\u0119ki SPA-capsule Elegance najskuteczniejszy spos\u00f3b na odchudzanie i redukcj\u0119 cellulitu jest teraz mo\u017cliwy w domowym zaciszu.<\/p>\n<p><strong>Sauna na podczerwie\u0144<\/strong>\u00a0to relaks, o\u017cywienie i smuk\u0142o\u015b\u0107. IR skutecznie \u0142agodzi b\u00f3l mi\u0119\u015bni i staw\u00f3w, podnosi og\u00f3lny poziom energii, zmniejsza widoczno\u015b\u0107 cellulitu, pomaga g\u0142\u0119boko si\u0119 zrelaksowa\u0107 i schudn\u0105\u0107.<\/p>\n<p><strong>Hydrofuzja<\/strong>. Po\u0142\u0105czenie pary i ciep\u0142a podczerwonego - rewolucyjna metoda termoterapii. W kokonie energetycznym powstaje wyj\u0105tkowe \u015brodowisko, por\u00f3wnywalne do przebywania w \u0142onie matki - ogarnia ci\u0119 uczucie komfortu, duchowej harmonii i szcz\u0119\u015bcia.<\/p>\n<p><strong>Zabieg hydroterapii<\/strong>\u00a0w k\u0105pieli z hydromasa\u017cem i masa\u017cem b\u0105belkowym. Terapeutyczne w\u0142a\u015bciwo\u015bci wody w po\u0142\u0105czeniu z bezbolesnym masa\u017cem problematycznych miejsc rozlu\u017aniaj\u0105 mi\u0119\u015bnie, przywracaj\u0105c sk\u00f3rze elastyczno\u015b\u0107, mi\u0119kko\u015b\u0107 i j\u0119drno\u015b\u0107. Setki ma\u0142ych p\u0119cherzyk\u00f3w powietrza pieszcz\u0105 sk\u00f3r\u0119, uspokajaj\u0105c uk\u0142ad nerwowy, eliminuj\u0105c przewlek\u0142y stres i usuwaj\u0105c napi\u0119cia psychiczne. Masa\u017c ba\u0144kami powietrznymi to tak\u017ce skuteczny spos\u00f3b na walk\u0119 z bezsenno\u015bci\u0105 - ju\u017c po kilku sesjach poczujesz, jak Tw\u00f3j sen wraca do normy.<\/p>\n<p><strong>Aromaterapia<\/strong>\u00a0ma korzystny wp\u0142yw na stan emocjonalny i posiada unikalne w\u0142a\u015bciwo\u015bci relaksacyjne, pomagaj\u0105c ca\u0142kowicie z\u0142agodzi\u0107 stres. Z pomoc\u0105 aromaterapii mo\u017cna poradzi\u0107 sobie z bezsenno\u015bci\u0105, depresj\u0105, a nawet zmniejszy\u0107 nadmierny apetyt.<\/p>\n<p><strong>Chromoterapia<\/strong>\u00a0lub o\u017cywienie poprzez \u015bwiat\u0142o. Pozytywny wp\u0142yw na uk\u0142ad nerwowy ma szczeg\u00f3lnie silne dzia\u0142anie w po\u0142\u0105czeniu z hydromasa\u017cem. Zabiegi chromoterapii poprawiaj\u0105 ostateczny relaks przed snem lub dodaj\u0105 energii cia\u0142u przed dniem.<\/p>\n<p><a href=\"https:\/\/neoqi.com\/pl\/produkt\/energy-cocoons\/elegance\/#tab-description\">Opis<\/a><\/p>\n<p>Sauna na podczerwie\u0144<br \/>\nSauna parowa<br \/>\nTerapia aromatyczna<br \/>\nSystem kolorowych \u015bwiate\u0142<br \/>\nSystem muzyczny (MP3)<br \/>\nHydromasa\u017c<br \/>\nMasa\u017c b\u0105belkami powietrza<br \/>\n6 dysz bocznych<br \/>\n6 dysz do masa\u017cu plec\u00f3w<br \/>\n2 dysze do st\u00f3p<br \/>\n10 dolnych dysz powietrznych<br \/>\nPrysznic r\u0119czny<\/p>\n<\/div>","protected":false},"excerpt":{"rendered":"<p>Kokon Elegance Energy to innowacyjne rozwi\u0105zanie do \u0142azienki. Dzi\u0119ki SPA-capsule Elegance mo\u017cesz cieszy\u0107 si\u0119 relaksuj\u0105cymi i orze\u017awiaj\u0105cymi rytua\u0142ami SPA w swoim domu.<\/p>\n<p>Kokon jest wyposa\u017cony w najlepsze funkcje termo- i hydroterapii, aby przywr\u00f3ci\u0107 si\u0142\u0119 i energi\u0119 po d\u0142ugim dniu, zmniejszy\u0107 poziom stresu i wzmocni\u0107 uk\u0142ad odporno\u015bciowy. Kapsu\u0142a ma korzystny wp\u0142yw na narz\u0105dy zmys\u0142\u00f3w: s\u0142uch, wzrok, w\u0119ch i dotyk. Po\u0142\u0105czenie suchej podczerwieni i wilgotnej sauny parowej, hydro-, aroma- i chromoterapii ma zdumiewaj\u0105cy wp\u0142yw na zdrowie, poprawiaj\u0105c kr\u0105\u017cenie krwi i funkcje narz\u0105d\u00f3w wewn\u0119trznych, spowalniaj\u0105c procesy starzenia, normalizuj\u0105c funkcjonowanie uk\u0142adu nerwowego, wyg\u0142adzaj\u0105c i uj\u0119drniaj\u0105c sk\u00f3r\u0119.<\/p>\n<p>Dzi\u0119ki kokonowi Elegance SPA mo\u017cesz poprawi\u0107 swoje samopoczucie, korzystaj\u0105c z r\u00f3\u017cnorodnych zabieg\u00f3w SPA w zaciszu w\u0142asnego domu.<\/p>\n<p>* Elegance otrzyma\u0142 nagrod\u0119 ADEX Award przyznawan\u0105 przez magazyn Design Journal w 2007 roku. Nagroda Award for Design Excellence jest przyznawana corocznie przez magazyn Design Journal za doskona\u0142e wzornictwo produkt\u00f3w wyposa\u017cenia wn\u0119trz sprzedawanych w bran\u017cy architektonicznej i projektowej. Nagroda ADEX jest jedn\u0105 z najbardziej po\u017c\u0105danych nagr\u00f3d w bran\u017cy.<\/p>","protected":false},"featured_media":2198,"comment_status":"open","ping_status":"closed","template":"","meta":{"_acf_changed":false,"site-sidebar-layout":"default","site-content-layout":"","ast-site-content-layout":"default","site-content-style":"default","site-sidebar-style":"default","ast-global-header-display":"","ast-banner-title-visibility":"","ast-main-header-display":"","ast-hfb-above-header-display":"","ast-hfb-below-header-display":"","ast-hfb-mobile-header-display":"","site-post-title":"","ast-breadcrumbs-content":"","ast-featured-img":"","footer-sml-layout":"","ast-disable-related-posts":"","theme-transparent-header-meta":"default","adv-header-id-meta":"","stick-header-meta":"","header-above-stick-meta":"","header-main-stick-meta":"","header-below-stick-meta":"","astra-migrate-meta-layouts":"set","ast-page-background-enabled":"default","ast-page-background-meta":{"desktop":{"background-color":"var(--ast-global-color-4)","background-image":"","background-repeat":"repeat","background-position":"center center","background-size":"auto","background-attachment":"scroll","background-type":"","background-media":"","overlay-type":"","overlay-color":"","overlay-opacity":"","overlay-gradient":""},"tablet":{"background-color":"","background-image":"","background-repeat":"repeat","background-position":"center center","background-size":"auto","background-attachment":"scroll","background-type":"","background-media":"","overlay-type":"","overlay-color":"","overlay-opacity":"","overlay-gradient":""},"mobile":{"background-color":"","background-image":"","background-repeat":"repeat","background-position":"center center","background-size":"auto","background-attachment":"scroll","background-type":"","background-media":"","overlay-type":"","overlay-color":"","overlay-opacity":"","overlay-gradient":""}},"ast-content-background-meta":{"desktop":{"background-color":"var(--ast-global-color-5)","background-image":"","background-repeat":"repeat","background-position":"center center","background-size":"auto","background-attachment":"scroll","background-type":"","background-media":"","overlay-type":"","overlay-color":"","overlay-opacity":"","overlay-gradient":""},"tablet":{"background-color":"var(--ast-global-color-5)","background-image":"","background-repeat":"repeat","background-position":"center center","background-size":"auto","background-attachment":"scroll","background-type":"","background-media":"","overlay-type":"","overlay-color":"","overlay-opacity":"","overlay-gradient":""},"mobile":{"background-color":"var(--ast-global-color-5)","background-image":"","background-repeat":"repeat","background-position":"center center","background-size":"auto","background-attachment":"scroll","background-type":"","background-media":"","overlay-type":"","overlay-color":"","overlay-opacity":"","overlay-gradient":""}}},"product_brand":[],"product_cat":[81,87],"product_tag":[],"class_list":{"0":"post-2197","1":"product","2":"type-product","3":"status-publish","4":"has-post-thumbnail","6":"product_cat-energy-cocoons","7":"product_cat-home-spa","8":"desktop-align-left","9":"tablet-align-left","10":"mobile-align-left","12":"first","13":"instock","14":"shipping-taxable","15":"product-type-simple"},"acf":[],"yoast_head":"<!-- This site is optimized with the Yoast SEO plugin v27.4 - https:\/\/yoast.com\/product\/yoast-seo-wordpress\/ -->\n<title>Elegance - NEOQI<\/title>\n<meta name=\"robots\" content=\"index, follow, max-snippet:-1, max-image-preview:large, max-video-preview:-1\" \/>\n<link rel=\"canonical\" href=\"https:\/\/neoqi.com\/pl\/produkt\/elegance\/\" \/>\n<meta property=\"og:locale\" content=\"pl_PL\" \/>\n<meta property=\"og:type\" content=\"article\" \/>\n<meta property=\"og:title\" content=\"Elegance - NEOQI\" \/>\n<meta property=\"og:description\" content=\"The Elegance Energy cocoon is an innovative solution for the bathroom. Thanks to SPA-capsule Elegance you can enjoy relaxing and invigorating SPA-rituals at your home.  The cocoon is equipped with the best thermo- and hydrotherapy functions in order to restore power and energy after a long day, decrease stress levels and strengthen the immune system. The capsule has a beneficial effect on the sensory organs: hearing, sight, smell and touch. The combination of dry infrared and humid steam sauna, hydro-, aroma- and chromotherapy and has an astonishing heath impact, improving blood circulation and internal organs functions, slowing aging processes, normalizing the functioning of the nervous system, making the skin smooth and firm.  With the Elegance SPA cocoon, you can improve the state of your wellbeing by enjoying a variety of SPA treatments in the privacy of your own home.  * The Elegance received an ADEX Award from the Design Journal magazine in 2007. The Award for Design Excellence is given annually by the Design Journal magazine for superior product design of furnishings marketed to the architectural and design trade. The ADEX award is one of the most coveted design awards in the industry.\" \/>\n<meta property=\"og:url\" content=\"https:\/\/neoqi.com\/pl\/produkt\/elegance\/\" \/>\n<meta property=\"og:site_name\" content=\"NEOQI\" \/>\n<meta property=\"article:publisher\" content=\"https:\/\/www.facebook.com\/neoqi\/\" \/>\n<meta property=\"article:modified_time\" content=\"2024-12-04T05:27:54+00:00\" \/>\n<meta property=\"og:image\" content=\"https:\/\/neoqi.com\/wp-content\/uploads\/2024\/09\/elegance.png\" \/>\n\t<meta property=\"og:image:width\" content=\"1200\" \/>\n\t<meta property=\"og:image:height\" content=\"800\" \/>\n\t<meta property=\"og:image:type\" content=\"image\/png\" \/>\n<meta name=\"twitter:card\" content=\"summary_large_image\" \/>\n<meta name=\"twitter:label1\" content=\"Szacowany czas czytania\" \/>\n\t<meta name=\"twitter:data1\" content=\"2 minuty\" \/>\n<script type=\"application\/ld+json\" class=\"yoast-schema-graph\">{\"@context\":\"https:\\\/\\\/schema.org\",\"@graph\":[{\"@type\":\"WebPage\",\"@id\":\"https:\\\/\\\/neoqi.com\\\/product\\\/elegance\\\/\",\"url\":\"https:\\\/\\\/neoqi.com\\\/product\\\/elegance\\\/\",\"name\":\"Elegance - NEOQI\",\"isPartOf\":{\"@id\":\"https:\\\/\\\/neoqi.com\\\/#website\"},\"primaryImageOfPage\":{\"@id\":\"https:\\\/\\\/neoqi.com\\\/product\\\/elegance\\\/#primaryimage\"},\"image\":{\"@id\":\"https:\\\/\\\/neoqi.com\\\/product\\\/elegance\\\/#primaryimage\"},\"thumbnailUrl\":\"https:\\\/\\\/neoqi.com\\\/wp-content\\\/uploads\\\/2024\\\/09\\\/elegance.png\",\"datePublished\":\"2024-09-06T22:11:40+00:00\",\"dateModified\":\"2024-12-04T05:27:54+00:00\",\"breadcrumb\":{\"@id\":\"https:\\\/\\\/neoqi.com\\\/product\\\/elegance\\\/#breadcrumb\"},\"inLanguage\":\"pl-PL\",\"potentialAction\":[{\"@type\":\"ReadAction\",\"target\":[\"https:\\\/\\\/neoqi.com\\\/product\\\/elegance\\\/\"]}]},{\"@type\":\"ImageObject\",\"inLanguage\":\"pl-PL\",\"@id\":\"https:\\\/\\\/neoqi.com\\\/product\\\/elegance\\\/#primaryimage\",\"url\":\"https:\\\/\\\/neoqi.com\\\/wp-content\\\/uploads\\\/2024\\\/09\\\/elegance.png\",\"contentUrl\":\"https:\\\/\\\/neoqi.com\\\/wp-content\\\/uploads\\\/2024\\\/09\\\/elegance.png\",\"width\":1200,\"height\":800},{\"@type\":\"BreadcrumbList\",\"@id\":\"https:\\\/\\\/neoqi.com\\\/product\\\/elegance\\\/#breadcrumb\",\"itemListElement\":[{\"@type\":\"ListItem\",\"position\":1,\"name\":\"Home\",\"item\":\"https:\\\/\\\/neoqi.com\\\/\"},{\"@type\":\"ListItem\",\"position\":2,\"name\":\"Catalog\",\"item\":\"https:\\\/\\\/neoqi.com\\\/it\\\/catalog\\\/\"},{\"@type\":\"ListItem\",\"position\":3,\"name\":\"Elegance\"}]},{\"@type\":\"WebSite\",\"@id\":\"https:\\\/\\\/neoqi.com\\\/#website\",\"url\":\"https:\\\/\\\/neoqi.com\\\/\",\"name\":\"NEOQI\",\"description\":\"Experience Ultimate Wellness and Relaxation with NeoQi Spa Capsule: Your Path to Rejuvenation\",\"publisher\":{\"@id\":\"https:\\\/\\\/neoqi.com\\\/#organization\"},\"potentialAction\":[{\"@type\":\"SearchAction\",\"target\":{\"@type\":\"EntryPoint\",\"urlTemplate\":\"https:\\\/\\\/neoqi.com\\\/?s={search_term_string}\"},\"query-input\":{\"@type\":\"PropertyValueSpecification\",\"valueRequired\":true,\"valueName\":\"search_term_string\"}}],\"inLanguage\":\"pl-PL\"},{\"@type\":\"Organization\",\"@id\":\"https:\\\/\\\/neoqi.com\\\/#organization\",\"name\":\"NEOQI\",\"url\":\"https:\\\/\\\/neoqi.com\\\/\",\"logo\":{\"@type\":\"ImageObject\",\"inLanguage\":\"pl-PL\",\"@id\":\"https:\\\/\\\/neoqi.com\\\/#\\\/schema\\\/logo\\\/image\\\/\",\"url\":\"https:\\\/\\\/neoqi.com\\\/wp-content\\\/uploads\\\/2024\\\/09\\\/logoneosvg.svg\",\"contentUrl\":\"https:\\\/\\\/neoqi.com\\\/wp-content\\\/uploads\\\/2024\\\/09\\\/logoneosvg.svg\",\"width\":1,\"height\":1,\"caption\":\"NEOQI\"},\"image\":{\"@id\":\"https:\\\/\\\/neoqi.com\\\/#\\\/schema\\\/logo\\\/image\\\/\"},\"sameAs\":[\"https:\\\/\\\/www.facebook.com\\\/neoqi\\\/\",\"https:\\\/\\\/www.instagram.com\\\/neoqi_com\\\/\"]}]}<\/script>\n<!-- \/ Yoast SEO plugin. -->","yoast_head_json":{"title":"Elegance - NEOQI","robots":{"index":"index","follow":"follow","max-snippet":"max-snippet:-1","max-image-preview":"max-image-preview:large","max-video-preview":"max-video-preview:-1"},"canonical":"https:\/\/neoqi.com\/pl\/produkt\/elegance\/","og_locale":"pl_PL","og_type":"article","og_title":"Elegance - NEOQI","og_description":"The Elegance Energy cocoon is an innovative solution for the bathroom. Thanks to SPA-capsule Elegance you can enjoy relaxing and invigorating SPA-rituals at your home.  The cocoon is equipped with the best thermo- and hydrotherapy functions in order to restore power and energy after a long day, decrease stress levels and strengthen the immune system. The capsule has a beneficial effect on the sensory organs: hearing, sight, smell and touch. The combination of dry infrared and humid steam sauna, hydro-, aroma- and chromotherapy and has an astonishing heath impact, improving blood circulation and internal organs functions, slowing aging processes, normalizing the functioning of the nervous system, making the skin smooth and firm.  With the Elegance SPA cocoon, you can improve the state of your wellbeing by enjoying a variety of SPA treatments in the privacy of your own home.  * The Elegance received an ADEX Award from the Design Journal magazine in 2007. The Award for Design Excellence is given annually by the Design Journal magazine for superior product design of furnishings marketed to the architectural and design trade. The ADEX award is one of the most coveted design awards in the industry.","og_url":"https:\/\/neoqi.com\/pl\/produkt\/elegance\/","og_site_name":"NEOQI","article_publisher":"https:\/\/www.facebook.com\/neoqi\/","article_modified_time":"2024-12-04T05:27:54+00:00","og_image":[{"width":1200,"height":800,"url":"https:\/\/neoqi.com\/wp-content\/uploads\/2024\/09\/elegance.png","type":"image\/png"}],"twitter_card":"summary_large_image","twitter_misc":{"Szacowany czas czytania":"2 minuty"},"schema":{"@context":"https:\/\/schema.org","@graph":[{"@type":"WebPage","@id":"https:\/\/neoqi.com\/product\/elegance\/","url":"https:\/\/neoqi.com\/product\/elegance\/","name":"Elegance - NEOQI","isPartOf":{"@id":"https:\/\/neoqi.com\/#website"},"primaryImageOfPage":{"@id":"https:\/\/neoqi.com\/product\/elegance\/#primaryimage"},"image":{"@id":"https:\/\/neoqi.com\/product\/elegance\/#primaryimage"},"thumbnailUrl":"https:\/\/neoqi.com\/wp-content\/uploads\/2024\/09\/elegance.png","datePublished":"2024-09-06T22:11:40+00:00","dateModified":"2024-12-04T05:27:54+00:00","breadcrumb":{"@id":"https:\/\/neoqi.com\/product\/elegance\/#breadcrumb"},"inLanguage":"pl-PL","potentialAction":[{"@type":"ReadAction","target":["https:\/\/neoqi.com\/product\/elegance\/"]}]},{"@type":"ImageObject","inLanguage":"pl-PL","@id":"https:\/\/neoqi.com\/product\/elegance\/#primaryimage","url":"https:\/\/neoqi.com\/wp-content\/uploads\/2024\/09\/elegance.png","contentUrl":"https:\/\/neoqi.com\/wp-content\/uploads\/2024\/09\/elegance.png","width":1200,"height":800},{"@type":"BreadcrumbList","@id":"https:\/\/neoqi.com\/product\/elegance\/#breadcrumb","itemListElement":[{"@type":"ListItem","position":1,"name":"Home","item":"https:\/\/neoqi.com\/"},{"@type":"ListItem","position":2,"name":"Catalog","item":"https:\/\/neoqi.com\/it\/catalog\/"},{"@type":"ListItem","position":3,"name":"Elegance"}]},{"@type":"WebSite","@id":"https:\/\/neoqi.com\/#website","url":"https:\/\/neoqi.com\/","name":"NEOQI","description":"Do\u015bwiadcz doskona\u0142ego samopoczucia i relaksu z NeoQi Spa Capsule: Twoja droga do odm\u0142odzenia","publisher":{"@id":"https:\/\/neoqi.com\/#organization"},"potentialAction":[{"@type":"SearchAction","target":{"@type":"EntryPoint","urlTemplate":"https:\/\/neoqi.com\/?s={search_term_string}"},"query-input":{"@type":"PropertyValueSpecification","valueRequired":true,"valueName":"search_term_string"}}],"inLanguage":"pl-PL"},{"@type":"Organization","@id":"https:\/\/neoqi.com\/#organization","name":"NEOQI","url":"https:\/\/neoqi.com\/","logo":{"@type":"ImageObject","inLanguage":"pl-PL","@id":"https:\/\/neoqi.com\/#\/schema\/logo\/image\/","url":"https:\/\/neoqi.com\/wp-content\/uploads\/2024\/09\/logoneosvg.svg","contentUrl":"https:\/\/neoqi.com\/wp-content\/uploads\/2024\/09\/logoneosvg.svg","width":1,"height":1,"caption":"NEOQI"},"image":{"@id":"https:\/\/neoqi.com\/#\/schema\/logo\/image\/"},"sameAs":["https:\/\/www.facebook.com\/neoqi\/","https:\/\/www.instagram.com\/neoqi_com\/"]}]}},"_links":{"self":[{"href":"https:\/\/neoqi.com\/pl\/wp-json\/wp\/v2\/product\/2197","targetHints":{"allow":["GET"]}}],"collection":[{"href":"https:\/\/neoqi.com\/pl\/wp-json\/wp\/v2\/product"}],"about":[{"href":"https:\/\/neoqi.com\/pl\/wp-json\/wp\/v2\/types\/product"}],"replies":[{"embeddable":true,"href":"https:\/\/neoqi.com\/pl\/wp-json\/wp\/v2\/comments?post=2197"}],"wp:featuredmedia":[{"embeddable":true,"href":"https:\/\/neoqi.com\/pl\/wp-json\/wp\/v2\/media\/2198"}],"wp:attachment":[{"href":"https:\/\/neoqi.com\/pl\/wp-json\/wp\/v2\/media?parent=2197"}],"wp:term":[{"taxonomy":"product_brand","embeddable":true,"href":"https:\/\/neoqi.com\/pl\/wp-json\/wp\/v2\/product_brand?post=2197"},{"taxonomy":"product_cat","embeddable":true,"href":"https:\/\/neoqi.com\/pl\/wp-json\/wp\/v2\/product_cat?post=2197"},{"taxonomy":"product_tag","embeddable":true,"href":"https:\/\/neoqi.com\/pl\/wp-json\/wp\/v2\/product_tag?post=2197"}],"curies":[{"name":"wp","href":"https:\/\/api.w.org\/{rel}","templated":true}]}}