{"id":2210,"date":"2024-09-07T03:14:05","date_gmt":"2024-09-07T00:14:05","guid":{"rendered":"http:\/\/neoqi.com\/?post_type=product&#038;p=2210"},"modified":"2024-12-04T08:28:05","modified_gmt":"2024-12-04T05:28:05","slug":"elebath","status":"publish","type":"product","link":"https:\/\/neoqi.com\/pl\/produkt\/elebath\/","title":{"rendered":"Elebath"},"content":{"rendered":"<h3>G\u0142\u00f3wne zabiegi w NeoQi\u00ae Elebath<\/h3>\n<p>Masa\u017c wodny i powietrzny b\u0105belkowy. Masa\u017c wodny wykonywany jest wzd\u0142u\u017c anatomicznych i najbardziej problematycznych obszar\u00f3w. Silne i spr\u0119\u017cyste strumienie wody masuj\u0105 cia\u0142o i narz\u0105dy wewn\u0119trzne, \u0142agodz\u0105c b\u00f3le mi\u0119\u015bni i staw\u00f3w, koryguj\u0105c kontury sylwetki i skutecznie usuwaj\u0105c stres. Jednocze\u015bnie tysi\u0105ce p\u0119cherzyk\u00f3w powietrza w wodzie delikatnie otulaj\u0105 cia\u0142o i relaksuj\u0105 je, tworz\u0105c uczucie lekko\u015bci i niewa\u017cko\u015bci. Masa\u017c b\u0105belkami powietrza normalizuje ci\u015bnienie krwi, stymuluje detoksykacj\u0119 i ma og\u00f3lny efekt uspokajaj\u0105cy.<br \/>\nBalneoterapia pomaga rozwi\u0105za\u0107 wiele problem\u00f3w zdrowotnych. Uzdrawiaj\u0105ca moc wody z dodatkiem minera\u0142\u00f3w, witamin, gaz\u00f3w i substancji organicznych ma korzystny wp\u0142yw na sk\u00f3r\u0119, uk\u0142ad mi\u0119\u015bniowo-szkieletowy, uk\u0142ad sercowo-naczyniowy i centralny uk\u0142ad nerwowy, narz\u0105dy trawienne i metabolizm.<br \/>\nChromoterapia. Kolory maj\u0105 korzystny wp\u0142yw na og\u00f3ln\u0105 kondycj\u0119 psychofizyczn\u0105 cz\u0142owieka. Wykorzystanie w\u0142a\u015bciwo\u015bci poszczeg\u00f3lnych kolor\u00f3w pozwala przywr\u00f3ci\u0107 prawid\u0142owe wzorce snu i funkcje narz\u0105d\u00f3w wewn\u0119trznych, wyeliminowa\u0107 b\u00f3le g\u0142owy i znormalizowa\u0107 apetyt, z\u0142agodzi\u0107 stany l\u0119kowe i depresj\u0119.<\/p>\n<h3>Hydromasa\u017c<\/h3>\n<p>Masa\u017c b\u0105belkami powietrza<br \/>\n6 dysz bocznych<br \/>\n6 dysz do masa\u017cu plec\u00f3w<br \/>\n2 dysze do st\u00f3p<br \/>\n12 dolnych dysz powietrznych<br \/>\nTerapia kolorowym \u015bwiat\u0142em (chromoterapia)<br \/>\nPrysznic r\u0119czny<\/p>","protected":false},"excerpt":{"rendered":"<p>Elebath to najmniejsza wanna z hydromasa\u017cem spo\u015br\u00f3d wszystkich produkt\u00f3w NeoQi. Elebath oferuje zabiegi masa\u017cu wodnego i powietrznego, uzupe\u0142nione sesjami chromo- i balneoterapii.  Dzi\u0119ki kombinacji program\u00f3w dostosowanych do indywidualnych potrzeb mo\u017cna leczy\u0107 choroby uk\u0142adu mi\u0119\u015bniowo-szkieletowego i sercowo-naczyniowego, \u0142agodzi\u0107 b\u00f3le i skurcze mi\u0119\u015bni, zmniejsza\u0107 objawy stresu, zm\u0119czenie, depresj\u0119 i skutecznie redukowa\u0107 wag\u0119. Ponadto mo\u017ce pom\u00f3c przywr\u00f3ci\u0107 elastyczno\u015b\u0107 sk\u00f3ry w najbardziej problematycznych obszarach - udach, brzuchu i po\u015bladkach.<\/p>\n<p>Elegancki design i zestaw niezb\u0119dnych funkcji do zabieg\u00f3w SPA sprawiaj\u0105, \u017ce ta idealna wanna do hydroterapii staje si\u0119 kompleksem do mniejszego salonu kosmetycznego, centrum masa\u017cu i odnowy biologicznej lub do u\u017cytku domowego. Elebath - kompaktowa jak wanna, funkcjonalna jak kompleks SPA.<\/p>","protected":false},"featured_media":2211,"comment_status":"open","ping_status":"closed","template":"","meta":{"_acf_changed":false,"site-sidebar-layout":"default","site-content-layout":"","ast-site-content-layout":"default","site-content-style":"default","site-sidebar-style":"default","ast-global-header-display":"","ast-banner-title-visibility":"","ast-main-header-display":"","ast-hfb-above-header-display":"","ast-hfb-below-header-display":"","ast-hfb-mobile-header-display":"","site-post-title":"","ast-breadcrumbs-content":"","ast-featured-img":"","footer-sml-layout":"","ast-disable-related-posts":"","theme-transparent-header-meta":"default","adv-header-id-meta":"","stick-header-meta":"","header-above-stick-meta":"","header-main-stick-meta":"","header-below-stick-meta":"","astra-migrate-meta-layouts":"set","ast-page-background-enabled":"default","ast-page-background-meta":{"desktop":{"background-color":"var(--ast-global-color-4)","background-image":"","background-repeat":"repeat","background-position":"center center","background-size":"auto","background-attachment":"scroll","background-type":"","background-media":"","overlay-type":"","overlay-color":"","overlay-opacity":"","overlay-gradient":""},"tablet":{"background-color":"","background-image":"","background-repeat":"repeat","background-position":"center center","background-size":"auto","background-attachment":"scroll","background-type":"","background-media":"","overlay-type":"","overlay-color":"","overlay-opacity":"","overlay-gradient":""},"mobile":{"background-color":"","background-image":"","background-repeat":"repeat","background-position":"center center","background-size":"auto","background-attachment":"scroll","background-type":"","background-media":"","overlay-type":"","overlay-color":"","overlay-opacity":"","overlay-gradient":""}},"ast-content-background-meta":{"desktop":{"background-color":"var(--ast-global-color-5)","background-image":"","background-repeat":"repeat","background-position":"center center","background-size":"auto","background-attachment":"scroll","background-type":"","background-media":"","overlay-type":"","overlay-color":"","overlay-opacity":"","overlay-gradient":""},"tablet":{"background-color":"var(--ast-global-color-5)","background-image":"","background-repeat":"repeat","background-position":"center center","background-size":"auto","background-attachment":"scroll","background-type":"","background-media":"","overlay-type":"","overlay-color":"","overlay-opacity":"","overlay-gradient":""},"mobile":{"background-color":"var(--ast-global-color-5)","background-image":"","background-repeat":"repeat","background-position":"center center","background-size":"auto","background-attachment":"scroll","background-type":"","background-media":"","overlay-type":"","overlay-color":"","overlay-opacity":"","overlay-gradient":""}}},"product_brand":[],"product_cat":[81,87],"product_tag":[],"class_list":{"0":"post-2210","1":"product","2":"type-product","3":"status-publish","4":"has-post-thumbnail","6":"product_cat-energy-cocoons","7":"product_cat-home-spa","8":"desktop-align-left","9":"tablet-align-left","10":"mobile-align-left","12":"first","13":"instock","14":"shipping-taxable","15":"product-type-simple"},"acf":[],"yoast_head":"<!-- This site is optimized with the Yoast SEO plugin v27.4 - https:\/\/yoast.com\/product\/yoast-seo-wordpress\/ -->\n<title>Elebath - NEOQI<\/title>\n<meta name=\"robots\" content=\"index, follow, max-snippet:-1, max-image-preview:large, max-video-preview:-1\" \/>\n<link rel=\"canonical\" href=\"https:\/\/neoqi.com\/pl\/produkt\/elebath\/\" \/>\n<meta property=\"og:locale\" content=\"pl_PL\" \/>\n<meta property=\"og:type\" content=\"article\" \/>\n<meta property=\"og:title\" content=\"Elebath - NEOQI\" \/>\n<meta property=\"og:description\" content=\"Elebath is the smallest hydromassage bath of all NeoQi products. Elebath offers treatments of hydro and air bubble massage, complemented by chromo- and balneotherapy sessions. \u00a0With a combination of tailor-made programs, one can treat musculoskeletal and cardiovascular system diseases, relieve muscle pain and spasm, decrease stress symptoms, fatigue, depression and effectively reduce weight. In addition to that, it can help restore skin elasticity in the most problem areas \u2013 thighs, abdomen, and buttocks.  The Elegant design and a set of necessary functions for SPA treatments turn this perfect hydrotherapy bath into the complex for a smaller beauty salon, massage and wellness center, or home use. Elebath \u2013 compact as a bathtub, functional as a SPA complex.\" \/>\n<meta property=\"og:url\" content=\"https:\/\/neoqi.com\/pl\/produkt\/elebath\/\" \/>\n<meta property=\"og:site_name\" content=\"NEOQI\" \/>\n<meta property=\"article:publisher\" content=\"https:\/\/www.facebook.com\/neoqi\/\" \/>\n<meta property=\"article:modified_time\" content=\"2024-12-04T05:28:05+00:00\" \/>\n<meta property=\"og:image\" content=\"https:\/\/neoqi.com\/wp-content\/uploads\/2024\/09\/elebath.png\" \/>\n\t<meta property=\"og:image:width\" content=\"1200\" \/>\n\t<meta property=\"og:image:height\" content=\"800\" \/>\n\t<meta property=\"og:image:type\" content=\"image\/png\" \/>\n<meta name=\"twitter:card\" content=\"summary_large_image\" \/>\n<meta name=\"twitter:label1\" content=\"Szacowany czas czytania\" \/>\n\t<meta name=\"twitter:data1\" content=\"2 minuty\" \/>\n<script type=\"application\/ld+json\" class=\"yoast-schema-graph\">{\"@context\":\"https:\\\/\\\/schema.org\",\"@graph\":[{\"@type\":\"WebPage\",\"@id\":\"https:\\\/\\\/neoqi.com\\\/product\\\/elebath\\\/\",\"url\":\"https:\\\/\\\/neoqi.com\\\/product\\\/elebath\\\/\",\"name\":\"Elebath - NEOQI\",\"isPartOf\":{\"@id\":\"https:\\\/\\\/neoqi.com\\\/#website\"},\"primaryImageOfPage\":{\"@id\":\"https:\\\/\\\/neoqi.com\\\/product\\\/elebath\\\/#primaryimage\"},\"image\":{\"@id\":\"https:\\\/\\\/neoqi.com\\\/product\\\/elebath\\\/#primaryimage\"},\"thumbnailUrl\":\"https:\\\/\\\/neoqi.com\\\/wp-content\\\/uploads\\\/2024\\\/09\\\/elebath.png\",\"datePublished\":\"2024-09-07T00:14:05+00:00\",\"dateModified\":\"2024-12-04T05:28:05+00:00\",\"breadcrumb\":{\"@id\":\"https:\\\/\\\/neoqi.com\\\/product\\\/elebath\\\/#breadcrumb\"},\"inLanguage\":\"pl-PL\",\"potentialAction\":[{\"@type\":\"ReadAction\",\"target\":[\"https:\\\/\\\/neoqi.com\\\/product\\\/elebath\\\/\"]}]},{\"@type\":\"ImageObject\",\"inLanguage\":\"pl-PL\",\"@id\":\"https:\\\/\\\/neoqi.com\\\/product\\\/elebath\\\/#primaryimage\",\"url\":\"https:\\\/\\\/neoqi.com\\\/wp-content\\\/uploads\\\/2024\\\/09\\\/elebath.png\",\"contentUrl\":\"https:\\\/\\\/neoqi.com\\\/wp-content\\\/uploads\\\/2024\\\/09\\\/elebath.png\",\"width\":1200,\"height\":800},{\"@type\":\"BreadcrumbList\",\"@id\":\"https:\\\/\\\/neoqi.com\\\/product\\\/elebath\\\/#breadcrumb\",\"itemListElement\":[{\"@type\":\"ListItem\",\"position\":1,\"name\":\"Home\",\"item\":\"https:\\\/\\\/neoqi.com\\\/\"},{\"@type\":\"ListItem\",\"position\":2,\"name\":\"Catalog\",\"item\":\"https:\\\/\\\/neoqi.com\\\/it\\\/catalog\\\/\"},{\"@type\":\"ListItem\",\"position\":3,\"name\":\"Elebath\"}]},{\"@type\":\"WebSite\",\"@id\":\"https:\\\/\\\/neoqi.com\\\/#website\",\"url\":\"https:\\\/\\\/neoqi.com\\\/\",\"name\":\"NEOQI\",\"description\":\"Experience Ultimate Wellness and Relaxation with NeoQi Spa Capsule: Your Path to Rejuvenation\",\"publisher\":{\"@id\":\"https:\\\/\\\/neoqi.com\\\/#organization\"},\"potentialAction\":[{\"@type\":\"SearchAction\",\"target\":{\"@type\":\"EntryPoint\",\"urlTemplate\":\"https:\\\/\\\/neoqi.com\\\/?s={search_term_string}\"},\"query-input\":{\"@type\":\"PropertyValueSpecification\",\"valueRequired\":true,\"valueName\":\"search_term_string\"}}],\"inLanguage\":\"pl-PL\"},{\"@type\":\"Organization\",\"@id\":\"https:\\\/\\\/neoqi.com\\\/#organization\",\"name\":\"NEOQI\",\"url\":\"https:\\\/\\\/neoqi.com\\\/\",\"logo\":{\"@type\":\"ImageObject\",\"inLanguage\":\"pl-PL\",\"@id\":\"https:\\\/\\\/neoqi.com\\\/#\\\/schema\\\/logo\\\/image\\\/\",\"url\":\"https:\\\/\\\/neoqi.com\\\/wp-content\\\/uploads\\\/2024\\\/09\\\/logoneosvg.svg\",\"contentUrl\":\"https:\\\/\\\/neoqi.com\\\/wp-content\\\/uploads\\\/2024\\\/09\\\/logoneosvg.svg\",\"width\":1,\"height\":1,\"caption\":\"NEOQI\"},\"image\":{\"@id\":\"https:\\\/\\\/neoqi.com\\\/#\\\/schema\\\/logo\\\/image\\\/\"},\"sameAs\":[\"https:\\\/\\\/www.facebook.com\\\/neoqi\\\/\",\"https:\\\/\\\/www.instagram.com\\\/neoqi_com\\\/\"]}]}<\/script>\n<!-- \/ Yoast SEO plugin. -->","yoast_head_json":{"title":"Elebath - NEOQI","robots":{"index":"index","follow":"follow","max-snippet":"max-snippet:-1","max-image-preview":"max-image-preview:large","max-video-preview":"max-video-preview:-1"},"canonical":"https:\/\/neoqi.com\/pl\/produkt\/elebath\/","og_locale":"pl_PL","og_type":"article","og_title":"Elebath - NEOQI","og_description":"Elebath is the smallest hydromassage bath of all NeoQi products. Elebath offers treatments of hydro and air bubble massage, complemented by chromo- and balneotherapy sessions. \u00a0With a combination of tailor-made programs, one can treat musculoskeletal and cardiovascular system diseases, relieve muscle pain and spasm, decrease stress symptoms, fatigue, depression and effectively reduce weight. In addition to that, it can help restore skin elasticity in the most problem areas \u2013 thighs, abdomen, and buttocks.  The Elegant design and a set of necessary functions for SPA treatments turn this perfect hydrotherapy bath into the complex for a smaller beauty salon, massage and wellness center, or home use. Elebath \u2013 compact as a bathtub, functional as a SPA complex.","og_url":"https:\/\/neoqi.com\/pl\/produkt\/elebath\/","og_site_name":"NEOQI","article_publisher":"https:\/\/www.facebook.com\/neoqi\/","article_modified_time":"2024-12-04T05:28:05+00:00","og_image":[{"width":1200,"height":800,"url":"https:\/\/neoqi.com\/wp-content\/uploads\/2024\/09\/elebath.png","type":"image\/png"}],"twitter_card":"summary_large_image","twitter_misc":{"Szacowany czas czytania":"2 minuty"},"schema":{"@context":"https:\/\/schema.org","@graph":[{"@type":"WebPage","@id":"https:\/\/neoqi.com\/product\/elebath\/","url":"https:\/\/neoqi.com\/product\/elebath\/","name":"Elebath - NEOQI","isPartOf":{"@id":"https:\/\/neoqi.com\/#website"},"primaryImageOfPage":{"@id":"https:\/\/neoqi.com\/product\/elebath\/#primaryimage"},"image":{"@id":"https:\/\/neoqi.com\/product\/elebath\/#primaryimage"},"thumbnailUrl":"https:\/\/neoqi.com\/wp-content\/uploads\/2024\/09\/elebath.png","datePublished":"2024-09-07T00:14:05+00:00","dateModified":"2024-12-04T05:28:05+00:00","breadcrumb":{"@id":"https:\/\/neoqi.com\/product\/elebath\/#breadcrumb"},"inLanguage":"pl-PL","potentialAction":[{"@type":"ReadAction","target":["https:\/\/neoqi.com\/product\/elebath\/"]}]},{"@type":"ImageObject","inLanguage":"pl-PL","@id":"https:\/\/neoqi.com\/product\/elebath\/#primaryimage","url":"https:\/\/neoqi.com\/wp-content\/uploads\/2024\/09\/elebath.png","contentUrl":"https:\/\/neoqi.com\/wp-content\/uploads\/2024\/09\/elebath.png","width":1200,"height":800},{"@type":"BreadcrumbList","@id":"https:\/\/neoqi.com\/product\/elebath\/#breadcrumb","itemListElement":[{"@type":"ListItem","position":1,"name":"Home","item":"https:\/\/neoqi.com\/"},{"@type":"ListItem","position":2,"name":"Catalog","item":"https:\/\/neoqi.com\/it\/catalog\/"},{"@type":"ListItem","position":3,"name":"Elebath"}]},{"@type":"WebSite","@id":"https:\/\/neoqi.com\/#website","url":"https:\/\/neoqi.com\/","name":"NEOQI","description":"Do\u015bwiadcz doskona\u0142ego samopoczucia i relaksu z NeoQi Spa Capsule: Twoja droga do odm\u0142odzenia","publisher":{"@id":"https:\/\/neoqi.com\/#organization"},"potentialAction":[{"@type":"SearchAction","target":{"@type":"EntryPoint","urlTemplate":"https:\/\/neoqi.com\/?s={search_term_string}"},"query-input":{"@type":"PropertyValueSpecification","valueRequired":true,"valueName":"search_term_string"}}],"inLanguage":"pl-PL"},{"@type":"Organization","@id":"https:\/\/neoqi.com\/#organization","name":"NEOQI","url":"https:\/\/neoqi.com\/","logo":{"@type":"ImageObject","inLanguage":"pl-PL","@id":"https:\/\/neoqi.com\/#\/schema\/logo\/image\/","url":"https:\/\/neoqi.com\/wp-content\/uploads\/2024\/09\/logoneosvg.svg","contentUrl":"https:\/\/neoqi.com\/wp-content\/uploads\/2024\/09\/logoneosvg.svg","width":1,"height":1,"caption":"NEOQI"},"image":{"@id":"https:\/\/neoqi.com\/#\/schema\/logo\/image\/"},"sameAs":["https:\/\/www.facebook.com\/neoqi\/","https:\/\/www.instagram.com\/neoqi_com\/"]}]}},"_links":{"self":[{"href":"https:\/\/neoqi.com\/pl\/wp-json\/wp\/v2\/product\/2210","targetHints":{"allow":["GET"]}}],"collection":[{"href":"https:\/\/neoqi.com\/pl\/wp-json\/wp\/v2\/product"}],"about":[{"href":"https:\/\/neoqi.com\/pl\/wp-json\/wp\/v2\/types\/product"}],"replies":[{"embeddable":true,"href":"https:\/\/neoqi.com\/pl\/wp-json\/wp\/v2\/comments?post=2210"}],"wp:featuredmedia":[{"embeddable":true,"href":"https:\/\/neoqi.com\/pl\/wp-json\/wp\/v2\/media\/2211"}],"wp:attachment":[{"href":"https:\/\/neoqi.com\/pl\/wp-json\/wp\/v2\/media?parent=2210"}],"wp:term":[{"taxonomy":"product_brand","embeddable":true,"href":"https:\/\/neoqi.com\/pl\/wp-json\/wp\/v2\/product_brand?post=2210"},{"taxonomy":"product_cat","embeddable":true,"href":"https:\/\/neoqi.com\/pl\/wp-json\/wp\/v2\/product_cat?post=2210"},{"taxonomy":"product_tag","embeddable":true,"href":"https:\/\/neoqi.com\/pl\/wp-json\/wp\/v2\/product_tag?post=2210"}],"curies":[{"name":"wp","href":"https:\/\/api.w.org\/{rel}","templated":true}]}}