{"id":2011,"date":"2024-09-06T21:22:37","date_gmt":"2024-09-06T18:22:37","guid":{"rendered":"http:\/\/neoqi.com\/?page_id=2011"},"modified":"2024-11-02T20:14:08","modified_gmt":"2024-11-02T17:14:08","slug":"about-us","status":"publish","type":"page","link":"https:\/\/neoqi.com\/zh\/about-us\/","title":{"rendered":"\u5173\u4e8e\u6211\u4eec"},"content":{"rendered":"<p>NeoQi\u00ae \u662f\u4e00\u5bb6\u4e3a\u73b0\u4ee3 SPA \u4e2d\u5fc3\u3001\u9152\u5e97\u3001\u7f8e\u5bb9\u9662\u3001\u533b\u7597\u673a\u6784\u548c\u5eb7\u590d\u4e2d\u5fc3\u4ee5\u53ca\u5bb6\u5ead\u4f7f\u7528\u63d0\u4f9b\u521b\u65b0\u8bbe\u5907\u7684\u5236\u9020\u5546\u3002\u5728 NeoQi\u00ae \u80fd\u91cf\u8327\u4e2d\u8425\u9020\u7684\u6c1b\u56f4\u6709\u52a9\u4e8e\u6062\u590d\u60c5\u7eea\u3001\u6062\u590d\u6d3b\u529b\u548c\u7f13\u89e3\u538b\u529b\u3002\u6240\u6709 NeoQi\u00ae \u8bbe\u5907\u90fd\u662f\u72ec\u7acb\u7684\u591a\u529f\u80fd SPA \u7efc\u5408\u4f53\uff0c\u4f7f\u6211\u4eec\u80fd\u591f\u5728\u4e00\u4e2a\u623f\u95f4\u5185\u4e3a\u5ba2\u6237\u63d0\u4f9b\u6700\u591a\u7684\u4e2a\u6027\u5316\u9879\u76ee\u3002<\/p>\n<p>\u51ed\u501f\u591a\u5e74\u7684\u7ecf\u9a8c\u548c\u9ad8\u7d20\u8d28\u7684\u5458\u5de5\uff0c\u6211\u4eec\u6210\u529f\u5f00\u53d1\u4e86 16 \u79cd\u72ec\u7279\u7684\u7406\u7597\u7cfb\u7edf\uff0c\u5176\u4e2d\u5305\u62ec\u6c34\u7597\u80f6\u56ca\u548c\u6c34\u7597\u6d74\u7f38\u3002\u7ecf\u5178\u7684 SPA \u4eea\u5f0f\u4e0e\u80fd\u91cf\u8327\u7684\u529f\u80fd\u6027\u76f8\u7ed3\u5408\uff0c\u8ba9\u60a8\u53ef\u4ee5\u8fdb\u884c\u6700\u9700\u8981\u3001\u6700\u6709\u76ca\u7684\u8eab\u4f53\u62a4\u7406\uff0c\u5982\u6062\u590d\u6d3b\u529b\u3001\u632f\u594b\u7cbe\u795e\u3001\u5eb7\u590d\u3001\u7626\u8eab\u3001\u653e\u677e\u7b49\u3002<\/p>\n<p>\u6240\u6709\u751f\u4ea7\u8bbe\u5907\u90fd\u7ecf\u8fc7\u4e25\u683c\u7684\u8d28\u91cf\u63a7\u5236\u548c\u5168\u9762\u7684\u6d4b\u8bd5\u3002SPA \u80f6\u56ca\u548c\u6f29\u6da1\u6d74\u7f38\u91c7\u7528\u6b27\u6d32\u5236\u9020\u5546\u751f\u4ea7\u7684\u8010\u7528\u3001\u536b\u751f\u6750\u6599\u5236\u6210\u3002\u7531 Intertek Semko \u548c UL International Demko A\/S \u8ba4\u8bc1\u5c40\u9881\u53d1\u7684\u8bc1\u4e66\u5c31\u662f\u9ad8\u8d28\u91cf\u548c\u53ef\u9760\u6027\u7684\u8bc1\u660e\u3002\u6b64\u5916\uff0cNeoQi\u00ae \u4ea7\u54c1\u8fd8\u83b7\u5f97\u4e86 CE\u3001Rostest-Moscow \u548c KTL \u9881\u53d1\u7684\u8bc1\u4e66\u3002<\/p>\n<p>\u6211\u4eec\u5728\u751f\u4ea7\u8fc7\u7a0b\u4e2d\u91c7\u7528\u4e86\u6700\u5148\u8fdb\u7684\u6280\u672f\u89e3\u51b3\u65b9\u6848\uff0c\u51ed\u501f\u4ea7\u54c1\u7684\u8d28\u91cf\u548c\u5b89\u5168\u6027\uff0c\u6211\u4eec\u8d62\u5f97\u4e86\u6700\u6311\u5254\u5ba2\u6237\u7684\u4fe1\u4efb\u3002\u516c\u53f8\u7684\u4e1a\u52a1\u5e76\u4e0d\u5c40\u9650\u4e8e\u7231\u6c99\u5c3c\u4e9a\u3002\u6211\u4eec\u7684\u4ea7\u54c1\u5e7f\u6cdb\u5e94\u7528\u4e8e\u4e16\u754c\u8bb8\u591a\u56fd\u5bb6\u7684\u533b\u7597\u3001\u4f53\u80b2\u548c\u7f8e\u5bb9\u4e2d\u5fc3\u3002<\/p>\n<h4><strong>\u5c55\u5385\u5730\u5740<\/strong><\/h4>\n<p>Piirim\u00e4e 15, T\u00e4nassilma k\u00fcla, 76406 Saku vald, Harjumaa, \u7231\u6c99\u5c3c\u4e9a<\/p>\n<p>\u5f00\u653e\u65f6\u95f4\uff1a\u5468\u4e00\u81f3\u5468\u4e94\uff1a\u4e0a\u5348 8:30 - \u4e0b\u5348 5:00<\/p>","protected":false},"excerpt":{"rendered":"<p>NeoQi\u00ae is a manufacturer of innovative equipment for modern SPA centres, hotels, beauty salons, medical institutions and rehabilitation centres, as well as for home use. An atmosphere that is created in the NeoQi\u00ae energy cocoons contributes to emotional recovery, rejuvenation and stress relieve. All NeoQi\u00ae devices are independent and multifunctional SPA-complexes that enables us to [&hellip;]<\/p>\n","protected":false},"author":1,"featured_media":2911,"parent":0,"menu_order":0,"comment_status":"closed","ping_status":"closed","template":"","meta":{"_acf_changed":false,"site-sidebar-layout":"default","site-content-layout":"","ast-site-content-layout":"default","site-content-style":"default","site-sidebar-style":"default","ast-global-header-display":"","ast-banner-title-visibility":"","ast-main-header-display":"","ast-hfb-above-header-display":"","ast-hfb-below-header-display":"","ast-hfb-mobile-header-display":"","site-post-title":"","ast-breadcrumbs-content":"","ast-featured-img":"","footer-sml-layout":"","ast-disable-related-posts":"","theme-transparent-header-meta":"default","adv-header-id-meta":"","stick-header-meta":"","header-above-stick-meta":"","header-main-stick-meta":"","header-below-stick-meta":"","astra-migrate-meta-layouts":"set","ast-page-background-enabled":"default","ast-page-background-meta":{"desktop":{"background-color":"var(--ast-global-color-4)","background-image":"","background-repeat":"repeat","background-position":"center center","background-size":"auto","background-attachment":"scroll","background-type":"","background-media":"","overlay-type":"","overlay-color":"","overlay-opacity":"","overlay-gradient":""},"tablet":{"background-color":"","background-image":"","background-repeat":"repeat","background-position":"center center","background-size":"auto","background-attachment":"scroll","background-type":"","background-media":"","overlay-type":"","overlay-color":"","overlay-opacity":"","overlay-gradient":""},"mobile":{"background-color":"","background-image":"","background-repeat":"repeat","background-position":"center center","background-size":"auto","background-attachment":"scroll","background-type":"","background-media":"","overlay-type":"","overlay-color":"","overlay-opacity":"","overlay-gradient":""}},"ast-content-background-meta":{"desktop":{"background-color":"var(--ast-global-color-5)","background-image":"","background-repeat":"repeat","background-position":"center center","background-size":"auto","background-attachment":"scroll","background-type":"","background-media":"","overlay-type":"","overlay-color":"","overlay-opacity":"","overlay-gradient":""},"tablet":{"background-color":"var(--ast-global-color-5)","background-image":"","background-repeat":"repeat","background-position":"center center","background-size":"auto","background-attachment":"scroll","background-type":"","background-media":"","overlay-type":"","overlay-color":"","overlay-opacity":"","overlay-gradient":""},"mobile":{"background-color":"var(--ast-global-color-5)","background-image":"","background-repeat":"repeat","background-position":"center center","background-size":"auto","background-attachment":"scroll","background-type":"","background-media":"","overlay-type":"","overlay-color":"","overlay-opacity":"","overlay-gradient":""}},"footnotes":""},"class_list":["post-2011","page","type-page","status-publish","has-post-thumbnail","hentry"],"acf":[],"yoast_head":"<!-- This site is optimized with the Yoast SEO plugin v27.4 - https:\/\/yoast.com\/product\/yoast-seo-wordpress\/ -->\n<title>About Us - NEOQI<\/title>\n<meta name=\"robots\" content=\"index, follow, max-snippet:-1, max-image-preview:large, max-video-preview:-1\" \/>\n<link rel=\"canonical\" href=\"https:\/\/neoqi.com\/zh\/about-us\/\" \/>\n<meta property=\"og:locale\" content=\"zh_CN\" \/>\n<meta property=\"og:type\" content=\"article\" \/>\n<meta property=\"og:title\" content=\"About Us - NEOQI\" \/>\n<meta property=\"og:description\" content=\"NeoQi\u00ae is a manufacturer of innovative equipment for modern SPA centres, hotels, beauty salons, medical institutions and rehabilitation centres, as well as for home use. An atmosphere that is created in the NeoQi\u00ae energy cocoons contributes to emotional recovery, rejuvenation and stress relieve. All NeoQi\u00ae devices are independent and multifunctional SPA-complexes that enables us to [&hellip;]\" \/>\n<meta property=\"og:url\" content=\"https:\/\/neoqi.com\/zh\/about-us\/\" \/>\n<meta property=\"og:site_name\" content=\"NEOQI\" \/>\n<meta property=\"article:publisher\" content=\"https:\/\/www.facebook.com\/neoqi\/\" \/>\n<meta property=\"article:modified_time\" content=\"2024-11-02T17:14:08+00:00\" \/>\n<meta property=\"og:image\" content=\"https:\/\/neoqi.com\/wp-content\/uploads\/2024\/11\/Flamingo_no_light2.jpg\" \/>\n\t<meta property=\"og:image:width\" content=\"2200\" \/>\n\t<meta property=\"og:image:height\" content=\"852\" \/>\n\t<meta property=\"og:image:type\" content=\"image\/jpeg\" \/>\n<meta name=\"twitter:card\" content=\"summary_large_image\" \/>\n<meta name=\"twitter:label1\" content=\"\u9884\u8ba1\u9605\u8bfb\u65f6\u95f4\" \/>\n\t<meta name=\"twitter:data1\" content=\"1 \u5206\" \/>\n<script type=\"application\/ld+json\" class=\"yoast-schema-graph\">{\"@context\":\"https:\\\/\\\/schema.org\",\"@graph\":[{\"@type\":\"WebPage\",\"@id\":\"https:\\\/\\\/neoqi.com\\\/about-us\\\/\",\"url\":\"https:\\\/\\\/neoqi.com\\\/about-us\\\/\",\"name\":\"About Us - NEOQI\",\"isPartOf\":{\"@id\":\"https:\\\/\\\/neoqi.com\\\/#website\"},\"primaryImageOfPage\":{\"@id\":\"https:\\\/\\\/neoqi.com\\\/about-us\\\/#primaryimage\"},\"image\":{\"@id\":\"https:\\\/\\\/neoqi.com\\\/about-us\\\/#primaryimage\"},\"thumbnailUrl\":\"https:\\\/\\\/neoqi.com\\\/wp-content\\\/uploads\\\/2024\\\/11\\\/Flamingo_no_light2.jpg\",\"datePublished\":\"2024-09-06T18:22:37+00:00\",\"dateModified\":\"2024-11-02T17:14:08+00:00\",\"breadcrumb\":{\"@id\":\"https:\\\/\\\/neoqi.com\\\/about-us\\\/#breadcrumb\"},\"inLanguage\":\"zh-Hans\",\"potentialAction\":[{\"@type\":\"ReadAction\",\"target\":[\"https:\\\/\\\/neoqi.com\\\/about-us\\\/\"]}]},{\"@type\":\"ImageObject\",\"inLanguage\":\"zh-Hans\",\"@id\":\"https:\\\/\\\/neoqi.com\\\/about-us\\\/#primaryimage\",\"url\":\"https:\\\/\\\/neoqi.com\\\/wp-content\\\/uploads\\\/2024\\\/11\\\/Flamingo_no_light2.jpg\",\"contentUrl\":\"https:\\\/\\\/neoqi.com\\\/wp-content\\\/uploads\\\/2024\\\/11\\\/Flamingo_no_light2.jpg\",\"width\":2200,\"height\":852},{\"@type\":\"BreadcrumbList\",\"@id\":\"https:\\\/\\\/neoqi.com\\\/about-us\\\/#breadcrumb\",\"itemListElement\":[{\"@type\":\"ListItem\",\"position\":1,\"name\":\"Home\",\"item\":\"https:\\\/\\\/neoqi.com\\\/\"},{\"@type\":\"ListItem\",\"position\":2,\"name\":\"About Us\"}]},{\"@type\":\"WebSite\",\"@id\":\"https:\\\/\\\/neoqi.com\\\/#website\",\"url\":\"https:\\\/\\\/neoqi.com\\\/\",\"name\":\"NEOQI\",\"description\":\"Experience Ultimate Wellness and Relaxation with NeoQi Spa Capsule: Your Path to Rejuvenation\",\"publisher\":{\"@id\":\"https:\\\/\\\/neoqi.com\\\/#organization\"},\"potentialAction\":[{\"@type\":\"SearchAction\",\"target\":{\"@type\":\"EntryPoint\",\"urlTemplate\":\"https:\\\/\\\/neoqi.com\\\/?s={search_term_string}\"},\"query-input\":{\"@type\":\"PropertyValueSpecification\",\"valueRequired\":true,\"valueName\":\"search_term_string\"}}],\"inLanguage\":\"zh-Hans\"},{\"@type\":\"Organization\",\"@id\":\"https:\\\/\\\/neoqi.com\\\/#organization\",\"name\":\"NEOQI\",\"url\":\"https:\\\/\\\/neoqi.com\\\/\",\"logo\":{\"@type\":\"ImageObject\",\"inLanguage\":\"zh-Hans\",\"@id\":\"https:\\\/\\\/neoqi.com\\\/#\\\/schema\\\/logo\\\/image\\\/\",\"url\":\"https:\\\/\\\/neoqi.com\\\/wp-content\\\/uploads\\\/2024\\\/09\\\/logoneosvg.svg\",\"contentUrl\":\"https:\\\/\\\/neoqi.com\\\/wp-content\\\/uploads\\\/2024\\\/09\\\/logoneosvg.svg\",\"width\":1,\"height\":1,\"caption\":\"NEOQI\"},\"image\":{\"@id\":\"https:\\\/\\\/neoqi.com\\\/#\\\/schema\\\/logo\\\/image\\\/\"},\"sameAs\":[\"https:\\\/\\\/www.facebook.com\\\/neoqi\\\/\",\"https:\\\/\\\/www.instagram.com\\\/neoqi_com\\\/\"]}]}<\/script>\n<!-- \/ Yoast SEO plugin. -->","yoast_head_json":{"title":"About Us - NEOQI","robots":{"index":"index","follow":"follow","max-snippet":"max-snippet:-1","max-image-preview":"max-image-preview:large","max-video-preview":"max-video-preview:-1"},"canonical":"https:\/\/neoqi.com\/zh\/about-us\/","og_locale":"zh_CN","og_type":"article","og_title":"About Us - NEOQI","og_description":"NeoQi\u00ae is a manufacturer of innovative equipment for modern SPA centres, hotels, beauty salons, medical institutions and rehabilitation centres, as well as for home use. An atmosphere that is created in the NeoQi\u00ae energy cocoons contributes to emotional recovery, rejuvenation and stress relieve. All NeoQi\u00ae devices are independent and multifunctional SPA-complexes that enables us to [&hellip;]","og_url":"https:\/\/neoqi.com\/zh\/about-us\/","og_site_name":"NEOQI","article_publisher":"https:\/\/www.facebook.com\/neoqi\/","article_modified_time":"2024-11-02T17:14:08+00:00","og_image":[{"width":2200,"height":852,"url":"https:\/\/neoqi.com\/wp-content\/uploads\/2024\/11\/Flamingo_no_light2.jpg","type":"image\/jpeg"}],"twitter_card":"summary_large_image","twitter_misc":{"\u9884\u8ba1\u9605\u8bfb\u65f6\u95f4":"1 \u5206"},"schema":{"@context":"https:\/\/schema.org","@graph":[{"@type":"WebPage","@id":"https:\/\/neoqi.com\/about-us\/","url":"https:\/\/neoqi.com\/about-us\/","name":"About Us - NEOQI","isPartOf":{"@id":"https:\/\/neoqi.com\/#website"},"primaryImageOfPage":{"@id":"https:\/\/neoqi.com\/about-us\/#primaryimage"},"image":{"@id":"https:\/\/neoqi.com\/about-us\/#primaryimage"},"thumbnailUrl":"https:\/\/neoqi.com\/wp-content\/uploads\/2024\/11\/Flamingo_no_light2.jpg","datePublished":"2024-09-06T18:22:37+00:00","dateModified":"2024-11-02T17:14:08+00:00","breadcrumb":{"@id":"https:\/\/neoqi.com\/about-us\/#breadcrumb"},"inLanguage":"zh-Hans","potentialAction":[{"@type":"ReadAction","target":["https:\/\/neoqi.com\/about-us\/"]}]},{"@type":"ImageObject","inLanguage":"zh-Hans","@id":"https:\/\/neoqi.com\/about-us\/#primaryimage","url":"https:\/\/neoqi.com\/wp-content\/uploads\/2024\/11\/Flamingo_no_light2.jpg","contentUrl":"https:\/\/neoqi.com\/wp-content\/uploads\/2024\/11\/Flamingo_no_light2.jpg","width":2200,"height":852},{"@type":"BreadcrumbList","@id":"https:\/\/neoqi.com\/about-us\/#breadcrumb","itemListElement":[{"@type":"ListItem","position":1,"name":"Home","item":"https:\/\/neoqi.com\/"},{"@type":"ListItem","position":2,"name":"About Us"}]},{"@type":"WebSite","@id":"https:\/\/neoqi.com\/#website","url":"https:\/\/neoqi.com\/","name":"NEOQI","description":"\u4f53\u9a8c NeoQi Spa \u80f6\u56ca\u5e26\u6765\u7684\u6781\u81f4\u5065\u5eb7\u548c\u653e\u677e\uff1a\u60a8\u7684\u6062\u590d\u6d3b\u529b\u4e4b\u8def","publisher":{"@id":"https:\/\/neoqi.com\/#organization"},"potentialAction":[{"@type":"SearchAction","target":{"@type":"EntryPoint","urlTemplate":"https:\/\/neoqi.com\/?s={search_term_string}"},"query-input":{"@type":"PropertyValueSpecification","valueRequired":true,"valueName":"search_term_string"}}],"inLanguage":"zh-Hans"},{"@type":"Organization","@id":"https:\/\/neoqi.com\/#organization","name":"NEOQI","url":"https:\/\/neoqi.com\/","logo":{"@type":"ImageObject","inLanguage":"zh-Hans","@id":"https:\/\/neoqi.com\/#\/schema\/logo\/image\/","url":"https:\/\/neoqi.com\/wp-content\/uploads\/2024\/09\/logoneosvg.svg","contentUrl":"https:\/\/neoqi.com\/wp-content\/uploads\/2024\/09\/logoneosvg.svg","width":1,"height":1,"caption":"NEOQI"},"image":{"@id":"https:\/\/neoqi.com\/#\/schema\/logo\/image\/"},"sameAs":["https:\/\/www.facebook.com\/neoqi\/","https:\/\/www.instagram.com\/neoqi_com\/"]}]}},"_links":{"self":[{"href":"https:\/\/neoqi.com\/zh\/wp-json\/wp\/v2\/pages\/2011","targetHints":{"allow":["GET"]}}],"collection":[{"href":"https:\/\/neoqi.com\/zh\/wp-json\/wp\/v2\/pages"}],"about":[{"href":"https:\/\/neoqi.com\/zh\/wp-json\/wp\/v2\/types\/page"}],"author":[{"embeddable":true,"href":"https:\/\/neoqi.com\/zh\/wp-json\/wp\/v2\/users\/1"}],"replies":[{"embeddable":true,"href":"https:\/\/neoqi.com\/zh\/wp-json\/wp\/v2\/comments?post=2011"}],"version-history":[{"count":2,"href":"https:\/\/neoqi.com\/zh\/wp-json\/wp\/v2\/pages\/2011\/revisions"}],"predecessor-version":[{"id":2430,"href":"https:\/\/neoqi.com\/zh\/wp-json\/wp\/v2\/pages\/2011\/revisions\/2430"}],"wp:featuredmedia":[{"embeddable":true,"href":"https:\/\/neoqi.com\/zh\/wp-json\/wp\/v2\/media\/2911"}],"wp:attachment":[{"href":"https:\/\/neoqi.com\/zh\/wp-json\/wp\/v2\/media?parent=2011"}],"curies":[{"name":"wp","href":"https:\/\/api.w.org\/{rel}","templated":true}]}}